{"id":45029,"date":"2021-06-01T06:43:04","date_gmt":"2021-06-01T03:43:04","guid":{"rendered":"https:\/\/www.lustandlove.eu\/product\/malesation-tommy-dildo-2-7-cm\/"},"modified":"2026-04-13T10:37:27","modified_gmt":"2026-04-13T07:37:27","slug":"malesation-tommy-dildo-2-7-cm","status":"publish","type":"product","link":"https:\/\/lustandlove.eu\/et\/toode\/malesation-tommy-dildo-2-7-cm\/","title":{"rendered":"Tommy Dildo 2.7 cm"},"content":{"rendered":"<p>Tommy on klassikaline dildo, mille juures on kasutatud elavat kujutlusv\u00f5imet, et stimuleerida sind anaalselt v\u00f5i vaginaalselt. Selle diameeter on 2.7 cm, mis on natuke v\u00e4iksem, kui keskmine dildo \u2013 seda selleks, et sul oleks lelu sisestamine v\u00f5imalikult valutu ja mugav.<\/p>\n<p>Selle sile pind aitab selle v\u00e4ga \u00f5rnalt sisestada. Lelu p\u00f5hja on tehtud ka avaus, kuhu saad lisada bullet-vibraatori (ei ole kaasas).<\/p>\n<p>Selle v\u00f5imas iminap tagab hea kinnituse ka libedatel pindadel. Lelu laiem p\u00f5hi takistab sellel t\u00e4ielikult kehasse kaduda.<\/p>\n<p>Soovitame leluga kasutada vee baasil libestit.<\/p>\n","protected":false},"excerpt":{"rendered":"<p>Tommy on klassikaline dildo, mille juures on kasutatud elavat kujutlusv\u00f5imet, et stimuleerida sind anaalselt v\u00f5i vaginaalselt. Selle diameeter on 2.7<\/p>\n","protected":false},"featured_media":45030,"template":"","meta":[],"product_brand":[4225],"product_cat":[1485,1496,1484,4066,1499],"product_tag":[1516],"class_list":{"0":"post-45029","1":"product","2":"type-product","3":"status-publish","4":"has-post-thumbnail","6":"product_brand-malestation-et","7":"product_cat-dildod","8":"product_cat-lgbtq-et","9":"product_cat-sekslelud","10":"product_cat-strap-on-et","11":"product_cat-strap-on-dildod","12":"product_tag-dildo-et","13":"pa_brand-malestation-et","15":"first","16":"instock","17":"taxable","18":"shipping-taxable","19":"purchasable","20":"product-type-simple"},"yoast_head":"<!-- This site is optimized with the Yoast SEO plugin v27.3 - https:\/\/yoast.com\/product\/yoast-seo-wordpress\/ -->\n<title>Tommy Dildo 2.7 cm 33.00\u20ac | Lust and Love<\/title>\n<meta name=\"description\" content=\"Tommy on klassikaline dildo, mille juures on kasutatud elavat kujutlusv\u00f5imet, et stimuleerida sind anaalselt v\u00f5i vaginaalselt.\" \/>\n<meta name=\"robots\" content=\"index,follow,max-snippet:-1,max-image-preview:large,max-video-preview:-1\" \/>\n<link rel=\"canonical\" href=\"https:\/\/lustandlove.eu\/et\/toode\/malesation-tommy-dildo-2-7-cm\/\" \/>\n<meta name=\"twitter:card\" content=\"summary_large_image\" \/>\n<meta name=\"twitter:title\" content=\"Tommy Dildo 2.7 cm 33.00\u20ac | Lust and Love\" \/>\n<meta name=\"twitter:description\" content=\"Tommy on klassikaline dildo, mille juures on kasutatud elavat kujutlusv\u00f5imet, et stimuleerida sind anaalselt v\u00f5i vaginaalselt.\" \/>\n<meta name=\"twitter:image\" content=\"https:\/\/lustandlove.eu\/wp-content\/uploads\/opr-3500028-01.jpg\" \/>\n<meta name=\"twitter:label1\" content=\"Est. reading time\" \/>\n\t<meta name=\"twitter:data1\" content=\"1 minut\" \/>\n<script type=\"application\/ld+json\" class=\"yoast-schema-graph\">{\"@context\":\"https:\\\/\\\/schema.org\",\"@graph\":[{\"@type\":[\"WebPage\",\"ItemPage\"],\"@id\":\"https:\\\/\\\/lustandlove.eu\\\/et\\\/toode\\\/malesation-tommy-dildo-2-7-cm\\\/\",\"url\":\"https:\\\/\\\/lustandlove.eu\\\/et\\\/toode\\\/malesation-tommy-dildo-2-7-cm\\\/\",\"name\":\"Tommy Dildo 2.7 cm 33.00\u20ac | Lust and Love\",\"isPartOf\":{\"@id\":\"https:\\\/\\\/lustandlove.eu\\\/et\\\/#website\"},\"primaryImageOfPage\":{\"@id\":\"https:\\\/\\\/lustandlove.eu\\\/et\\\/toode\\\/malesation-tommy-dildo-2-7-cm\\\/#primaryimage\"},\"image\":{\"@id\":\"https:\\\/\\\/lustandlove.eu\\\/et\\\/toode\\\/malesation-tommy-dildo-2-7-cm\\\/#primaryimage\"},\"thumbnailUrl\":\"https:\\\/\\\/lustandlove.eu\\\/wp-content\\\/uploads\\\/opr-3500028-01.jpg\",\"datePublished\":\"2021-06-01T03:43:04+00:00\",\"dateModified\":\"2026-04-13T07:37:27+00:00\",\"description\":\"Tommy on klassikaline dildo, mille juures on kasutatud elavat kujutlusv\u00f5imet, et stimuleerida sind anaalselt v\u00f5i vaginaalselt.\",\"breadcrumb\":{\"@id\":\"https:\\\/\\\/lustandlove.eu\\\/et\\\/toode\\\/malesation-tommy-dildo-2-7-cm\\\/#breadcrumb\"},\"inLanguage\":\"et\",\"potentialAction\":[{\"@type\":\"ReadAction\",\"target\":[\"https:\\\/\\\/lustandlove.eu\\\/et\\\/toode\\\/malesation-tommy-dildo-2-7-cm\\\/\"]}]},{\"@type\":\"ImageObject\",\"inLanguage\":\"et\",\"@id\":\"https:\\\/\\\/lustandlove.eu\\\/et\\\/toode\\\/malesation-tommy-dildo-2-7-cm\\\/#primaryimage\",\"url\":\"https:\\\/\\\/lustandlove.eu\\\/wp-content\\\/uploads\\\/opr-3500028-01.jpg\",\"contentUrl\":\"https:\\\/\\\/lustandlove.eu\\\/wp-content\\\/uploads\\\/opr-3500028-01.jpg\",\"width\":700,\"height\":450},{\"@type\":\"BreadcrumbList\",\"@id\":\"https:\\\/\\\/lustandlove.eu\\\/et\\\/toode\\\/malesation-tommy-dildo-2-7-cm\\\/#breadcrumb\",\"itemListElement\":[{\"@type\":\"ListItem\",\"position\":1,\"name\":\"Lust and Love\",\"item\":\"https:\\\/\\\/lustandlove.eu\\\/et\\\/\"},{\"@type\":\"ListItem\",\"position\":2,\"name\":\"Pood\",\"item\":\"https:\\\/\\\/lustandlove.eu\\\/et\\\/pood\\\/\"},{\"@type\":\"ListItem\",\"position\":3,\"name\":\"Sekslelud\",\"item\":\"https:\\\/\\\/lustandlove.eu\\\/et\\\/pood\\\/sekslelud\\\/\"},{\"@type\":\"ListItem\",\"position\":4,\"name\":\"Dildod\",\"item\":\"https:\\\/\\\/lustandlove.eu\\\/et\\\/pood\\\/sekslelud\\\/dildod\\\/\"},{\"@type\":\"ListItem\",\"position\":5,\"name\":\"Strap-on\",\"item\":\"https:\\\/\\\/lustandlove.eu\\\/et\\\/pood\\\/sekslelud\\\/dildod\\\/strap-on-et\\\/\"},{\"@type\":\"ListItem\",\"position\":6,\"name\":\"Tommy Dildo 2.7 cm\"}]},{\"@type\":\"WebSite\",\"@id\":\"https:\\\/\\\/lustandlove.eu\\\/et\\\/#website\",\"url\":\"https:\\\/\\\/lustandlove.eu\\\/et\\\/\",\"name\":\"Lust &amp; Love\",\"description\":\"Online erootikapood tervise, ilu ja armastuse jaoks\",\"publisher\":{\"@id\":\"https:\\\/\\\/lustandlove.eu\\\/et\\\/#organization\"},\"potentialAction\":[{\"@type\":\"SearchAction\",\"target\":{\"@type\":\"EntryPoint\",\"urlTemplate\":\"https:\\\/\\\/lustandlove.eu\\\/et\\\/?s={search_term_string}\"},\"query-input\":{\"@type\":\"PropertyValueSpecification\",\"valueRequired\":true,\"valueName\":\"search_term_string\"}}],\"inLanguage\":\"et\"},{\"@type\":\"Organization\",\"@id\":\"https:\\\/\\\/lustandlove.eu\\\/et\\\/#organization\",\"name\":\"Bioconcept Baltics O\u00dc\",\"url\":\"https:\\\/\\\/lustandlove.eu\\\/et\\\/\",\"logo\":{\"@type\":\"ImageObject\",\"inLanguage\":\"et\",\"@id\":\"https:\\\/\\\/lustandlove.eu\\\/et\\\/#\\\/schema\\\/logo\\\/image\\\/\",\"url\":\"\",\"contentUrl\":\"\",\"caption\":\"Bioconcept Baltics O\u00dc\"},\"image\":{\"@id\":\"https:\\\/\\\/lustandlove.eu\\\/et\\\/#\\\/schema\\\/logo\\\/image\\\/\"},\"sameAs\":[\"https:\\\/\\\/www.facebook.com\\\/LustandLoveEU\\\/\",\"https:\\\/\\\/www.instagram.com\\\/lustandloveeu\\\/\"]}]}<\/script>\n<!-- \/ Yoast SEO plugin. -->","yoast_head_json":{"title":"Tommy Dildo 2.7 cm 33.00\u20ac | Lust and Love","description":"Tommy on klassikaline dildo, mille juures on kasutatud elavat kujutlusv\u00f5imet, et stimuleerida sind anaalselt v\u00f5i vaginaalselt.","robots":{"index,follow,max-snippet":"index,follow,max-snippet:-1,max-image-preview:large,max-video-preview:-1"},"canonical":"https:\/\/lustandlove.eu\/et\/toode\/malesation-tommy-dildo-2-7-cm\/","twitter_card":"summary_large_image","twitter_title":"Tommy Dildo 2.7 cm 33.00\u20ac | Lust and Love","twitter_description":"Tommy on klassikaline dildo, mille juures on kasutatud elavat kujutlusv\u00f5imet, et stimuleerida sind anaalselt v\u00f5i vaginaalselt.","twitter_image":"https:\/\/lustandlove.eu\/wp-content\/uploads\/opr-3500028-01.jpg","twitter_misc":{"Est. reading time":"1 minut"},"schema":{"@context":"https:\/\/schema.org","@graph":[{"@type":["WebPage","ItemPage"],"@id":"https:\/\/lustandlove.eu\/et\/toode\/malesation-tommy-dildo-2-7-cm\/","url":"https:\/\/lustandlove.eu\/et\/toode\/malesation-tommy-dildo-2-7-cm\/","name":"Tommy Dildo 2.7 cm 33.00\u20ac | Lust and Love","isPartOf":{"@id":"https:\/\/lustandlove.eu\/et\/#website"},"primaryImageOfPage":{"@id":"https:\/\/lustandlove.eu\/et\/toode\/malesation-tommy-dildo-2-7-cm\/#primaryimage"},"image":{"@id":"https:\/\/lustandlove.eu\/et\/toode\/malesation-tommy-dildo-2-7-cm\/#primaryimage"},"thumbnailUrl":"https:\/\/lustandlove.eu\/wp-content\/uploads\/opr-3500028-01.jpg","datePublished":"2021-06-01T03:43:04+00:00","dateModified":"2026-04-13T07:37:27+00:00","description":"Tommy on klassikaline dildo, mille juures on kasutatud elavat kujutlusv\u00f5imet, et stimuleerida sind anaalselt v\u00f5i vaginaalselt.","breadcrumb":{"@id":"https:\/\/lustandlove.eu\/et\/toode\/malesation-tommy-dildo-2-7-cm\/#breadcrumb"},"inLanguage":"et","potentialAction":[{"@type":"ReadAction","target":["https:\/\/lustandlove.eu\/et\/toode\/malesation-tommy-dildo-2-7-cm\/"]}]},{"@type":"ImageObject","inLanguage":"et","@id":"https:\/\/lustandlove.eu\/et\/toode\/malesation-tommy-dildo-2-7-cm\/#primaryimage","url":"https:\/\/lustandlove.eu\/wp-content\/uploads\/opr-3500028-01.jpg","contentUrl":"https:\/\/lustandlove.eu\/wp-content\/uploads\/opr-3500028-01.jpg","width":700,"height":450},{"@type":"BreadcrumbList","@id":"https:\/\/lustandlove.eu\/et\/toode\/malesation-tommy-dildo-2-7-cm\/#breadcrumb","itemListElement":[{"@type":"ListItem","position":1,"name":"Lust and Love","item":"https:\/\/lustandlove.eu\/et\/"},{"@type":"ListItem","position":2,"name":"Pood","item":"https:\/\/lustandlove.eu\/et\/pood\/"},{"@type":"ListItem","position":3,"name":"Sekslelud","item":"https:\/\/lustandlove.eu\/et\/pood\/sekslelud\/"},{"@type":"ListItem","position":4,"name":"Dildod","item":"https:\/\/lustandlove.eu\/et\/pood\/sekslelud\/dildod\/"},{"@type":"ListItem","position":5,"name":"Strap-on","item":"https:\/\/lustandlove.eu\/et\/pood\/sekslelud\/dildod\/strap-on-et\/"},{"@type":"ListItem","position":6,"name":"Tommy Dildo 2.7 cm"}]},{"@type":"WebSite","@id":"https:\/\/lustandlove.eu\/et\/#website","url":"https:\/\/lustandlove.eu\/et\/","name":"Lust &amp; Love","description":"Online erootikapood tervise, ilu ja armastuse jaoks","publisher":{"@id":"https:\/\/lustandlove.eu\/et\/#organization"},"potentialAction":[{"@type":"SearchAction","target":{"@type":"EntryPoint","urlTemplate":"https:\/\/lustandlove.eu\/et\/?s={search_term_string}"},"query-input":{"@type":"PropertyValueSpecification","valueRequired":true,"valueName":"search_term_string"}}],"inLanguage":"et"},{"@type":"Organization","@id":"https:\/\/lustandlove.eu\/et\/#organization","name":"Bioconcept Baltics O\u00dc","url":"https:\/\/lustandlove.eu\/et\/","logo":{"@type":"ImageObject","inLanguage":"et","@id":"https:\/\/lustandlove.eu\/et\/#\/schema\/logo\/image\/","url":"","contentUrl":"","caption":"Bioconcept Baltics O\u00dc"},"image":{"@id":"https:\/\/lustandlove.eu\/et\/#\/schema\/logo\/image\/"},"sameAs":["https:\/\/www.facebook.com\/LustandLoveEU\/","https:\/\/www.instagram.com\/lustandloveeu\/"]}]}},"_links":{"self":[{"href":"https:\/\/lustandlove.eu\/et\/wp-json\/wp\/v2\/product\/45029","targetHints":{"allow":["GET"]}}],"collection":[{"href":"https:\/\/lustandlove.eu\/et\/wp-json\/wp\/v2\/product"}],"about":[{"href":"https:\/\/lustandlove.eu\/et\/wp-json\/wp\/v2\/types\/product"}],"wp:featuredmedia":[{"embeddable":true,"href":"https:\/\/lustandlove.eu\/et\/wp-json\/wp\/v2\/media\/45030"}],"wp:attachment":[{"href":"https:\/\/lustandlove.eu\/et\/wp-json\/wp\/v2\/media?parent=45029"}],"wp:term":[{"taxonomy":"product_brand","embeddable":true,"href":"https:\/\/lustandlove.eu\/et\/wp-json\/wp\/v2\/product_brand?post=45029"},{"taxonomy":"product_cat","embeddable":true,"href":"https:\/\/lustandlove.eu\/et\/wp-json\/wp\/v2\/product_cat?post=45029"},{"taxonomy":"product_tag","embeddable":true,"href":"https:\/\/lustandlove.eu\/et\/wp-json\/wp\/v2\/product_tag?post=45029"}],"curies":[{"name":"wp","href":"https:\/\/api.w.org\/{rel}","templated":true}]}}