{"id":45058,"date":"2021-06-01T06:43:03","date_gmt":"2021-06-01T03:43:03","guid":{"rendered":"https:\/\/www.lustandlove.eu\/product\/trinity-cute-little-fuckers\/"},"modified":"2026-04-13T10:37:28","modified_gmt":"2026-04-13T07:37:28","slug":"trinity-cute-little-fuckers","status":"publish","type":"product","link":"https:\/\/lustandlove.eu\/et\/toode\/trinity-cute-little-fuckers\/","title":{"rendered":"Trinity"},"content":{"rendered":"<p>Trinity tuleb pilveplaneedilt \u2013 suur roheline gaasihiiglane, seega ta naudib, kui tunneb sinu hingeldamist, mis muutub rahutumaks ja rahulikumaks samal ajal, kui sa temaga end rahuldad. Tema pikk ja peenike olemus muudab tema igalepoole sisestamise nauditavaks. Kui Trinity avastab sinu s\u00fcgavaid fantaasiaid, Tripp ja Trine on seal, et sind stimuleerida ekstra tundlikest kohtadest. Trinity laiem p\u00f5hi on kasutatav ka strap-onide jaoks kasutamiseks, mis on eriti nauditav lesbide ja transmascide jaoks. Trinity on turvaline ka pepum\u00e4ngude jaoks. Ta on m\u00e4nguline kaaslane mitmete v\u00f5imalustega!<\/p>\n<p><strong>Eranditult disainitud k\u00f5ikide sugude jaoks:<\/strong>\u00a0naistele, meestele, non-binary, trans ja k\u00f5ikidele teistele.<\/p>\n<h3>Trinity muudab eriliseks selle k\u00f5rge kvaliteet, turvalised materjalid ja k\u00f5ik see:<\/h3>\n<p>Kasuta vaginaalselt m\u00f5nusa g-punkti stimulatsiooniga;<br \/>\nSobib pepum\u00e4ngudeks;<br \/>\nSobib kasutamiseks strap-oniga;<br \/>\nGrindi selle peal v\u00e4lispidiseks v\u00f5i klitoriaalseks stimulatsiooniks;<br \/>\nVibratsioonid on k\u00f5ige tugevamad g-punkti kohal.<\/p>\n<p>Lelu pikkus: 177 mm<br \/>\nLelu sisestatav pikkus: 155 mm<br \/>\nLelu maksimaalne laius baasis: 63,5 mm<br \/>\nLelu sisestatava osa maksimaalne laius: 36 mm<br \/>\nLelu sisestatava osa minimaalne laius: 25 mm<\/p>\n<p>Materjal: 100% k\u00f5rge kvaliteediga silikoon<br \/>\nJ\u00e4ikus: poolpehme<br \/>\nPinnatunnetus: V\u00e4ga sile, siidine.<br \/>\nVeekindel.<\/p>\n<p>Vibraatori v\u00f5imsus: V\u00e4ga v\u00f5imas. Stefanos kink.com-ist on \u00f6elnud, et selle vibratsioon on k\u00f5ige tugevam, mida ta on tunnetanud lelust, mis on nii v\u00e4ike ja mida ei pea seina \u00fchendama.<\/p>\n<p>Lelu on v\u00e4ga vaikne. 5 palli skaalal 2.<\/p>\n<p>5 erinevat vibratsioonikiirust ja -mustrit.<br \/>\nUSB-ga taaslaetav.<br \/>\nLelu laadimisaeg: 70 minutit.<br \/>\nLelu akukestvus: 110 minutit.<\/p>\n<p><strong>NB<\/strong>: Laadi 2 tundi enne kasutust!<\/p>\n","protected":false},"excerpt":{"rendered":"<p>Kasuta vaginaalselt m\u00f5nusa g-punkti stimulatsiooniga;<br \/>\nSobib anaalseks kasutamiseks;<br \/>\nSobib kasutamiseks strap-oniga;<br \/>\nGrindi selle peal v\u00e4lispidiseks v\u00f5i klitoriaalseks stimulatsiooniks;<br \/>\nVibratsioonid on k\u00f5ige tugevamad g-punkti kohal.<\/p>\n","protected":false},"featured_media":45059,"template":"","meta":[],"product_brand":[4201],"product_cat":[3980,1484,1488],"product_tag":[3388],"class_list":{"0":"post-45058","1":"product","2":"type-product","3":"status-publish","4":"has-post-thumbnail","6":"product_brand-cute-little-fuckers-et","7":"product_cat-klassikalised","8":"product_cat-sekslelud","9":"product_cat-vibraatorid","10":"product_tag-pride-et","11":"pa_brand-cute-little-fuckers-et","13":"first","14":"instock","15":"taxable","16":"shipping-taxable","17":"purchasable","18":"product-type-simple"},"yoast_head":"<!-- This site is optimized with the Yoast SEO plugin v27.4 - https:\/\/yoast.com\/product\/yoast-seo-wordpress\/ -->\n<title>Trinity | 89.00\u20ac | Lust and Love<\/title>\n<meta name=\"description\" content=\"Kasuta vaginaalselt m\u00f5nusa g-punkti stimulatsiooniga; Sobib anaalseks kasutamiseks; Sobib kasutamiseks strap-oniga; Grindi selle peal v\u00e4lispidiseks v\u00f5i klitoriaalseks stimulatsiooniks; Vibratsioonid on k\u00f5ige tugevamad g-punkti kohal.\" \/>\n<meta name=\"robots\" content=\"index,follow,max-snippet:-1,max-image-preview:large,max-video-preview:-1\" \/>\n<link rel=\"canonical\" href=\"https:\/\/lustandlove.eu\/et\/toode\/trinity-cute-little-fuckers\/\" \/>\n<script type=\"application\/ld+json\" class=\"yoast-schema-graph\">{\"@context\":\"https:\\\/\\\/schema.org\",\"@graph\":[{\"@type\":[\"WebPage\",\"ItemPage\"],\"@id\":\"https:\\\/\\\/lustandlove.eu\\\/et\\\/toode\\\/trinity-cute-little-fuckers\\\/\",\"url\":\"https:\\\/\\\/lustandlove.eu\\\/et\\\/toode\\\/trinity-cute-little-fuckers\\\/\",\"name\":\"Trinity | 89.00\u20ac | Lust and Love\",\"isPartOf\":{\"@id\":\"https:\\\/\\\/lustandlove.eu\\\/et\\\/#website\"},\"primaryImageOfPage\":{\"@id\":\"https:\\\/\\\/lustandlove.eu\\\/et\\\/toode\\\/trinity-cute-little-fuckers\\\/#primaryimage\"},\"image\":{\"@id\":\"https:\\\/\\\/lustandlove.eu\\\/et\\\/toode\\\/trinity-cute-little-fuckers\\\/#primaryimage\"},\"thumbnailUrl\":\"https:\\\/\\\/lustandlove.eu\\\/wp-content\\\/uploads\\\/CA9429D9-9FF0-4449-B810-F8FD556CE9E4.jpg\",\"datePublished\":\"2021-06-01T03:43:03+00:00\",\"dateModified\":\"2026-04-13T07:37:28+00:00\",\"description\":\"Kasuta vaginaalselt m\u00f5nusa g-punkti stimulatsiooniga; Sobib anaalseks kasutamiseks; Sobib kasutamiseks strap-oniga; Grindi selle peal v\u00e4lispidiseks v\u00f5i klitoriaalseks stimulatsiooniks; Vibratsioonid on k\u00f5ige tugevamad g-punkti kohal.\",\"breadcrumb\":{\"@id\":\"https:\\\/\\\/lustandlove.eu\\\/et\\\/toode\\\/trinity-cute-little-fuckers\\\/#breadcrumb\"},\"inLanguage\":\"et\",\"potentialAction\":[{\"@type\":\"ReadAction\",\"target\":[\"https:\\\/\\\/lustandlove.eu\\\/et\\\/toode\\\/trinity-cute-little-fuckers\\\/\"]}]},{\"@type\":\"ImageObject\",\"inLanguage\":\"et\",\"@id\":\"https:\\\/\\\/lustandlove.eu\\\/et\\\/toode\\\/trinity-cute-little-fuckers\\\/#primaryimage\",\"url\":\"https:\\\/\\\/lustandlove.eu\\\/wp-content\\\/uploads\\\/CA9429D9-9FF0-4449-B810-F8FD556CE9E4.jpg\",\"contentUrl\":\"https:\\\/\\\/lustandlove.eu\\\/wp-content\\\/uploads\\\/CA9429D9-9FF0-4449-B810-F8FD556CE9E4.jpg\",\"width\":2462,\"height\":2462},{\"@type\":\"BreadcrumbList\",\"@id\":\"https:\\\/\\\/lustandlove.eu\\\/et\\\/toode\\\/trinity-cute-little-fuckers\\\/#breadcrumb\",\"itemListElement\":[{\"@type\":\"ListItem\",\"position\":1,\"name\":\"Lust and Love\",\"item\":\"https:\\\/\\\/lustandlove.eu\\\/et\\\/\"},{\"@type\":\"ListItem\",\"position\":2,\"name\":\"Pood\",\"item\":\"https:\\\/\\\/lustandlove.eu\\\/et\\\/pood\\\/\"},{\"@type\":\"ListItem\",\"position\":3,\"name\":\"Sekslelud\",\"item\":\"https:\\\/\\\/lustandlove.eu\\\/et\\\/pood\\\/sekslelud\\\/\"},{\"@type\":\"ListItem\",\"position\":4,\"name\":\"Vibraatorid\",\"item\":\"https:\\\/\\\/lustandlove.eu\\\/et\\\/pood\\\/sekslelud\\\/vibraatorid\\\/\"},{\"@type\":\"ListItem\",\"position\":5,\"name\":\"Klassikalised\",\"item\":\"https:\\\/\\\/lustandlove.eu\\\/et\\\/pood\\\/sekslelud\\\/vibraatorid\\\/klassikalised\\\/\"},{\"@type\":\"ListItem\",\"position\":6,\"name\":\"Trinity\"}]},{\"@type\":\"WebSite\",\"@id\":\"https:\\\/\\\/lustandlove.eu\\\/et\\\/#website\",\"url\":\"https:\\\/\\\/lustandlove.eu\\\/et\\\/\",\"name\":\"Lust & Love\",\"description\":\"Online erootikapood tervise, ilu ja armastuse jaoks\",\"publisher\":{\"@id\":\"https:\\\/\\\/lustandlove.eu\\\/et\\\/#organization\"},\"potentialAction\":[{\"@type\":\"SearchAction\",\"target\":{\"@type\":\"EntryPoint\",\"urlTemplate\":\"https:\\\/\\\/lustandlove.eu\\\/et\\\/?s={search_term_string}\"},\"query-input\":{\"@type\":\"PropertyValueSpecification\",\"valueRequired\":true,\"valueName\":\"search_term_string\"}}],\"inLanguage\":\"et\"},{\"@type\":\"Organization\",\"@id\":\"https:\\\/\\\/lustandlove.eu\\\/et\\\/#organization\",\"name\":\"Bioconcept Baltics O\u00dc\",\"url\":\"https:\\\/\\\/lustandlove.eu\\\/et\\\/\",\"logo\":{\"@type\":\"ImageObject\",\"inLanguage\":\"et\",\"@id\":\"https:\\\/\\\/lustandlove.eu\\\/et\\\/#\\\/schema\\\/logo\\\/image\\\/\",\"url\":\"https:\\\/\\\/lustandlove.eu\\\/wp-content\\\/uploads\\\/logo-full-2.png\",\"contentUrl\":\"https:\\\/\\\/lustandlove.eu\\\/wp-content\\\/uploads\\\/logo-full-2.png\",\"width\":837,\"height\":200,\"caption\":\"Bioconcept Baltics O\u00dc\"},\"image\":{\"@id\":\"https:\\\/\\\/lustandlove.eu\\\/et\\\/#\\\/schema\\\/logo\\\/image\\\/\"},\"sameAs\":[\"https:\\\/\\\/www.facebook.com\\\/LustandLoveEU\\\/\",\"https:\\\/\\\/www.instagram.com\\\/lustandloveeu\\\/\"]}]}<\/script>\n<!-- \/ Yoast SEO plugin. -->","yoast_head_json":{"title":"Trinity | 89.00\u20ac | Lust and Love","description":"Kasuta vaginaalselt m\u00f5nusa g-punkti stimulatsiooniga; Sobib anaalseks kasutamiseks; Sobib kasutamiseks strap-oniga; Grindi selle peal v\u00e4lispidiseks v\u00f5i klitoriaalseks stimulatsiooniks; Vibratsioonid on k\u00f5ige tugevamad g-punkti kohal.","robots":{"index,follow,max-snippet":"index,follow,max-snippet:-1,max-image-preview:large,max-video-preview:-1"},"canonical":"https:\/\/lustandlove.eu\/et\/toode\/trinity-cute-little-fuckers\/","schema":{"@context":"https:\/\/schema.org","@graph":[{"@type":["WebPage","ItemPage"],"@id":"https:\/\/lustandlove.eu\/et\/toode\/trinity-cute-little-fuckers\/","url":"https:\/\/lustandlove.eu\/et\/toode\/trinity-cute-little-fuckers\/","name":"Trinity | 89.00\u20ac | Lust and Love","isPartOf":{"@id":"https:\/\/lustandlove.eu\/et\/#website"},"primaryImageOfPage":{"@id":"https:\/\/lustandlove.eu\/et\/toode\/trinity-cute-little-fuckers\/#primaryimage"},"image":{"@id":"https:\/\/lustandlove.eu\/et\/toode\/trinity-cute-little-fuckers\/#primaryimage"},"thumbnailUrl":"https:\/\/lustandlove.eu\/wp-content\/uploads\/CA9429D9-9FF0-4449-B810-F8FD556CE9E4.jpg","datePublished":"2021-06-01T03:43:03+00:00","dateModified":"2026-04-13T07:37:28+00:00","description":"Kasuta vaginaalselt m\u00f5nusa g-punkti stimulatsiooniga; Sobib anaalseks kasutamiseks; Sobib kasutamiseks strap-oniga; Grindi selle peal v\u00e4lispidiseks v\u00f5i klitoriaalseks stimulatsiooniks; Vibratsioonid on k\u00f5ige tugevamad g-punkti kohal.","breadcrumb":{"@id":"https:\/\/lustandlove.eu\/et\/toode\/trinity-cute-little-fuckers\/#breadcrumb"},"inLanguage":"et","potentialAction":[{"@type":"ReadAction","target":["https:\/\/lustandlove.eu\/et\/toode\/trinity-cute-little-fuckers\/"]}]},{"@type":"ImageObject","inLanguage":"et","@id":"https:\/\/lustandlove.eu\/et\/toode\/trinity-cute-little-fuckers\/#primaryimage","url":"https:\/\/lustandlove.eu\/wp-content\/uploads\/CA9429D9-9FF0-4449-B810-F8FD556CE9E4.jpg","contentUrl":"https:\/\/lustandlove.eu\/wp-content\/uploads\/CA9429D9-9FF0-4449-B810-F8FD556CE9E4.jpg","width":2462,"height":2462},{"@type":"BreadcrumbList","@id":"https:\/\/lustandlove.eu\/et\/toode\/trinity-cute-little-fuckers\/#breadcrumb","itemListElement":[{"@type":"ListItem","position":1,"name":"Lust and Love","item":"https:\/\/lustandlove.eu\/et\/"},{"@type":"ListItem","position":2,"name":"Pood","item":"https:\/\/lustandlove.eu\/et\/pood\/"},{"@type":"ListItem","position":3,"name":"Sekslelud","item":"https:\/\/lustandlove.eu\/et\/pood\/sekslelud\/"},{"@type":"ListItem","position":4,"name":"Vibraatorid","item":"https:\/\/lustandlove.eu\/et\/pood\/sekslelud\/vibraatorid\/"},{"@type":"ListItem","position":5,"name":"Klassikalised","item":"https:\/\/lustandlove.eu\/et\/pood\/sekslelud\/vibraatorid\/klassikalised\/"},{"@type":"ListItem","position":6,"name":"Trinity"}]},{"@type":"WebSite","@id":"https:\/\/lustandlove.eu\/et\/#website","url":"https:\/\/lustandlove.eu\/et\/","name":"Lust & Love","description":"Online erootikapood tervise, ilu ja armastuse jaoks","publisher":{"@id":"https:\/\/lustandlove.eu\/et\/#organization"},"potentialAction":[{"@type":"SearchAction","target":{"@type":"EntryPoint","urlTemplate":"https:\/\/lustandlove.eu\/et\/?s={search_term_string}"},"query-input":{"@type":"PropertyValueSpecification","valueRequired":true,"valueName":"search_term_string"}}],"inLanguage":"et"},{"@type":"Organization","@id":"https:\/\/lustandlove.eu\/et\/#organization","name":"Bioconcept Baltics O\u00dc","url":"https:\/\/lustandlove.eu\/et\/","logo":{"@type":"ImageObject","inLanguage":"et","@id":"https:\/\/lustandlove.eu\/et\/#\/schema\/logo\/image\/","url":"https:\/\/lustandlove.eu\/wp-content\/uploads\/logo-full-2.png","contentUrl":"https:\/\/lustandlove.eu\/wp-content\/uploads\/logo-full-2.png","width":837,"height":200,"caption":"Bioconcept Baltics O\u00dc"},"image":{"@id":"https:\/\/lustandlove.eu\/et\/#\/schema\/logo\/image\/"},"sameAs":["https:\/\/www.facebook.com\/LustandLoveEU\/","https:\/\/www.instagram.com\/lustandloveeu\/"]}]}},"_links":{"self":[{"href":"https:\/\/lustandlove.eu\/et\/wp-json\/wp\/v2\/product\/45058","targetHints":{"allow":["GET"]}}],"collection":[{"href":"https:\/\/lustandlove.eu\/et\/wp-json\/wp\/v2\/product"}],"about":[{"href":"https:\/\/lustandlove.eu\/et\/wp-json\/wp\/v2\/types\/product"}],"wp:featuredmedia":[{"embeddable":true,"href":"https:\/\/lustandlove.eu\/et\/wp-json\/wp\/v2\/media\/45059"}],"wp:attachment":[{"href":"https:\/\/lustandlove.eu\/et\/wp-json\/wp\/v2\/media?parent=45058"}],"wp:term":[{"taxonomy":"product_brand","embeddable":true,"href":"https:\/\/lustandlove.eu\/et\/wp-json\/wp\/v2\/product_brand?post=45058"},{"taxonomy":"product_cat","embeddable":true,"href":"https:\/\/lustandlove.eu\/et\/wp-json\/wp\/v2\/product_cat?post=45058"},{"taxonomy":"product_tag","embeddable":true,"href":"https:\/\/lustandlove.eu\/et\/wp-json\/wp\/v2\/product_tag?post=45058"}],"curies":[{"name":"wp","href":"https:\/\/api.w.org\/{rel}","templated":true}]}}