{"id":45071,"date":"2021-06-01T06:43:02","date_gmt":"2021-06-01T03:43:02","guid":{"rendered":"https:\/\/www.lustandlove.eu\/product\/pulse-duo-lux-hot-octopuss\/"},"modified":"2026-04-13T10:37:31","modified_gmt":"2026-04-13T07:37:31","slug":"pulse-duo-lux-hot-octopuss","status":"publish","type":"product","link":"https:\/\/lustandlove.eu\/et\/toode\/pulse-duo-lux-hot-octopuss\/","title":{"rendered":"Pulse Duo Lux"},"content":{"rendered":"<p data-sanitized-data-mce-fragment=\"1\">Uuesti s\u00fcndinud Pulse Duo, pakub Pulse Duo Lux veel rohkem vibratsioone. Kahe puldi abil saavad m\u00f5lemad partnerid oma kogemust kontrollida, lubades teil m\u00f5lemal k\u00e4ed-vabalt orgasmida. Selle nutika disaini t\u00f5ttu on lelu suurep\u00e4rane paaridele.<\/p>\n<h3 data-sanitized-data-mce-fragment=\"1\"><strong>Tulge koos<\/strong><\/h3>\n<p>Eelm\u00e4ng nagu sa pole kunagi varem kogenud. Kantav \u00fche poolt, nauditav m\u00f5lemale, Pulse Duo Lux toob sinuni intensiivset l\u00f5bu, muutes eelm\u00e4ngu p\u00f5nevamaks.<\/p>\n<p>Samal ajal kui \u00fcks partner naudib PulsePlate poolseid vibratsioone, saab teine nautida lelu p\u00f5hjast tulevaid vibratsioone. Kaks k\u00e4ekella-stiilis pulti lubavad m\u00f5lemad oma elamust kogeda.<\/p>\n<h3><strong>Oled n\u00e4ljane j\u00f5u j\u00e4rgi? Turbo!<\/strong><\/h3>\n<p>Vabasta Lux-i Turbo vajutades p\u00f5hendatud Tubo nuppu, et kogeda veelgi tugevamat j\u00f5udu!<\/p>\n<h3>Naudi m\u00e4rjalt<\/h3>\n<p>Seks on parem, kui olete m\u00f5lemad m\u00e4rjad. Pulse Duo Lux on 100% veekindel, niiet saad seda nautida nii vannis kui du\u0161\u0161i all.<\/p>\n<p><span style=\"color: #ff0000;\"><strong>NB<\/strong>: Laadige v\u00e4hemalt 2 tundi enne kasutamist.<\/span><\/p>\n","protected":false},"excerpt":{"rendered":"<p>Uuesti s\u00fcndinud Pulse Duo, pakub Pulse Duo Lux veel rohkem vibratsioone. Kahe puldi abil saavad m\u00f5lemad partnerid oma kogemust kontrollida, lubades teil m\u00f5lemal k\u00e4ed-vabalt orgasmida.<\/p>\n","protected":false},"featured_media":45072,"template":"","meta":[],"product_brand":[4207],"product_cat":[4007,1480,1477],"product_tag":[],"class_list":{"0":"post-45071","1":"product","2":"type-product","3":"status-publish","4":"has-post-thumbnail","6":"product_brand-hot-octopuss-et","7":"product_cat-automaatsed","8":"product_cat-masturbaatorid","9":"product_cat-meestele","10":"pa_brand-hot-octopuss-et","12":"first","13":"instock","14":"taxable","15":"shipping-taxable","16":"purchasable","17":"product-type-simple"},"yoast_head":"<!-- This site is optimized with the Yoast SEO plugin v27.4 - https:\/\/yoast.com\/product\/yoast-seo-wordpress\/ -->\n<title>Pulse Duo Lux 189.00\u20ac | Lust and Love<\/title>\n<meta name=\"description\" content=\"Uuesti s\u00fcndinud Pulse Duo, pakub Pulse Duo Lux veel rohkem vibratsioone. Kahe puldi abil saavad m\u00f5lemad partnerid oma kogemust kontrollida, lubades teil m\u00f5lemal k\u00e4ed-vabalt orgasmida.\" \/>\n<meta name=\"robots\" content=\"index,follow,max-snippet:-1,max-image-preview:large,max-video-preview:-1\" \/>\n<link rel=\"canonical\" href=\"https:\/\/lustandlove.eu\/et\/toode\/pulse-duo-lux-hot-octopuss\/\" \/>\n<script type=\"application\/ld+json\" class=\"yoast-schema-graph\">{\"@context\":\"https:\\\/\\\/schema.org\",\"@graph\":[{\"@type\":[\"WebPage\",\"ItemPage\"],\"@id\":\"https:\\\/\\\/lustandlove.eu\\\/et\\\/toode\\\/pulse-duo-lux-hot-octopuss\\\/\",\"url\":\"https:\\\/\\\/lustandlove.eu\\\/et\\\/toode\\\/pulse-duo-lux-hot-octopuss\\\/\",\"name\":\"Pulse Duo Lux 189.00\u20ac | Lust and Love\",\"isPartOf\":{\"@id\":\"https:\\\/\\\/lustandlove.eu\\\/et\\\/#website\"},\"primaryImageOfPage\":{\"@id\":\"https:\\\/\\\/lustandlove.eu\\\/et\\\/toode\\\/pulse-duo-lux-hot-octopuss\\\/#primaryimage\"},\"image\":{\"@id\":\"https:\\\/\\\/lustandlove.eu\\\/et\\\/toode\\\/pulse-duo-lux-hot-octopuss\\\/#primaryimage\"},\"thumbnailUrl\":\"https:\\\/\\\/lustandlove.eu\\\/wp-content\\\/uploads\\\/pulse-duo-lux-toy-front-watches-bright-1024x576-1.jpg\",\"datePublished\":\"2021-06-01T03:43:02+00:00\",\"dateModified\":\"2026-04-13T07:37:31+00:00\",\"description\":\"Uuesti s\u00fcndinud Pulse Duo, pakub Pulse Duo Lux veel rohkem vibratsioone. Kahe puldi abil saavad m\u00f5lemad partnerid oma kogemust kontrollida, lubades teil m\u00f5lemal k\u00e4ed-vabalt orgasmida.\",\"breadcrumb\":{\"@id\":\"https:\\\/\\\/lustandlove.eu\\\/et\\\/toode\\\/pulse-duo-lux-hot-octopuss\\\/#breadcrumb\"},\"inLanguage\":\"et\",\"potentialAction\":[{\"@type\":\"ReadAction\",\"target\":[\"https:\\\/\\\/lustandlove.eu\\\/et\\\/toode\\\/pulse-duo-lux-hot-octopuss\\\/\"]}]},{\"@type\":\"ImageObject\",\"inLanguage\":\"et\",\"@id\":\"https:\\\/\\\/lustandlove.eu\\\/et\\\/toode\\\/pulse-duo-lux-hot-octopuss\\\/#primaryimage\",\"url\":\"https:\\\/\\\/lustandlove.eu\\\/wp-content\\\/uploads\\\/pulse-duo-lux-toy-front-watches-bright-1024x576-1.jpg\",\"contentUrl\":\"https:\\\/\\\/lustandlove.eu\\\/wp-content\\\/uploads\\\/pulse-duo-lux-toy-front-watches-bright-1024x576-1.jpg\",\"width\":1024,\"height\":576},{\"@type\":\"BreadcrumbList\",\"@id\":\"https:\\\/\\\/lustandlove.eu\\\/et\\\/toode\\\/pulse-duo-lux-hot-octopuss\\\/#breadcrumb\",\"itemListElement\":[{\"@type\":\"ListItem\",\"position\":1,\"name\":\"Lust and Love\",\"item\":\"https:\\\/\\\/lustandlove.eu\\\/et\\\/\"},{\"@type\":\"ListItem\",\"position\":2,\"name\":\"Pood\",\"item\":\"https:\\\/\\\/lustandlove.eu\\\/et\\\/pood\\\/\"},{\"@type\":\"ListItem\",\"position\":3,\"name\":\"Meestele\",\"item\":\"https:\\\/\\\/lustandlove.eu\\\/et\\\/pood\\\/meestele\\\/\"},{\"@type\":\"ListItem\",\"position\":4,\"name\":\"Masturbaatorid\",\"item\":\"https:\\\/\\\/lustandlove.eu\\\/et\\\/pood\\\/meestele\\\/masturbaatorid\\\/\"},{\"@type\":\"ListItem\",\"position\":5,\"name\":\"Automaatsed\",\"item\":\"https:\\\/\\\/lustandlove.eu\\\/et\\\/pood\\\/meestele\\\/masturbaatorid\\\/automaatsed\\\/\"},{\"@type\":\"ListItem\",\"position\":6,\"name\":\"Pulse Duo Lux\"}]},{\"@type\":\"WebSite\",\"@id\":\"https:\\\/\\\/lustandlove.eu\\\/et\\\/#website\",\"url\":\"https:\\\/\\\/lustandlove.eu\\\/et\\\/\",\"name\":\"Lust & Love\",\"description\":\"Online erootikapood tervise, ilu ja armastuse jaoks\",\"publisher\":{\"@id\":\"https:\\\/\\\/lustandlove.eu\\\/et\\\/#organization\"},\"potentialAction\":[{\"@type\":\"SearchAction\",\"target\":{\"@type\":\"EntryPoint\",\"urlTemplate\":\"https:\\\/\\\/lustandlove.eu\\\/et\\\/?s={search_term_string}\"},\"query-input\":{\"@type\":\"PropertyValueSpecification\",\"valueRequired\":true,\"valueName\":\"search_term_string\"}}],\"inLanguage\":\"et\"},{\"@type\":\"Organization\",\"@id\":\"https:\\\/\\\/lustandlove.eu\\\/et\\\/#organization\",\"name\":\"Bioconcept Baltics O\u00dc\",\"url\":\"https:\\\/\\\/lustandlove.eu\\\/et\\\/\",\"logo\":{\"@type\":\"ImageObject\",\"inLanguage\":\"et\",\"@id\":\"https:\\\/\\\/lustandlove.eu\\\/et\\\/#\\\/schema\\\/logo\\\/image\\\/\",\"url\":\"https:\\\/\\\/lustandlove.eu\\\/wp-content\\\/uploads\\\/logo-full-2.png\",\"contentUrl\":\"https:\\\/\\\/lustandlove.eu\\\/wp-content\\\/uploads\\\/logo-full-2.png\",\"width\":837,\"height\":200,\"caption\":\"Bioconcept Baltics O\u00dc\"},\"image\":{\"@id\":\"https:\\\/\\\/lustandlove.eu\\\/et\\\/#\\\/schema\\\/logo\\\/image\\\/\"},\"sameAs\":[\"https:\\\/\\\/www.facebook.com\\\/LustandLoveEU\\\/\",\"https:\\\/\\\/www.instagram.com\\\/lustandloveeu\\\/\"]}]}<\/script>\n<!-- \/ Yoast SEO plugin. -->","yoast_head_json":{"title":"Pulse Duo Lux 189.00\u20ac | Lust and Love","description":"Uuesti s\u00fcndinud Pulse Duo, pakub Pulse Duo Lux veel rohkem vibratsioone. Kahe puldi abil saavad m\u00f5lemad partnerid oma kogemust kontrollida, lubades teil m\u00f5lemal k\u00e4ed-vabalt orgasmida.","robots":{"index,follow,max-snippet":"index,follow,max-snippet:-1,max-image-preview:large,max-video-preview:-1"},"canonical":"https:\/\/lustandlove.eu\/et\/toode\/pulse-duo-lux-hot-octopuss\/","schema":{"@context":"https:\/\/schema.org","@graph":[{"@type":["WebPage","ItemPage"],"@id":"https:\/\/lustandlove.eu\/et\/toode\/pulse-duo-lux-hot-octopuss\/","url":"https:\/\/lustandlove.eu\/et\/toode\/pulse-duo-lux-hot-octopuss\/","name":"Pulse Duo Lux 189.00\u20ac | Lust and Love","isPartOf":{"@id":"https:\/\/lustandlove.eu\/et\/#website"},"primaryImageOfPage":{"@id":"https:\/\/lustandlove.eu\/et\/toode\/pulse-duo-lux-hot-octopuss\/#primaryimage"},"image":{"@id":"https:\/\/lustandlove.eu\/et\/toode\/pulse-duo-lux-hot-octopuss\/#primaryimage"},"thumbnailUrl":"https:\/\/lustandlove.eu\/wp-content\/uploads\/pulse-duo-lux-toy-front-watches-bright-1024x576-1.jpg","datePublished":"2021-06-01T03:43:02+00:00","dateModified":"2026-04-13T07:37:31+00:00","description":"Uuesti s\u00fcndinud Pulse Duo, pakub Pulse Duo Lux veel rohkem vibratsioone. Kahe puldi abil saavad m\u00f5lemad partnerid oma kogemust kontrollida, lubades teil m\u00f5lemal k\u00e4ed-vabalt orgasmida.","breadcrumb":{"@id":"https:\/\/lustandlove.eu\/et\/toode\/pulse-duo-lux-hot-octopuss\/#breadcrumb"},"inLanguage":"et","potentialAction":[{"@type":"ReadAction","target":["https:\/\/lustandlove.eu\/et\/toode\/pulse-duo-lux-hot-octopuss\/"]}]},{"@type":"ImageObject","inLanguage":"et","@id":"https:\/\/lustandlove.eu\/et\/toode\/pulse-duo-lux-hot-octopuss\/#primaryimage","url":"https:\/\/lustandlove.eu\/wp-content\/uploads\/pulse-duo-lux-toy-front-watches-bright-1024x576-1.jpg","contentUrl":"https:\/\/lustandlove.eu\/wp-content\/uploads\/pulse-duo-lux-toy-front-watches-bright-1024x576-1.jpg","width":1024,"height":576},{"@type":"BreadcrumbList","@id":"https:\/\/lustandlove.eu\/et\/toode\/pulse-duo-lux-hot-octopuss\/#breadcrumb","itemListElement":[{"@type":"ListItem","position":1,"name":"Lust and Love","item":"https:\/\/lustandlove.eu\/et\/"},{"@type":"ListItem","position":2,"name":"Pood","item":"https:\/\/lustandlove.eu\/et\/pood\/"},{"@type":"ListItem","position":3,"name":"Meestele","item":"https:\/\/lustandlove.eu\/et\/pood\/meestele\/"},{"@type":"ListItem","position":4,"name":"Masturbaatorid","item":"https:\/\/lustandlove.eu\/et\/pood\/meestele\/masturbaatorid\/"},{"@type":"ListItem","position":5,"name":"Automaatsed","item":"https:\/\/lustandlove.eu\/et\/pood\/meestele\/masturbaatorid\/automaatsed\/"},{"@type":"ListItem","position":6,"name":"Pulse Duo Lux"}]},{"@type":"WebSite","@id":"https:\/\/lustandlove.eu\/et\/#website","url":"https:\/\/lustandlove.eu\/et\/","name":"Lust & Love","description":"Online erootikapood tervise, ilu ja armastuse jaoks","publisher":{"@id":"https:\/\/lustandlove.eu\/et\/#organization"},"potentialAction":[{"@type":"SearchAction","target":{"@type":"EntryPoint","urlTemplate":"https:\/\/lustandlove.eu\/et\/?s={search_term_string}"},"query-input":{"@type":"PropertyValueSpecification","valueRequired":true,"valueName":"search_term_string"}}],"inLanguage":"et"},{"@type":"Organization","@id":"https:\/\/lustandlove.eu\/et\/#organization","name":"Bioconcept Baltics O\u00dc","url":"https:\/\/lustandlove.eu\/et\/","logo":{"@type":"ImageObject","inLanguage":"et","@id":"https:\/\/lustandlove.eu\/et\/#\/schema\/logo\/image\/","url":"https:\/\/lustandlove.eu\/wp-content\/uploads\/logo-full-2.png","contentUrl":"https:\/\/lustandlove.eu\/wp-content\/uploads\/logo-full-2.png","width":837,"height":200,"caption":"Bioconcept Baltics O\u00dc"},"image":{"@id":"https:\/\/lustandlove.eu\/et\/#\/schema\/logo\/image\/"},"sameAs":["https:\/\/www.facebook.com\/LustandLoveEU\/","https:\/\/www.instagram.com\/lustandloveeu\/"]}]}},"_links":{"self":[{"href":"https:\/\/lustandlove.eu\/et\/wp-json\/wp\/v2\/product\/45071","targetHints":{"allow":["GET"]}}],"collection":[{"href":"https:\/\/lustandlove.eu\/et\/wp-json\/wp\/v2\/product"}],"about":[{"href":"https:\/\/lustandlove.eu\/et\/wp-json\/wp\/v2\/types\/product"}],"wp:featuredmedia":[{"embeddable":true,"href":"https:\/\/lustandlove.eu\/et\/wp-json\/wp\/v2\/media\/45072"}],"wp:attachment":[{"href":"https:\/\/lustandlove.eu\/et\/wp-json\/wp\/v2\/media?parent=45071"}],"wp:term":[{"taxonomy":"product_brand","embeddable":true,"href":"https:\/\/lustandlove.eu\/et\/wp-json\/wp\/v2\/product_brand?post=45071"},{"taxonomy":"product_cat","embeddable":true,"href":"https:\/\/lustandlove.eu\/et\/wp-json\/wp\/v2\/product_cat?post=45071"},{"taxonomy":"product_tag","embeddable":true,"href":"https:\/\/lustandlove.eu\/et\/wp-json\/wp\/v2\/product_tag?post=45071"}],"curies":[{"name":"wp","href":"https:\/\/api.w.org\/{rel}","templated":true}]}}