{"id":45082,"date":"2021-06-01T06:43:02","date_gmt":"2021-06-01T03:43:02","guid":{"rendered":"https:\/\/www.lustandlove.eu\/product\/mastrubaator-real-bumpy-ass\/"},"modified":"2025-08-19T15:42:31","modified_gmt":"2025-08-19T12:42:31","slug":"mastrubaator-real-bumpy-ass","status":"publish","type":"product","link":"https:\/\/lustandlove.eu\/et\/toode\/mastrubaator-real-bumpy-ass\/","title":{"rendered":"Mastrubaator Real Bumpy Ass"},"content":{"rendered":"<p>Intensiivseks ja etten\u00e4gematuks naudinguks loodud masturbaator Malesationi poolt. Taaskasutatav ning 100% veekindel. Seest tekstuuriga, et tekitada naturaalseid sensatsioone. Kasuta koos veebaasil libestiga (Pakendis on kaasas 10ml libestit). Kasuta \u00fcksi v\u00f5i koos partneriga.<\/p>\n<p>J\u00e4lgi kasutusjuhendit, et lelu kestaks kauem. Puhasta p\u00e4rast kasutamist \u00f5rna seebiga ja veega. J\u00e4ta \u00f5hu k\u00e4tte kuivama. Kasuta talki v\u00f5i maisijahu, et pealiskiht kestaks kaua kvaliteetne.<\/p>\n","protected":false},"excerpt":{"rendered":"<p>Intensiivseks ja etten\u00e4gematuks naudinguks loodud masturbaator Malesationi poolt. Taaskasutatav ning 100% veekindel.<\/p>\n","protected":false},"featured_media":45083,"template":"","meta":[],"product_cat":[1477,1480,4008],"product_tag":[],"yoast_head":"<!-- This site is optimized with the Yoast SEO plugin v22.9 - https:\/\/yoast.com\/wordpress\/plugins\/seo\/ -->\n<title>Mastrubaator Real Bumpy Ass | Lust and Love<\/title>\n<meta name=\"description\" content=\"Intensiivseks ja etten\u00e4gematuks naudinguks loodud masturbaator Malesationi poolt. Taaskasutatav ning 100% veekindel.\" \/>\n<meta name=\"robots\" content=\"index,follow,max-snippet:-1,max-image-preview:large,max-video-preview:-1\" \/>\n<link rel=\"canonical\" href=\"https:\/\/lustandlove.eu\/et\/toode\/mastrubaator-real-bumpy-ass\/\" \/>\n<meta name=\"twitter:card\" content=\"summary_large_image\" \/>\n<meta name=\"twitter:title\" content=\"Mastrubaator Real Bumpy Ass | Lust and Love\" \/>\n<meta name=\"twitter:description\" content=\"Intensiivseks ja etten\u00e4gematuks naudinguks loodud masturbaator Malesationi poolt. Taaskasutatav ning 100% veekindel.\" \/>\n<meta name=\"twitter:image\" content=\"https:\/\/lustandlove.eu\/wp-content\/uploads\/opr-3500038-01.jpg\" \/>\n<meta name=\"twitter:label1\" content=\"Est. reading time\" \/>\n\t<meta name=\"twitter:data1\" content=\"1 minut\" \/>\n<script type=\"application\/ld+json\" class=\"yoast-schema-graph\">{\"@context\":\"https:\/\/schema.org\",\"@graph\":[{\"@type\":[\"WebPage\",\"ItemPage\"],\"@id\":\"https:\/\/lustandlove.eu\/et\/toode\/mastrubaator-real-bumpy-ass\/\",\"url\":\"https:\/\/lustandlove.eu\/et\/toode\/mastrubaator-real-bumpy-ass\/\",\"name\":\"Mastrubaator Real Bumpy Ass | Lust and Love\",\"isPartOf\":{\"@id\":\"https:\/\/lustandlove.eu\/et\/#website\"},\"primaryImageOfPage\":{\"@id\":\"https:\/\/lustandlove.eu\/et\/toode\/mastrubaator-real-bumpy-ass\/#primaryimage\"},\"image\":{\"@id\":\"https:\/\/lustandlove.eu\/et\/toode\/mastrubaator-real-bumpy-ass\/#primaryimage\"},\"thumbnailUrl\":\"https:\/\/lustandlove.eu\/wp-content\/uploads\/opr-3500038-01.jpg\",\"datePublished\":\"2021-06-01T03:43:02+00:00\",\"dateModified\":\"2025-08-19T12:42:31+00:00\",\"description\":\"Intensiivseks ja etten\u00e4gematuks naudinguks loodud masturbaator Malesationi poolt. Taaskasutatav ning 100% veekindel.\",\"breadcrumb\":{\"@id\":\"https:\/\/lustandlove.eu\/et\/toode\/mastrubaator-real-bumpy-ass\/#breadcrumb\"},\"inLanguage\":\"et\",\"potentialAction\":[{\"@type\":\"ReadAction\",\"target\":[\"https:\/\/lustandlove.eu\/et\/toode\/mastrubaator-real-bumpy-ass\/\"]}]},{\"@type\":\"ImageObject\",\"inLanguage\":\"et\",\"@id\":\"https:\/\/lustandlove.eu\/et\/toode\/mastrubaator-real-bumpy-ass\/#primaryimage\",\"url\":\"https:\/\/lustandlove.eu\/wp-content\/uploads\/opr-3500038-01.jpg\",\"contentUrl\":\"https:\/\/lustandlove.eu\/wp-content\/uploads\/opr-3500038-01.jpg\",\"width\":700,\"height\":450},{\"@type\":\"BreadcrumbList\",\"@id\":\"https:\/\/lustandlove.eu\/et\/toode\/mastrubaator-real-bumpy-ass\/#breadcrumb\",\"itemListElement\":[{\"@type\":\"ListItem\",\"position\":1,\"name\":\"Lust and Love\",\"item\":\"https:\/\/lustandlove.eu\/et\/\"},{\"@type\":\"ListItem\",\"position\":2,\"name\":\"Pood\",\"item\":\"https:\/\/lustandlove.eu\/et\/pood\/\"},{\"@type\":\"ListItem\",\"position\":3,\"name\":\"Mastrubaator Real Bumpy Ass\"}]},{\"@type\":\"WebSite\",\"@id\":\"https:\/\/lustandlove.eu\/et\/#website\",\"url\":\"https:\/\/lustandlove.eu\/et\/\",\"name\":\"Lust &amp; Love\",\"description\":\"Online erootikapood tervise, ilu ja armastuse jaoks\",\"publisher\":{\"@id\":\"https:\/\/lustandlove.eu\/et\/#organization\"},\"potentialAction\":[{\"@type\":\"SearchAction\",\"target\":{\"@type\":\"EntryPoint\",\"urlTemplate\":\"https:\/\/lustandlove.eu\/et\/?s={search_term_string}\"},\"query-input\":\"required name=search_term_string\"}],\"inLanguage\":\"et\"},{\"@type\":\"Organization\",\"@id\":\"https:\/\/lustandlove.eu\/et\/#organization\",\"name\":\"Bioconcept Baltics O\u00dc\",\"url\":\"https:\/\/lustandlove.eu\/et\/\",\"logo\":{\"@type\":\"ImageObject\",\"inLanguage\":\"et\",\"@id\":\"https:\/\/lustandlove.eu\/et\/#\/schema\/logo\/image\/\",\"url\":\"\",\"contentUrl\":\"\",\"caption\":\"Bioconcept Baltics O\u00dc\"},\"image\":{\"@id\":\"https:\/\/lustandlove.eu\/et\/#\/schema\/logo\/image\/\"},\"sameAs\":[\"https:\/\/www.facebook.com\/LustandLoveEU\/\",\"https:\/\/www.instagram.com\/lustandloveeu\/\"]}]}<\/script>\n<!-- \/ Yoast SEO plugin. -->","yoast_head_json":{"title":"Mastrubaator Real Bumpy Ass | Lust and Love","description":"Intensiivseks ja etten\u00e4gematuks naudinguks loodud masturbaator Malesationi poolt. Taaskasutatav ning 100% veekindel.","robots":{"index,follow,max-snippet":"index,follow,max-snippet:-1,max-image-preview:large,max-video-preview:-1"},"canonical":"https:\/\/lustandlove.eu\/et\/toode\/mastrubaator-real-bumpy-ass\/","twitter_card":"summary_large_image","twitter_title":"Mastrubaator Real Bumpy Ass | Lust and Love","twitter_description":"Intensiivseks ja etten\u00e4gematuks naudinguks loodud masturbaator Malesationi poolt. Taaskasutatav ning 100% veekindel.","twitter_image":"https:\/\/lustandlove.eu\/wp-content\/uploads\/opr-3500038-01.jpg","twitter_misc":{"Est. reading time":"1 minut"},"schema":{"@context":"https:\/\/schema.org","@graph":[{"@type":["WebPage","ItemPage"],"@id":"https:\/\/lustandlove.eu\/et\/toode\/mastrubaator-real-bumpy-ass\/","url":"https:\/\/lustandlove.eu\/et\/toode\/mastrubaator-real-bumpy-ass\/","name":"Mastrubaator Real Bumpy Ass | Lust and Love","isPartOf":{"@id":"https:\/\/lustandlove.eu\/et\/#website"},"primaryImageOfPage":{"@id":"https:\/\/lustandlove.eu\/et\/toode\/mastrubaator-real-bumpy-ass\/#primaryimage"},"image":{"@id":"https:\/\/lustandlove.eu\/et\/toode\/mastrubaator-real-bumpy-ass\/#primaryimage"},"thumbnailUrl":"https:\/\/lustandlove.eu\/wp-content\/uploads\/opr-3500038-01.jpg","datePublished":"2021-06-01T03:43:02+00:00","dateModified":"2025-08-19T12:42:31+00:00","description":"Intensiivseks ja etten\u00e4gematuks naudinguks loodud masturbaator Malesationi poolt. Taaskasutatav ning 100% veekindel.","breadcrumb":{"@id":"https:\/\/lustandlove.eu\/et\/toode\/mastrubaator-real-bumpy-ass\/#breadcrumb"},"inLanguage":"et","potentialAction":[{"@type":"ReadAction","target":["https:\/\/lustandlove.eu\/et\/toode\/mastrubaator-real-bumpy-ass\/"]}]},{"@type":"ImageObject","inLanguage":"et","@id":"https:\/\/lustandlove.eu\/et\/toode\/mastrubaator-real-bumpy-ass\/#primaryimage","url":"https:\/\/lustandlove.eu\/wp-content\/uploads\/opr-3500038-01.jpg","contentUrl":"https:\/\/lustandlove.eu\/wp-content\/uploads\/opr-3500038-01.jpg","width":700,"height":450},{"@type":"BreadcrumbList","@id":"https:\/\/lustandlove.eu\/et\/toode\/mastrubaator-real-bumpy-ass\/#breadcrumb","itemListElement":[{"@type":"ListItem","position":1,"name":"Lust and Love","item":"https:\/\/lustandlove.eu\/et\/"},{"@type":"ListItem","position":2,"name":"Pood","item":"https:\/\/lustandlove.eu\/et\/pood\/"},{"@type":"ListItem","position":3,"name":"Mastrubaator Real Bumpy Ass"}]},{"@type":"WebSite","@id":"https:\/\/lustandlove.eu\/et\/#website","url":"https:\/\/lustandlove.eu\/et\/","name":"Lust &amp; Love","description":"Online erootikapood tervise, ilu ja armastuse jaoks","publisher":{"@id":"https:\/\/lustandlove.eu\/et\/#organization"},"potentialAction":[{"@type":"SearchAction","target":{"@type":"EntryPoint","urlTemplate":"https:\/\/lustandlove.eu\/et\/?s={search_term_string}"},"query-input":"required name=search_term_string"}],"inLanguage":"et"},{"@type":"Organization","@id":"https:\/\/lustandlove.eu\/et\/#organization","name":"Bioconcept Baltics O\u00dc","url":"https:\/\/lustandlove.eu\/et\/","logo":{"@type":"ImageObject","inLanguage":"et","@id":"https:\/\/lustandlove.eu\/et\/#\/schema\/logo\/image\/","url":"","contentUrl":"","caption":"Bioconcept Baltics O\u00dc"},"image":{"@id":"https:\/\/lustandlove.eu\/et\/#\/schema\/logo\/image\/"},"sameAs":["https:\/\/www.facebook.com\/LustandLoveEU\/","https:\/\/www.instagram.com\/lustandloveeu\/"]}]}},"_links":{"self":[{"href":"https:\/\/lustandlove.eu\/et\/wp-json\/wp\/v2\/product\/45082"}],"collection":[{"href":"https:\/\/lustandlove.eu\/et\/wp-json\/wp\/v2\/product"}],"about":[{"href":"https:\/\/lustandlove.eu\/et\/wp-json\/wp\/v2\/types\/product"}],"wp:featuredmedia":[{"embeddable":true,"href":"https:\/\/lustandlove.eu\/et\/wp-json\/wp\/v2\/media\/45083"}],"wp:attachment":[{"href":"https:\/\/lustandlove.eu\/et\/wp-json\/wp\/v2\/media?parent=45082"}],"wp:term":[{"taxonomy":"product_cat","embeddable":true,"href":"https:\/\/lustandlove.eu\/et\/wp-json\/wp\/v2\/product_cat?post=45082"},{"taxonomy":"product_tag","embeddable":true,"href":"https:\/\/lustandlove.eu\/et\/wp-json\/wp\/v2\/product_tag?post=45082"}],"curies":[{"name":"wp","href":"https:\/\/api.w.org\/{rel}","templated":true}]}}