{"id":45109,"date":"2021-06-01T06:41:46","date_gmt":"2021-06-01T03:41:46","guid":{"rendered":"https:\/\/www.lustandlove.eu\/product\/spider-mouth-gag-rihmaga\/"},"modified":"2026-04-13T10:37:33","modified_gmt":"2026-04-13T07:37:33","slug":"spider-mouth-gag-rihmaga","status":"publish","type":"product","link":"https:\/\/lustandlove.eu\/et\/toode\/spider-mouth-gag-rihmaga\/","title":{"rendered":"Spider mouth gag rihmaga"},"content":{"rendered":"<h2><strong>Spider suutropp<\/strong><\/h2>\n<p>See Spider suutropp annab sulle v\u00f5imaluse sundida oma partner vaikima, j\u00e4ttes nende suu avatuks. T\u00e4nu sellele saad t\u00e4ita oma unistusi, samal ajal kui sa partner ei suuda oma suud sulgeda. Rihma abil saad suurust muuta.<\/p>\n","protected":false},"excerpt":{"rendered":"<p>See Spider suutropp annab sulle v\u00f5imaluse sundida oma partner vaikima, j\u00e4ttes nende suu avatuks.<\/p>\n","protected":false},"featured_media":45111,"template":"","meta":[],"product_brand":[4228],"product_cat":[1470,4001],"product_tag":[3773],"class_list":{"0":"post-45109","1":"product","2":"type-product","3":"status-publish","4":"has-post-thumbnail","6":"product_brand-o-products-et","7":"product_cat-bdsm-et","8":"product_cat-lobutooted","9":"product_tag-meditsiin","10":"pa_brand-o-products-et","12":"first","13":"instock","14":"taxable","15":"shipping-taxable","16":"purchasable","17":"product-type-simple"},"yoast_head":"<!-- This site is optimized with the Yoast SEO plugin v27.3 - https:\/\/yoast.com\/product\/yoast-seo-wordpress\/ -->\n<title>Spider mouth gag rihmaga 44.00\u20ac | Lust and Love<\/title>\n<meta name=\"description\" content=\"See Spider suutropp annab sulle v\u00f5imaluse sundida oma partner vaikima, j\u00e4ttes nende suu avatuks.\" \/>\n<meta name=\"robots\" content=\"index,follow,max-snippet:-1,max-image-preview:large,max-video-preview:-1\" \/>\n<link rel=\"canonical\" href=\"https:\/\/lustandlove.eu\/et\/toode\/spider-mouth-gag-rihmaga\/\" \/>\n<meta name=\"twitter:card\" content=\"summary_large_image\" \/>\n<meta name=\"twitter:title\" content=\"Spider mouth gag rihmaga 44.00\u20ac | Lust and Love\" \/>\n<meta name=\"twitter:description\" content=\"See Spider suutropp annab sulle v\u00f5imaluse sundida oma partner vaikima, j\u00e4ttes nende suu avatuks.\" \/>\n<meta name=\"twitter:image\" content=\"https:\/\/lustandlove.eu\/wp-content\/uploads\/Spider-mouth-gag-with-Strap.jpg\" \/>\n<meta name=\"twitter:label1\" content=\"Est. reading time\" \/>\n\t<meta name=\"twitter:data1\" content=\"1 minut\" \/>\n<script type=\"application\/ld+json\" class=\"yoast-schema-graph\">{\"@context\":\"https:\\\/\\\/schema.org\",\"@graph\":[{\"@type\":[\"WebPage\",\"ItemPage\"],\"@id\":\"https:\\\/\\\/lustandlove.eu\\\/et\\\/toode\\\/spider-mouth-gag-rihmaga\\\/\",\"url\":\"https:\\\/\\\/lustandlove.eu\\\/et\\\/toode\\\/spider-mouth-gag-rihmaga\\\/\",\"name\":\"Spider mouth gag rihmaga 44.00\u20ac | Lust and Love\",\"isPartOf\":{\"@id\":\"https:\\\/\\\/lustandlove.eu\\\/et\\\/#website\"},\"primaryImageOfPage\":{\"@id\":\"https:\\\/\\\/lustandlove.eu\\\/et\\\/toode\\\/spider-mouth-gag-rihmaga\\\/#primaryimage\"},\"image\":{\"@id\":\"https:\\\/\\\/lustandlove.eu\\\/et\\\/toode\\\/spider-mouth-gag-rihmaga\\\/#primaryimage\"},\"thumbnailUrl\":\"https:\\\/\\\/lustandlove.eu\\\/wp-content\\\/uploads\\\/Spider-mouth-gag-with-Strap.jpg\",\"datePublished\":\"2021-06-01T03:41:46+00:00\",\"dateModified\":\"2026-04-13T07:37:33+00:00\",\"description\":\"See Spider suutropp annab sulle v\u00f5imaluse sundida oma partner vaikima, j\u00e4ttes nende suu avatuks.\",\"breadcrumb\":{\"@id\":\"https:\\\/\\\/lustandlove.eu\\\/et\\\/toode\\\/spider-mouth-gag-rihmaga\\\/#breadcrumb\"},\"inLanguage\":\"et\",\"potentialAction\":[{\"@type\":\"ReadAction\",\"target\":[\"https:\\\/\\\/lustandlove.eu\\\/et\\\/toode\\\/spider-mouth-gag-rihmaga\\\/\"]}]},{\"@type\":\"ImageObject\",\"inLanguage\":\"et\",\"@id\":\"https:\\\/\\\/lustandlove.eu\\\/et\\\/toode\\\/spider-mouth-gag-rihmaga\\\/#primaryimage\",\"url\":\"https:\\\/\\\/lustandlove.eu\\\/wp-content\\\/uploads\\\/Spider-mouth-gag-with-Strap.jpg\",\"contentUrl\":\"https:\\\/\\\/lustandlove.eu\\\/wp-content\\\/uploads\\\/Spider-mouth-gag-with-Strap.jpg\",\"width\":800,\"height\":533},{\"@type\":\"BreadcrumbList\",\"@id\":\"https:\\\/\\\/lustandlove.eu\\\/et\\\/toode\\\/spider-mouth-gag-rihmaga\\\/#breadcrumb\",\"itemListElement\":[{\"@type\":\"ListItem\",\"position\":1,\"name\":\"Lust and Love\",\"item\":\"https:\\\/\\\/lustandlove.eu\\\/et\\\/\"},{\"@type\":\"ListItem\",\"position\":2,\"name\":\"Pood\",\"item\":\"https:\\\/\\\/lustandlove.eu\\\/et\\\/pood\\\/\"},{\"@type\":\"ListItem\",\"position\":3,\"name\":\"BDSM\",\"item\":\"https:\\\/\\\/lustandlove.eu\\\/et\\\/pood\\\/bdsm-et\\\/\"},{\"@type\":\"ListItem\",\"position\":4,\"name\":\"L\u00f5butooted\",\"item\":\"https:\\\/\\\/lustandlove.eu\\\/et\\\/pood\\\/bdsm-et\\\/lobutooted\\\/\"},{\"@type\":\"ListItem\",\"position\":5,\"name\":\"Spider mouth gag rihmaga\"}]},{\"@type\":\"WebSite\",\"@id\":\"https:\\\/\\\/lustandlove.eu\\\/et\\\/#website\",\"url\":\"https:\\\/\\\/lustandlove.eu\\\/et\\\/\",\"name\":\"Lust &amp; Love\",\"description\":\"Online erootikapood tervise, ilu ja armastuse jaoks\",\"publisher\":{\"@id\":\"https:\\\/\\\/lustandlove.eu\\\/et\\\/#organization\"},\"potentialAction\":[{\"@type\":\"SearchAction\",\"target\":{\"@type\":\"EntryPoint\",\"urlTemplate\":\"https:\\\/\\\/lustandlove.eu\\\/et\\\/?s={search_term_string}\"},\"query-input\":{\"@type\":\"PropertyValueSpecification\",\"valueRequired\":true,\"valueName\":\"search_term_string\"}}],\"inLanguage\":\"et\"},{\"@type\":\"Organization\",\"@id\":\"https:\\\/\\\/lustandlove.eu\\\/et\\\/#organization\",\"name\":\"Bioconcept Baltics O\u00dc\",\"url\":\"https:\\\/\\\/lustandlove.eu\\\/et\\\/\",\"logo\":{\"@type\":\"ImageObject\",\"inLanguage\":\"et\",\"@id\":\"https:\\\/\\\/lustandlove.eu\\\/et\\\/#\\\/schema\\\/logo\\\/image\\\/\",\"url\":\"\",\"contentUrl\":\"\",\"caption\":\"Bioconcept Baltics O\u00dc\"},\"image\":{\"@id\":\"https:\\\/\\\/lustandlove.eu\\\/et\\\/#\\\/schema\\\/logo\\\/image\\\/\"},\"sameAs\":[\"https:\\\/\\\/www.facebook.com\\\/LustandLoveEU\\\/\",\"https:\\\/\\\/www.instagram.com\\\/lustandloveeu\\\/\"]}]}<\/script>\n<!-- \/ Yoast SEO plugin. -->","yoast_head_json":{"title":"Spider mouth gag rihmaga 44.00\u20ac | Lust and Love","description":"See Spider suutropp annab sulle v\u00f5imaluse sundida oma partner vaikima, j\u00e4ttes nende suu avatuks.","robots":{"index,follow,max-snippet":"index,follow,max-snippet:-1,max-image-preview:large,max-video-preview:-1"},"canonical":"https:\/\/lustandlove.eu\/et\/toode\/spider-mouth-gag-rihmaga\/","twitter_card":"summary_large_image","twitter_title":"Spider mouth gag rihmaga 44.00\u20ac | Lust and Love","twitter_description":"See Spider suutropp annab sulle v\u00f5imaluse sundida oma partner vaikima, j\u00e4ttes nende suu avatuks.","twitter_image":"https:\/\/lustandlove.eu\/wp-content\/uploads\/Spider-mouth-gag-with-Strap.jpg","twitter_misc":{"Est. reading time":"1 minut"},"schema":{"@context":"https:\/\/schema.org","@graph":[{"@type":["WebPage","ItemPage"],"@id":"https:\/\/lustandlove.eu\/et\/toode\/spider-mouth-gag-rihmaga\/","url":"https:\/\/lustandlove.eu\/et\/toode\/spider-mouth-gag-rihmaga\/","name":"Spider mouth gag rihmaga 44.00\u20ac | Lust and Love","isPartOf":{"@id":"https:\/\/lustandlove.eu\/et\/#website"},"primaryImageOfPage":{"@id":"https:\/\/lustandlove.eu\/et\/toode\/spider-mouth-gag-rihmaga\/#primaryimage"},"image":{"@id":"https:\/\/lustandlove.eu\/et\/toode\/spider-mouth-gag-rihmaga\/#primaryimage"},"thumbnailUrl":"https:\/\/lustandlove.eu\/wp-content\/uploads\/Spider-mouth-gag-with-Strap.jpg","datePublished":"2021-06-01T03:41:46+00:00","dateModified":"2026-04-13T07:37:33+00:00","description":"See Spider suutropp annab sulle v\u00f5imaluse sundida oma partner vaikima, j\u00e4ttes nende suu avatuks.","breadcrumb":{"@id":"https:\/\/lustandlove.eu\/et\/toode\/spider-mouth-gag-rihmaga\/#breadcrumb"},"inLanguage":"et","potentialAction":[{"@type":"ReadAction","target":["https:\/\/lustandlove.eu\/et\/toode\/spider-mouth-gag-rihmaga\/"]}]},{"@type":"ImageObject","inLanguage":"et","@id":"https:\/\/lustandlove.eu\/et\/toode\/spider-mouth-gag-rihmaga\/#primaryimage","url":"https:\/\/lustandlove.eu\/wp-content\/uploads\/Spider-mouth-gag-with-Strap.jpg","contentUrl":"https:\/\/lustandlove.eu\/wp-content\/uploads\/Spider-mouth-gag-with-Strap.jpg","width":800,"height":533},{"@type":"BreadcrumbList","@id":"https:\/\/lustandlove.eu\/et\/toode\/spider-mouth-gag-rihmaga\/#breadcrumb","itemListElement":[{"@type":"ListItem","position":1,"name":"Lust and Love","item":"https:\/\/lustandlove.eu\/et\/"},{"@type":"ListItem","position":2,"name":"Pood","item":"https:\/\/lustandlove.eu\/et\/pood\/"},{"@type":"ListItem","position":3,"name":"BDSM","item":"https:\/\/lustandlove.eu\/et\/pood\/bdsm-et\/"},{"@type":"ListItem","position":4,"name":"L\u00f5butooted","item":"https:\/\/lustandlove.eu\/et\/pood\/bdsm-et\/lobutooted\/"},{"@type":"ListItem","position":5,"name":"Spider mouth gag rihmaga"}]},{"@type":"WebSite","@id":"https:\/\/lustandlove.eu\/et\/#website","url":"https:\/\/lustandlove.eu\/et\/","name":"Lust &amp; Love","description":"Online erootikapood tervise, ilu ja armastuse jaoks","publisher":{"@id":"https:\/\/lustandlove.eu\/et\/#organization"},"potentialAction":[{"@type":"SearchAction","target":{"@type":"EntryPoint","urlTemplate":"https:\/\/lustandlove.eu\/et\/?s={search_term_string}"},"query-input":{"@type":"PropertyValueSpecification","valueRequired":true,"valueName":"search_term_string"}}],"inLanguage":"et"},{"@type":"Organization","@id":"https:\/\/lustandlove.eu\/et\/#organization","name":"Bioconcept Baltics O\u00dc","url":"https:\/\/lustandlove.eu\/et\/","logo":{"@type":"ImageObject","inLanguage":"et","@id":"https:\/\/lustandlove.eu\/et\/#\/schema\/logo\/image\/","url":"","contentUrl":"","caption":"Bioconcept Baltics O\u00dc"},"image":{"@id":"https:\/\/lustandlove.eu\/et\/#\/schema\/logo\/image\/"},"sameAs":["https:\/\/www.facebook.com\/LustandLoveEU\/","https:\/\/www.instagram.com\/lustandloveeu\/"]}]}},"_links":{"self":[{"href":"https:\/\/lustandlove.eu\/et\/wp-json\/wp\/v2\/product\/45109","targetHints":{"allow":["GET"]}}],"collection":[{"href":"https:\/\/lustandlove.eu\/et\/wp-json\/wp\/v2\/product"}],"about":[{"href":"https:\/\/lustandlove.eu\/et\/wp-json\/wp\/v2\/types\/product"}],"wp:featuredmedia":[{"embeddable":true,"href":"https:\/\/lustandlove.eu\/et\/wp-json\/wp\/v2\/media\/45111"}],"wp:attachment":[{"href":"https:\/\/lustandlove.eu\/et\/wp-json\/wp\/v2\/media?parent=45109"}],"wp:term":[{"taxonomy":"product_brand","embeddable":true,"href":"https:\/\/lustandlove.eu\/et\/wp-json\/wp\/v2\/product_brand?post=45109"},{"taxonomy":"product_cat","embeddable":true,"href":"https:\/\/lustandlove.eu\/et\/wp-json\/wp\/v2\/product_cat?post=45109"},{"taxonomy":"product_tag","embeddable":true,"href":"https:\/\/lustandlove.eu\/et\/wp-json\/wp\/v2\/product_tag?post=45109"}],"curies":[{"name":"wp","href":"https:\/\/api.w.org\/{rel}","templated":true}]}}