{"id":45323,"date":"2021-06-01T06:28:16","date_gmt":"2021-06-01T03:28:16","guid":{"rendered":"https:\/\/www.lustandlove.eu\/product\/ladyx-mayte\/"},"modified":"2026-04-14T08:51:48","modified_gmt":"2026-04-14T05:51:48","slug":"ladyx-mayte","status":"publish","type":"product","link":"https:\/\/lustandlove.eu\/et\/toode\/ladyx-mayte\/","title":{"rendered":"LadyX Mayte"},"content":{"rendered":"<p>LadyX Mayte pesu on nahas\u00f5bralikust, venivast ja l\u00e4bipaistvast v\u00f5rkmaterjalist. Must v\u00f5rk ja elastne matejal on tugeva elastsusega ja venivusega t\u00e4nu millele sobivad nad kehale valatult, tuues esile kuju. Ees on silmapaistev kompositsioon mustadest elastik paeltest ja h\u00f5be metallist r\u00f5ngastest ja regulaatoritest. Paelad on metallik tooniga ja nahas\u00f5bralikud. v\u00e4ljatoodud l\u00f5ige puusadel toob seksikalt esile puusad ja tuharad. T\u00e4nu mitmetele regulaatoritele sobib pesu ideaalselt kehale. Vastupidavad dekoratiivsed metallelemendid on h\u00f5bedased ning CR I Ni vabad.<\/p>\n<p><strong>Erilised omadused:<\/strong><\/p>\n<p>Kehas\u00f5bralikud elastsed paelad.<\/p>\n<p>Kehas\u00f5bralik elastne v\u00f5rkjas materjal<\/p>\n<p>Vastupidavad dekoratiivsed metall elemendid<\/p>\n<h2><\/h2>\n","protected":false},"excerpt":{"rendered":"<p>LadyX Mayte pesu on nahas\u00f5bralikust, venivast ja l\u00e4bipaistvast v\u00f5rkmaterjalist. Must v\u00f5rk ja elastne matejal on tugeva elastsusega ja venivusega t\u00e4nu millele sobivad nad kehale valatult, tuues esile kuju.<\/p>\n","protected":false},"featured_media":45324,"template":"","meta":[],"product_brand":[4202],"product_cat":[4014,1489],"product_tag":[],"class_list":{"0":"post-45323","1":"product","2":"type-product","3":"status-publish","4":"has-post-thumbnail","6":"product_brand-demoniq-et","7":"product_cat-kleidid-ja-bodied","8":"product_cat-pesu","10":"first","11":"instock","12":"taxable","13":"shipping-taxable","14":"purchasable","15":"product-type-variable"},"yoast_head":"<!-- This site is optimized with the Yoast SEO plugin v27.3 - https:\/\/yoast.com\/product\/yoast-seo-wordpress\/ -->\n<title>LadyX Mayte Lingerie Black 52.00\u20ac | Lust and Love<\/title>\n<meta name=\"description\" content=\"LadyX Mayte pesu on nahas\u00f5bralikust, venivast ja l\u00e4bipaistvast v\u00f5rkmaterjalist. Must v\u00f5rk ja elastne matejal on tugeva elastsusega ja venivusega t\u00e4nu millele sobivad nad kehale valatult, tuues esile kuju.\" \/>\n<meta name=\"robots\" content=\"index,follow,max-snippet:-1,max-image-preview:large,max-video-preview:-1\" \/>\n<link rel=\"canonical\" href=\"https:\/\/lustandlove.eu\/et\/toode\/ladyx-mayte\/\" \/>\n<meta name=\"twitter:card\" content=\"summary_large_image\" \/>\n<meta name=\"twitter:title\" content=\"LadyX Mayte Lingerie Black 52.00\u20ac | Lust and Love\" \/>\n<meta name=\"twitter:description\" content=\"LadyX Mayte pesu on nahas\u00f5bralikust, venivast ja l\u00e4bipaistvast v\u00f5rkmaterjalist. Must v\u00f5rk ja elastne matejal on tugeva elastsusega ja venivusega t\u00e4nu millele sobivad nad kehale valatult, tuues esile kuju.\" \/>\n<meta name=\"twitter:image\" content=\"https:\/\/lustandlove.eu\/wp-content\/uploads\/1580989729.6394.jpg\" \/>\n<meta name=\"twitter:label1\" content=\"Est. reading time\" \/>\n\t<meta name=\"twitter:data1\" content=\"1 minut\" \/>\n<script type=\"application\/ld+json\" class=\"yoast-schema-graph\">{\"@context\":\"https:\\\/\\\/schema.org\",\"@graph\":[{\"@type\":[\"WebPage\",\"ItemPage\"],\"@id\":\"https:\\\/\\\/lustandlove.eu\\\/et\\\/toode\\\/ladyx-mayte\\\/\",\"url\":\"https:\\\/\\\/lustandlove.eu\\\/et\\\/toode\\\/ladyx-mayte\\\/\",\"name\":\"LadyX Mayte Lingerie Black 52.00\u20ac | Lust and Love\",\"isPartOf\":{\"@id\":\"https:\\\/\\\/lustandlove.eu\\\/et\\\/#website\"},\"primaryImageOfPage\":{\"@id\":\"https:\\\/\\\/lustandlove.eu\\\/et\\\/toode\\\/ladyx-mayte\\\/#primaryimage\"},\"image\":{\"@id\":\"https:\\\/\\\/lustandlove.eu\\\/et\\\/toode\\\/ladyx-mayte\\\/#primaryimage\"},\"thumbnailUrl\":\"https:\\\/\\\/lustandlove.eu\\\/wp-content\\\/uploads\\\/1580989729.6394.jpg\",\"datePublished\":\"2021-06-01T03:28:16+00:00\",\"dateModified\":\"2026-04-14T05:51:48+00:00\",\"description\":\"LadyX Mayte pesu on nahas\u00f5bralikust, venivast ja l\u00e4bipaistvast v\u00f5rkmaterjalist. Must v\u00f5rk ja elastne matejal on tugeva elastsusega ja venivusega t\u00e4nu millele sobivad nad kehale valatult, tuues esile kuju.\",\"breadcrumb\":{\"@id\":\"https:\\\/\\\/lustandlove.eu\\\/et\\\/toode\\\/ladyx-mayte\\\/#breadcrumb\"},\"inLanguage\":\"et\",\"potentialAction\":[{\"@type\":\"ReadAction\",\"target\":[\"https:\\\/\\\/lustandlove.eu\\\/et\\\/toode\\\/ladyx-mayte\\\/\"]}]},{\"@type\":\"ImageObject\",\"inLanguage\":\"et\",\"@id\":\"https:\\\/\\\/lustandlove.eu\\\/et\\\/toode\\\/ladyx-mayte\\\/#primaryimage\",\"url\":\"https:\\\/\\\/lustandlove.eu\\\/wp-content\\\/uploads\\\/1580989729.6394.jpg\",\"contentUrl\":\"https:\\\/\\\/lustandlove.eu\\\/wp-content\\\/uploads\\\/1580989729.6394.jpg\",\"width\":800,\"height\":1200},{\"@type\":\"BreadcrumbList\",\"@id\":\"https:\\\/\\\/lustandlove.eu\\\/et\\\/toode\\\/ladyx-mayte\\\/#breadcrumb\",\"itemListElement\":[{\"@type\":\"ListItem\",\"position\":1,\"name\":\"Lust and Love\",\"item\":\"https:\\\/\\\/lustandlove.eu\\\/et\\\/\"},{\"@type\":\"ListItem\",\"position\":2,\"name\":\"Pood\",\"item\":\"https:\\\/\\\/lustandlove.eu\\\/et\\\/pood\\\/\"},{\"@type\":\"ListItem\",\"position\":3,\"name\":\"LadyX Mayte\"}]},{\"@type\":\"WebSite\",\"@id\":\"https:\\\/\\\/lustandlove.eu\\\/et\\\/#website\",\"url\":\"https:\\\/\\\/lustandlove.eu\\\/et\\\/\",\"name\":\"Lust &amp; Love\",\"description\":\"Online erootikapood tervise, ilu ja armastuse jaoks\",\"publisher\":{\"@id\":\"https:\\\/\\\/lustandlove.eu\\\/et\\\/#organization\"},\"potentialAction\":[{\"@type\":\"SearchAction\",\"target\":{\"@type\":\"EntryPoint\",\"urlTemplate\":\"https:\\\/\\\/lustandlove.eu\\\/et\\\/?s={search_term_string}\"},\"query-input\":{\"@type\":\"PropertyValueSpecification\",\"valueRequired\":true,\"valueName\":\"search_term_string\"}}],\"inLanguage\":\"et\"},{\"@type\":\"Organization\",\"@id\":\"https:\\\/\\\/lustandlove.eu\\\/et\\\/#organization\",\"name\":\"Bioconcept Baltics O\u00dc\",\"url\":\"https:\\\/\\\/lustandlove.eu\\\/et\\\/\",\"logo\":{\"@type\":\"ImageObject\",\"inLanguage\":\"et\",\"@id\":\"https:\\\/\\\/lustandlove.eu\\\/et\\\/#\\\/schema\\\/logo\\\/image\\\/\",\"url\":\"\",\"contentUrl\":\"\",\"caption\":\"Bioconcept Baltics O\u00dc\"},\"image\":{\"@id\":\"https:\\\/\\\/lustandlove.eu\\\/et\\\/#\\\/schema\\\/logo\\\/image\\\/\"},\"sameAs\":[\"https:\\\/\\\/www.facebook.com\\\/LustandLoveEU\\\/\",\"https:\\\/\\\/www.instagram.com\\\/lustandloveeu\\\/\"]}]}<\/script>\n<!-- \/ Yoast SEO plugin. -->","yoast_head_json":{"title":"LadyX Mayte Lingerie Black 52.00\u20ac | Lust and Love","description":"LadyX Mayte pesu on nahas\u00f5bralikust, venivast ja l\u00e4bipaistvast v\u00f5rkmaterjalist. Must v\u00f5rk ja elastne matejal on tugeva elastsusega ja venivusega t\u00e4nu millele sobivad nad kehale valatult, tuues esile kuju.","robots":{"index,follow,max-snippet":"index,follow,max-snippet:-1,max-image-preview:large,max-video-preview:-1"},"canonical":"https:\/\/lustandlove.eu\/et\/toode\/ladyx-mayte\/","twitter_card":"summary_large_image","twitter_title":"LadyX Mayte Lingerie Black 52.00\u20ac | Lust and Love","twitter_description":"LadyX Mayte pesu on nahas\u00f5bralikust, venivast ja l\u00e4bipaistvast v\u00f5rkmaterjalist. Must v\u00f5rk ja elastne matejal on tugeva elastsusega ja venivusega t\u00e4nu millele sobivad nad kehale valatult, tuues esile kuju.","twitter_image":"https:\/\/lustandlove.eu\/wp-content\/uploads\/1580989729.6394.jpg","twitter_misc":{"Est. reading time":"1 minut"},"schema":{"@context":"https:\/\/schema.org","@graph":[{"@type":["WebPage","ItemPage"],"@id":"https:\/\/lustandlove.eu\/et\/toode\/ladyx-mayte\/","url":"https:\/\/lustandlove.eu\/et\/toode\/ladyx-mayte\/","name":"LadyX Mayte Lingerie Black 52.00\u20ac | Lust and Love","isPartOf":{"@id":"https:\/\/lustandlove.eu\/et\/#website"},"primaryImageOfPage":{"@id":"https:\/\/lustandlove.eu\/et\/toode\/ladyx-mayte\/#primaryimage"},"image":{"@id":"https:\/\/lustandlove.eu\/et\/toode\/ladyx-mayte\/#primaryimage"},"thumbnailUrl":"https:\/\/lustandlove.eu\/wp-content\/uploads\/1580989729.6394.jpg","datePublished":"2021-06-01T03:28:16+00:00","dateModified":"2026-04-14T05:51:48+00:00","description":"LadyX Mayte pesu on nahas\u00f5bralikust, venivast ja l\u00e4bipaistvast v\u00f5rkmaterjalist. Must v\u00f5rk ja elastne matejal on tugeva elastsusega ja venivusega t\u00e4nu millele sobivad nad kehale valatult, tuues esile kuju.","breadcrumb":{"@id":"https:\/\/lustandlove.eu\/et\/toode\/ladyx-mayte\/#breadcrumb"},"inLanguage":"et","potentialAction":[{"@type":"ReadAction","target":["https:\/\/lustandlove.eu\/et\/toode\/ladyx-mayte\/"]}]},{"@type":"ImageObject","inLanguage":"et","@id":"https:\/\/lustandlove.eu\/et\/toode\/ladyx-mayte\/#primaryimage","url":"https:\/\/lustandlove.eu\/wp-content\/uploads\/1580989729.6394.jpg","contentUrl":"https:\/\/lustandlove.eu\/wp-content\/uploads\/1580989729.6394.jpg","width":800,"height":1200},{"@type":"BreadcrumbList","@id":"https:\/\/lustandlove.eu\/et\/toode\/ladyx-mayte\/#breadcrumb","itemListElement":[{"@type":"ListItem","position":1,"name":"Lust and Love","item":"https:\/\/lustandlove.eu\/et\/"},{"@type":"ListItem","position":2,"name":"Pood","item":"https:\/\/lustandlove.eu\/et\/pood\/"},{"@type":"ListItem","position":3,"name":"LadyX Mayte"}]},{"@type":"WebSite","@id":"https:\/\/lustandlove.eu\/et\/#website","url":"https:\/\/lustandlove.eu\/et\/","name":"Lust &amp; Love","description":"Online erootikapood tervise, ilu ja armastuse jaoks","publisher":{"@id":"https:\/\/lustandlove.eu\/et\/#organization"},"potentialAction":[{"@type":"SearchAction","target":{"@type":"EntryPoint","urlTemplate":"https:\/\/lustandlove.eu\/et\/?s={search_term_string}"},"query-input":{"@type":"PropertyValueSpecification","valueRequired":true,"valueName":"search_term_string"}}],"inLanguage":"et"},{"@type":"Organization","@id":"https:\/\/lustandlove.eu\/et\/#organization","name":"Bioconcept Baltics O\u00dc","url":"https:\/\/lustandlove.eu\/et\/","logo":{"@type":"ImageObject","inLanguage":"et","@id":"https:\/\/lustandlove.eu\/et\/#\/schema\/logo\/image\/","url":"","contentUrl":"","caption":"Bioconcept Baltics O\u00dc"},"image":{"@id":"https:\/\/lustandlove.eu\/et\/#\/schema\/logo\/image\/"},"sameAs":["https:\/\/www.facebook.com\/LustandLoveEU\/","https:\/\/www.instagram.com\/lustandloveeu\/"]}]}},"_links":{"self":[{"href":"https:\/\/lustandlove.eu\/et\/wp-json\/wp\/v2\/product\/45323","targetHints":{"allow":["GET"]}}],"collection":[{"href":"https:\/\/lustandlove.eu\/et\/wp-json\/wp\/v2\/product"}],"about":[{"href":"https:\/\/lustandlove.eu\/et\/wp-json\/wp\/v2\/types\/product"}],"wp:featuredmedia":[{"embeddable":true,"href":"https:\/\/lustandlove.eu\/et\/wp-json\/wp\/v2\/media\/45324"}],"wp:attachment":[{"href":"https:\/\/lustandlove.eu\/et\/wp-json\/wp\/v2\/media?parent=45323"}],"wp:term":[{"taxonomy":"product_brand","embeddable":true,"href":"https:\/\/lustandlove.eu\/et\/wp-json\/wp\/v2\/product_brand?post=45323"},{"taxonomy":"product_cat","embeddable":true,"href":"https:\/\/lustandlove.eu\/et\/wp-json\/wp\/v2\/product_cat?post=45323"},{"taxonomy":"product_tag","embeddable":true,"href":"https:\/\/lustandlove.eu\/et\/wp-json\/wp\/v2\/product_tag?post=45323"}],"curies":[{"name":"wp","href":"https:\/\/api.w.org\/{rel}","templated":true}]}}