{"id":45439,"date":"2021-06-01T06:28:16","date_gmt":"2021-06-01T03:28:16","guid":{"rendered":"https:\/\/www.lustandlove.eu\/product\/ladyx-isbel\/"},"modified":"2025-08-19T15:42:37","modified_gmt":"2025-08-19T12:42:37","slug":"ladyx-isbel","status":"publish","type":"product","link":"https:\/\/lustandlove.eu\/et\/toode\/ladyx-isbel\/","title":{"rendered":"LadyX Isbel"},"content":{"rendered":"<p>LadyX Isbel pesul on nahale mugav must pits, geomeetriliselt vertikaalse mustriga. Must v\u00f5rkjs ja elastne materjal omavad tugevat elastusust ja venivust, t\u00e4nu millele hoiab pesu kahal ideaalset vormi, tuues esile keha kuju. Silmapaistev vertikaalne l\u00f5ige ees ning taga on kompositsioon elast paeltest, metallr\u00f5ngast ja regulaatoritest.Metall elemendid on vastupidavad ja erilise kujuga (tihtipeale \u00fcmarad). T\u00e4nu mitmetele regulaatoritele sobib pesu ideaalselt keale.<\/p>\n<p><strong>Erilised omadused:<\/strong><\/p>\n<p>mustad elastsed paelad<\/p>\n<p>kehale sobilik, elastne v\u00f5rk materjal.<\/p>\n<p>Vastupidavad, dekoratiivsed metall elemendid<\/p>\n","protected":false},"excerpt":{"rendered":"<p>LadyX Isbel pesul on nahale mugav must pits, geomeetriliselt vertikaalse mustriga. Must v\u00f5rkjs ja elastne materjal omavad tugevat elastusust ja venivust, t\u00e4nu millele hoiab pesu kahal ideaalset vormi, tuues esile keha kuju.<\/p>\n","protected":false},"featured_media":45440,"template":"","meta":[],"product_cat":[1489,4014],"product_tag":[],"yoast_head":"<!-- This site is optimized with the Yoast SEO plugin v22.9 - https:\/\/yoast.com\/wordpress\/plugins\/seo\/ -->\n<title>LadyX Isbel black pattern lingerie 52.00\u20ac | Lust and Love<\/title>\n<meta name=\"description\" content=\"LadyX Isbel pesul on nahale mugav must pits, geomeetriliselt vertikaalse mustriga. Must v\u00f5rkjs ja elastne materjal omavad tugevat elastusust ja venivust, t\u00e4nu millele hoiab pesu kahal ideaalset vormi, tuues esile keha kuju.\" \/>\n<meta name=\"robots\" content=\"index,follow,max-snippet:-1,max-image-preview:large,max-video-preview:-1\" \/>\n<link rel=\"canonical\" href=\"https:\/\/lustandlove.eu\/et\/toode\/ladyx-isbel\/\" \/>\n<meta name=\"twitter:card\" content=\"summary_large_image\" \/>\n<meta name=\"twitter:title\" content=\"LadyX Isbel black pattern lingerie 52.00\u20ac | Lust and Love\" \/>\n<meta name=\"twitter:description\" content=\"LadyX Isbel pesul on nahale mugav must pits, geomeetriliselt vertikaalse mustriga. Must v\u00f5rkjs ja elastne materjal omavad tugevat elastusust ja venivust, t\u00e4nu millele hoiab pesu kahal ideaalset vormi, tuues esile keha kuju.\" \/>\n<meta name=\"twitter:image\" content=\"https:\/\/lustandlove.eu\/wp-content\/uploads\/1580989272.8447.jpg\" \/>\n<meta name=\"twitter:label1\" content=\"Est. reading time\" \/>\n\t<meta name=\"twitter:data1\" content=\"1 minut\" \/>\n<script type=\"application\/ld+json\" class=\"yoast-schema-graph\">{\"@context\":\"https:\/\/schema.org\",\"@graph\":[{\"@type\":[\"WebPage\",\"ItemPage\"],\"@id\":\"https:\/\/lustandlove.eu\/et\/toode\/ladyx-isbel\/\",\"url\":\"https:\/\/lustandlove.eu\/et\/toode\/ladyx-isbel\/\",\"name\":\"LadyX Isbel black pattern lingerie 52.00\u20ac | Lust and Love\",\"isPartOf\":{\"@id\":\"https:\/\/lustandlove.eu\/et\/#website\"},\"primaryImageOfPage\":{\"@id\":\"https:\/\/lustandlove.eu\/et\/toode\/ladyx-isbel\/#primaryimage\"},\"image\":{\"@id\":\"https:\/\/lustandlove.eu\/et\/toode\/ladyx-isbel\/#primaryimage\"},\"thumbnailUrl\":\"https:\/\/lustandlove.eu\/wp-content\/uploads\/1580989272.8447.jpg\",\"datePublished\":\"2021-06-01T03:28:16+00:00\",\"dateModified\":\"2025-08-19T12:42:37+00:00\",\"description\":\"LadyX Isbel pesul on nahale mugav must pits, geomeetriliselt vertikaalse mustriga. Must v\u00f5rkjs ja elastne materjal omavad tugevat elastusust ja venivust, t\u00e4nu millele hoiab pesu kahal ideaalset vormi, tuues esile keha kuju.\",\"breadcrumb\":{\"@id\":\"https:\/\/lustandlove.eu\/et\/toode\/ladyx-isbel\/#breadcrumb\"},\"inLanguage\":\"et\",\"potentialAction\":[{\"@type\":\"ReadAction\",\"target\":[\"https:\/\/lustandlove.eu\/et\/toode\/ladyx-isbel\/\"]}]},{\"@type\":\"ImageObject\",\"inLanguage\":\"et\",\"@id\":\"https:\/\/lustandlove.eu\/et\/toode\/ladyx-isbel\/#primaryimage\",\"url\":\"https:\/\/lustandlove.eu\/wp-content\/uploads\/1580989272.8447.jpg\",\"contentUrl\":\"https:\/\/lustandlove.eu\/wp-content\/uploads\/1580989272.8447.jpg\",\"width\":800,\"height\":1200},{\"@type\":\"BreadcrumbList\",\"@id\":\"https:\/\/lustandlove.eu\/et\/toode\/ladyx-isbel\/#breadcrumb\",\"itemListElement\":[{\"@type\":\"ListItem\",\"position\":1,\"name\":\"Lust and Love\",\"item\":\"https:\/\/lustandlove.eu\/et\/\"},{\"@type\":\"ListItem\",\"position\":2,\"name\":\"Pood\",\"item\":\"https:\/\/lustandlove.eu\/et\/pood\/\"},{\"@type\":\"ListItem\",\"position\":3,\"name\":\"LadyX Isbel\"}]},{\"@type\":\"WebSite\",\"@id\":\"https:\/\/lustandlove.eu\/et\/#website\",\"url\":\"https:\/\/lustandlove.eu\/et\/\",\"name\":\"Lust &amp; Love\",\"description\":\"Online erootikapood tervise, ilu ja armastuse jaoks\",\"publisher\":{\"@id\":\"https:\/\/lustandlove.eu\/et\/#organization\"},\"potentialAction\":[{\"@type\":\"SearchAction\",\"target\":{\"@type\":\"EntryPoint\",\"urlTemplate\":\"https:\/\/lustandlove.eu\/et\/?s={search_term_string}\"},\"query-input\":\"required name=search_term_string\"}],\"inLanguage\":\"et\"},{\"@type\":\"Organization\",\"@id\":\"https:\/\/lustandlove.eu\/et\/#organization\",\"name\":\"Bioconcept Baltics O\u00dc\",\"url\":\"https:\/\/lustandlove.eu\/et\/\",\"logo\":{\"@type\":\"ImageObject\",\"inLanguage\":\"et\",\"@id\":\"https:\/\/lustandlove.eu\/et\/#\/schema\/logo\/image\/\",\"url\":\"\",\"contentUrl\":\"\",\"caption\":\"Bioconcept Baltics O\u00dc\"},\"image\":{\"@id\":\"https:\/\/lustandlove.eu\/et\/#\/schema\/logo\/image\/\"},\"sameAs\":[\"https:\/\/www.facebook.com\/LustandLoveEU\/\",\"https:\/\/www.instagram.com\/lustandloveeu\/\"]}]}<\/script>\n<!-- \/ Yoast SEO plugin. -->","yoast_head_json":{"title":"LadyX Isbel black pattern lingerie 52.00\u20ac | Lust and Love","description":"LadyX Isbel pesul on nahale mugav must pits, geomeetriliselt vertikaalse mustriga. Must v\u00f5rkjs ja elastne materjal omavad tugevat elastusust ja venivust, t\u00e4nu millele hoiab pesu kahal ideaalset vormi, tuues esile keha kuju.","robots":{"index,follow,max-snippet":"index,follow,max-snippet:-1,max-image-preview:large,max-video-preview:-1"},"canonical":"https:\/\/lustandlove.eu\/et\/toode\/ladyx-isbel\/","twitter_card":"summary_large_image","twitter_title":"LadyX Isbel black pattern lingerie 52.00\u20ac | Lust and Love","twitter_description":"LadyX Isbel pesul on nahale mugav must pits, geomeetriliselt vertikaalse mustriga. Must v\u00f5rkjs ja elastne materjal omavad tugevat elastusust ja venivust, t\u00e4nu millele hoiab pesu kahal ideaalset vormi, tuues esile keha kuju.","twitter_image":"https:\/\/lustandlove.eu\/wp-content\/uploads\/1580989272.8447.jpg","twitter_misc":{"Est. reading time":"1 minut"},"schema":{"@context":"https:\/\/schema.org","@graph":[{"@type":["WebPage","ItemPage"],"@id":"https:\/\/lustandlove.eu\/et\/toode\/ladyx-isbel\/","url":"https:\/\/lustandlove.eu\/et\/toode\/ladyx-isbel\/","name":"LadyX Isbel black pattern lingerie 52.00\u20ac | Lust and Love","isPartOf":{"@id":"https:\/\/lustandlove.eu\/et\/#website"},"primaryImageOfPage":{"@id":"https:\/\/lustandlove.eu\/et\/toode\/ladyx-isbel\/#primaryimage"},"image":{"@id":"https:\/\/lustandlove.eu\/et\/toode\/ladyx-isbel\/#primaryimage"},"thumbnailUrl":"https:\/\/lustandlove.eu\/wp-content\/uploads\/1580989272.8447.jpg","datePublished":"2021-06-01T03:28:16+00:00","dateModified":"2025-08-19T12:42:37+00:00","description":"LadyX Isbel pesul on nahale mugav must pits, geomeetriliselt vertikaalse mustriga. Must v\u00f5rkjs ja elastne materjal omavad tugevat elastusust ja venivust, t\u00e4nu millele hoiab pesu kahal ideaalset vormi, tuues esile keha kuju.","breadcrumb":{"@id":"https:\/\/lustandlove.eu\/et\/toode\/ladyx-isbel\/#breadcrumb"},"inLanguage":"et","potentialAction":[{"@type":"ReadAction","target":["https:\/\/lustandlove.eu\/et\/toode\/ladyx-isbel\/"]}]},{"@type":"ImageObject","inLanguage":"et","@id":"https:\/\/lustandlove.eu\/et\/toode\/ladyx-isbel\/#primaryimage","url":"https:\/\/lustandlove.eu\/wp-content\/uploads\/1580989272.8447.jpg","contentUrl":"https:\/\/lustandlove.eu\/wp-content\/uploads\/1580989272.8447.jpg","width":800,"height":1200},{"@type":"BreadcrumbList","@id":"https:\/\/lustandlove.eu\/et\/toode\/ladyx-isbel\/#breadcrumb","itemListElement":[{"@type":"ListItem","position":1,"name":"Lust and Love","item":"https:\/\/lustandlove.eu\/et\/"},{"@type":"ListItem","position":2,"name":"Pood","item":"https:\/\/lustandlove.eu\/et\/pood\/"},{"@type":"ListItem","position":3,"name":"LadyX Isbel"}]},{"@type":"WebSite","@id":"https:\/\/lustandlove.eu\/et\/#website","url":"https:\/\/lustandlove.eu\/et\/","name":"Lust &amp; Love","description":"Online erootikapood tervise, ilu ja armastuse jaoks","publisher":{"@id":"https:\/\/lustandlove.eu\/et\/#organization"},"potentialAction":[{"@type":"SearchAction","target":{"@type":"EntryPoint","urlTemplate":"https:\/\/lustandlove.eu\/et\/?s={search_term_string}"},"query-input":"required name=search_term_string"}],"inLanguage":"et"},{"@type":"Organization","@id":"https:\/\/lustandlove.eu\/et\/#organization","name":"Bioconcept Baltics O\u00dc","url":"https:\/\/lustandlove.eu\/et\/","logo":{"@type":"ImageObject","inLanguage":"et","@id":"https:\/\/lustandlove.eu\/et\/#\/schema\/logo\/image\/","url":"","contentUrl":"","caption":"Bioconcept Baltics O\u00dc"},"image":{"@id":"https:\/\/lustandlove.eu\/et\/#\/schema\/logo\/image\/"},"sameAs":["https:\/\/www.facebook.com\/LustandLoveEU\/","https:\/\/www.instagram.com\/lustandloveeu\/"]}]}},"_links":{"self":[{"href":"https:\/\/lustandlove.eu\/et\/wp-json\/wp\/v2\/product\/45439"}],"collection":[{"href":"https:\/\/lustandlove.eu\/et\/wp-json\/wp\/v2\/product"}],"about":[{"href":"https:\/\/lustandlove.eu\/et\/wp-json\/wp\/v2\/types\/product"}],"wp:featuredmedia":[{"embeddable":true,"href":"https:\/\/lustandlove.eu\/et\/wp-json\/wp\/v2\/media\/45440"}],"wp:attachment":[{"href":"https:\/\/lustandlove.eu\/et\/wp-json\/wp\/v2\/media?parent=45439"}],"wp:term":[{"taxonomy":"product_cat","embeddable":true,"href":"https:\/\/lustandlove.eu\/et\/wp-json\/wp\/v2\/product_cat?post=45439"},{"taxonomy":"product_tag","embeddable":true,"href":"https:\/\/lustandlove.eu\/et\/wp-json\/wp\/v2\/product_tag?post=45439"}],"curies":[{"name":"wp","href":"https:\/\/api.w.org\/{rel}","templated":true}]}}