{"id":45451,"date":"2021-06-01T06:28:16","date_gmt":"2021-06-01T03:28:16","guid":{"rendered":"https:\/\/www.lustandlove.eu\/product\/ladyx-estrella\/"},"modified":"2026-04-14T08:51:48","modified_gmt":"2026-04-14T05:51:48","slug":"ladyx-estrella","status":"publish","type":"product","link":"https:\/\/lustandlove.eu\/et\/toode\/ladyx-estrella\/","title":{"rendered":"LadyX Estrella"},"content":{"rendered":"<p>LadyX Estrella Teddy on tehtud naha s\u00f5bralikust, venivast materjalist, mis on musta v\u00e4rvi. Ees on silmapaistev kompositsioon mustast kummjatest paeltest, mis on kombineeritud h\u00f5bedaste metallist neetide ja regulaatoritega. Kummjas materjal on nahas\u00f5bralik ning metallik tooniga. Metall elemendid on vastupidavad ja huvitava kujuga, enamasti \u00fcmarad. K\u00f5rge l\u00f5ige alaosas t\u00f5stab esile puusad ja tuharad. T\u00e4nu mitmetele regulaatoritele saab pesu muuta t\u00e4pselt sinu kehale valatuks. Vatupidvad dekoratiivsed elemendid on h\u00f5bedased \u2013 Cr I Ni vabad.<\/p>\n<p><strong>Erilised omadused:<\/strong><\/p>\n<p>Nahas\u00f5bralik elastne must materjal.<\/p>\n<p>Nahas\u00f5bralik metallse varjundiga must kumm.<\/p>\n<p>Vastupidavad dekoratiivsed metall elemendid<\/p>\n<h2><\/h2>\n","protected":false},"excerpt":{"rendered":"<p>LadyX Estrella Teddy on tehtud naha s\u00f5bralikust, venivast materjalist, mis on musta v\u00e4rvi. Ees on silmapaistev kompositsioon mustast kummjatest paeltest, mis on kombineeritud h\u00f5bedaste metallist neetide ja regulaatoritega.<\/p>\n","protected":false},"featured_media":44195,"template":"","meta":[],"product_brand":[4202],"product_cat":[4014,1489],"product_tag":[],"class_list":{"0":"post-45451","1":"product","2":"type-product","3":"status-publish","4":"has-post-thumbnail","6":"product_brand-demoniq-et","7":"product_cat-kleidid-ja-bodied","8":"product_cat-pesu","10":"first","11":"instock","12":"taxable","13":"shipping-taxable","14":"purchasable","15":"product-type-variable"},"yoast_head":"<!-- This site is optimized with the Yoast SEO plugin v27.3 - https:\/\/yoast.com\/product\/yoast-seo-wordpress\/ -->\n<title>LadyX Estrella Lingerie Black 52.00\u20ac | Lust and Love<\/title>\n<meta name=\"description\" content=\"LadyX Estrella Teddy on tehtud naha s\u00f5bralikust, venivast materjalist, mis on musta v\u00e4rvi. Ees on silmapaistev kompositsioon mustast kummjatest paeltest, mis on kombineeritud h\u00f5bedaste metallist neetide ja regulaatoritega.\" \/>\n<meta name=\"robots\" content=\"index,follow,max-snippet:-1,max-image-preview:large,max-video-preview:-1\" \/>\n<link rel=\"canonical\" href=\"https:\/\/lustandlove.eu\/et\/toode\/ladyx-estrella\/\" \/>\n<meta name=\"twitter:card\" content=\"summary_large_image\" \/>\n<meta name=\"twitter:title\" content=\"LadyX Estrella Lingerie Black 52.00\u20ac | Lust and Love\" \/>\n<meta name=\"twitter:description\" content=\"LadyX Estrella Teddy on tehtud naha s\u00f5bralikust, venivast materjalist, mis on musta v\u00e4rvi. Ees on silmapaistev kompositsioon mustast kummjatest paeltest, mis on kombineeritud h\u00f5bedaste metallist neetide ja regulaatoritega.\" \/>\n<meta name=\"twitter:image\" content=\"https:\/\/lustandlove.eu\/wp-content\/uploads\/Estrella.png\" \/>\n<meta name=\"twitter:label1\" content=\"Est. reading time\" \/>\n\t<meta name=\"twitter:data1\" content=\"1 minut\" \/>\n<script type=\"application\/ld+json\" class=\"yoast-schema-graph\">{\"@context\":\"https:\\\/\\\/schema.org\",\"@graph\":[{\"@type\":[\"WebPage\",\"ItemPage\"],\"@id\":\"https:\\\/\\\/lustandlove.eu\\\/et\\\/toode\\\/ladyx-estrella\\\/\",\"url\":\"https:\\\/\\\/lustandlove.eu\\\/et\\\/toode\\\/ladyx-estrella\\\/\",\"name\":\"LadyX Estrella Lingerie Black 52.00\u20ac | Lust and Love\",\"isPartOf\":{\"@id\":\"https:\\\/\\\/lustandlove.eu\\\/et\\\/#website\"},\"primaryImageOfPage\":{\"@id\":\"https:\\\/\\\/lustandlove.eu\\\/et\\\/toode\\\/ladyx-estrella\\\/#primaryimage\"},\"image\":{\"@id\":\"https:\\\/\\\/lustandlove.eu\\\/et\\\/toode\\\/ladyx-estrella\\\/#primaryimage\"},\"thumbnailUrl\":\"https:\\\/\\\/lustandlove.eu\\\/wp-content\\\/uploads\\\/Estrella.png\",\"datePublished\":\"2021-06-01T03:28:16+00:00\",\"dateModified\":\"2026-04-14T05:51:48+00:00\",\"description\":\"LadyX Estrella Teddy on tehtud naha s\u00f5bralikust, venivast materjalist, mis on musta v\u00e4rvi. Ees on silmapaistev kompositsioon mustast kummjatest paeltest, mis on kombineeritud h\u00f5bedaste metallist neetide ja regulaatoritega.\",\"breadcrumb\":{\"@id\":\"https:\\\/\\\/lustandlove.eu\\\/et\\\/toode\\\/ladyx-estrella\\\/#breadcrumb\"},\"inLanguage\":\"et\",\"potentialAction\":[{\"@type\":\"ReadAction\",\"target\":[\"https:\\\/\\\/lustandlove.eu\\\/et\\\/toode\\\/ladyx-estrella\\\/\"]}]},{\"@type\":\"ImageObject\",\"inLanguage\":\"et\",\"@id\":\"https:\\\/\\\/lustandlove.eu\\\/et\\\/toode\\\/ladyx-estrella\\\/#primaryimage\",\"url\":\"https:\\\/\\\/lustandlove.eu\\\/wp-content\\\/uploads\\\/Estrella.png\",\"contentUrl\":\"https:\\\/\\\/lustandlove.eu\\\/wp-content\\\/uploads\\\/Estrella.png\",\"width\":1106,\"height\":837,\"caption\":\"LadyX Estrella - Demoniq - Lust and Love\"},{\"@type\":\"BreadcrumbList\",\"@id\":\"https:\\\/\\\/lustandlove.eu\\\/et\\\/toode\\\/ladyx-estrella\\\/#breadcrumb\",\"itemListElement\":[{\"@type\":\"ListItem\",\"position\":1,\"name\":\"Lust and Love\",\"item\":\"https:\\\/\\\/lustandlove.eu\\\/et\\\/\"},{\"@type\":\"ListItem\",\"position\":2,\"name\":\"Pood\",\"item\":\"https:\\\/\\\/lustandlove.eu\\\/et\\\/pood\\\/\"},{\"@type\":\"ListItem\",\"position\":3,\"name\":\"LadyX Estrella\"}]},{\"@type\":\"WebSite\",\"@id\":\"https:\\\/\\\/lustandlove.eu\\\/et\\\/#website\",\"url\":\"https:\\\/\\\/lustandlove.eu\\\/et\\\/\",\"name\":\"Lust &amp; Love\",\"description\":\"Online erootikapood tervise, ilu ja armastuse jaoks\",\"publisher\":{\"@id\":\"https:\\\/\\\/lustandlove.eu\\\/et\\\/#organization\"},\"potentialAction\":[{\"@type\":\"SearchAction\",\"target\":{\"@type\":\"EntryPoint\",\"urlTemplate\":\"https:\\\/\\\/lustandlove.eu\\\/et\\\/?s={search_term_string}\"},\"query-input\":{\"@type\":\"PropertyValueSpecification\",\"valueRequired\":true,\"valueName\":\"search_term_string\"}}],\"inLanguage\":\"et\"},{\"@type\":\"Organization\",\"@id\":\"https:\\\/\\\/lustandlove.eu\\\/et\\\/#organization\",\"name\":\"Bioconcept Baltics O\u00dc\",\"url\":\"https:\\\/\\\/lustandlove.eu\\\/et\\\/\",\"logo\":{\"@type\":\"ImageObject\",\"inLanguage\":\"et\",\"@id\":\"https:\\\/\\\/lustandlove.eu\\\/et\\\/#\\\/schema\\\/logo\\\/image\\\/\",\"url\":\"\",\"contentUrl\":\"\",\"caption\":\"Bioconcept Baltics O\u00dc\"},\"image\":{\"@id\":\"https:\\\/\\\/lustandlove.eu\\\/et\\\/#\\\/schema\\\/logo\\\/image\\\/\"},\"sameAs\":[\"https:\\\/\\\/www.facebook.com\\\/LustandLoveEU\\\/\",\"https:\\\/\\\/www.instagram.com\\\/lustandloveeu\\\/\"]}]}<\/script>\n<!-- \/ Yoast SEO plugin. -->","yoast_head_json":{"title":"LadyX Estrella Lingerie Black 52.00\u20ac | Lust and Love","description":"LadyX Estrella Teddy on tehtud naha s\u00f5bralikust, venivast materjalist, mis on musta v\u00e4rvi. Ees on silmapaistev kompositsioon mustast kummjatest paeltest, mis on kombineeritud h\u00f5bedaste metallist neetide ja regulaatoritega.","robots":{"index,follow,max-snippet":"index,follow,max-snippet:-1,max-image-preview:large,max-video-preview:-1"},"canonical":"https:\/\/lustandlove.eu\/et\/toode\/ladyx-estrella\/","twitter_card":"summary_large_image","twitter_title":"LadyX Estrella Lingerie Black 52.00\u20ac | Lust and Love","twitter_description":"LadyX Estrella Teddy on tehtud naha s\u00f5bralikust, venivast materjalist, mis on musta v\u00e4rvi. Ees on silmapaistev kompositsioon mustast kummjatest paeltest, mis on kombineeritud h\u00f5bedaste metallist neetide ja regulaatoritega.","twitter_image":"https:\/\/lustandlove.eu\/wp-content\/uploads\/Estrella.png","twitter_misc":{"Est. reading time":"1 minut"},"schema":{"@context":"https:\/\/schema.org","@graph":[{"@type":["WebPage","ItemPage"],"@id":"https:\/\/lustandlove.eu\/et\/toode\/ladyx-estrella\/","url":"https:\/\/lustandlove.eu\/et\/toode\/ladyx-estrella\/","name":"LadyX Estrella Lingerie Black 52.00\u20ac | Lust and Love","isPartOf":{"@id":"https:\/\/lustandlove.eu\/et\/#website"},"primaryImageOfPage":{"@id":"https:\/\/lustandlove.eu\/et\/toode\/ladyx-estrella\/#primaryimage"},"image":{"@id":"https:\/\/lustandlove.eu\/et\/toode\/ladyx-estrella\/#primaryimage"},"thumbnailUrl":"https:\/\/lustandlove.eu\/wp-content\/uploads\/Estrella.png","datePublished":"2021-06-01T03:28:16+00:00","dateModified":"2026-04-14T05:51:48+00:00","description":"LadyX Estrella Teddy on tehtud naha s\u00f5bralikust, venivast materjalist, mis on musta v\u00e4rvi. Ees on silmapaistev kompositsioon mustast kummjatest paeltest, mis on kombineeritud h\u00f5bedaste metallist neetide ja regulaatoritega.","breadcrumb":{"@id":"https:\/\/lustandlove.eu\/et\/toode\/ladyx-estrella\/#breadcrumb"},"inLanguage":"et","potentialAction":[{"@type":"ReadAction","target":["https:\/\/lustandlove.eu\/et\/toode\/ladyx-estrella\/"]}]},{"@type":"ImageObject","inLanguage":"et","@id":"https:\/\/lustandlove.eu\/et\/toode\/ladyx-estrella\/#primaryimage","url":"https:\/\/lustandlove.eu\/wp-content\/uploads\/Estrella.png","contentUrl":"https:\/\/lustandlove.eu\/wp-content\/uploads\/Estrella.png","width":1106,"height":837,"caption":"LadyX Estrella - Demoniq - Lust and Love"},{"@type":"BreadcrumbList","@id":"https:\/\/lustandlove.eu\/et\/toode\/ladyx-estrella\/#breadcrumb","itemListElement":[{"@type":"ListItem","position":1,"name":"Lust and Love","item":"https:\/\/lustandlove.eu\/et\/"},{"@type":"ListItem","position":2,"name":"Pood","item":"https:\/\/lustandlove.eu\/et\/pood\/"},{"@type":"ListItem","position":3,"name":"LadyX Estrella"}]},{"@type":"WebSite","@id":"https:\/\/lustandlove.eu\/et\/#website","url":"https:\/\/lustandlove.eu\/et\/","name":"Lust &amp; Love","description":"Online erootikapood tervise, ilu ja armastuse jaoks","publisher":{"@id":"https:\/\/lustandlove.eu\/et\/#organization"},"potentialAction":[{"@type":"SearchAction","target":{"@type":"EntryPoint","urlTemplate":"https:\/\/lustandlove.eu\/et\/?s={search_term_string}"},"query-input":{"@type":"PropertyValueSpecification","valueRequired":true,"valueName":"search_term_string"}}],"inLanguage":"et"},{"@type":"Organization","@id":"https:\/\/lustandlove.eu\/et\/#organization","name":"Bioconcept Baltics O\u00dc","url":"https:\/\/lustandlove.eu\/et\/","logo":{"@type":"ImageObject","inLanguage":"et","@id":"https:\/\/lustandlove.eu\/et\/#\/schema\/logo\/image\/","url":"","contentUrl":"","caption":"Bioconcept Baltics O\u00dc"},"image":{"@id":"https:\/\/lustandlove.eu\/et\/#\/schema\/logo\/image\/"},"sameAs":["https:\/\/www.facebook.com\/LustandLoveEU\/","https:\/\/www.instagram.com\/lustandloveeu\/"]}]}},"_links":{"self":[{"href":"https:\/\/lustandlove.eu\/et\/wp-json\/wp\/v2\/product\/45451","targetHints":{"allow":["GET"]}}],"collection":[{"href":"https:\/\/lustandlove.eu\/et\/wp-json\/wp\/v2\/product"}],"about":[{"href":"https:\/\/lustandlove.eu\/et\/wp-json\/wp\/v2\/types\/product"}],"wp:featuredmedia":[{"embeddable":true,"href":"https:\/\/lustandlove.eu\/et\/wp-json\/wp\/v2\/media\/44195"}],"wp:attachment":[{"href":"https:\/\/lustandlove.eu\/et\/wp-json\/wp\/v2\/media?parent=45451"}],"wp:term":[{"taxonomy":"product_brand","embeddable":true,"href":"https:\/\/lustandlove.eu\/et\/wp-json\/wp\/v2\/product_brand?post=45451"},{"taxonomy":"product_cat","embeddable":true,"href":"https:\/\/lustandlove.eu\/et\/wp-json\/wp\/v2\/product_cat?post=45451"},{"taxonomy":"product_tag","embeddable":true,"href":"https:\/\/lustandlove.eu\/et\/wp-json\/wp\/v2\/product_tag?post=45451"}],"curies":[{"name":"wp","href":"https:\/\/api.w.org\/{rel}","templated":true}]}}