{"id":45465,"date":"2021-06-01T06:28:15","date_gmt":"2021-06-01T03:28:15","guid":{"rendered":"https:\/\/www.lustandlove.eu\/product\/ladyx-charo\/"},"modified":"2026-04-14T08:51:49","modified_gmt":"2026-04-14T05:51:49","slug":"ladyx-charo","status":"publish","type":"product","link":"https:\/\/lustandlove.eu\/et\/toode\/ladyx-charo\/","title":{"rendered":"LadyX Charo"},"content":{"rendered":"<p>LadyX Charo komplekti seelik ja top on tehtud mustast, elastsest v\u00f5rgust ning pesu on tehtud mustast venivast materjalist. Must v\u00f5rk ja elastne materjal on suure elastsusega ja venivusega, t\u00e4nu millele on nad istuvad seljas valatult tuues esile keha vormi. Riided pole nahka \u00e4rritavad. Pikavarukaga pluus \u2013 1\/4 varukad. All \u00e4\u00e4res on kumm hoidmaks vormi ning seljal on kolmnurga kujuline v\u00e4ljal\u00f5ige, mida \u00fcmbritseb must, s\u00e4delev elastne pael. L\u00fchike seelik, mille \u00fclaosas on mulst lai elastpael. Seelik on \u00fchenduses pesuga, mis on mustast venivast materjalist. S\u00e4rki saav kanda ka selg eespool, mis muudab kaeluse v\u00e4ljapaistvaks.<\/p>\n<p><strong>Erilised omadused:<\/strong><\/p>\n<p>Mugav nahale, elastne must materjal<\/p>\n<p>Mugav nahale, must elastne v\u00f5rkmaterjal.<\/p>\n<h2><\/h2>\n","protected":false},"excerpt":{"rendered":"<p>LadyX Charo komplekti seelik ja top on tehtud mustast, elastsest v\u00f5rgust ning pesu on tehtud mustast venivast materjalist. Must v\u00f5rk ja elastne materjal on suure elastsusega ja venivusega, t\u00e4nu millele on nad istuvad seljas valatult tuues esile keha vormi<\/p>\n","protected":false},"featured_media":45466,"template":"","meta":[],"product_brand":[4202],"product_cat":[4016,1489],"product_tag":[],"class_list":{"0":"post-45465","1":"product","2":"type-product","3":"status-publish","4":"has-post-thumbnail","6":"product_brand-demoniq-et","7":"product_cat-komplektid","8":"product_cat-pesu","10":"first","11":"instock","12":"taxable","13":"shipping-taxable","14":"purchasable","15":"product-type-variable"},"yoast_head":"<!-- This site is optimized with the Yoast SEO plugin v27.3 - https:\/\/yoast.com\/product\/yoast-seo-wordpress\/ -->\n<title>LadyX Charo Lingerie Set Black 72.00\u20ac | Lust and Love<\/title>\n<meta name=\"description\" content=\"LadyX Charo komplekti seelik ja top on tehtud mustast, elastsest v\u00f5rgust ning pesu on tehtud mustast venivast materjalist. Must v\u00f5rk ja elastne materjal on suure elastsusega ja venivusega, t\u00e4nu millele on nad istuvad seljas valatult tuues esile keha vormi\" \/>\n<meta name=\"robots\" content=\"index,follow,max-snippet:-1,max-image-preview:large,max-video-preview:-1\" \/>\n<link rel=\"canonical\" href=\"https:\/\/lustandlove.eu\/et\/toode\/ladyx-charo\/\" \/>\n<meta name=\"twitter:card\" content=\"summary_large_image\" \/>\n<meta name=\"twitter:title\" content=\"LadyX Charo Lingerie Set Black 72.00\u20ac | Lust and Love\" \/>\n<meta name=\"twitter:description\" content=\"LadyX Charo komplekti seelik ja top on tehtud mustast, elastsest v\u00f5rgust ning pesu on tehtud mustast venivast materjalist. Must v\u00f5rk ja elastne materjal on suure elastsusega ja venivusega, t\u00e4nu millele on nad istuvad seljas valatult tuues esile keha vormi\" \/>\n<meta name=\"twitter:image\" content=\"https:\/\/lustandlove.eu\/wp-content\/uploads\/1580990331.6544.jpg\" \/>\n<meta name=\"twitter:label1\" content=\"Est. reading time\" \/>\n\t<meta name=\"twitter:data1\" content=\"1 minut\" \/>\n<script type=\"application\/ld+json\" class=\"yoast-schema-graph\">{\"@context\":\"https:\\\/\\\/schema.org\",\"@graph\":[{\"@type\":[\"WebPage\",\"ItemPage\"],\"@id\":\"https:\\\/\\\/lustandlove.eu\\\/et\\\/toode\\\/ladyx-charo\\\/\",\"url\":\"https:\\\/\\\/lustandlove.eu\\\/et\\\/toode\\\/ladyx-charo\\\/\",\"name\":\"LadyX Charo Lingerie Set Black 72.00\u20ac | Lust and Love\",\"isPartOf\":{\"@id\":\"https:\\\/\\\/lustandlove.eu\\\/et\\\/#website\"},\"primaryImageOfPage\":{\"@id\":\"https:\\\/\\\/lustandlove.eu\\\/et\\\/toode\\\/ladyx-charo\\\/#primaryimage\"},\"image\":{\"@id\":\"https:\\\/\\\/lustandlove.eu\\\/et\\\/toode\\\/ladyx-charo\\\/#primaryimage\"},\"thumbnailUrl\":\"https:\\\/\\\/lustandlove.eu\\\/wp-content\\\/uploads\\\/1580990331.6544.jpg\",\"datePublished\":\"2021-06-01T03:28:15+00:00\",\"dateModified\":\"2026-04-14T05:51:49+00:00\",\"description\":\"LadyX Charo komplekti seelik ja top on tehtud mustast, elastsest v\u00f5rgust ning pesu on tehtud mustast venivast materjalist. Must v\u00f5rk ja elastne materjal on suure elastsusega ja venivusega, t\u00e4nu millele on nad istuvad seljas valatult tuues esile keha vormi\",\"breadcrumb\":{\"@id\":\"https:\\\/\\\/lustandlove.eu\\\/et\\\/toode\\\/ladyx-charo\\\/#breadcrumb\"},\"inLanguage\":\"et\",\"potentialAction\":[{\"@type\":\"ReadAction\",\"target\":[\"https:\\\/\\\/lustandlove.eu\\\/et\\\/toode\\\/ladyx-charo\\\/\"]}]},{\"@type\":\"ImageObject\",\"inLanguage\":\"et\",\"@id\":\"https:\\\/\\\/lustandlove.eu\\\/et\\\/toode\\\/ladyx-charo\\\/#primaryimage\",\"url\":\"https:\\\/\\\/lustandlove.eu\\\/wp-content\\\/uploads\\\/1580990331.6544.jpg\",\"contentUrl\":\"https:\\\/\\\/lustandlove.eu\\\/wp-content\\\/uploads\\\/1580990331.6544.jpg\",\"width\":800,\"height\":1200},{\"@type\":\"BreadcrumbList\",\"@id\":\"https:\\\/\\\/lustandlove.eu\\\/et\\\/toode\\\/ladyx-charo\\\/#breadcrumb\",\"itemListElement\":[{\"@type\":\"ListItem\",\"position\":1,\"name\":\"Lust and Love\",\"item\":\"https:\\\/\\\/lustandlove.eu\\\/et\\\/\"},{\"@type\":\"ListItem\",\"position\":2,\"name\":\"Pood\",\"item\":\"https:\\\/\\\/lustandlove.eu\\\/et\\\/pood\\\/\"},{\"@type\":\"ListItem\",\"position\":3,\"name\":\"LadyX Charo\"}]},{\"@type\":\"WebSite\",\"@id\":\"https:\\\/\\\/lustandlove.eu\\\/et\\\/#website\",\"url\":\"https:\\\/\\\/lustandlove.eu\\\/et\\\/\",\"name\":\"Lust &amp; Love\",\"description\":\"Online erootikapood tervise, ilu ja armastuse jaoks\",\"publisher\":{\"@id\":\"https:\\\/\\\/lustandlove.eu\\\/et\\\/#organization\"},\"potentialAction\":[{\"@type\":\"SearchAction\",\"target\":{\"@type\":\"EntryPoint\",\"urlTemplate\":\"https:\\\/\\\/lustandlove.eu\\\/et\\\/?s={search_term_string}\"},\"query-input\":{\"@type\":\"PropertyValueSpecification\",\"valueRequired\":true,\"valueName\":\"search_term_string\"}}],\"inLanguage\":\"et\"},{\"@type\":\"Organization\",\"@id\":\"https:\\\/\\\/lustandlove.eu\\\/et\\\/#organization\",\"name\":\"Bioconcept Baltics O\u00dc\",\"url\":\"https:\\\/\\\/lustandlove.eu\\\/et\\\/\",\"logo\":{\"@type\":\"ImageObject\",\"inLanguage\":\"et\",\"@id\":\"https:\\\/\\\/lustandlove.eu\\\/et\\\/#\\\/schema\\\/logo\\\/image\\\/\",\"url\":\"\",\"contentUrl\":\"\",\"caption\":\"Bioconcept Baltics O\u00dc\"},\"image\":{\"@id\":\"https:\\\/\\\/lustandlove.eu\\\/et\\\/#\\\/schema\\\/logo\\\/image\\\/\"},\"sameAs\":[\"https:\\\/\\\/www.facebook.com\\\/LustandLoveEU\\\/\",\"https:\\\/\\\/www.instagram.com\\\/lustandloveeu\\\/\"]}]}<\/script>\n<!-- \/ Yoast SEO plugin. -->","yoast_head_json":{"title":"LadyX Charo Lingerie Set Black 72.00\u20ac | Lust and Love","description":"LadyX Charo komplekti seelik ja top on tehtud mustast, elastsest v\u00f5rgust ning pesu on tehtud mustast venivast materjalist. Must v\u00f5rk ja elastne materjal on suure elastsusega ja venivusega, t\u00e4nu millele on nad istuvad seljas valatult tuues esile keha vormi","robots":{"index,follow,max-snippet":"index,follow,max-snippet:-1,max-image-preview:large,max-video-preview:-1"},"canonical":"https:\/\/lustandlove.eu\/et\/toode\/ladyx-charo\/","twitter_card":"summary_large_image","twitter_title":"LadyX Charo Lingerie Set Black 72.00\u20ac | Lust and Love","twitter_description":"LadyX Charo komplekti seelik ja top on tehtud mustast, elastsest v\u00f5rgust ning pesu on tehtud mustast venivast materjalist. Must v\u00f5rk ja elastne materjal on suure elastsusega ja venivusega, t\u00e4nu millele on nad istuvad seljas valatult tuues esile keha vormi","twitter_image":"https:\/\/lustandlove.eu\/wp-content\/uploads\/1580990331.6544.jpg","twitter_misc":{"Est. reading time":"1 minut"},"schema":{"@context":"https:\/\/schema.org","@graph":[{"@type":["WebPage","ItemPage"],"@id":"https:\/\/lustandlove.eu\/et\/toode\/ladyx-charo\/","url":"https:\/\/lustandlove.eu\/et\/toode\/ladyx-charo\/","name":"LadyX Charo Lingerie Set Black 72.00\u20ac | Lust and Love","isPartOf":{"@id":"https:\/\/lustandlove.eu\/et\/#website"},"primaryImageOfPage":{"@id":"https:\/\/lustandlove.eu\/et\/toode\/ladyx-charo\/#primaryimage"},"image":{"@id":"https:\/\/lustandlove.eu\/et\/toode\/ladyx-charo\/#primaryimage"},"thumbnailUrl":"https:\/\/lustandlove.eu\/wp-content\/uploads\/1580990331.6544.jpg","datePublished":"2021-06-01T03:28:15+00:00","dateModified":"2026-04-14T05:51:49+00:00","description":"LadyX Charo komplekti seelik ja top on tehtud mustast, elastsest v\u00f5rgust ning pesu on tehtud mustast venivast materjalist. Must v\u00f5rk ja elastne materjal on suure elastsusega ja venivusega, t\u00e4nu millele on nad istuvad seljas valatult tuues esile keha vormi","breadcrumb":{"@id":"https:\/\/lustandlove.eu\/et\/toode\/ladyx-charo\/#breadcrumb"},"inLanguage":"et","potentialAction":[{"@type":"ReadAction","target":["https:\/\/lustandlove.eu\/et\/toode\/ladyx-charo\/"]}]},{"@type":"ImageObject","inLanguage":"et","@id":"https:\/\/lustandlove.eu\/et\/toode\/ladyx-charo\/#primaryimage","url":"https:\/\/lustandlove.eu\/wp-content\/uploads\/1580990331.6544.jpg","contentUrl":"https:\/\/lustandlove.eu\/wp-content\/uploads\/1580990331.6544.jpg","width":800,"height":1200},{"@type":"BreadcrumbList","@id":"https:\/\/lustandlove.eu\/et\/toode\/ladyx-charo\/#breadcrumb","itemListElement":[{"@type":"ListItem","position":1,"name":"Lust and Love","item":"https:\/\/lustandlove.eu\/et\/"},{"@type":"ListItem","position":2,"name":"Pood","item":"https:\/\/lustandlove.eu\/et\/pood\/"},{"@type":"ListItem","position":3,"name":"LadyX Charo"}]},{"@type":"WebSite","@id":"https:\/\/lustandlove.eu\/et\/#website","url":"https:\/\/lustandlove.eu\/et\/","name":"Lust &amp; Love","description":"Online erootikapood tervise, ilu ja armastuse jaoks","publisher":{"@id":"https:\/\/lustandlove.eu\/et\/#organization"},"potentialAction":[{"@type":"SearchAction","target":{"@type":"EntryPoint","urlTemplate":"https:\/\/lustandlove.eu\/et\/?s={search_term_string}"},"query-input":{"@type":"PropertyValueSpecification","valueRequired":true,"valueName":"search_term_string"}}],"inLanguage":"et"},{"@type":"Organization","@id":"https:\/\/lustandlove.eu\/et\/#organization","name":"Bioconcept Baltics O\u00dc","url":"https:\/\/lustandlove.eu\/et\/","logo":{"@type":"ImageObject","inLanguage":"et","@id":"https:\/\/lustandlove.eu\/et\/#\/schema\/logo\/image\/","url":"","contentUrl":"","caption":"Bioconcept Baltics O\u00dc"},"image":{"@id":"https:\/\/lustandlove.eu\/et\/#\/schema\/logo\/image\/"},"sameAs":["https:\/\/www.facebook.com\/LustandLoveEU\/","https:\/\/www.instagram.com\/lustandloveeu\/"]}]}},"_links":{"self":[{"href":"https:\/\/lustandlove.eu\/et\/wp-json\/wp\/v2\/product\/45465","targetHints":{"allow":["GET"]}}],"collection":[{"href":"https:\/\/lustandlove.eu\/et\/wp-json\/wp\/v2\/product"}],"about":[{"href":"https:\/\/lustandlove.eu\/et\/wp-json\/wp\/v2\/types\/product"}],"wp:featuredmedia":[{"embeddable":true,"href":"https:\/\/lustandlove.eu\/et\/wp-json\/wp\/v2\/media\/45466"}],"wp:attachment":[{"href":"https:\/\/lustandlove.eu\/et\/wp-json\/wp\/v2\/media?parent=45465"}],"wp:term":[{"taxonomy":"product_brand","embeddable":true,"href":"https:\/\/lustandlove.eu\/et\/wp-json\/wp\/v2\/product_brand?post=45465"},{"taxonomy":"product_cat","embeddable":true,"href":"https:\/\/lustandlove.eu\/et\/wp-json\/wp\/v2\/product_cat?post=45465"},{"taxonomy":"product_tag","embeddable":true,"href":"https:\/\/lustandlove.eu\/et\/wp-json\/wp\/v2\/product_tag?post=45465"}],"curies":[{"name":"wp","href":"https:\/\/api.w.org\/{rel}","templated":true}]}}