{"id":45476,"date":"2021-06-01T06:28:15","date_gmt":"2021-06-01T03:28:15","guid":{"rendered":"https:\/\/www.lustandlove.eu\/product\/ladyx-aina-demoniq\/"},"modified":"2026-05-11T15:24:23","modified_gmt":"2026-05-11T12:24:23","slug":"ladyx-aina-demoniq","status":"publish","type":"product","link":"https:\/\/lustandlove.eu\/et\/toode\/ladyx-aina-demoniq\/","title":{"rendered":"LadyX Aina"},"content":{"rendered":"<p>LadyX Aina pesu on tehtud v\u00f5rgust ja elastsest materjalist, millel on k\u00f5rge elastsus ja venivus T\u00e4nu sellele istub riie kehal ideaalselt, r\u00f5hutades vormi. Materjal on mugav vastu nahka. Metallsed elemedid on erilise v\u00e4limuse ja kujuga. Nad on vastupidavad, tihtipeale ilma \u00fcmara kujuta. Tihtipeale on elemendid tugeva individuaalse karakteriga, sobides kokku iga tootega. Lisaks erilisele kujule, disainile ja k\u00f5rg-kvaliteetsetele materjalidele on materjal ka mugav. Avatud kaelused toovad esile rindade kuju. K\u00f5rge piht toob esile puusad ning tuharad. LadyX pesu rinnahoidjatel on h\u00f5be metallist dekoratiivne klamber. T\u00e4helepanu on toodud stiilsele pentagrammi s\u00fcmbolile, mis on elastsetest paeltest (koos metallsetsete h\u00f5be regulaatoritega). Pesu on dekoratiivsete elast paeltega, mis on \u00fclevalt laiemad ja alt kitsamad. T\u00e4nu mitmele regulaatorile on v\u00f5imalik s\u00e4ttida pesu istuma ideaalselt kehale.<\/p>\n<p><strong>Erilised omadused:<\/strong><\/p>\n<p>Pesukomplekt mustast l\u00e4bipaistvast v\u00f5rgust, mis on mugav puutele<\/p>\n<p>Mugavad vastupidavad ning elastsed paelad<\/p>\n<p>Vastupidavad dekoratiivsed metall elemendid.<\/p>\n<h2><\/h2>\n","protected":false},"excerpt":{"rendered":"<p>LadyX Aina pesu on tehtud v\u00f5rgust ja elastsest materjalist, millel on k\u00f5rge elastsus ja venivus T\u00e4nu sellele istub riie kehal ideaalselt, r\u00f5hutades vormi. Materjal on mugav vastu nahka. Metallsed elemedid on erilise v\u00e4limuse ja kujuga.<\/p>\n","protected":false},"featured_media":45477,"template":"","meta":[],"product_brand":[4202],"product_cat":[4016,1489],"product_tag":[],"class_list":{"0":"post-45476","1":"product","2":"type-product","3":"status-publish","4":"has-post-thumbnail","6":"product_brand-demoniq-et","7":"product_cat-komplektid","8":"product_cat-pesu","10":"first","11":"instock","12":"taxable","13":"shipping-taxable","14":"purchasable","15":"product-type-variable"},"yoast_head":"<!-- This site is optimized with the Yoast SEO plugin v27.4 - https:\/\/yoast.com\/product\/yoast-seo-wordpress\/ -->\n<title>LadyX Aina Lingerie 49.00\u20ac | Lust and Love<\/title>\n<meta name=\"description\" content=\"LadyX Aina pesu on tehtud v\u00f5rgust ja elastsest materjalist, millel on k\u00f5rge elastsus ja venivus T\u00e4nu sellele istub riie kehal ideaalselt, r\u00f5hutades vormi. Materjal on mugav vastu nahka. Metallsed elemedid on erilise v\u00e4limuse ja kujuga.\" \/>\n<meta name=\"robots\" content=\"index,follow,max-snippet:-1,max-image-preview:large,max-video-preview:-1\" \/>\n<link rel=\"canonical\" href=\"https:\/\/lustandlove.eu\/et\/toode\/ladyx-aina-demoniq\/\" \/>\n<script type=\"application\/ld+json\" class=\"yoast-schema-graph\">{\"@context\":\"https:\\\/\\\/schema.org\",\"@graph\":[{\"@type\":[\"WebPage\",\"ItemPage\"],\"@id\":\"https:\\\/\\\/lustandlove.eu\\\/et\\\/toode\\\/ladyx-aina-demoniq\\\/\",\"url\":\"https:\\\/\\\/lustandlove.eu\\\/et\\\/toode\\\/ladyx-aina-demoniq\\\/\",\"name\":\"LadyX Aina Lingerie 49.00\u20ac | Lust and Love\",\"isPartOf\":{\"@id\":\"https:\\\/\\\/lustandlove.eu\\\/et\\\/#website\"},\"primaryImageOfPage\":{\"@id\":\"https:\\\/\\\/lustandlove.eu\\\/et\\\/toode\\\/ladyx-aina-demoniq\\\/#primaryimage\"},\"image\":{\"@id\":\"https:\\\/\\\/lustandlove.eu\\\/et\\\/toode\\\/ladyx-aina-demoniq\\\/#primaryimage\"},\"thumbnailUrl\":\"https:\\\/\\\/lustandlove.eu\\\/wp-content\\\/uploads\\\/1580929976.5235.jpg\",\"datePublished\":\"2021-06-01T03:28:15+00:00\",\"dateModified\":\"2026-05-11T12:24:23+00:00\",\"description\":\"LadyX Aina pesu on tehtud v\u00f5rgust ja elastsest materjalist, millel on k\u00f5rge elastsus ja venivus T\u00e4nu sellele istub riie kehal ideaalselt, r\u00f5hutades vormi. Materjal on mugav vastu nahka. Metallsed elemedid on erilise v\u00e4limuse ja kujuga.\",\"breadcrumb\":{\"@id\":\"https:\\\/\\\/lustandlove.eu\\\/et\\\/toode\\\/ladyx-aina-demoniq\\\/#breadcrumb\"},\"inLanguage\":\"et\",\"potentialAction\":[{\"@type\":\"ReadAction\",\"target\":[\"https:\\\/\\\/lustandlove.eu\\\/et\\\/toode\\\/ladyx-aina-demoniq\\\/\"]}]},{\"@type\":\"ImageObject\",\"inLanguage\":\"et\",\"@id\":\"https:\\\/\\\/lustandlove.eu\\\/et\\\/toode\\\/ladyx-aina-demoniq\\\/#primaryimage\",\"url\":\"https:\\\/\\\/lustandlove.eu\\\/wp-content\\\/uploads\\\/1580929976.5235.jpg\",\"contentUrl\":\"https:\\\/\\\/lustandlove.eu\\\/wp-content\\\/uploads\\\/1580929976.5235.jpg\",\"width\":800,\"height\":1200},{\"@type\":\"BreadcrumbList\",\"@id\":\"https:\\\/\\\/lustandlove.eu\\\/et\\\/toode\\\/ladyx-aina-demoniq\\\/#breadcrumb\",\"itemListElement\":[{\"@type\":\"ListItem\",\"position\":1,\"name\":\"Lust and Love\",\"item\":\"https:\\\/\\\/lustandlove.eu\\\/et\\\/\"},{\"@type\":\"ListItem\",\"position\":2,\"name\":\"Pood\",\"item\":\"https:\\\/\\\/lustandlove.eu\\\/et\\\/pood\\\/\"},{\"@type\":\"ListItem\",\"position\":3,\"name\":\"Pesu\",\"item\":\"https:\\\/\\\/lustandlove.eu\\\/et\\\/pood\\\/pesu\\\/\"},{\"@type\":\"ListItem\",\"position\":4,\"name\":\"Komplektid\",\"item\":\"https:\\\/\\\/lustandlove.eu\\\/et\\\/pood\\\/pesu\\\/komplektid\\\/\"},{\"@type\":\"ListItem\",\"position\":5,\"name\":\"LadyX Aina\"}]},{\"@type\":\"WebSite\",\"@id\":\"https:\\\/\\\/lustandlove.eu\\\/et\\\/#website\",\"url\":\"https:\\\/\\\/lustandlove.eu\\\/et\\\/\",\"name\":\"Lust & Love\",\"description\":\"Online erootikapood tervise, ilu ja armastuse jaoks\",\"publisher\":{\"@id\":\"https:\\\/\\\/lustandlove.eu\\\/et\\\/#organization\"},\"potentialAction\":[{\"@type\":\"SearchAction\",\"target\":{\"@type\":\"EntryPoint\",\"urlTemplate\":\"https:\\\/\\\/lustandlove.eu\\\/et\\\/?s={search_term_string}\"},\"query-input\":{\"@type\":\"PropertyValueSpecification\",\"valueRequired\":true,\"valueName\":\"search_term_string\"}}],\"inLanguage\":\"et\"},{\"@type\":\"Organization\",\"@id\":\"https:\\\/\\\/lustandlove.eu\\\/et\\\/#organization\",\"name\":\"Bioconcept Baltics O\u00dc\",\"url\":\"https:\\\/\\\/lustandlove.eu\\\/et\\\/\",\"logo\":{\"@type\":\"ImageObject\",\"inLanguage\":\"et\",\"@id\":\"https:\\\/\\\/lustandlove.eu\\\/et\\\/#\\\/schema\\\/logo\\\/image\\\/\",\"url\":\"https:\\\/\\\/lustandlove.eu\\\/wp-content\\\/uploads\\\/logo-full-2.png\",\"contentUrl\":\"https:\\\/\\\/lustandlove.eu\\\/wp-content\\\/uploads\\\/logo-full-2.png\",\"width\":837,\"height\":200,\"caption\":\"Bioconcept Baltics O\u00dc\"},\"image\":{\"@id\":\"https:\\\/\\\/lustandlove.eu\\\/et\\\/#\\\/schema\\\/logo\\\/image\\\/\"},\"sameAs\":[\"https:\\\/\\\/www.facebook.com\\\/LustandLoveEU\\\/\",\"https:\\\/\\\/www.instagram.com\\\/lustandloveeu\\\/\"]}]}<\/script>\n<!-- \/ Yoast SEO plugin. -->","yoast_head_json":{"title":"LadyX Aina Lingerie 49.00\u20ac | Lust and Love","description":"LadyX Aina pesu on tehtud v\u00f5rgust ja elastsest materjalist, millel on k\u00f5rge elastsus ja venivus T\u00e4nu sellele istub riie kehal ideaalselt, r\u00f5hutades vormi. Materjal on mugav vastu nahka. Metallsed elemedid on erilise v\u00e4limuse ja kujuga.","robots":{"index,follow,max-snippet":"index,follow,max-snippet:-1,max-image-preview:large,max-video-preview:-1"},"canonical":"https:\/\/lustandlove.eu\/et\/toode\/ladyx-aina-demoniq\/","schema":{"@context":"https:\/\/schema.org","@graph":[{"@type":["WebPage","ItemPage"],"@id":"https:\/\/lustandlove.eu\/et\/toode\/ladyx-aina-demoniq\/","url":"https:\/\/lustandlove.eu\/et\/toode\/ladyx-aina-demoniq\/","name":"LadyX Aina Lingerie 49.00\u20ac | Lust and Love","isPartOf":{"@id":"https:\/\/lustandlove.eu\/et\/#website"},"primaryImageOfPage":{"@id":"https:\/\/lustandlove.eu\/et\/toode\/ladyx-aina-demoniq\/#primaryimage"},"image":{"@id":"https:\/\/lustandlove.eu\/et\/toode\/ladyx-aina-demoniq\/#primaryimage"},"thumbnailUrl":"https:\/\/lustandlove.eu\/wp-content\/uploads\/1580929976.5235.jpg","datePublished":"2021-06-01T03:28:15+00:00","dateModified":"2026-05-11T12:24:23+00:00","description":"LadyX Aina pesu on tehtud v\u00f5rgust ja elastsest materjalist, millel on k\u00f5rge elastsus ja venivus T\u00e4nu sellele istub riie kehal ideaalselt, r\u00f5hutades vormi. Materjal on mugav vastu nahka. Metallsed elemedid on erilise v\u00e4limuse ja kujuga.","breadcrumb":{"@id":"https:\/\/lustandlove.eu\/et\/toode\/ladyx-aina-demoniq\/#breadcrumb"},"inLanguage":"et","potentialAction":[{"@type":"ReadAction","target":["https:\/\/lustandlove.eu\/et\/toode\/ladyx-aina-demoniq\/"]}]},{"@type":"ImageObject","inLanguage":"et","@id":"https:\/\/lustandlove.eu\/et\/toode\/ladyx-aina-demoniq\/#primaryimage","url":"https:\/\/lustandlove.eu\/wp-content\/uploads\/1580929976.5235.jpg","contentUrl":"https:\/\/lustandlove.eu\/wp-content\/uploads\/1580929976.5235.jpg","width":800,"height":1200},{"@type":"BreadcrumbList","@id":"https:\/\/lustandlove.eu\/et\/toode\/ladyx-aina-demoniq\/#breadcrumb","itemListElement":[{"@type":"ListItem","position":1,"name":"Lust and Love","item":"https:\/\/lustandlove.eu\/et\/"},{"@type":"ListItem","position":2,"name":"Pood","item":"https:\/\/lustandlove.eu\/et\/pood\/"},{"@type":"ListItem","position":3,"name":"Pesu","item":"https:\/\/lustandlove.eu\/et\/pood\/pesu\/"},{"@type":"ListItem","position":4,"name":"Komplektid","item":"https:\/\/lustandlove.eu\/et\/pood\/pesu\/komplektid\/"},{"@type":"ListItem","position":5,"name":"LadyX Aina"}]},{"@type":"WebSite","@id":"https:\/\/lustandlove.eu\/et\/#website","url":"https:\/\/lustandlove.eu\/et\/","name":"Lust & Love","description":"Online erootikapood tervise, ilu ja armastuse jaoks","publisher":{"@id":"https:\/\/lustandlove.eu\/et\/#organization"},"potentialAction":[{"@type":"SearchAction","target":{"@type":"EntryPoint","urlTemplate":"https:\/\/lustandlove.eu\/et\/?s={search_term_string}"},"query-input":{"@type":"PropertyValueSpecification","valueRequired":true,"valueName":"search_term_string"}}],"inLanguage":"et"},{"@type":"Organization","@id":"https:\/\/lustandlove.eu\/et\/#organization","name":"Bioconcept Baltics O\u00dc","url":"https:\/\/lustandlove.eu\/et\/","logo":{"@type":"ImageObject","inLanguage":"et","@id":"https:\/\/lustandlove.eu\/et\/#\/schema\/logo\/image\/","url":"https:\/\/lustandlove.eu\/wp-content\/uploads\/logo-full-2.png","contentUrl":"https:\/\/lustandlove.eu\/wp-content\/uploads\/logo-full-2.png","width":837,"height":200,"caption":"Bioconcept Baltics O\u00dc"},"image":{"@id":"https:\/\/lustandlove.eu\/et\/#\/schema\/logo\/image\/"},"sameAs":["https:\/\/www.facebook.com\/LustandLoveEU\/","https:\/\/www.instagram.com\/lustandloveeu\/"]}]}},"_links":{"self":[{"href":"https:\/\/lustandlove.eu\/et\/wp-json\/wp\/v2\/product\/45476","targetHints":{"allow":["GET"]}}],"collection":[{"href":"https:\/\/lustandlove.eu\/et\/wp-json\/wp\/v2\/product"}],"about":[{"href":"https:\/\/lustandlove.eu\/et\/wp-json\/wp\/v2\/types\/product"}],"wp:featuredmedia":[{"embeddable":true,"href":"https:\/\/lustandlove.eu\/et\/wp-json\/wp\/v2\/media\/45477"}],"wp:attachment":[{"href":"https:\/\/lustandlove.eu\/et\/wp-json\/wp\/v2\/media?parent=45476"}],"wp:term":[{"taxonomy":"product_brand","embeddable":true,"href":"https:\/\/lustandlove.eu\/et\/wp-json\/wp\/v2\/product_brand?post=45476"},{"taxonomy":"product_cat","embeddable":true,"href":"https:\/\/lustandlove.eu\/et\/wp-json\/wp\/v2\/product_cat?post=45476"},{"taxonomy":"product_tag","embeddable":true,"href":"https:\/\/lustandlove.eu\/et\/wp-json\/wp\/v2\/product_tag?post=45476"}],"curies":[{"name":"wp","href":"https:\/\/api.w.org\/{rel}","templated":true}]}}