{"id":45489,"date":"2021-06-01T06:28:15","date_gmt":"2021-06-01T03:28:15","guid":{"rendered":"https:\/\/www.lustandlove.eu\/product\/ladyx-casilda\/"},"modified":"2026-04-14T08:51:49","modified_gmt":"2026-04-14T05:51:49","slug":"ladyx-casilda","status":"publish","type":"product","link":"https:\/\/lustandlove.eu\/et\/toode\/ladyx-casilda\/","title":{"rendered":"LadyX Casilda"},"content":{"rendered":"<p>LadyX Casilda on musta v\u00e4rvi nahale mugavast ja elastsest materjalist pesu komplekt. T\u00e4nu materjali elastsusele j\u00e4\u00e4b riie kehale valatult istuma, r\u00f5htudes vormi. Pesu on nahka mitte \u00e4rritav. Mugavad ja vastupidavad paelad ning dekoratiivsed metall elemendid, mis on h\u00f5bedast v\u00e4rvi.Rnnahoidjate eest on h\u00f5bedane metall klamber. T\u00e4helepanu on toodud stiilsele pentagrammi s\u00fcmbolile paeltest. Seljal on kompositsioon paeltest ja regulaatoritest, et suurus s\u00e4ttida parajaks. Pesul on \u00fclemised dekoratiivsed paelad laiemad ja alumised kitsamad. T\u00e4nu mitmetele regulaatoritele saab komplekti muuta t\u00e4pselt sinu kehale parajaks.<\/p>\n<p><strong>Erilised omadused:<\/strong><\/p>\n<p>Nahale mugav elastne must materjal.<\/p>\n<p>Vastupidavad, dekoratiivsed metall elemendid h\u00f5bedased<\/p>\n<h2><\/h2>\n","protected":false},"excerpt":{"rendered":"<p>LadyX Casilda on musta v\u00e4rvi nahale mugavast ja elastsest materjalist pesu komplekt. T\u00e4nu materjali elastsusele j\u00e4\u00e4b riie kehale valatult istuma, r\u00f5htudes vormi. Pesu on nahka mitte \u00e4rritav.<\/p>\n","protected":false},"featured_media":50262,"template":"","meta":[],"product_brand":[4202],"product_cat":[4016,1489],"product_tag":[],"class_list":{"0":"post-45489","1":"product","2":"type-product","3":"status-publish","4":"has-post-thumbnail","6":"product_brand-demoniq-et","7":"product_cat-komplektid","8":"product_cat-pesu","10":"first","11":"instock","12":"taxable","13":"shipping-taxable","14":"purchasable","15":"product-type-variable"},"yoast_head":"<!-- This site is optimized with the Yoast SEO plugin v27.3 - https:\/\/yoast.com\/product\/yoast-seo-wordpress\/ -->\n<title>LadyX Casilda Lingerie Set 49.00\u20ac | Lust and Love<\/title>\n<meta name=\"description\" content=\"LadyX Casilda on musta v\u00e4rvi nahale mugavast ja elastsest materjalist pesu komplekt. T\u00e4nu materjali elastsusele j\u00e4\u00e4b riie kehale valatult istuma, r\u00f5htudes vormi. Pesu on nahka mitte \u00e4rritav.\" \/>\n<meta name=\"robots\" content=\"index,follow,max-snippet:-1,max-image-preview:large,max-video-preview:-1\" \/>\n<link rel=\"canonical\" href=\"https:\/\/lustandlove.eu\/et\/toode\/ladyx-casilda\/\" \/>\n<meta name=\"twitter:card\" content=\"summary_large_image\" \/>\n<meta name=\"twitter:title\" content=\"LadyX Casilda Lingerie Set 49.00\u20ac | Lust and Love\" \/>\n<meta name=\"twitter:description\" content=\"LadyX Casilda on musta v\u00e4rvi nahale mugavast ja elastsest materjalist pesu komplekt. T\u00e4nu materjali elastsusele j\u00e4\u00e4b riie kehale valatult istuma, r\u00f5htudes vormi. Pesu on nahka mitte \u00e4rritav.\" \/>\n<meta name=\"twitter:image\" content=\"https:\/\/lustandlove.eu\/wp-content\/uploads\/Casilda.png\" \/>\n<meta name=\"twitter:label1\" content=\"Est. reading time\" \/>\n\t<meta name=\"twitter:data1\" content=\"1 minut\" \/>\n<script type=\"application\/ld+json\" class=\"yoast-schema-graph\">{\"@context\":\"https:\\\/\\\/schema.org\",\"@graph\":[{\"@type\":[\"WebPage\",\"ItemPage\"],\"@id\":\"https:\\\/\\\/lustandlove.eu\\\/et\\\/toode\\\/ladyx-casilda\\\/\",\"url\":\"https:\\\/\\\/lustandlove.eu\\\/et\\\/toode\\\/ladyx-casilda\\\/\",\"name\":\"LadyX Casilda Lingerie Set 49.00\u20ac | Lust and Love\",\"isPartOf\":{\"@id\":\"https:\\\/\\\/lustandlove.eu\\\/et\\\/#website\"},\"primaryImageOfPage\":{\"@id\":\"https:\\\/\\\/lustandlove.eu\\\/et\\\/toode\\\/ladyx-casilda\\\/#primaryimage\"},\"image\":{\"@id\":\"https:\\\/\\\/lustandlove.eu\\\/et\\\/toode\\\/ladyx-casilda\\\/#primaryimage\"},\"thumbnailUrl\":\"https:\\\/\\\/lustandlove.eu\\\/wp-content\\\/uploads\\\/Casilda.png\",\"datePublished\":\"2021-06-01T03:28:15+00:00\",\"dateModified\":\"2026-04-14T05:51:49+00:00\",\"description\":\"LadyX Casilda on musta v\u00e4rvi nahale mugavast ja elastsest materjalist pesu komplekt. T\u00e4nu materjali elastsusele j\u00e4\u00e4b riie kehale valatult istuma, r\u00f5htudes vormi. Pesu on nahka mitte \u00e4rritav.\",\"breadcrumb\":{\"@id\":\"https:\\\/\\\/lustandlove.eu\\\/et\\\/toode\\\/ladyx-casilda\\\/#breadcrumb\"},\"inLanguage\":\"et\",\"potentialAction\":[{\"@type\":\"ReadAction\",\"target\":[\"https:\\\/\\\/lustandlove.eu\\\/et\\\/toode\\\/ladyx-casilda\\\/\"]}]},{\"@type\":\"ImageObject\",\"inLanguage\":\"et\",\"@id\":\"https:\\\/\\\/lustandlove.eu\\\/et\\\/toode\\\/ladyx-casilda\\\/#primaryimage\",\"url\":\"https:\\\/\\\/lustandlove.eu\\\/wp-content\\\/uploads\\\/Casilda.png\",\"contentUrl\":\"https:\\\/\\\/lustandlove.eu\\\/wp-content\\\/uploads\\\/Casilda.png\",\"width\":880,\"height\":807},{\"@type\":\"BreadcrumbList\",\"@id\":\"https:\\\/\\\/lustandlove.eu\\\/et\\\/toode\\\/ladyx-casilda\\\/#breadcrumb\",\"itemListElement\":[{\"@type\":\"ListItem\",\"position\":1,\"name\":\"Lust and Love\",\"item\":\"https:\\\/\\\/lustandlove.eu\\\/et\\\/\"},{\"@type\":\"ListItem\",\"position\":2,\"name\":\"Pood\",\"item\":\"https:\\\/\\\/lustandlove.eu\\\/et\\\/pood\\\/\"},{\"@type\":\"ListItem\",\"position\":3,\"name\":\"LadyX Casilda\"}]},{\"@type\":\"WebSite\",\"@id\":\"https:\\\/\\\/lustandlove.eu\\\/et\\\/#website\",\"url\":\"https:\\\/\\\/lustandlove.eu\\\/et\\\/\",\"name\":\"Lust &amp; Love\",\"description\":\"Online erootikapood tervise, ilu ja armastuse jaoks\",\"publisher\":{\"@id\":\"https:\\\/\\\/lustandlove.eu\\\/et\\\/#organization\"},\"potentialAction\":[{\"@type\":\"SearchAction\",\"target\":{\"@type\":\"EntryPoint\",\"urlTemplate\":\"https:\\\/\\\/lustandlove.eu\\\/et\\\/?s={search_term_string}\"},\"query-input\":{\"@type\":\"PropertyValueSpecification\",\"valueRequired\":true,\"valueName\":\"search_term_string\"}}],\"inLanguage\":\"et\"},{\"@type\":\"Organization\",\"@id\":\"https:\\\/\\\/lustandlove.eu\\\/et\\\/#organization\",\"name\":\"Bioconcept Baltics O\u00dc\",\"url\":\"https:\\\/\\\/lustandlove.eu\\\/et\\\/\",\"logo\":{\"@type\":\"ImageObject\",\"inLanguage\":\"et\",\"@id\":\"https:\\\/\\\/lustandlove.eu\\\/et\\\/#\\\/schema\\\/logo\\\/image\\\/\",\"url\":\"\",\"contentUrl\":\"\",\"caption\":\"Bioconcept Baltics O\u00dc\"},\"image\":{\"@id\":\"https:\\\/\\\/lustandlove.eu\\\/et\\\/#\\\/schema\\\/logo\\\/image\\\/\"},\"sameAs\":[\"https:\\\/\\\/www.facebook.com\\\/LustandLoveEU\\\/\",\"https:\\\/\\\/www.instagram.com\\\/lustandloveeu\\\/\"]}]}<\/script>\n<!-- \/ Yoast SEO plugin. -->","yoast_head_json":{"title":"LadyX Casilda Lingerie Set 49.00\u20ac | Lust and Love","description":"LadyX Casilda on musta v\u00e4rvi nahale mugavast ja elastsest materjalist pesu komplekt. T\u00e4nu materjali elastsusele j\u00e4\u00e4b riie kehale valatult istuma, r\u00f5htudes vormi. Pesu on nahka mitte \u00e4rritav.","robots":{"index,follow,max-snippet":"index,follow,max-snippet:-1,max-image-preview:large,max-video-preview:-1"},"canonical":"https:\/\/lustandlove.eu\/et\/toode\/ladyx-casilda\/","twitter_card":"summary_large_image","twitter_title":"LadyX Casilda Lingerie Set 49.00\u20ac | Lust and Love","twitter_description":"LadyX Casilda on musta v\u00e4rvi nahale mugavast ja elastsest materjalist pesu komplekt. T\u00e4nu materjali elastsusele j\u00e4\u00e4b riie kehale valatult istuma, r\u00f5htudes vormi. Pesu on nahka mitte \u00e4rritav.","twitter_image":"https:\/\/lustandlove.eu\/wp-content\/uploads\/Casilda.png","twitter_misc":{"Est. reading time":"1 minut"},"schema":{"@context":"https:\/\/schema.org","@graph":[{"@type":["WebPage","ItemPage"],"@id":"https:\/\/lustandlove.eu\/et\/toode\/ladyx-casilda\/","url":"https:\/\/lustandlove.eu\/et\/toode\/ladyx-casilda\/","name":"LadyX Casilda Lingerie Set 49.00\u20ac | Lust and Love","isPartOf":{"@id":"https:\/\/lustandlove.eu\/et\/#website"},"primaryImageOfPage":{"@id":"https:\/\/lustandlove.eu\/et\/toode\/ladyx-casilda\/#primaryimage"},"image":{"@id":"https:\/\/lustandlove.eu\/et\/toode\/ladyx-casilda\/#primaryimage"},"thumbnailUrl":"https:\/\/lustandlove.eu\/wp-content\/uploads\/Casilda.png","datePublished":"2021-06-01T03:28:15+00:00","dateModified":"2026-04-14T05:51:49+00:00","description":"LadyX Casilda on musta v\u00e4rvi nahale mugavast ja elastsest materjalist pesu komplekt. T\u00e4nu materjali elastsusele j\u00e4\u00e4b riie kehale valatult istuma, r\u00f5htudes vormi. Pesu on nahka mitte \u00e4rritav.","breadcrumb":{"@id":"https:\/\/lustandlove.eu\/et\/toode\/ladyx-casilda\/#breadcrumb"},"inLanguage":"et","potentialAction":[{"@type":"ReadAction","target":["https:\/\/lustandlove.eu\/et\/toode\/ladyx-casilda\/"]}]},{"@type":"ImageObject","inLanguage":"et","@id":"https:\/\/lustandlove.eu\/et\/toode\/ladyx-casilda\/#primaryimage","url":"https:\/\/lustandlove.eu\/wp-content\/uploads\/Casilda.png","contentUrl":"https:\/\/lustandlove.eu\/wp-content\/uploads\/Casilda.png","width":880,"height":807},{"@type":"BreadcrumbList","@id":"https:\/\/lustandlove.eu\/et\/toode\/ladyx-casilda\/#breadcrumb","itemListElement":[{"@type":"ListItem","position":1,"name":"Lust and Love","item":"https:\/\/lustandlove.eu\/et\/"},{"@type":"ListItem","position":2,"name":"Pood","item":"https:\/\/lustandlove.eu\/et\/pood\/"},{"@type":"ListItem","position":3,"name":"LadyX Casilda"}]},{"@type":"WebSite","@id":"https:\/\/lustandlove.eu\/et\/#website","url":"https:\/\/lustandlove.eu\/et\/","name":"Lust &amp; Love","description":"Online erootikapood tervise, ilu ja armastuse jaoks","publisher":{"@id":"https:\/\/lustandlove.eu\/et\/#organization"},"potentialAction":[{"@type":"SearchAction","target":{"@type":"EntryPoint","urlTemplate":"https:\/\/lustandlove.eu\/et\/?s={search_term_string}"},"query-input":{"@type":"PropertyValueSpecification","valueRequired":true,"valueName":"search_term_string"}}],"inLanguage":"et"},{"@type":"Organization","@id":"https:\/\/lustandlove.eu\/et\/#organization","name":"Bioconcept Baltics O\u00dc","url":"https:\/\/lustandlove.eu\/et\/","logo":{"@type":"ImageObject","inLanguage":"et","@id":"https:\/\/lustandlove.eu\/et\/#\/schema\/logo\/image\/","url":"","contentUrl":"","caption":"Bioconcept Baltics O\u00dc"},"image":{"@id":"https:\/\/lustandlove.eu\/et\/#\/schema\/logo\/image\/"},"sameAs":["https:\/\/www.facebook.com\/LustandLoveEU\/","https:\/\/www.instagram.com\/lustandloveeu\/"]}]}},"_links":{"self":[{"href":"https:\/\/lustandlove.eu\/et\/wp-json\/wp\/v2\/product\/45489","targetHints":{"allow":["GET"]}}],"collection":[{"href":"https:\/\/lustandlove.eu\/et\/wp-json\/wp\/v2\/product"}],"about":[{"href":"https:\/\/lustandlove.eu\/et\/wp-json\/wp\/v2\/types\/product"}],"wp:featuredmedia":[{"embeddable":true,"href":"https:\/\/lustandlove.eu\/et\/wp-json\/wp\/v2\/media\/50262"}],"wp:attachment":[{"href":"https:\/\/lustandlove.eu\/et\/wp-json\/wp\/v2\/media?parent=45489"}],"wp:term":[{"taxonomy":"product_brand","embeddable":true,"href":"https:\/\/lustandlove.eu\/et\/wp-json\/wp\/v2\/product_brand?post=45489"},{"taxonomy":"product_cat","embeddable":true,"href":"https:\/\/lustandlove.eu\/et\/wp-json\/wp\/v2\/product_cat?post=45489"},{"taxonomy":"product_tag","embeddable":true,"href":"https:\/\/lustandlove.eu\/et\/wp-json\/wp\/v2\/product_tag?post=45489"}],"curies":[{"name":"wp","href":"https:\/\/api.w.org\/{rel}","templated":true}]}}