{"id":45505,"date":"2021-06-01T06:27:27","date_gmt":"2021-06-01T03:27:27","guid":{"rendered":"https:\/\/www.lustandlove.eu\/product\/gkit-gplug-vibreeriv-puldiga-sormus\/"},"modified":"2026-04-13T10:37:40","modified_gmt":"2026-04-13T07:37:40","slug":"gkit-gplug-vibreeriv-puldiga-sormus","status":"publish","type":"product","link":"https:\/\/lustandlove.eu\/et\/toode\/gkit-gplug-vibreeriv-puldiga-sormus\/","title":{"rendered":"Gkit Gplug + vibreeriv puldiga s\u00f5rmus"},"content":{"rendered":"<p>Gplug on v\u00e4ike tapp valmistatud k\u00f5rgkvaliteetsest silikoonist. See on piisavalt v\u00e4ike et olla kutsuv algajatele, kuid pakkuda m\u00f5nu ka edasij\u00f5udnutele. 6 erineva vibratsioonire\u017eiimiga tegus Gplug stimuleerib \u00e4\u00e4rmiselt vaikselt anust, pakkudes ekstaatilisi hetki. T\u00e4nu laiemale p\u00f5hjale on liiga s\u00fcgavale libisemine v\u00e4listatud. Gplug pakub sissejuhatust anaalseksile, treeningut erogeense tsooni lihastele v\u00f5i lihtsalt l\u00f5busat m\u00e4ngu \u00fcksi olles. Olles veekindel toob Gplug sinuni nii vannis kui ka du\u0161\u0161i parimad niisked hetked.<\/p>\n<p>Gring on v\u00e4ike s\u00f5rmevibraator, mida saab kasutada puldina Gplug jaoks. Kasuta seda enda peal v\u00f5i kiusa oma partnerit \u2013 valik on sinu.6 erinevat vibratsioonire\u017eiimi, Gring s\u00f5rme \u00fcmber masseerib su erogeenseid punkte, pakkudes ekstaatilisi hetki. Gring\u2019i kasutamine toimub intuitiivselt ning t\u00e4nu oma mugavale kujule on kasutusv\u00f5imalusi rohkelt. Isegi vannis ja du\u0161\u0161i all pakub pisike sametine veekindel abiline \u00fcllatavalt niiskeid momente. Gring\u2019i saab kasutada puldina k\u00f5ikide Gvibe toodete puhul. Peale m\u00e4ngimist saab teda h\u00f5lpsalt laadida magnetilise USB laadijaga.<\/p>\n","protected":false},"excerpt":{"rendered":"<p>Gplug on v\u00e4ike tapp valmistatud k\u00f5rgkvaliteetsest silikoonist. See on piisavalt v\u00e4ike et olla kutsuv algajatele, kuid pakkuda m\u00f5nu ka edasij\u00f5udnutele.<\/p>\n","protected":false},"featured_media":45514,"template":"","meta":[],"product_brand":[4208],"product_cat":[3978,1484,1488],"product_tag":[4104],"class_list":{"0":"post-45505","1":"product","2":"type-product","3":"status-publish","4":"has-post-thumbnail","6":"product_brand-gvibe-et","7":"product_cat-lobu-kahele","8":"product_cat-sekslelud","9":"product_cat-vibraatorid","10":"product_tag-waterproof-et","11":"pa_brand-gvibe-et","13":"first","14":"instock","15":"taxable","16":"shipping-taxable","17":"purchasable","18":"product-type-simple"},"yoast_head":"<!-- This site is optimized with the Yoast SEO plugin v27.4 - https:\/\/yoast.com\/product\/yoast-seo-wordpress\/ -->\n<title>Gkit Gplug + vibreeriv puldiga s\u00f5rmus | Lust and Love<\/title>\n<meta name=\"description\" content=\"Gplug on v\u00e4ike tapp valmistatud k\u00f5rgkvaliteetsest silikoonist. See on piisavalt v\u00e4ike et olla kutsuv algajatele, kuid pakkuda m\u00f5nu ka edasij\u00f5udnutele.\" \/>\n<meta name=\"robots\" content=\"index,follow,max-snippet:-1,max-image-preview:large,max-video-preview:-1\" \/>\n<link rel=\"canonical\" href=\"https:\/\/lustandlove.eu\/et\/toode\/gkit-gplug-vibreeriv-puldiga-sormus\/\" \/>\n<script type=\"application\/ld+json\" class=\"yoast-schema-graph\">{\"@context\":\"https:\\\/\\\/schema.org\",\"@graph\":[{\"@type\":[\"WebPage\",\"ItemPage\"],\"@id\":\"https:\\\/\\\/lustandlove.eu\\\/et\\\/toode\\\/gkit-gplug-vibreeriv-puldiga-sormus\\\/\",\"url\":\"https:\\\/\\\/lustandlove.eu\\\/et\\\/toode\\\/gkit-gplug-vibreeriv-puldiga-sormus\\\/\",\"name\":\"Gkit Gplug + vibreeriv puldiga s\u00f5rmus | Lust and Love\",\"isPartOf\":{\"@id\":\"https:\\\/\\\/lustandlove.eu\\\/et\\\/#website\"},\"primaryImageOfPage\":{\"@id\":\"https:\\\/\\\/lustandlove.eu\\\/et\\\/toode\\\/gkit-gplug-vibreeriv-puldiga-sormus\\\/#primaryimage\"},\"image\":{\"@id\":\"https:\\\/\\\/lustandlove.eu\\\/et\\\/toode\\\/gkit-gplug-vibreeriv-puldiga-sormus\\\/#primaryimage\"},\"thumbnailUrl\":\"https:\\\/\\\/lustandlove.eu\\\/wp-content\\\/uploads\\\/gkit-325672_1080x-1.jpg\",\"datePublished\":\"2021-06-01T03:27:27+00:00\",\"dateModified\":\"2026-04-13T07:37:40+00:00\",\"description\":\"Gplug on v\u00e4ike tapp valmistatud k\u00f5rgkvaliteetsest silikoonist. See on piisavalt v\u00e4ike et olla kutsuv algajatele, kuid pakkuda m\u00f5nu ka edasij\u00f5udnutele.\",\"breadcrumb\":{\"@id\":\"https:\\\/\\\/lustandlove.eu\\\/et\\\/toode\\\/gkit-gplug-vibreeriv-puldiga-sormus\\\/#breadcrumb\"},\"inLanguage\":\"et\",\"potentialAction\":[{\"@type\":\"ReadAction\",\"target\":[\"https:\\\/\\\/lustandlove.eu\\\/et\\\/toode\\\/gkit-gplug-vibreeriv-puldiga-sormus\\\/\"]}]},{\"@type\":\"ImageObject\",\"inLanguage\":\"et\",\"@id\":\"https:\\\/\\\/lustandlove.eu\\\/et\\\/toode\\\/gkit-gplug-vibreeriv-puldiga-sormus\\\/#primaryimage\",\"url\":\"https:\\\/\\\/lustandlove.eu\\\/wp-content\\\/uploads\\\/gkit-325672_1080x-1.jpg\",\"contentUrl\":\"https:\\\/\\\/lustandlove.eu\\\/wp-content\\\/uploads\\\/gkit-325672_1080x-1.jpg\",\"width\":1080,\"height\":1036,\"caption\":\"Gkit - Gvibe - Lust and Love\"},{\"@type\":\"BreadcrumbList\",\"@id\":\"https:\\\/\\\/lustandlove.eu\\\/et\\\/toode\\\/gkit-gplug-vibreeriv-puldiga-sormus\\\/#breadcrumb\",\"itemListElement\":[{\"@type\":\"ListItem\",\"position\":1,\"name\":\"Lust and Love\",\"item\":\"https:\\\/\\\/lustandlove.eu\\\/et\\\/\"},{\"@type\":\"ListItem\",\"position\":2,\"name\":\"Pood\",\"item\":\"https:\\\/\\\/lustandlove.eu\\\/et\\\/pood\\\/\"},{\"@type\":\"ListItem\",\"position\":3,\"name\":\"Sekslelud\",\"item\":\"https:\\\/\\\/lustandlove.eu\\\/et\\\/pood\\\/sekslelud\\\/\"},{\"@type\":\"ListItem\",\"position\":4,\"name\":\"Vibraatorid\",\"item\":\"https:\\\/\\\/lustandlove.eu\\\/et\\\/pood\\\/sekslelud\\\/vibraatorid\\\/\"},{\"@type\":\"ListItem\",\"position\":5,\"name\":\"L\u00f5bu kahele\",\"item\":\"https:\\\/\\\/lustandlove.eu\\\/et\\\/pood\\\/sekslelud\\\/vibraatorid\\\/lobu-kahele\\\/\"},{\"@type\":\"ListItem\",\"position\":6,\"name\":\"Gkit Gplug + vibreeriv puldiga s\u00f5rmus\"}]},{\"@type\":\"WebSite\",\"@id\":\"https:\\\/\\\/lustandlove.eu\\\/et\\\/#website\",\"url\":\"https:\\\/\\\/lustandlove.eu\\\/et\\\/\",\"name\":\"Lust & Love\",\"description\":\"Online erootikapood tervise, ilu ja armastuse jaoks\",\"publisher\":{\"@id\":\"https:\\\/\\\/lustandlove.eu\\\/et\\\/#organization\"},\"potentialAction\":[{\"@type\":\"SearchAction\",\"target\":{\"@type\":\"EntryPoint\",\"urlTemplate\":\"https:\\\/\\\/lustandlove.eu\\\/et\\\/?s={search_term_string}\"},\"query-input\":{\"@type\":\"PropertyValueSpecification\",\"valueRequired\":true,\"valueName\":\"search_term_string\"}}],\"inLanguage\":\"et\"},{\"@type\":\"Organization\",\"@id\":\"https:\\\/\\\/lustandlove.eu\\\/et\\\/#organization\",\"name\":\"Bioconcept Baltics O\u00dc\",\"url\":\"https:\\\/\\\/lustandlove.eu\\\/et\\\/\",\"logo\":{\"@type\":\"ImageObject\",\"inLanguage\":\"et\",\"@id\":\"https:\\\/\\\/lustandlove.eu\\\/et\\\/#\\\/schema\\\/logo\\\/image\\\/\",\"url\":\"https:\\\/\\\/lustandlove.eu\\\/wp-content\\\/uploads\\\/logo-full-2.png\",\"contentUrl\":\"https:\\\/\\\/lustandlove.eu\\\/wp-content\\\/uploads\\\/logo-full-2.png\",\"width\":837,\"height\":200,\"caption\":\"Bioconcept Baltics O\u00dc\"},\"image\":{\"@id\":\"https:\\\/\\\/lustandlove.eu\\\/et\\\/#\\\/schema\\\/logo\\\/image\\\/\"},\"sameAs\":[\"https:\\\/\\\/www.facebook.com\\\/LustandLoveEU\\\/\",\"https:\\\/\\\/www.instagram.com\\\/lustandloveeu\\\/\"]}]}<\/script>\n<!-- \/ Yoast SEO plugin. -->","yoast_head_json":{"title":"Gkit Gplug + vibreeriv puldiga s\u00f5rmus | Lust and Love","description":"Gplug on v\u00e4ike tapp valmistatud k\u00f5rgkvaliteetsest silikoonist. See on piisavalt v\u00e4ike et olla kutsuv algajatele, kuid pakkuda m\u00f5nu ka edasij\u00f5udnutele.","robots":{"index,follow,max-snippet":"index,follow,max-snippet:-1,max-image-preview:large,max-video-preview:-1"},"canonical":"https:\/\/lustandlove.eu\/et\/toode\/gkit-gplug-vibreeriv-puldiga-sormus\/","schema":{"@context":"https:\/\/schema.org","@graph":[{"@type":["WebPage","ItemPage"],"@id":"https:\/\/lustandlove.eu\/et\/toode\/gkit-gplug-vibreeriv-puldiga-sormus\/","url":"https:\/\/lustandlove.eu\/et\/toode\/gkit-gplug-vibreeriv-puldiga-sormus\/","name":"Gkit Gplug + vibreeriv puldiga s\u00f5rmus | Lust and Love","isPartOf":{"@id":"https:\/\/lustandlove.eu\/et\/#website"},"primaryImageOfPage":{"@id":"https:\/\/lustandlove.eu\/et\/toode\/gkit-gplug-vibreeriv-puldiga-sormus\/#primaryimage"},"image":{"@id":"https:\/\/lustandlove.eu\/et\/toode\/gkit-gplug-vibreeriv-puldiga-sormus\/#primaryimage"},"thumbnailUrl":"https:\/\/lustandlove.eu\/wp-content\/uploads\/gkit-325672_1080x-1.jpg","datePublished":"2021-06-01T03:27:27+00:00","dateModified":"2026-04-13T07:37:40+00:00","description":"Gplug on v\u00e4ike tapp valmistatud k\u00f5rgkvaliteetsest silikoonist. See on piisavalt v\u00e4ike et olla kutsuv algajatele, kuid pakkuda m\u00f5nu ka edasij\u00f5udnutele.","breadcrumb":{"@id":"https:\/\/lustandlove.eu\/et\/toode\/gkit-gplug-vibreeriv-puldiga-sormus\/#breadcrumb"},"inLanguage":"et","potentialAction":[{"@type":"ReadAction","target":["https:\/\/lustandlove.eu\/et\/toode\/gkit-gplug-vibreeriv-puldiga-sormus\/"]}]},{"@type":"ImageObject","inLanguage":"et","@id":"https:\/\/lustandlove.eu\/et\/toode\/gkit-gplug-vibreeriv-puldiga-sormus\/#primaryimage","url":"https:\/\/lustandlove.eu\/wp-content\/uploads\/gkit-325672_1080x-1.jpg","contentUrl":"https:\/\/lustandlove.eu\/wp-content\/uploads\/gkit-325672_1080x-1.jpg","width":1080,"height":1036,"caption":"Gkit - Gvibe - Lust and Love"},{"@type":"BreadcrumbList","@id":"https:\/\/lustandlove.eu\/et\/toode\/gkit-gplug-vibreeriv-puldiga-sormus\/#breadcrumb","itemListElement":[{"@type":"ListItem","position":1,"name":"Lust and Love","item":"https:\/\/lustandlove.eu\/et\/"},{"@type":"ListItem","position":2,"name":"Pood","item":"https:\/\/lustandlove.eu\/et\/pood\/"},{"@type":"ListItem","position":3,"name":"Sekslelud","item":"https:\/\/lustandlove.eu\/et\/pood\/sekslelud\/"},{"@type":"ListItem","position":4,"name":"Vibraatorid","item":"https:\/\/lustandlove.eu\/et\/pood\/sekslelud\/vibraatorid\/"},{"@type":"ListItem","position":5,"name":"L\u00f5bu kahele","item":"https:\/\/lustandlove.eu\/et\/pood\/sekslelud\/vibraatorid\/lobu-kahele\/"},{"@type":"ListItem","position":6,"name":"Gkit Gplug + vibreeriv puldiga s\u00f5rmus"}]},{"@type":"WebSite","@id":"https:\/\/lustandlove.eu\/et\/#website","url":"https:\/\/lustandlove.eu\/et\/","name":"Lust & Love","description":"Online erootikapood tervise, ilu ja armastuse jaoks","publisher":{"@id":"https:\/\/lustandlove.eu\/et\/#organization"},"potentialAction":[{"@type":"SearchAction","target":{"@type":"EntryPoint","urlTemplate":"https:\/\/lustandlove.eu\/et\/?s={search_term_string}"},"query-input":{"@type":"PropertyValueSpecification","valueRequired":true,"valueName":"search_term_string"}}],"inLanguage":"et"},{"@type":"Organization","@id":"https:\/\/lustandlove.eu\/et\/#organization","name":"Bioconcept Baltics O\u00dc","url":"https:\/\/lustandlove.eu\/et\/","logo":{"@type":"ImageObject","inLanguage":"et","@id":"https:\/\/lustandlove.eu\/et\/#\/schema\/logo\/image\/","url":"https:\/\/lustandlove.eu\/wp-content\/uploads\/logo-full-2.png","contentUrl":"https:\/\/lustandlove.eu\/wp-content\/uploads\/logo-full-2.png","width":837,"height":200,"caption":"Bioconcept Baltics O\u00dc"},"image":{"@id":"https:\/\/lustandlove.eu\/et\/#\/schema\/logo\/image\/"},"sameAs":["https:\/\/www.facebook.com\/LustandLoveEU\/","https:\/\/www.instagram.com\/lustandloveeu\/"]}]}},"_links":{"self":[{"href":"https:\/\/lustandlove.eu\/et\/wp-json\/wp\/v2\/product\/45505","targetHints":{"allow":["GET"]}}],"collection":[{"href":"https:\/\/lustandlove.eu\/et\/wp-json\/wp\/v2\/product"}],"about":[{"href":"https:\/\/lustandlove.eu\/et\/wp-json\/wp\/v2\/types\/product"}],"wp:featuredmedia":[{"embeddable":true,"href":"https:\/\/lustandlove.eu\/et\/wp-json\/wp\/v2\/media\/45514"}],"wp:attachment":[{"href":"https:\/\/lustandlove.eu\/et\/wp-json\/wp\/v2\/media?parent=45505"}],"wp:term":[{"taxonomy":"product_brand","embeddable":true,"href":"https:\/\/lustandlove.eu\/et\/wp-json\/wp\/v2\/product_brand?post=45505"},{"taxonomy":"product_cat","embeddable":true,"href":"https:\/\/lustandlove.eu\/et\/wp-json\/wp\/v2\/product_cat?post=45505"},{"taxonomy":"product_tag","embeddable":true,"href":"https:\/\/lustandlove.eu\/et\/wp-json\/wp\/v2\/product_tag?post=45505"}],"curies":[{"name":"wp","href":"https:\/\/api.w.org\/{rel}","templated":true}]}}