{"id":45530,"date":"2021-06-01T06:27:01","date_gmt":"2021-06-01T03:27:01","guid":{"rendered":"https:\/\/www.lustandlove.eu\/product\/titaanium-peenisepikendaja\/"},"modified":"2026-04-13T10:37:41","modified_gmt":"2026-04-13T07:37:41","slug":"titaanium-peenisepikendaja","status":"publish","type":"product","link":"https:\/\/lustandlove.eu\/et\/toode\/titaanium-peenisepikendaja\/","title":{"rendered":"Titaanium Peenisepikendaja"},"content":{"rendered":"<p>Jes-Extender Titaaniumist peenisepikendaja tuleb koos mugava kohvriga, et ka reisil olles oma treeningkava j\u00e4rgida. \u00dclit\u00e4pset pikkuse j\u00e4lgimist aitavad tagada 12mm pikenduspulgad, v\u00f5tmed, ees paiknev rihm, ja ligip\u00e4\u00e4s online juhenditele.<\/p>\n<div class=\"elementor-element elementor-element-54bf94d elementor-position-left benefits elementor-view-default elementor-vertical-align-top elementor-widget elementor-widget-icon-box\" data-id=\"54bf94d\" data-element_type=\"widget\" data-widget_type=\"icon-box.default\">\n<div class=\"elementor-widget-container\">\n<div class=\"elementor-icon-box-wrapper\">\n<div class=\"elementor-icon-box-content\"><\/div>\n<\/div>\n<\/div>\n<\/div>\n<p>Jes-Extender kasutab peenise naturaalseks pikendamiseks igap\u00e4evast venitamise tehnoloogiat, muutes peenise venitamise ohutuks ja mugavaks.<\/p>\n<div class=\"elementor-element elementor-element-77b02a8 elementor-position-left benefits elementor-view-default elementor-vertical-align-top elementor-widget elementor-widget-icon-box\" data-id=\"77b02a8\" data-element_type=\"widget\" data-widget_type=\"icon-box.default\">\n<div class=\"elementor-widget-container\">\n<div class=\"elementor-icon-box-wrapper\">\n<div class=\"elementor-icon-box-icon\">Jes-Extenderi kasutamine aitab t\u00f5sta verevarustust peenises, tagades parema erektsiooni. Osad kasutajad on m\u00e4rganud ka paranemist nende enneaegses ejakulatsioonis.<\/div>\n<div><\/div>\n<\/div>\n<\/div>\n<div>Lisaks aitab see parandada kurviga peenist, mis liigselt \u00fchele v\u00f5i teisele poole kaldub.<\/div>\n<\/div>\n","protected":false},"excerpt":{"rendered":"<p>Jes-Extender Titaaniumist peenisepikendaja tuleb koos mugava kohvriga, et ka reisil olles oma treeningkava j\u00e4rgida.<\/p>\n","protected":false},"featured_media":45531,"template":"","meta":[],"product_brand":[4214],"product_cat":[1477,1482],"product_tag":[],"class_list":{"0":"post-45530","1":"product","2":"type-product","3":"status-publish","4":"has-post-thumbnail","6":"product_brand-jes-extender-et","7":"product_cat-meestele","8":"product_cat-peenise-suurendus","9":"pa_brand-jes-extender-et","11":"first","12":"instock","13":"taxable","14":"shipping-taxable","15":"purchasable","16":"product-type-simple"},"yoast_head":"<!-- This site is optimized with the Yoast SEO plugin v27.3 - https:\/\/yoast.com\/product\/yoast-seo-wordpress\/ -->\n<title>Titaanium Peenisepikendaja | Lust and Love<\/title>\n<meta name=\"description\" content=\"Jes-Extender Titaaniumist peenisepikendaja tuleb koos mugava kohvriga, et ka reisil olles oma treeningkava j\u00e4rgida.\" \/>\n<meta name=\"robots\" content=\"index,follow,max-snippet:-1,max-image-preview:large,max-video-preview:-1\" \/>\n<link rel=\"canonical\" href=\"https:\/\/lustandlove.eu\/et\/toode\/titaanium-peenisepikendaja\/\" \/>\n<meta name=\"twitter:card\" content=\"summary_large_image\" \/>\n<meta name=\"twitter:title\" content=\"Titaanium Peenisepikendaja | Lust and Love\" \/>\n<meta name=\"twitter:description\" content=\"Jes-Extender Titaaniumist peenisepikendaja tuleb koos mugava kohvriga, et ka reisil olles oma treeningkava j\u00e4rgida.\" \/>\n<meta name=\"twitter:image\" content=\"https:\/\/lustandlove.eu\/wp-content\/uploads\/Jes-Extender_Titanium_1200x1200px_Front_1024x1024@2x.png\" \/>\n<meta name=\"twitter:label1\" content=\"Est. reading time\" \/>\n\t<meta name=\"twitter:data1\" content=\"2 minutit\" \/>\n<script type=\"application\/ld+json\" class=\"yoast-schema-graph\">{\"@context\":\"https:\\\/\\\/schema.org\",\"@graph\":[{\"@type\":[\"WebPage\",\"ItemPage\"],\"@id\":\"https:\\\/\\\/lustandlove.eu\\\/et\\\/toode\\\/titaanium-peenisepikendaja\\\/\",\"url\":\"https:\\\/\\\/lustandlove.eu\\\/et\\\/toode\\\/titaanium-peenisepikendaja\\\/\",\"name\":\"Titaanium Peenisepikendaja | Lust and Love\",\"isPartOf\":{\"@id\":\"https:\\\/\\\/lustandlove.eu\\\/et\\\/#website\"},\"primaryImageOfPage\":{\"@id\":\"https:\\\/\\\/lustandlove.eu\\\/et\\\/toode\\\/titaanium-peenisepikendaja\\\/#primaryimage\"},\"image\":{\"@id\":\"https:\\\/\\\/lustandlove.eu\\\/et\\\/toode\\\/titaanium-peenisepikendaja\\\/#primaryimage\"},\"thumbnailUrl\":\"https:\\\/\\\/lustandlove.eu\\\/wp-content\\\/uploads\\\/Jes-Extender_Titanium_1200x1200px_Front_1024x1024@2x.png\",\"datePublished\":\"2021-06-01T03:27:01+00:00\",\"dateModified\":\"2026-04-13T07:37:41+00:00\",\"description\":\"Jes-Extender Titaaniumist peenisepikendaja tuleb koos mugava kohvriga, et ka reisil olles oma treeningkava j\u00e4rgida.\",\"breadcrumb\":{\"@id\":\"https:\\\/\\\/lustandlove.eu\\\/et\\\/toode\\\/titaanium-peenisepikendaja\\\/#breadcrumb\"},\"inLanguage\":\"et\",\"potentialAction\":[{\"@type\":\"ReadAction\",\"target\":[\"https:\\\/\\\/lustandlove.eu\\\/et\\\/toode\\\/titaanium-peenisepikendaja\\\/\"]}]},{\"@type\":\"ImageObject\",\"inLanguage\":\"et\",\"@id\":\"https:\\\/\\\/lustandlove.eu\\\/et\\\/toode\\\/titaanium-peenisepikendaja\\\/#primaryimage\",\"url\":\"https:\\\/\\\/lustandlove.eu\\\/wp-content\\\/uploads\\\/Jes-Extender_Titanium_1200x1200px_Front_1024x1024@2x.png\",\"contentUrl\":\"https:\\\/\\\/lustandlove.eu\\\/wp-content\\\/uploads\\\/Jes-Extender_Titanium_1200x1200px_Front_1024x1024@2x.png\",\"width\":1200,\"height\":1200},{\"@type\":\"BreadcrumbList\",\"@id\":\"https:\\\/\\\/lustandlove.eu\\\/et\\\/toode\\\/titaanium-peenisepikendaja\\\/#breadcrumb\",\"itemListElement\":[{\"@type\":\"ListItem\",\"position\":1,\"name\":\"Lust and Love\",\"item\":\"https:\\\/\\\/lustandlove.eu\\\/et\\\/\"},{\"@type\":\"ListItem\",\"position\":2,\"name\":\"Pood\",\"item\":\"https:\\\/\\\/lustandlove.eu\\\/et\\\/pood\\\/\"},{\"@type\":\"ListItem\",\"position\":3,\"name\":\"Sekslelud\",\"item\":\"https:\\\/\\\/lustandlove.eu\\\/et\\\/pood\\\/sekslelud\\\/\"},{\"@type\":\"ListItem\",\"position\":4,\"name\":\"Lelude Aksessuaarid\",\"item\":\"https:\\\/\\\/lustandlove.eu\\\/et\\\/pood\\\/sekslelud\\\/lelude-aksessuaarid\\\/\"},{\"@type\":\"ListItem\",\"position\":5,\"name\":\"Titaanium Peenisepikendaja\"}]},{\"@type\":\"WebSite\",\"@id\":\"https:\\\/\\\/lustandlove.eu\\\/et\\\/#website\",\"url\":\"https:\\\/\\\/lustandlove.eu\\\/et\\\/\",\"name\":\"Lust &amp; Love\",\"description\":\"Online erootikapood tervise, ilu ja armastuse jaoks\",\"publisher\":{\"@id\":\"https:\\\/\\\/lustandlove.eu\\\/et\\\/#organization\"},\"potentialAction\":[{\"@type\":\"SearchAction\",\"target\":{\"@type\":\"EntryPoint\",\"urlTemplate\":\"https:\\\/\\\/lustandlove.eu\\\/et\\\/?s={search_term_string}\"},\"query-input\":{\"@type\":\"PropertyValueSpecification\",\"valueRequired\":true,\"valueName\":\"search_term_string\"}}],\"inLanguage\":\"et\"},{\"@type\":\"Organization\",\"@id\":\"https:\\\/\\\/lustandlove.eu\\\/et\\\/#organization\",\"name\":\"Bioconcept Baltics O\u00dc\",\"url\":\"https:\\\/\\\/lustandlove.eu\\\/et\\\/\",\"logo\":{\"@type\":\"ImageObject\",\"inLanguage\":\"et\",\"@id\":\"https:\\\/\\\/lustandlove.eu\\\/et\\\/#\\\/schema\\\/logo\\\/image\\\/\",\"url\":\"\",\"contentUrl\":\"\",\"caption\":\"Bioconcept Baltics O\u00dc\"},\"image\":{\"@id\":\"https:\\\/\\\/lustandlove.eu\\\/et\\\/#\\\/schema\\\/logo\\\/image\\\/\"},\"sameAs\":[\"https:\\\/\\\/www.facebook.com\\\/LustandLoveEU\\\/\",\"https:\\\/\\\/www.instagram.com\\\/lustandloveeu\\\/\"]}]}<\/script>\n<!-- \/ Yoast SEO plugin. -->","yoast_head_json":{"title":"Titaanium Peenisepikendaja | Lust and Love","description":"Jes-Extender Titaaniumist peenisepikendaja tuleb koos mugava kohvriga, et ka reisil olles oma treeningkava j\u00e4rgida.","robots":{"index,follow,max-snippet":"index,follow,max-snippet:-1,max-image-preview:large,max-video-preview:-1"},"canonical":"https:\/\/lustandlove.eu\/et\/toode\/titaanium-peenisepikendaja\/","twitter_card":"summary_large_image","twitter_title":"Titaanium Peenisepikendaja | Lust and Love","twitter_description":"Jes-Extender Titaaniumist peenisepikendaja tuleb koos mugava kohvriga, et ka reisil olles oma treeningkava j\u00e4rgida.","twitter_image":"https:\/\/lustandlove.eu\/wp-content\/uploads\/Jes-Extender_Titanium_1200x1200px_Front_1024x1024@2x.png","twitter_misc":{"Est. reading time":"2 minutit"},"schema":{"@context":"https:\/\/schema.org","@graph":[{"@type":["WebPage","ItemPage"],"@id":"https:\/\/lustandlove.eu\/et\/toode\/titaanium-peenisepikendaja\/","url":"https:\/\/lustandlove.eu\/et\/toode\/titaanium-peenisepikendaja\/","name":"Titaanium Peenisepikendaja | Lust and Love","isPartOf":{"@id":"https:\/\/lustandlove.eu\/et\/#website"},"primaryImageOfPage":{"@id":"https:\/\/lustandlove.eu\/et\/toode\/titaanium-peenisepikendaja\/#primaryimage"},"image":{"@id":"https:\/\/lustandlove.eu\/et\/toode\/titaanium-peenisepikendaja\/#primaryimage"},"thumbnailUrl":"https:\/\/lustandlove.eu\/wp-content\/uploads\/Jes-Extender_Titanium_1200x1200px_Front_1024x1024@2x.png","datePublished":"2021-06-01T03:27:01+00:00","dateModified":"2026-04-13T07:37:41+00:00","description":"Jes-Extender Titaaniumist peenisepikendaja tuleb koos mugava kohvriga, et ka reisil olles oma treeningkava j\u00e4rgida.","breadcrumb":{"@id":"https:\/\/lustandlove.eu\/et\/toode\/titaanium-peenisepikendaja\/#breadcrumb"},"inLanguage":"et","potentialAction":[{"@type":"ReadAction","target":["https:\/\/lustandlove.eu\/et\/toode\/titaanium-peenisepikendaja\/"]}]},{"@type":"ImageObject","inLanguage":"et","@id":"https:\/\/lustandlove.eu\/et\/toode\/titaanium-peenisepikendaja\/#primaryimage","url":"https:\/\/lustandlove.eu\/wp-content\/uploads\/Jes-Extender_Titanium_1200x1200px_Front_1024x1024@2x.png","contentUrl":"https:\/\/lustandlove.eu\/wp-content\/uploads\/Jes-Extender_Titanium_1200x1200px_Front_1024x1024@2x.png","width":1200,"height":1200},{"@type":"BreadcrumbList","@id":"https:\/\/lustandlove.eu\/et\/toode\/titaanium-peenisepikendaja\/#breadcrumb","itemListElement":[{"@type":"ListItem","position":1,"name":"Lust and Love","item":"https:\/\/lustandlove.eu\/et\/"},{"@type":"ListItem","position":2,"name":"Pood","item":"https:\/\/lustandlove.eu\/et\/pood\/"},{"@type":"ListItem","position":3,"name":"Sekslelud","item":"https:\/\/lustandlove.eu\/et\/pood\/sekslelud\/"},{"@type":"ListItem","position":4,"name":"Lelude Aksessuaarid","item":"https:\/\/lustandlove.eu\/et\/pood\/sekslelud\/lelude-aksessuaarid\/"},{"@type":"ListItem","position":5,"name":"Titaanium Peenisepikendaja"}]},{"@type":"WebSite","@id":"https:\/\/lustandlove.eu\/et\/#website","url":"https:\/\/lustandlove.eu\/et\/","name":"Lust &amp; Love","description":"Online erootikapood tervise, ilu ja armastuse jaoks","publisher":{"@id":"https:\/\/lustandlove.eu\/et\/#organization"},"potentialAction":[{"@type":"SearchAction","target":{"@type":"EntryPoint","urlTemplate":"https:\/\/lustandlove.eu\/et\/?s={search_term_string}"},"query-input":{"@type":"PropertyValueSpecification","valueRequired":true,"valueName":"search_term_string"}}],"inLanguage":"et"},{"@type":"Organization","@id":"https:\/\/lustandlove.eu\/et\/#organization","name":"Bioconcept Baltics O\u00dc","url":"https:\/\/lustandlove.eu\/et\/","logo":{"@type":"ImageObject","inLanguage":"et","@id":"https:\/\/lustandlove.eu\/et\/#\/schema\/logo\/image\/","url":"","contentUrl":"","caption":"Bioconcept Baltics O\u00dc"},"image":{"@id":"https:\/\/lustandlove.eu\/et\/#\/schema\/logo\/image\/"},"sameAs":["https:\/\/www.facebook.com\/LustandLoveEU\/","https:\/\/www.instagram.com\/lustandloveeu\/"]}]}},"_links":{"self":[{"href":"https:\/\/lustandlove.eu\/et\/wp-json\/wp\/v2\/product\/45530","targetHints":{"allow":["GET"]}}],"collection":[{"href":"https:\/\/lustandlove.eu\/et\/wp-json\/wp\/v2\/product"}],"about":[{"href":"https:\/\/lustandlove.eu\/et\/wp-json\/wp\/v2\/types\/product"}],"wp:featuredmedia":[{"embeddable":true,"href":"https:\/\/lustandlove.eu\/et\/wp-json\/wp\/v2\/media\/45531"}],"wp:attachment":[{"href":"https:\/\/lustandlove.eu\/et\/wp-json\/wp\/v2\/media?parent=45530"}],"wp:term":[{"taxonomy":"product_brand","embeddable":true,"href":"https:\/\/lustandlove.eu\/et\/wp-json\/wp\/v2\/product_brand?post=45530"},{"taxonomy":"product_cat","embeddable":true,"href":"https:\/\/lustandlove.eu\/et\/wp-json\/wp\/v2\/product_cat?post=45530"},{"taxonomy":"product_tag","embeddable":true,"href":"https:\/\/lustandlove.eu\/et\/wp-json\/wp\/v2\/product_tag?post=45530"}],"curies":[{"name":"wp","href":"https:\/\/api.w.org\/{rel}","templated":true}]}}