{"id":45633,"date":"2021-06-01T06:23:26","date_gmt":"2021-06-01T03:23:26","guid":{"rendered":"https:\/\/www.lustandlove.eu\/product\/tenga-crysta\/"},"modified":"2026-04-13T10:37:44","modified_gmt":"2026-04-13T07:37:44","slug":"tenga-crysta","status":"publish","type":"product","link":"https:\/\/lustandlove.eu\/et\/toode\/tenga-crysta\/","title":{"rendered":"Tenga Crysta"},"content":{"rendered":"<p>Tenga Crysta kombineerib omavahel funktsionaalse kuju ja futuristliku disaini. See koosneb pehmest, painduvast \u00fcmbrisest, mille sees on j\u00e4igad kujukesed. Erinevad haarded tekitavad erinevaid stimulatsioone \u2013 leia enda jaoks see \u00f5ige!<\/p>\n<p>T\u00e4nu uuele ja innovaatilisele tootmisprotsessile on v\u00f5imalik toota h\u00f5ljuvate kujukestega disaine pehme elastomeeri sees, et masturbeerimisele anda uutmoodi tunnetus. Vali ise kui k\u00f5vasti sa soovid seda pigistada v\u00f5i kust kinni v\u00f5tta \u2013 iga v\u00e4ike muudatus loob teistsuguse sensatsiooni.<\/p>\n","protected":false},"excerpt":{"rendered":"<p>Tenga Crysta kombineerib omavahel funktsionaalse kuju ja futuristliku disaini.<\/p>\n","protected":false},"featured_media":45634,"template":"","meta":[],"product_brand":[4244],"product_cat":[4008,1480,1477],"product_tag":[],"class_list":{"0":"post-45633","1":"product","2":"type-product","3":"status-publish","4":"has-post-thumbnail","6":"product_brand-tenga-et","7":"product_cat-manuaalsed","8":"product_cat-masturbaatorid","9":"product_cat-meestele","10":"pa_brand-tenga-et","12":"first","13":"instock","14":"taxable","15":"shipping-taxable","16":"purchasable","17":"product-type-variable"},"yoast_head":"<!-- This site is optimized with the Yoast SEO plugin v27.3 - https:\/\/yoast.com\/product\/yoast-seo-wordpress\/ -->\n<title>Tenga Crysta masturbator 50.00\u20ac | Lust and Love Sex Shop<\/title>\n<meta name=\"description\" content=\"Tenga Crysta kombineerib omavahel funktsionaalse kuju ja futuristliku disaini.\" \/>\n<meta name=\"robots\" content=\"index,follow,max-snippet:-1,max-image-preview:large,max-video-preview:-1\" \/>\n<link rel=\"canonical\" href=\"https:\/\/lustandlove.eu\/et\/toode\/tenga-crysta\/\" \/>\n<meta name=\"twitter:card\" content=\"summary_large_image\" \/>\n<meta name=\"twitter:title\" content=\"Tenga Crysta masturbator 50.00\u20ac | Lust and Love Sex Shop\" \/>\n<meta name=\"twitter:description\" content=\"Tenga Crysta kombineerib omavahel funktsionaalse kuju ja futuristliku disaini.\" \/>\n<meta name=\"twitter:image\" content=\"https:\/\/lustandlove.eu\/wp-content\/uploads\/CRY001_2048x2048.jpg\" \/>\n<meta name=\"twitter:label1\" content=\"Est. reading time\" \/>\n\t<meta name=\"twitter:data1\" content=\"1 minut\" \/>\n<script type=\"application\/ld+json\" class=\"yoast-schema-graph\">{\"@context\":\"https:\\\/\\\/schema.org\",\"@graph\":[{\"@type\":[\"WebPage\",\"ItemPage\"],\"@id\":\"https:\\\/\\\/lustandlove.eu\\\/et\\\/toode\\\/tenga-crysta\\\/\",\"url\":\"https:\\\/\\\/lustandlove.eu\\\/et\\\/toode\\\/tenga-crysta\\\/\",\"name\":\"Tenga Crysta masturbator 50.00\u20ac | Lust and Love Sex Shop\",\"isPartOf\":{\"@id\":\"https:\\\/\\\/lustandlove.eu\\\/et\\\/#website\"},\"primaryImageOfPage\":{\"@id\":\"https:\\\/\\\/lustandlove.eu\\\/et\\\/toode\\\/tenga-crysta\\\/#primaryimage\"},\"image\":{\"@id\":\"https:\\\/\\\/lustandlove.eu\\\/et\\\/toode\\\/tenga-crysta\\\/#primaryimage\"},\"thumbnailUrl\":\"https:\\\/\\\/lustandlove.eu\\\/wp-content\\\/uploads\\\/CRY001_2048x2048.jpg\",\"datePublished\":\"2021-06-01T03:23:26+00:00\",\"dateModified\":\"2026-04-13T07:37:44+00:00\",\"description\":\"Tenga Crysta kombineerib omavahel funktsionaalse kuju ja futuristliku disaini.\",\"breadcrumb\":{\"@id\":\"https:\\\/\\\/lustandlove.eu\\\/et\\\/toode\\\/tenga-crysta\\\/#breadcrumb\"},\"inLanguage\":\"et\",\"potentialAction\":[{\"@type\":\"ReadAction\",\"target\":[\"https:\\\/\\\/lustandlove.eu\\\/et\\\/toode\\\/tenga-crysta\\\/\"]}]},{\"@type\":\"ImageObject\",\"inLanguage\":\"et\",\"@id\":\"https:\\\/\\\/lustandlove.eu\\\/et\\\/toode\\\/tenga-crysta\\\/#primaryimage\",\"url\":\"https:\\\/\\\/lustandlove.eu\\\/wp-content\\\/uploads\\\/CRY001_2048x2048.jpg\",\"contentUrl\":\"https:\\\/\\\/lustandlove.eu\\\/wp-content\\\/uploads\\\/CRY001_2048x2048.jpg\",\"width\":1000,\"height\":1000},{\"@type\":\"BreadcrumbList\",\"@id\":\"https:\\\/\\\/lustandlove.eu\\\/et\\\/toode\\\/tenga-crysta\\\/#breadcrumb\",\"itemListElement\":[{\"@type\":\"ListItem\",\"position\":1,\"name\":\"Lust and Love\",\"item\":\"https:\\\/\\\/lustandlove.eu\\\/et\\\/\"},{\"@type\":\"ListItem\",\"position\":2,\"name\":\"Pood\",\"item\":\"https:\\\/\\\/lustandlove.eu\\\/et\\\/pood\\\/\"},{\"@type\":\"ListItem\",\"position\":3,\"name\":\"Sekslelud\",\"item\":\"https:\\\/\\\/lustandlove.eu\\\/et\\\/pood\\\/sekslelud\\\/\"},{\"@type\":\"ListItem\",\"position\":4,\"name\":\"Lelude Aksessuaarid\",\"item\":\"https:\\\/\\\/lustandlove.eu\\\/et\\\/pood\\\/sekslelud\\\/lelude-aksessuaarid\\\/\"},{\"@type\":\"ListItem\",\"position\":5,\"name\":\"Tenga Crysta\"}]},{\"@type\":\"WebSite\",\"@id\":\"https:\\\/\\\/lustandlove.eu\\\/et\\\/#website\",\"url\":\"https:\\\/\\\/lustandlove.eu\\\/et\\\/\",\"name\":\"Lust &amp; Love\",\"description\":\"Online erootikapood tervise, ilu ja armastuse jaoks\",\"publisher\":{\"@id\":\"https:\\\/\\\/lustandlove.eu\\\/et\\\/#organization\"},\"potentialAction\":[{\"@type\":\"SearchAction\",\"target\":{\"@type\":\"EntryPoint\",\"urlTemplate\":\"https:\\\/\\\/lustandlove.eu\\\/et\\\/?s={search_term_string}\"},\"query-input\":{\"@type\":\"PropertyValueSpecification\",\"valueRequired\":true,\"valueName\":\"search_term_string\"}}],\"inLanguage\":\"et\"},{\"@type\":\"Organization\",\"@id\":\"https:\\\/\\\/lustandlove.eu\\\/et\\\/#organization\",\"name\":\"Bioconcept Baltics O\u00dc\",\"url\":\"https:\\\/\\\/lustandlove.eu\\\/et\\\/\",\"logo\":{\"@type\":\"ImageObject\",\"inLanguage\":\"et\",\"@id\":\"https:\\\/\\\/lustandlove.eu\\\/et\\\/#\\\/schema\\\/logo\\\/image\\\/\",\"url\":\"\",\"contentUrl\":\"\",\"caption\":\"Bioconcept Baltics O\u00dc\"},\"image\":{\"@id\":\"https:\\\/\\\/lustandlove.eu\\\/et\\\/#\\\/schema\\\/logo\\\/image\\\/\"},\"sameAs\":[\"https:\\\/\\\/www.facebook.com\\\/LustandLoveEU\\\/\",\"https:\\\/\\\/www.instagram.com\\\/lustandloveeu\\\/\"]}]}<\/script>\n<!-- \/ Yoast SEO plugin. -->","yoast_head_json":{"title":"Tenga Crysta masturbator 50.00\u20ac | Lust and Love Sex Shop","description":"Tenga Crysta kombineerib omavahel funktsionaalse kuju ja futuristliku disaini.","robots":{"index,follow,max-snippet":"index,follow,max-snippet:-1,max-image-preview:large,max-video-preview:-1"},"canonical":"https:\/\/lustandlove.eu\/et\/toode\/tenga-crysta\/","twitter_card":"summary_large_image","twitter_title":"Tenga Crysta masturbator 50.00\u20ac | Lust and Love Sex Shop","twitter_description":"Tenga Crysta kombineerib omavahel funktsionaalse kuju ja futuristliku disaini.","twitter_image":"https:\/\/lustandlove.eu\/wp-content\/uploads\/CRY001_2048x2048.jpg","twitter_misc":{"Est. reading time":"1 minut"},"schema":{"@context":"https:\/\/schema.org","@graph":[{"@type":["WebPage","ItemPage"],"@id":"https:\/\/lustandlove.eu\/et\/toode\/tenga-crysta\/","url":"https:\/\/lustandlove.eu\/et\/toode\/tenga-crysta\/","name":"Tenga Crysta masturbator 50.00\u20ac | Lust and Love Sex Shop","isPartOf":{"@id":"https:\/\/lustandlove.eu\/et\/#website"},"primaryImageOfPage":{"@id":"https:\/\/lustandlove.eu\/et\/toode\/tenga-crysta\/#primaryimage"},"image":{"@id":"https:\/\/lustandlove.eu\/et\/toode\/tenga-crysta\/#primaryimage"},"thumbnailUrl":"https:\/\/lustandlove.eu\/wp-content\/uploads\/CRY001_2048x2048.jpg","datePublished":"2021-06-01T03:23:26+00:00","dateModified":"2026-04-13T07:37:44+00:00","description":"Tenga Crysta kombineerib omavahel funktsionaalse kuju ja futuristliku disaini.","breadcrumb":{"@id":"https:\/\/lustandlove.eu\/et\/toode\/tenga-crysta\/#breadcrumb"},"inLanguage":"et","potentialAction":[{"@type":"ReadAction","target":["https:\/\/lustandlove.eu\/et\/toode\/tenga-crysta\/"]}]},{"@type":"ImageObject","inLanguage":"et","@id":"https:\/\/lustandlove.eu\/et\/toode\/tenga-crysta\/#primaryimage","url":"https:\/\/lustandlove.eu\/wp-content\/uploads\/CRY001_2048x2048.jpg","contentUrl":"https:\/\/lustandlove.eu\/wp-content\/uploads\/CRY001_2048x2048.jpg","width":1000,"height":1000},{"@type":"BreadcrumbList","@id":"https:\/\/lustandlove.eu\/et\/toode\/tenga-crysta\/#breadcrumb","itemListElement":[{"@type":"ListItem","position":1,"name":"Lust and Love","item":"https:\/\/lustandlove.eu\/et\/"},{"@type":"ListItem","position":2,"name":"Pood","item":"https:\/\/lustandlove.eu\/et\/pood\/"},{"@type":"ListItem","position":3,"name":"Sekslelud","item":"https:\/\/lustandlove.eu\/et\/pood\/sekslelud\/"},{"@type":"ListItem","position":4,"name":"Lelude Aksessuaarid","item":"https:\/\/lustandlove.eu\/et\/pood\/sekslelud\/lelude-aksessuaarid\/"},{"@type":"ListItem","position":5,"name":"Tenga Crysta"}]},{"@type":"WebSite","@id":"https:\/\/lustandlove.eu\/et\/#website","url":"https:\/\/lustandlove.eu\/et\/","name":"Lust &amp; Love","description":"Online erootikapood tervise, ilu ja armastuse jaoks","publisher":{"@id":"https:\/\/lustandlove.eu\/et\/#organization"},"potentialAction":[{"@type":"SearchAction","target":{"@type":"EntryPoint","urlTemplate":"https:\/\/lustandlove.eu\/et\/?s={search_term_string}"},"query-input":{"@type":"PropertyValueSpecification","valueRequired":true,"valueName":"search_term_string"}}],"inLanguage":"et"},{"@type":"Organization","@id":"https:\/\/lustandlove.eu\/et\/#organization","name":"Bioconcept Baltics O\u00dc","url":"https:\/\/lustandlove.eu\/et\/","logo":{"@type":"ImageObject","inLanguage":"et","@id":"https:\/\/lustandlove.eu\/et\/#\/schema\/logo\/image\/","url":"","contentUrl":"","caption":"Bioconcept Baltics O\u00dc"},"image":{"@id":"https:\/\/lustandlove.eu\/et\/#\/schema\/logo\/image\/"},"sameAs":["https:\/\/www.facebook.com\/LustandLoveEU\/","https:\/\/www.instagram.com\/lustandloveeu\/"]}]}},"_links":{"self":[{"href":"https:\/\/lustandlove.eu\/et\/wp-json\/wp\/v2\/product\/45633","targetHints":{"allow":["GET"]}}],"collection":[{"href":"https:\/\/lustandlove.eu\/et\/wp-json\/wp\/v2\/product"}],"about":[{"href":"https:\/\/lustandlove.eu\/et\/wp-json\/wp\/v2\/types\/product"}],"wp:featuredmedia":[{"embeddable":true,"href":"https:\/\/lustandlove.eu\/et\/wp-json\/wp\/v2\/media\/45634"}],"wp:attachment":[{"href":"https:\/\/lustandlove.eu\/et\/wp-json\/wp\/v2\/media?parent=45633"}],"wp:term":[{"taxonomy":"product_brand","embeddable":true,"href":"https:\/\/lustandlove.eu\/et\/wp-json\/wp\/v2\/product_brand?post=45633"},{"taxonomy":"product_cat","embeddable":true,"href":"https:\/\/lustandlove.eu\/et\/wp-json\/wp\/v2\/product_cat?post=45633"},{"taxonomy":"product_tag","embeddable":true,"href":"https:\/\/lustandlove.eu\/et\/wp-json\/wp\/v2\/product_tag?post=45633"}],"curies":[{"name":"wp","href":"https:\/\/api.w.org\/{rel}","templated":true}]}}