{"id":45642,"date":"2021-06-01T06:23:00","date_gmt":"2021-06-01T03:23:00","guid":{"rendered":"https:\/\/www.lustandlove.eu\/product\/pride-shiny-tugev\/"},"modified":"2026-04-13T10:37:44","modified_gmt":"2026-04-13T07:37:44","slug":"pride-shiny-tugev","status":"publish","type":"product","link":"https:\/\/lustandlove.eu\/et\/toode\/pride-shiny-tugev\/","title":{"rendered":"Pride Shiny (Tugev)"},"content":{"rendered":"<p>T\u00f5usev p\u00e4ike selle muna keskel \u00e4ratab k\u00f5ik hilised \u00e4rkajad! Selle kohalolek paneb k\u00f5ikide suu naerust s\u00e4rama. Seespool asuvad p\u00e4ikesekiired stimuleerivad peenist igas suunas ja tekitavad metsikuid sensatsioone!<\/p>\n<p>See kaasaskantav naudinguid t\u00e4is muna on sama suur kui tavaline kanamuna. Selle koore all peitub v\u00e4ga veniv, sensatsioone t\u00e4is minimasturbaator meestele.<\/p>\n<p><b>Meestele ja naistele<\/b><\/p>\n<p>Tenga\u00a0Egg muna kasutatakse tihti naiste poolt, et oma partneritele pakkuda lisastimulatsioone. See on ideaalne kingitus k\u00f5ikidele paaridele. Muna sobib kasutamiseks ka meestel iseenda peal, et p\u00f5nevaid stimulatsioone kogeda. Iga Tenga muna on erinev.<\/p>\n<p><b>Kuidas kasutada:<\/b><\/p>\n<ol>\n<li>Eemalda pakendilt m\u00e4rgitud kohast kile.<\/li>\n<li>Vajuta muna \u00e4\u00e4red kokku, et see lahti teha.<\/li>\n<li>Eemalda muna seest vee baasil libesti kotike koos seda \u00fcmbritseva plastikuga.<\/li>\n<li>Rebi libesti pakend mummudega m\u00e4rgitud kohast katki ning pigista kogu libesti muna sisse.<\/li>\n<li>Muna on kasutamiseks valmis.<\/li>\n<\/ol>\n<p>Kasuta ainult vee baasil libesteid Tenga Eggiga. Kui oled Tenga Eggiga l\u00f5petanud, v\u00f5id selle \u00e4ra puhastada sooja vee ja seebiga. H\u00e4sti hoolitsetud Tenga muna sobib kasutamiseks umbes 5-7 korda.<\/p>\n","protected":false},"excerpt":{"rendered":"<p>T\u00f5usev p\u00e4ike selle muna keskel \u00e4ratab k\u00f5ik hilised \u00e4rkajad! Selle kohalolek paneb k\u00f5ikide suu naerust s\u00e4rama.<\/p>\n","protected":false},"featured_media":45643,"template":"","meta":[],"product_brand":[4244],"product_cat":[4008,1480,1477],"product_tag":[],"class_list":{"0":"post-45642","1":"product","2":"type-product","3":"status-publish","4":"has-post-thumbnail","6":"product_brand-tenga-et","7":"product_cat-manuaalsed","8":"product_cat-masturbaatorid","9":"product_cat-meestele","10":"pa_brand-tenga-et","12":"first","13":"instock","14":"taxable","15":"shipping-taxable","16":"purchasable","17":"product-type-simple"},"yoast_head":"<!-- This site is optimized with the Yoast SEO plugin v27.3 - https:\/\/yoast.com\/product\/yoast-seo-wordpress\/ -->\n<title>Pride Shiny (Tugev) | Lust and Love<\/title>\n<meta name=\"description\" content=\"T\u00f5usev p\u00e4ike selle muna keskel \u00e4ratab k\u00f5ik hilised \u00e4rkajad! Selle kohalolek paneb k\u00f5ikide suu naerust s\u00e4rama.\" \/>\n<meta name=\"robots\" content=\"index,follow,max-snippet:-1,max-image-preview:large,max-video-preview:-1\" \/>\n<link rel=\"canonical\" href=\"https:\/\/lustandlove.eu\/et\/toode\/pride-shiny-tugev\/\" \/>\n<meta name=\"twitter:card\" content=\"summary_large_image\" \/>\n<meta name=\"twitter:title\" content=\"Pride Shiny (Tugev) | Lust and Love\" \/>\n<meta name=\"twitter:description\" content=\"T\u00f5usev p\u00e4ike selle muna keskel \u00e4ratab k\u00f5ik hilised \u00e4rkajad! Selle kohalolek paneb k\u00f5ikide suu naerust s\u00e4rama.\" \/>\n<meta name=\"twitter:image\" content=\"https:\/\/lustandlove.eu\/wp-content\/uploads\/EGG_011P_01_2048x2048.jpg\" \/>\n<meta name=\"twitter:label1\" content=\"Est. reading time\" \/>\n\t<meta name=\"twitter:data1\" content=\"1 minut\" \/>\n<script type=\"application\/ld+json\" class=\"yoast-schema-graph\">{\"@context\":\"https:\\\/\\\/schema.org\",\"@graph\":[{\"@type\":[\"WebPage\",\"ItemPage\"],\"@id\":\"https:\\\/\\\/lustandlove.eu\\\/et\\\/toode\\\/pride-shiny-tugev\\\/\",\"url\":\"https:\\\/\\\/lustandlove.eu\\\/et\\\/toode\\\/pride-shiny-tugev\\\/\",\"name\":\"Pride Shiny (Tugev) | Lust and Love\",\"isPartOf\":{\"@id\":\"https:\\\/\\\/lustandlove.eu\\\/et\\\/#website\"},\"primaryImageOfPage\":{\"@id\":\"https:\\\/\\\/lustandlove.eu\\\/et\\\/toode\\\/pride-shiny-tugev\\\/#primaryimage\"},\"image\":{\"@id\":\"https:\\\/\\\/lustandlove.eu\\\/et\\\/toode\\\/pride-shiny-tugev\\\/#primaryimage\"},\"thumbnailUrl\":\"https:\\\/\\\/lustandlove.eu\\\/wp-content\\\/uploads\\\/EGG_011P_01_2048x2048.jpg\",\"datePublished\":\"2021-06-01T03:23:00+00:00\",\"dateModified\":\"2026-04-13T07:37:44+00:00\",\"description\":\"T\u00f5usev p\u00e4ike selle muna keskel \u00e4ratab k\u00f5ik hilised \u00e4rkajad! Selle kohalolek paneb k\u00f5ikide suu naerust s\u00e4rama.\",\"breadcrumb\":{\"@id\":\"https:\\\/\\\/lustandlove.eu\\\/et\\\/toode\\\/pride-shiny-tugev\\\/#breadcrumb\"},\"inLanguage\":\"et\",\"potentialAction\":[{\"@type\":\"ReadAction\",\"target\":[\"https:\\\/\\\/lustandlove.eu\\\/et\\\/toode\\\/pride-shiny-tugev\\\/\"]}]},{\"@type\":\"ImageObject\",\"inLanguage\":\"et\",\"@id\":\"https:\\\/\\\/lustandlove.eu\\\/et\\\/toode\\\/pride-shiny-tugev\\\/#primaryimage\",\"url\":\"https:\\\/\\\/lustandlove.eu\\\/wp-content\\\/uploads\\\/EGG_011P_01_2048x2048.jpg\",\"contentUrl\":\"https:\\\/\\\/lustandlove.eu\\\/wp-content\\\/uploads\\\/EGG_011P_01_2048x2048.jpg\",\"width\":1000,\"height\":1000},{\"@type\":\"BreadcrumbList\",\"@id\":\"https:\\\/\\\/lustandlove.eu\\\/et\\\/toode\\\/pride-shiny-tugev\\\/#breadcrumb\",\"itemListElement\":[{\"@type\":\"ListItem\",\"position\":1,\"name\":\"Lust and Love\",\"item\":\"https:\\\/\\\/lustandlove.eu\\\/et\\\/\"},{\"@type\":\"ListItem\",\"position\":2,\"name\":\"Pood\",\"item\":\"https:\\\/\\\/lustandlove.eu\\\/et\\\/pood\\\/\"},{\"@type\":\"ListItem\",\"position\":3,\"name\":\"Pride Shiny (Tugev)\"}]},{\"@type\":\"WebSite\",\"@id\":\"https:\\\/\\\/lustandlove.eu\\\/et\\\/#website\",\"url\":\"https:\\\/\\\/lustandlove.eu\\\/et\\\/\",\"name\":\"Lust &amp; Love\",\"description\":\"Online erootikapood tervise, ilu ja armastuse jaoks\",\"publisher\":{\"@id\":\"https:\\\/\\\/lustandlove.eu\\\/et\\\/#organization\"},\"potentialAction\":[{\"@type\":\"SearchAction\",\"target\":{\"@type\":\"EntryPoint\",\"urlTemplate\":\"https:\\\/\\\/lustandlove.eu\\\/et\\\/?s={search_term_string}\"},\"query-input\":{\"@type\":\"PropertyValueSpecification\",\"valueRequired\":true,\"valueName\":\"search_term_string\"}}],\"inLanguage\":\"et\"},{\"@type\":\"Organization\",\"@id\":\"https:\\\/\\\/lustandlove.eu\\\/et\\\/#organization\",\"name\":\"Bioconcept Baltics O\u00dc\",\"url\":\"https:\\\/\\\/lustandlove.eu\\\/et\\\/\",\"logo\":{\"@type\":\"ImageObject\",\"inLanguage\":\"et\",\"@id\":\"https:\\\/\\\/lustandlove.eu\\\/et\\\/#\\\/schema\\\/logo\\\/image\\\/\",\"url\":\"\",\"contentUrl\":\"\",\"caption\":\"Bioconcept Baltics O\u00dc\"},\"image\":{\"@id\":\"https:\\\/\\\/lustandlove.eu\\\/et\\\/#\\\/schema\\\/logo\\\/image\\\/\"},\"sameAs\":[\"https:\\\/\\\/www.facebook.com\\\/LustandLoveEU\\\/\",\"https:\\\/\\\/www.instagram.com\\\/lustandloveeu\\\/\"]}]}<\/script>\n<!-- \/ Yoast SEO plugin. -->","yoast_head_json":{"title":"Pride Shiny (Tugev) | Lust and Love","description":"T\u00f5usev p\u00e4ike selle muna keskel \u00e4ratab k\u00f5ik hilised \u00e4rkajad! Selle kohalolek paneb k\u00f5ikide suu naerust s\u00e4rama.","robots":{"index,follow,max-snippet":"index,follow,max-snippet:-1,max-image-preview:large,max-video-preview:-1"},"canonical":"https:\/\/lustandlove.eu\/et\/toode\/pride-shiny-tugev\/","twitter_card":"summary_large_image","twitter_title":"Pride Shiny (Tugev) | Lust and Love","twitter_description":"T\u00f5usev p\u00e4ike selle muna keskel \u00e4ratab k\u00f5ik hilised \u00e4rkajad! Selle kohalolek paneb k\u00f5ikide suu naerust s\u00e4rama.","twitter_image":"https:\/\/lustandlove.eu\/wp-content\/uploads\/EGG_011P_01_2048x2048.jpg","twitter_misc":{"Est. reading time":"1 minut"},"schema":{"@context":"https:\/\/schema.org","@graph":[{"@type":["WebPage","ItemPage"],"@id":"https:\/\/lustandlove.eu\/et\/toode\/pride-shiny-tugev\/","url":"https:\/\/lustandlove.eu\/et\/toode\/pride-shiny-tugev\/","name":"Pride Shiny (Tugev) | Lust and Love","isPartOf":{"@id":"https:\/\/lustandlove.eu\/et\/#website"},"primaryImageOfPage":{"@id":"https:\/\/lustandlove.eu\/et\/toode\/pride-shiny-tugev\/#primaryimage"},"image":{"@id":"https:\/\/lustandlove.eu\/et\/toode\/pride-shiny-tugev\/#primaryimage"},"thumbnailUrl":"https:\/\/lustandlove.eu\/wp-content\/uploads\/EGG_011P_01_2048x2048.jpg","datePublished":"2021-06-01T03:23:00+00:00","dateModified":"2026-04-13T07:37:44+00:00","description":"T\u00f5usev p\u00e4ike selle muna keskel \u00e4ratab k\u00f5ik hilised \u00e4rkajad! Selle kohalolek paneb k\u00f5ikide suu naerust s\u00e4rama.","breadcrumb":{"@id":"https:\/\/lustandlove.eu\/et\/toode\/pride-shiny-tugev\/#breadcrumb"},"inLanguage":"et","potentialAction":[{"@type":"ReadAction","target":["https:\/\/lustandlove.eu\/et\/toode\/pride-shiny-tugev\/"]}]},{"@type":"ImageObject","inLanguage":"et","@id":"https:\/\/lustandlove.eu\/et\/toode\/pride-shiny-tugev\/#primaryimage","url":"https:\/\/lustandlove.eu\/wp-content\/uploads\/EGG_011P_01_2048x2048.jpg","contentUrl":"https:\/\/lustandlove.eu\/wp-content\/uploads\/EGG_011P_01_2048x2048.jpg","width":1000,"height":1000},{"@type":"BreadcrumbList","@id":"https:\/\/lustandlove.eu\/et\/toode\/pride-shiny-tugev\/#breadcrumb","itemListElement":[{"@type":"ListItem","position":1,"name":"Lust and Love","item":"https:\/\/lustandlove.eu\/et\/"},{"@type":"ListItem","position":2,"name":"Pood","item":"https:\/\/lustandlove.eu\/et\/pood\/"},{"@type":"ListItem","position":3,"name":"Pride Shiny (Tugev)"}]},{"@type":"WebSite","@id":"https:\/\/lustandlove.eu\/et\/#website","url":"https:\/\/lustandlove.eu\/et\/","name":"Lust &amp; Love","description":"Online erootikapood tervise, ilu ja armastuse jaoks","publisher":{"@id":"https:\/\/lustandlove.eu\/et\/#organization"},"potentialAction":[{"@type":"SearchAction","target":{"@type":"EntryPoint","urlTemplate":"https:\/\/lustandlove.eu\/et\/?s={search_term_string}"},"query-input":{"@type":"PropertyValueSpecification","valueRequired":true,"valueName":"search_term_string"}}],"inLanguage":"et"},{"@type":"Organization","@id":"https:\/\/lustandlove.eu\/et\/#organization","name":"Bioconcept Baltics O\u00dc","url":"https:\/\/lustandlove.eu\/et\/","logo":{"@type":"ImageObject","inLanguage":"et","@id":"https:\/\/lustandlove.eu\/et\/#\/schema\/logo\/image\/","url":"","contentUrl":"","caption":"Bioconcept Baltics O\u00dc"},"image":{"@id":"https:\/\/lustandlove.eu\/et\/#\/schema\/logo\/image\/"},"sameAs":["https:\/\/www.facebook.com\/LustandLoveEU\/","https:\/\/www.instagram.com\/lustandloveeu\/"]}]}},"_links":{"self":[{"href":"https:\/\/lustandlove.eu\/et\/wp-json\/wp\/v2\/product\/45642","targetHints":{"allow":["GET"]}}],"collection":[{"href":"https:\/\/lustandlove.eu\/et\/wp-json\/wp\/v2\/product"}],"about":[{"href":"https:\/\/lustandlove.eu\/et\/wp-json\/wp\/v2\/types\/product"}],"wp:featuredmedia":[{"embeddable":true,"href":"https:\/\/lustandlove.eu\/et\/wp-json\/wp\/v2\/media\/45643"}],"wp:attachment":[{"href":"https:\/\/lustandlove.eu\/et\/wp-json\/wp\/v2\/media?parent=45642"}],"wp:term":[{"taxonomy":"product_brand","embeddable":true,"href":"https:\/\/lustandlove.eu\/et\/wp-json\/wp\/v2\/product_brand?post=45642"},{"taxonomy":"product_cat","embeddable":true,"href":"https:\/\/lustandlove.eu\/et\/wp-json\/wp\/v2\/product_cat?post=45642"},{"taxonomy":"product_tag","embeddable":true,"href":"https:\/\/lustandlove.eu\/et\/wp-json\/wp\/v2\/product_tag?post=45642"}],"curies":[{"name":"wp","href":"https:\/\/api.w.org\/{rel}","templated":true}]}}