{"id":45660,"date":"2021-06-01T06:21:16","date_gmt":"2021-06-01T03:21:16","guid":{"rendered":"https:\/\/www.lustandlove.eu\/product\/neoprene-kutsikamask-bdsm-mask\/"},"modified":"2026-04-13T10:37:46","modified_gmt":"2026-04-13T07:37:46","slug":"neoprene-kutsikamask-bdsm-mask","status":"publish","type":"product","link":"https:\/\/lustandlove.eu\/et\/toode\/neoprene-kutsikamask-bdsm-mask\/","title":{"rendered":"Neoprene Kutsikamask BDSM"},"content":{"rendered":"<p>Koera mask on m\u00f5eldud kutsikam\u00e4nguks. Kiotos koera pea mask on pehme ja veniv. Ei mingeid lukke ega paelu \u2013 t\u00f5mba lihtsalt \u00fcle pea ja see p\u00fcsib paigal. Neopreenist maskil on trukkidega eemaldatav suukorv. Kuna mask on loodud neopreenist, siis see sulgub m\u00f5nusalt \u00fcmber pea ja ei j\u00e4\u00e4 l\u00f5dvaks.<\/p>\n<p>Mask talub h\u00e4sti vett ja seda on kerge reisile kaasa pakkida. K\u00f5rvu on v\u00f5imalik painutada, et tuju imiteerida.<\/p>\n<p>Kuna suukorv on aukudega, siis on selles kerge hingata ning \u00f5hk p\u00e4\u00e4seb normaalselt ligi. Koeramaski saab kanda pikka aega ilma probleemideta, kuna see on mugav. Maskiga on v\u00f5imalik v\u00e4lja lasta ka keel, ning suu on ligip\u00e4\u00e4setav ilma koonust eemaldamata.<\/p>\n<p>Koeramaski puhastamine on lihtne, seega v\u00f5id m\u00e4ngida t\u00e4pselt nii r\u00e4paselt, kui ise soovid.<\/p>\n","protected":false},"excerpt":{"rendered":"<p>Koera mask on m\u00f5eldud kutsikam\u00e4nguks. Kiotos koera pea mask on pehme ja veniv. Ei mingeid lukke ega paelu \u2013 t\u00f5mba lihtsalt \u00fcle pea ja see p\u00fcsib paigal.<\/p>\n","protected":false},"featured_media":45661,"template":"","meta":[],"product_brand":[4218],"product_cat":[1470,1472],"product_tag":[3774],"class_list":{"0":"post-45660","1":"product","2":"type-product","3":"status-publish","4":"has-post-thumbnail","6":"product_brand-kiotos-et","7":"product_cat-bdsm-et","8":"product_cat-silmakatted-ja-maskid","9":"product_tag-kutsika-mang","10":"pa_brand-kiotos-et","12":"first","13":"instock","14":"taxable","15":"shipping-taxable","16":"purchasable","17":"product-type-variable"},"yoast_head":"<!-- This site is optimized with the Yoast SEO plugin v27.3 - https:\/\/yoast.com\/product\/yoast-seo-wordpress\/ -->\n<title>Neoprene Kutsikamask BDSM | Lust and Love<\/title>\n<meta name=\"robots\" content=\"index,follow,max-snippet:-1,max-image-preview:large,max-video-preview:-1\" \/>\n<link rel=\"canonical\" href=\"https:\/\/lustandlove.eu\/et\/toode\/neoprene-kutsikamask-bdsm-mask\/\" \/>\n<meta name=\"twitter:card\" content=\"summary_large_image\" \/>\n<meta name=\"twitter:title\" content=\"Neoprene Kutsikamask BDSM | Lust and Love\" \/>\n<meta name=\"twitter:description\" content=\"Koera mask on m\u00f5eldud kutsikam\u00e4nguks. Kiotos koera pea mask on pehme ja veniv. Ei mingeid lukke ega paelu \u2013 t\u00f5mba lihtsalt \u00fcle pea ja see p\u00fcsib paigal.\" \/>\n<meta name=\"twitter:image\" content=\"https:\/\/lustandlove.eu\/wp-content\/uploads\/Puppy-Dog-Hood-M-01.jpg\" \/>\n<meta name=\"twitter:label1\" content=\"Est. reading time\" \/>\n\t<meta name=\"twitter:data1\" content=\"1 minut\" \/>\n<script type=\"application\/ld+json\" class=\"yoast-schema-graph\">{\"@context\":\"https:\\\/\\\/schema.org\",\"@graph\":[{\"@type\":[\"WebPage\",\"ItemPage\"],\"@id\":\"https:\\\/\\\/lustandlove.eu\\\/et\\\/toode\\\/neoprene-kutsikamask-bdsm-mask\\\/\",\"url\":\"https:\\\/\\\/lustandlove.eu\\\/et\\\/toode\\\/neoprene-kutsikamask-bdsm-mask\\\/\",\"name\":\"Neoprene Kutsikamask BDSM | Lust and Love\",\"isPartOf\":{\"@id\":\"https:\\\/\\\/lustandlove.eu\\\/et\\\/#website\"},\"primaryImageOfPage\":{\"@id\":\"https:\\\/\\\/lustandlove.eu\\\/et\\\/toode\\\/neoprene-kutsikamask-bdsm-mask\\\/#primaryimage\"},\"image\":{\"@id\":\"https:\\\/\\\/lustandlove.eu\\\/et\\\/toode\\\/neoprene-kutsikamask-bdsm-mask\\\/#primaryimage\"},\"thumbnailUrl\":\"https:\\\/\\\/lustandlove.eu\\\/wp-content\\\/uploads\\\/Puppy-Dog-Hood-M-01.jpg\",\"datePublished\":\"2021-06-01T03:21:16+00:00\",\"dateModified\":\"2026-04-13T07:37:46+00:00\",\"breadcrumb\":{\"@id\":\"https:\\\/\\\/lustandlove.eu\\\/et\\\/toode\\\/neoprene-kutsikamask-bdsm-mask\\\/#breadcrumb\"},\"inLanguage\":\"et\",\"potentialAction\":[{\"@type\":\"ReadAction\",\"target\":[\"https:\\\/\\\/lustandlove.eu\\\/et\\\/toode\\\/neoprene-kutsikamask-bdsm-mask\\\/\"]}]},{\"@type\":\"ImageObject\",\"inLanguage\":\"et\",\"@id\":\"https:\\\/\\\/lustandlove.eu\\\/et\\\/toode\\\/neoprene-kutsikamask-bdsm-mask\\\/#primaryimage\",\"url\":\"https:\\\/\\\/lustandlove.eu\\\/wp-content\\\/uploads\\\/Puppy-Dog-Hood-M-01.jpg\",\"contentUrl\":\"https:\\\/\\\/lustandlove.eu\\\/wp-content\\\/uploads\\\/Puppy-Dog-Hood-M-01.jpg\",\"width\":1200,\"height\":1200},{\"@type\":\"BreadcrumbList\",\"@id\":\"https:\\\/\\\/lustandlove.eu\\\/et\\\/toode\\\/neoprene-kutsikamask-bdsm-mask\\\/#breadcrumb\",\"itemListElement\":[{\"@type\":\"ListItem\",\"position\":1,\"name\":\"Lust and Love\",\"item\":\"https:\\\/\\\/lustandlove.eu\\\/et\\\/\"},{\"@type\":\"ListItem\",\"position\":2,\"name\":\"Pood\",\"item\":\"https:\\\/\\\/lustandlove.eu\\\/et\\\/pood\\\/\"},{\"@type\":\"ListItem\",\"position\":3,\"name\":\"Neoprene Kutsikamask BDSM\"}]},{\"@type\":\"WebSite\",\"@id\":\"https:\\\/\\\/lustandlove.eu\\\/et\\\/#website\",\"url\":\"https:\\\/\\\/lustandlove.eu\\\/et\\\/\",\"name\":\"Lust &amp; Love\",\"description\":\"Online erootikapood tervise, ilu ja armastuse jaoks\",\"publisher\":{\"@id\":\"https:\\\/\\\/lustandlove.eu\\\/et\\\/#organization\"},\"potentialAction\":[{\"@type\":\"SearchAction\",\"target\":{\"@type\":\"EntryPoint\",\"urlTemplate\":\"https:\\\/\\\/lustandlove.eu\\\/et\\\/?s={search_term_string}\"},\"query-input\":{\"@type\":\"PropertyValueSpecification\",\"valueRequired\":true,\"valueName\":\"search_term_string\"}}],\"inLanguage\":\"et\"},{\"@type\":\"Organization\",\"@id\":\"https:\\\/\\\/lustandlove.eu\\\/et\\\/#organization\",\"name\":\"Bioconcept Baltics O\u00dc\",\"url\":\"https:\\\/\\\/lustandlove.eu\\\/et\\\/\",\"logo\":{\"@type\":\"ImageObject\",\"inLanguage\":\"et\",\"@id\":\"https:\\\/\\\/lustandlove.eu\\\/et\\\/#\\\/schema\\\/logo\\\/image\\\/\",\"url\":\"\",\"contentUrl\":\"\",\"caption\":\"Bioconcept Baltics O\u00dc\"},\"image\":{\"@id\":\"https:\\\/\\\/lustandlove.eu\\\/et\\\/#\\\/schema\\\/logo\\\/image\\\/\"},\"sameAs\":[\"https:\\\/\\\/www.facebook.com\\\/LustandLoveEU\\\/\",\"https:\\\/\\\/www.instagram.com\\\/lustandloveeu\\\/\"]}]}<\/script>\n<!-- \/ Yoast SEO plugin. -->","yoast_head_json":{"title":"Neoprene Kutsikamask BDSM | Lust and Love","robots":{"index,follow,max-snippet":"index,follow,max-snippet:-1,max-image-preview:large,max-video-preview:-1"},"canonical":"https:\/\/lustandlove.eu\/et\/toode\/neoprene-kutsikamask-bdsm-mask\/","twitter_card":"summary_large_image","twitter_title":"Neoprene Kutsikamask BDSM | Lust and Love","twitter_description":"Koera mask on m\u00f5eldud kutsikam\u00e4nguks. Kiotos koera pea mask on pehme ja veniv. Ei mingeid lukke ega paelu \u2013 t\u00f5mba lihtsalt \u00fcle pea ja see p\u00fcsib paigal.","twitter_image":"https:\/\/lustandlove.eu\/wp-content\/uploads\/Puppy-Dog-Hood-M-01.jpg","twitter_misc":{"Est. reading time":"1 minut"},"schema":{"@context":"https:\/\/schema.org","@graph":[{"@type":["WebPage","ItemPage"],"@id":"https:\/\/lustandlove.eu\/et\/toode\/neoprene-kutsikamask-bdsm-mask\/","url":"https:\/\/lustandlove.eu\/et\/toode\/neoprene-kutsikamask-bdsm-mask\/","name":"Neoprene Kutsikamask BDSM | Lust and Love","isPartOf":{"@id":"https:\/\/lustandlove.eu\/et\/#website"},"primaryImageOfPage":{"@id":"https:\/\/lustandlove.eu\/et\/toode\/neoprene-kutsikamask-bdsm-mask\/#primaryimage"},"image":{"@id":"https:\/\/lustandlove.eu\/et\/toode\/neoprene-kutsikamask-bdsm-mask\/#primaryimage"},"thumbnailUrl":"https:\/\/lustandlove.eu\/wp-content\/uploads\/Puppy-Dog-Hood-M-01.jpg","datePublished":"2021-06-01T03:21:16+00:00","dateModified":"2026-04-13T07:37:46+00:00","breadcrumb":{"@id":"https:\/\/lustandlove.eu\/et\/toode\/neoprene-kutsikamask-bdsm-mask\/#breadcrumb"},"inLanguage":"et","potentialAction":[{"@type":"ReadAction","target":["https:\/\/lustandlove.eu\/et\/toode\/neoprene-kutsikamask-bdsm-mask\/"]}]},{"@type":"ImageObject","inLanguage":"et","@id":"https:\/\/lustandlove.eu\/et\/toode\/neoprene-kutsikamask-bdsm-mask\/#primaryimage","url":"https:\/\/lustandlove.eu\/wp-content\/uploads\/Puppy-Dog-Hood-M-01.jpg","contentUrl":"https:\/\/lustandlove.eu\/wp-content\/uploads\/Puppy-Dog-Hood-M-01.jpg","width":1200,"height":1200},{"@type":"BreadcrumbList","@id":"https:\/\/lustandlove.eu\/et\/toode\/neoprene-kutsikamask-bdsm-mask\/#breadcrumb","itemListElement":[{"@type":"ListItem","position":1,"name":"Lust and Love","item":"https:\/\/lustandlove.eu\/et\/"},{"@type":"ListItem","position":2,"name":"Pood","item":"https:\/\/lustandlove.eu\/et\/pood\/"},{"@type":"ListItem","position":3,"name":"Neoprene Kutsikamask BDSM"}]},{"@type":"WebSite","@id":"https:\/\/lustandlove.eu\/et\/#website","url":"https:\/\/lustandlove.eu\/et\/","name":"Lust &amp; Love","description":"Online erootikapood tervise, ilu ja armastuse jaoks","publisher":{"@id":"https:\/\/lustandlove.eu\/et\/#organization"},"potentialAction":[{"@type":"SearchAction","target":{"@type":"EntryPoint","urlTemplate":"https:\/\/lustandlove.eu\/et\/?s={search_term_string}"},"query-input":{"@type":"PropertyValueSpecification","valueRequired":true,"valueName":"search_term_string"}}],"inLanguage":"et"},{"@type":"Organization","@id":"https:\/\/lustandlove.eu\/et\/#organization","name":"Bioconcept Baltics O\u00dc","url":"https:\/\/lustandlove.eu\/et\/","logo":{"@type":"ImageObject","inLanguage":"et","@id":"https:\/\/lustandlove.eu\/et\/#\/schema\/logo\/image\/","url":"","contentUrl":"","caption":"Bioconcept Baltics O\u00dc"},"image":{"@id":"https:\/\/lustandlove.eu\/et\/#\/schema\/logo\/image\/"},"sameAs":["https:\/\/www.facebook.com\/LustandLoveEU\/","https:\/\/www.instagram.com\/lustandloveeu\/"]}]}},"_links":{"self":[{"href":"https:\/\/lustandlove.eu\/et\/wp-json\/wp\/v2\/product\/45660","targetHints":{"allow":["GET"]}}],"collection":[{"href":"https:\/\/lustandlove.eu\/et\/wp-json\/wp\/v2\/product"}],"about":[{"href":"https:\/\/lustandlove.eu\/et\/wp-json\/wp\/v2\/types\/product"}],"wp:featuredmedia":[{"embeddable":true,"href":"https:\/\/lustandlove.eu\/et\/wp-json\/wp\/v2\/media\/45661"}],"wp:attachment":[{"href":"https:\/\/lustandlove.eu\/et\/wp-json\/wp\/v2\/media?parent=45660"}],"wp:term":[{"taxonomy":"product_brand","embeddable":true,"href":"https:\/\/lustandlove.eu\/et\/wp-json\/wp\/v2\/product_brand?post=45660"},{"taxonomy":"product_cat","embeddable":true,"href":"https:\/\/lustandlove.eu\/et\/wp-json\/wp\/v2\/product_cat?post=45660"},{"taxonomy":"product_tag","embeddable":true,"href":"https:\/\/lustandlove.eu\/et\/wp-json\/wp\/v2\/product_tag?post=45660"}],"curies":[{"name":"wp","href":"https:\/\/api.w.org\/{rel}","templated":true}]}}