{"id":45684,"date":"2021-05-28T11:12:08","date_gmt":"2021-05-28T08:12:08","guid":{"rendered":"https:\/\/www.lustandlove.eu\/product\/gpop-2-gvibe-unisex-vibraator\/"},"modified":"2026-04-13T10:37:47","modified_gmt":"2026-04-13T07:37:47","slug":"gpop-2-gvibe-unisex-vibraator","status":"publish","type":"product","link":"https:\/\/lustandlove.eu\/et\/toode\/gpop-2-gvibe-unisex-vibraator\/","title":{"rendered":"Gpop 2 &#8211; Unisex Vibraator"},"content":{"rendered":"<p><span lang=\"en-US\"><b>Gvibe\u00a0Gpop 2 on anatoomiline unisex vibraator uuenenud ning v\u00f5imsama mootoriga!<\/b><\/span><\/p>\n<p align=\"JUSTIFY\"><span lang=\"en-US\">K\u00f5igile m\u00f5eldud sekslelu, mille kujundamisel on arvesse v\u00f5etud m\u00f5lema partneri anatoomiat. Toimib nii anaalse kui ka vaginaalse vibraatorina. Selle pea siseneb pehmelt igasse kohta ja \u00f5huke alus ei venita sulgurlihaseid.<\/span><\/p>\n<p align=\"JUSTIFY\"><span lang=\"en-US\">V\u00e4ljaulatuva naudingupadjaga kergelt k\u00f5verdatud vars suudab suurep\u00e4raselt naudingut pakkuda nii meeste P-punktile kui ka naise G-punktile. Tundub k\u00e4es m\u00f5nus ning ka t\u00f6\u00f6s olles on v\u00e4ga mugav hoida. Lelu katab pehme silikoonkate. Intuitiivne kontrollpaneel ja t\u00e4ielik veekindlus. Anatoomiline vibraator Gpop 2. \u00dcksk\u00f5ik kus see asub, pakub see naudingut ja rahulolu.<\/span><\/p>\n<p><strong>Pakub naudingut nii meestele kui ka naistele.<\/strong><\/p>\n","protected":false},"excerpt":{"rendered":"<p>Gvibe Gpop 2 on anatoomiline unisex vibraator uuenenud ning v\u00f5imsama mootoriga!<\/p>\n","protected":false},"featured_media":45690,"template":"","meta":[],"product_brand":[4208],"product_cat":[3980,1484,1488],"product_tag":[],"class_list":{"0":"post-45684","1":"product","2":"type-product","3":"status-publish","4":"has-post-thumbnail","6":"product_brand-gvibe-et","7":"product_cat-klassikalised","8":"product_cat-sekslelud","9":"product_cat-vibraatorid","10":"pa_brand-gvibe-et","12":"first","13":"instock","14":"taxable","15":"shipping-taxable","16":"purchasable","17":"product-type-simple"},"yoast_head":"<!-- This site is optimized with the Yoast SEO plugin v27.3 - https:\/\/yoast.com\/product\/yoast-seo-wordpress\/ -->\n<title>Gpop 2 - Unisex Vibraator | Lust &amp; Love Adult Toy Store<\/title>\n<meta name=\"description\" content=\"Gvibe Gpop 2 on anatoomiline unisex vibraator uuenenud ning v\u00f5imsama mootoriga!\" \/>\n<meta name=\"robots\" content=\"index,follow,max-snippet:-1,max-image-preview:large,max-video-preview:-1\" \/>\n<link rel=\"canonical\" href=\"https:\/\/lustandlove.eu\/et\/toode\/gpop-2-gvibe-unisex-vibraator\/\" \/>\n<meta name=\"twitter:card\" content=\"summary_large_image\" \/>\n<meta name=\"twitter:title\" content=\"Gpop 2 - Unisex Vibraator | Lust &amp; Love Adult Toy Store\" \/>\n<meta name=\"twitter:description\" content=\"Gvibe Gpop 2 on anatoomiline unisex vibraator uuenenud ning v\u00f5imsama mootoriga!\" \/>\n<meta name=\"twitter:image\" content=\"https:\/\/lustandlove.eu\/wp-content\/uploads\/Capture-2.png\" \/>\n<meta name=\"twitter:label1\" content=\"Est. reading time\" \/>\n\t<meta name=\"twitter:data1\" content=\"1 minut\" \/>\n<script type=\"application\/ld+json\" class=\"yoast-schema-graph\">{\"@context\":\"https:\\\/\\\/schema.org\",\"@graph\":[{\"@type\":[\"WebPage\",\"ItemPage\"],\"@id\":\"https:\\\/\\\/lustandlove.eu\\\/et\\\/toode\\\/gpop-2-gvibe-unisex-vibraator\\\/\",\"url\":\"https:\\\/\\\/lustandlove.eu\\\/et\\\/toode\\\/gpop-2-gvibe-unisex-vibraator\\\/\",\"name\":\"Gpop 2 - Unisex Vibraator | Lust & Love Adult Toy Store\",\"isPartOf\":{\"@id\":\"https:\\\/\\\/lustandlove.eu\\\/et\\\/#website\"},\"primaryImageOfPage\":{\"@id\":\"https:\\\/\\\/lustandlove.eu\\\/et\\\/toode\\\/gpop-2-gvibe-unisex-vibraator\\\/#primaryimage\"},\"image\":{\"@id\":\"https:\\\/\\\/lustandlove.eu\\\/et\\\/toode\\\/gpop-2-gvibe-unisex-vibraator\\\/#primaryimage\"},\"thumbnailUrl\":\"https:\\\/\\\/lustandlove.eu\\\/wp-content\\\/uploads\\\/Capture-2.png\",\"datePublished\":\"2021-05-28T08:12:08+00:00\",\"dateModified\":\"2026-04-13T07:37:47+00:00\",\"description\":\"Gvibe Gpop 2 on anatoomiline unisex vibraator uuenenud ning v\u00f5imsama mootoriga!\",\"breadcrumb\":{\"@id\":\"https:\\\/\\\/lustandlove.eu\\\/et\\\/toode\\\/gpop-2-gvibe-unisex-vibraator\\\/#breadcrumb\"},\"inLanguage\":\"et\",\"potentialAction\":[{\"@type\":\"ReadAction\",\"target\":[\"https:\\\/\\\/lustandlove.eu\\\/et\\\/toode\\\/gpop-2-gvibe-unisex-vibraator\\\/\"]}]},{\"@type\":\"ImageObject\",\"inLanguage\":\"et\",\"@id\":\"https:\\\/\\\/lustandlove.eu\\\/et\\\/toode\\\/gpop-2-gvibe-unisex-vibraator\\\/#primaryimage\",\"url\":\"https:\\\/\\\/lustandlove.eu\\\/wp-content\\\/uploads\\\/Capture-2.png\",\"contentUrl\":\"https:\\\/\\\/lustandlove.eu\\\/wp-content\\\/uploads\\\/Capture-2.png\",\"width\":809,\"height\":749,\"caption\":\"Gpop 2 - Gvibe - Lust and Love\"},{\"@type\":\"BreadcrumbList\",\"@id\":\"https:\\\/\\\/lustandlove.eu\\\/et\\\/toode\\\/gpop-2-gvibe-unisex-vibraator\\\/#breadcrumb\",\"itemListElement\":[{\"@type\":\"ListItem\",\"position\":1,\"name\":\"Lust and Love\",\"item\":\"https:\\\/\\\/lustandlove.eu\\\/et\\\/\"},{\"@type\":\"ListItem\",\"position\":2,\"name\":\"Pood\",\"item\":\"https:\\\/\\\/lustandlove.eu\\\/et\\\/pood\\\/\"},{\"@type\":\"ListItem\",\"position\":3,\"name\":\"Sekslelud\",\"item\":\"https:\\\/\\\/lustandlove.eu\\\/et\\\/pood\\\/sekslelud\\\/\"},{\"@type\":\"ListItem\",\"position\":4,\"name\":\"Vibraatorid\",\"item\":\"https:\\\/\\\/lustandlove.eu\\\/et\\\/pood\\\/sekslelud\\\/vibraatorid\\\/\"},{\"@type\":\"ListItem\",\"position\":5,\"name\":\"Klassikalised\",\"item\":\"https:\\\/\\\/lustandlove.eu\\\/et\\\/pood\\\/sekslelud\\\/vibraatorid\\\/klassikalised\\\/\"},{\"@type\":\"ListItem\",\"position\":6,\"name\":\"Gpop 2 &#8211; Unisex Vibraator\"}]},{\"@type\":\"WebSite\",\"@id\":\"https:\\\/\\\/lustandlove.eu\\\/et\\\/#website\",\"url\":\"https:\\\/\\\/lustandlove.eu\\\/et\\\/\",\"name\":\"Lust &amp; Love\",\"description\":\"Online erootikapood tervise, ilu ja armastuse jaoks\",\"publisher\":{\"@id\":\"https:\\\/\\\/lustandlove.eu\\\/et\\\/#organization\"},\"potentialAction\":[{\"@type\":\"SearchAction\",\"target\":{\"@type\":\"EntryPoint\",\"urlTemplate\":\"https:\\\/\\\/lustandlove.eu\\\/et\\\/?s={search_term_string}\"},\"query-input\":{\"@type\":\"PropertyValueSpecification\",\"valueRequired\":true,\"valueName\":\"search_term_string\"}}],\"inLanguage\":\"et\"},{\"@type\":\"Organization\",\"@id\":\"https:\\\/\\\/lustandlove.eu\\\/et\\\/#organization\",\"name\":\"Bioconcept Baltics O\u00dc\",\"url\":\"https:\\\/\\\/lustandlove.eu\\\/et\\\/\",\"logo\":{\"@type\":\"ImageObject\",\"inLanguage\":\"et\",\"@id\":\"https:\\\/\\\/lustandlove.eu\\\/et\\\/#\\\/schema\\\/logo\\\/image\\\/\",\"url\":\"\",\"contentUrl\":\"\",\"caption\":\"Bioconcept Baltics O\u00dc\"},\"image\":{\"@id\":\"https:\\\/\\\/lustandlove.eu\\\/et\\\/#\\\/schema\\\/logo\\\/image\\\/\"},\"sameAs\":[\"https:\\\/\\\/www.facebook.com\\\/LustandLoveEU\\\/\",\"https:\\\/\\\/www.instagram.com\\\/lustandloveeu\\\/\"]}]}<\/script>\n<!-- \/ Yoast SEO plugin. -->","yoast_head_json":{"title":"Gpop 2 - Unisex Vibraator | Lust & Love Adult Toy Store","description":"Gvibe Gpop 2 on anatoomiline unisex vibraator uuenenud ning v\u00f5imsama mootoriga!","robots":{"index,follow,max-snippet":"index,follow,max-snippet:-1,max-image-preview:large,max-video-preview:-1"},"canonical":"https:\/\/lustandlove.eu\/et\/toode\/gpop-2-gvibe-unisex-vibraator\/","twitter_card":"summary_large_image","twitter_title":"Gpop 2 - Unisex Vibraator | Lust & Love Adult Toy Store","twitter_description":"Gvibe Gpop 2 on anatoomiline unisex vibraator uuenenud ning v\u00f5imsama mootoriga!","twitter_image":"https:\/\/lustandlove.eu\/wp-content\/uploads\/Capture-2.png","twitter_misc":{"Est. reading time":"1 minut"},"schema":{"@context":"https:\/\/schema.org","@graph":[{"@type":["WebPage","ItemPage"],"@id":"https:\/\/lustandlove.eu\/et\/toode\/gpop-2-gvibe-unisex-vibraator\/","url":"https:\/\/lustandlove.eu\/et\/toode\/gpop-2-gvibe-unisex-vibraator\/","name":"Gpop 2 - Unisex Vibraator | Lust & Love Adult Toy Store","isPartOf":{"@id":"https:\/\/lustandlove.eu\/et\/#website"},"primaryImageOfPage":{"@id":"https:\/\/lustandlove.eu\/et\/toode\/gpop-2-gvibe-unisex-vibraator\/#primaryimage"},"image":{"@id":"https:\/\/lustandlove.eu\/et\/toode\/gpop-2-gvibe-unisex-vibraator\/#primaryimage"},"thumbnailUrl":"https:\/\/lustandlove.eu\/wp-content\/uploads\/Capture-2.png","datePublished":"2021-05-28T08:12:08+00:00","dateModified":"2026-04-13T07:37:47+00:00","description":"Gvibe Gpop 2 on anatoomiline unisex vibraator uuenenud ning v\u00f5imsama mootoriga!","breadcrumb":{"@id":"https:\/\/lustandlove.eu\/et\/toode\/gpop-2-gvibe-unisex-vibraator\/#breadcrumb"},"inLanguage":"et","potentialAction":[{"@type":"ReadAction","target":["https:\/\/lustandlove.eu\/et\/toode\/gpop-2-gvibe-unisex-vibraator\/"]}]},{"@type":"ImageObject","inLanguage":"et","@id":"https:\/\/lustandlove.eu\/et\/toode\/gpop-2-gvibe-unisex-vibraator\/#primaryimage","url":"https:\/\/lustandlove.eu\/wp-content\/uploads\/Capture-2.png","contentUrl":"https:\/\/lustandlove.eu\/wp-content\/uploads\/Capture-2.png","width":809,"height":749,"caption":"Gpop 2 - Gvibe - Lust and Love"},{"@type":"BreadcrumbList","@id":"https:\/\/lustandlove.eu\/et\/toode\/gpop-2-gvibe-unisex-vibraator\/#breadcrumb","itemListElement":[{"@type":"ListItem","position":1,"name":"Lust and Love","item":"https:\/\/lustandlove.eu\/et\/"},{"@type":"ListItem","position":2,"name":"Pood","item":"https:\/\/lustandlove.eu\/et\/pood\/"},{"@type":"ListItem","position":3,"name":"Sekslelud","item":"https:\/\/lustandlove.eu\/et\/pood\/sekslelud\/"},{"@type":"ListItem","position":4,"name":"Vibraatorid","item":"https:\/\/lustandlove.eu\/et\/pood\/sekslelud\/vibraatorid\/"},{"@type":"ListItem","position":5,"name":"Klassikalised","item":"https:\/\/lustandlove.eu\/et\/pood\/sekslelud\/vibraatorid\/klassikalised\/"},{"@type":"ListItem","position":6,"name":"Gpop 2 &#8211; Unisex Vibraator"}]},{"@type":"WebSite","@id":"https:\/\/lustandlove.eu\/et\/#website","url":"https:\/\/lustandlove.eu\/et\/","name":"Lust &amp; Love","description":"Online erootikapood tervise, ilu ja armastuse jaoks","publisher":{"@id":"https:\/\/lustandlove.eu\/et\/#organization"},"potentialAction":[{"@type":"SearchAction","target":{"@type":"EntryPoint","urlTemplate":"https:\/\/lustandlove.eu\/et\/?s={search_term_string}"},"query-input":{"@type":"PropertyValueSpecification","valueRequired":true,"valueName":"search_term_string"}}],"inLanguage":"et"},{"@type":"Organization","@id":"https:\/\/lustandlove.eu\/et\/#organization","name":"Bioconcept Baltics O\u00dc","url":"https:\/\/lustandlove.eu\/et\/","logo":{"@type":"ImageObject","inLanguage":"et","@id":"https:\/\/lustandlove.eu\/et\/#\/schema\/logo\/image\/","url":"","contentUrl":"","caption":"Bioconcept Baltics O\u00dc"},"image":{"@id":"https:\/\/lustandlove.eu\/et\/#\/schema\/logo\/image\/"},"sameAs":["https:\/\/www.facebook.com\/LustandLoveEU\/","https:\/\/www.instagram.com\/lustandloveeu\/"]}]}},"_links":{"self":[{"href":"https:\/\/lustandlove.eu\/et\/wp-json\/wp\/v2\/product\/45684","targetHints":{"allow":["GET"]}}],"collection":[{"href":"https:\/\/lustandlove.eu\/et\/wp-json\/wp\/v2\/product"}],"about":[{"href":"https:\/\/lustandlove.eu\/et\/wp-json\/wp\/v2\/types\/product"}],"wp:featuredmedia":[{"embeddable":true,"href":"https:\/\/lustandlove.eu\/et\/wp-json\/wp\/v2\/media\/45690"}],"wp:attachment":[{"href":"https:\/\/lustandlove.eu\/et\/wp-json\/wp\/v2\/media?parent=45684"}],"wp:term":[{"taxonomy":"product_brand","embeddable":true,"href":"https:\/\/lustandlove.eu\/et\/wp-json\/wp\/v2\/product_brand?post=45684"},{"taxonomy":"product_cat","embeddable":true,"href":"https:\/\/lustandlove.eu\/et\/wp-json\/wp\/v2\/product_cat?post=45684"},{"taxonomy":"product_tag","embeddable":true,"href":"https:\/\/lustandlove.eu\/et\/wp-json\/wp\/v2\/product_tag?post=45684"}],"curies":[{"name":"wp","href":"https:\/\/api.w.org\/{rel}","templated":true}]}}