{"id":45692,"date":"2021-05-28T10:40:00","date_gmt":"2021-05-28T07:40:00","guid":{"rendered":"https:\/\/www.lustandlove.eu\/product\/vahetusventiil\/"},"modified":"2026-04-13T10:37:50","modified_gmt":"2026-04-13T07:37:50","slug":"vahetusventiil","status":"publish","type":"product","link":"https:\/\/lustandlove.eu\/et\/toode\/vahetusventiil\/","title":{"rendered":"Vahetusventiil Bathmate"},"content":{"rendered":"<p>Bathmate\u2019i pumbad on loodud kestma, kuid ajapikku v\u00f5ib muutuda iga toote liikuvad osad v\u00e4hem efektiivseks. \u00dcks k\u00f5ige tihedamini kasutatav osa\u00a0Bathmate\u2019i pumba puhul on selle tipus asetsev ventiil, kust vesi l\u00e4bi surutakse. Kui see peaks juhuslikult l\u00e4bi minema, on v\u00f5imalik osta asenduseks uus ventiil.<\/p>\n","protected":false},"excerpt":{"rendered":"<p>Bathmate\u2019i pumbad on loodud kestma, kuid ajapikku v\u00f5ib muutuda iga toote liikuvad osad v\u00e4hem efektiivseks.<\/p>\n","protected":false},"featured_media":45693,"template":"","meta":[],"product_brand":[4197],"product_cat":[1486,1477,1484],"product_tag":[],"class_list":{"0":"post-45692","1":"product","2":"type-product","3":"status-publish","4":"has-post-thumbnail","6":"product_brand-bathmate-et","7":"product_cat-lelude-aksessuaarid","8":"product_cat-meestele","9":"product_cat-sekslelud","10":"pa_brand-bathmate-et","12":"first","13":"instock","14":"taxable","15":"shipping-taxable","16":"purchasable","17":"product-type-variable"},"yoast_head":"<!-- This site is optimized with the Yoast SEO plugin v27.3 - https:\/\/yoast.com\/product\/yoast-seo-wordpress\/ -->\n<title>Vahetusventiil Bathmate | Lust and Love<\/title>\n<meta name=\"description\" content=\"Bathmate\u2019i pumbad on loodud kestma, kuid ajapikku v\u00f5ib muutuda iga toote liikuvad osad v\u00e4hem efektiivseks.\" \/>\n<meta name=\"robots\" content=\"index,follow,max-snippet:-1,max-image-preview:large,max-video-preview:-1\" \/>\n<link rel=\"canonical\" href=\"https:\/\/lustandlove.eu\/et\/toode\/vahetusventiil\/\" \/>\n<meta name=\"twitter:card\" content=\"summary_large_image\" \/>\n<meta name=\"twitter:title\" content=\"Vahetusventiil Bathmate | Lust and Love\" \/>\n<meta name=\"twitter:description\" content=\"Bathmate\u2019i pumbad on loodud kestma, kuid ajapikku v\u00f5ib muutuda iga toote liikuvad osad v\u00e4hem efektiivseks.\" \/>\n<meta name=\"twitter:image\" content=\"https:\/\/lustandlove.eu\/wp-content\/uploads\/Replacement_Valves_group_2000x.jpg\" \/>\n<script type=\"application\/ld+json\" class=\"yoast-schema-graph\">{\"@context\":\"https:\\\/\\\/schema.org\",\"@graph\":[{\"@type\":[\"WebPage\",\"ItemPage\"],\"@id\":\"https:\\\/\\\/lustandlove.eu\\\/et\\\/toode\\\/vahetusventiil\\\/\",\"url\":\"https:\\\/\\\/lustandlove.eu\\\/et\\\/toode\\\/vahetusventiil\\\/\",\"name\":\"Vahetusventiil Bathmate | Lust and Love\",\"isPartOf\":{\"@id\":\"https:\\\/\\\/lustandlove.eu\\\/et\\\/#website\"},\"primaryImageOfPage\":{\"@id\":\"https:\\\/\\\/lustandlove.eu\\\/et\\\/toode\\\/vahetusventiil\\\/#primaryimage\"},\"image\":{\"@id\":\"https:\\\/\\\/lustandlove.eu\\\/et\\\/toode\\\/vahetusventiil\\\/#primaryimage\"},\"thumbnailUrl\":\"https:\\\/\\\/lustandlove.eu\\\/wp-content\\\/uploads\\\/Replacement_Valves_group_2000x.jpg\",\"datePublished\":\"2021-05-28T07:40:00+00:00\",\"dateModified\":\"2026-04-13T07:37:50+00:00\",\"description\":\"Bathmate\u2019i pumbad on loodud kestma, kuid ajapikku v\u00f5ib muutuda iga toote liikuvad osad v\u00e4hem efektiivseks.\",\"breadcrumb\":{\"@id\":\"https:\\\/\\\/lustandlove.eu\\\/et\\\/toode\\\/vahetusventiil\\\/#breadcrumb\"},\"inLanguage\":\"et\",\"potentialAction\":[{\"@type\":\"ReadAction\",\"target\":[\"https:\\\/\\\/lustandlove.eu\\\/et\\\/toode\\\/vahetusventiil\\\/\"]}]},{\"@type\":\"ImageObject\",\"inLanguage\":\"et\",\"@id\":\"https:\\\/\\\/lustandlove.eu\\\/et\\\/toode\\\/vahetusventiil\\\/#primaryimage\",\"url\":\"https:\\\/\\\/lustandlove.eu\\\/wp-content\\\/uploads\\\/Replacement_Valves_group_2000x.jpg\",\"contentUrl\":\"https:\\\/\\\/lustandlove.eu\\\/wp-content\\\/uploads\\\/Replacement_Valves_group_2000x.jpg\",\"width\":1000,\"height\":1000},{\"@type\":\"BreadcrumbList\",\"@id\":\"https:\\\/\\\/lustandlove.eu\\\/et\\\/toode\\\/vahetusventiil\\\/#breadcrumb\",\"itemListElement\":[{\"@type\":\"ListItem\",\"position\":1,\"name\":\"Lust and Love\",\"item\":\"https:\\\/\\\/lustandlove.eu\\\/et\\\/\"},{\"@type\":\"ListItem\",\"position\":2,\"name\":\"Pood\",\"item\":\"https:\\\/\\\/lustandlove.eu\\\/et\\\/pood\\\/\"},{\"@type\":\"ListItem\",\"position\":3,\"name\":\"Vahetusventiil Bathmate\"}]},{\"@type\":\"WebSite\",\"@id\":\"https:\\\/\\\/lustandlove.eu\\\/et\\\/#website\",\"url\":\"https:\\\/\\\/lustandlove.eu\\\/et\\\/\",\"name\":\"Lust &amp; Love\",\"description\":\"Online erootikapood tervise, ilu ja armastuse jaoks\",\"publisher\":{\"@id\":\"https:\\\/\\\/lustandlove.eu\\\/et\\\/#organization\"},\"potentialAction\":[{\"@type\":\"SearchAction\",\"target\":{\"@type\":\"EntryPoint\",\"urlTemplate\":\"https:\\\/\\\/lustandlove.eu\\\/et\\\/?s={search_term_string}\"},\"query-input\":{\"@type\":\"PropertyValueSpecification\",\"valueRequired\":true,\"valueName\":\"search_term_string\"}}],\"inLanguage\":\"et\"},{\"@type\":\"Organization\",\"@id\":\"https:\\\/\\\/lustandlove.eu\\\/et\\\/#organization\",\"name\":\"Bioconcept Baltics O\u00dc\",\"url\":\"https:\\\/\\\/lustandlove.eu\\\/et\\\/\",\"logo\":{\"@type\":\"ImageObject\",\"inLanguage\":\"et\",\"@id\":\"https:\\\/\\\/lustandlove.eu\\\/et\\\/#\\\/schema\\\/logo\\\/image\\\/\",\"url\":\"\",\"contentUrl\":\"\",\"caption\":\"Bioconcept Baltics O\u00dc\"},\"image\":{\"@id\":\"https:\\\/\\\/lustandlove.eu\\\/et\\\/#\\\/schema\\\/logo\\\/image\\\/\"},\"sameAs\":[\"https:\\\/\\\/www.facebook.com\\\/LustandLoveEU\\\/\",\"https:\\\/\\\/www.instagram.com\\\/lustandloveeu\\\/\"]}]}<\/script>\n<!-- \/ Yoast SEO plugin. -->","yoast_head_json":{"title":"Vahetusventiil Bathmate | Lust and Love","description":"Bathmate\u2019i pumbad on loodud kestma, kuid ajapikku v\u00f5ib muutuda iga toote liikuvad osad v\u00e4hem efektiivseks.","robots":{"index,follow,max-snippet":"index,follow,max-snippet:-1,max-image-preview:large,max-video-preview:-1"},"canonical":"https:\/\/lustandlove.eu\/et\/toode\/vahetusventiil\/","twitter_card":"summary_large_image","twitter_title":"Vahetusventiil Bathmate | Lust and Love","twitter_description":"Bathmate\u2019i pumbad on loodud kestma, kuid ajapikku v\u00f5ib muutuda iga toote liikuvad osad v\u00e4hem efektiivseks.","twitter_image":"https:\/\/lustandlove.eu\/wp-content\/uploads\/Replacement_Valves_group_2000x.jpg","schema":{"@context":"https:\/\/schema.org","@graph":[{"@type":["WebPage","ItemPage"],"@id":"https:\/\/lustandlove.eu\/et\/toode\/vahetusventiil\/","url":"https:\/\/lustandlove.eu\/et\/toode\/vahetusventiil\/","name":"Vahetusventiil Bathmate | Lust and Love","isPartOf":{"@id":"https:\/\/lustandlove.eu\/et\/#website"},"primaryImageOfPage":{"@id":"https:\/\/lustandlove.eu\/et\/toode\/vahetusventiil\/#primaryimage"},"image":{"@id":"https:\/\/lustandlove.eu\/et\/toode\/vahetusventiil\/#primaryimage"},"thumbnailUrl":"https:\/\/lustandlove.eu\/wp-content\/uploads\/Replacement_Valves_group_2000x.jpg","datePublished":"2021-05-28T07:40:00+00:00","dateModified":"2026-04-13T07:37:50+00:00","description":"Bathmate\u2019i pumbad on loodud kestma, kuid ajapikku v\u00f5ib muutuda iga toote liikuvad osad v\u00e4hem efektiivseks.","breadcrumb":{"@id":"https:\/\/lustandlove.eu\/et\/toode\/vahetusventiil\/#breadcrumb"},"inLanguage":"et","potentialAction":[{"@type":"ReadAction","target":["https:\/\/lustandlove.eu\/et\/toode\/vahetusventiil\/"]}]},{"@type":"ImageObject","inLanguage":"et","@id":"https:\/\/lustandlove.eu\/et\/toode\/vahetusventiil\/#primaryimage","url":"https:\/\/lustandlove.eu\/wp-content\/uploads\/Replacement_Valves_group_2000x.jpg","contentUrl":"https:\/\/lustandlove.eu\/wp-content\/uploads\/Replacement_Valves_group_2000x.jpg","width":1000,"height":1000},{"@type":"BreadcrumbList","@id":"https:\/\/lustandlove.eu\/et\/toode\/vahetusventiil\/#breadcrumb","itemListElement":[{"@type":"ListItem","position":1,"name":"Lust and Love","item":"https:\/\/lustandlove.eu\/et\/"},{"@type":"ListItem","position":2,"name":"Pood","item":"https:\/\/lustandlove.eu\/et\/pood\/"},{"@type":"ListItem","position":3,"name":"Vahetusventiil Bathmate"}]},{"@type":"WebSite","@id":"https:\/\/lustandlove.eu\/et\/#website","url":"https:\/\/lustandlove.eu\/et\/","name":"Lust &amp; Love","description":"Online erootikapood tervise, ilu ja armastuse jaoks","publisher":{"@id":"https:\/\/lustandlove.eu\/et\/#organization"},"potentialAction":[{"@type":"SearchAction","target":{"@type":"EntryPoint","urlTemplate":"https:\/\/lustandlove.eu\/et\/?s={search_term_string}"},"query-input":{"@type":"PropertyValueSpecification","valueRequired":true,"valueName":"search_term_string"}}],"inLanguage":"et"},{"@type":"Organization","@id":"https:\/\/lustandlove.eu\/et\/#organization","name":"Bioconcept Baltics O\u00dc","url":"https:\/\/lustandlove.eu\/et\/","logo":{"@type":"ImageObject","inLanguage":"et","@id":"https:\/\/lustandlove.eu\/et\/#\/schema\/logo\/image\/","url":"","contentUrl":"","caption":"Bioconcept Baltics O\u00dc"},"image":{"@id":"https:\/\/lustandlove.eu\/et\/#\/schema\/logo\/image\/"},"sameAs":["https:\/\/www.facebook.com\/LustandLoveEU\/","https:\/\/www.instagram.com\/lustandloveeu\/"]}]}},"_links":{"self":[{"href":"https:\/\/lustandlove.eu\/et\/wp-json\/wp\/v2\/product\/45692","targetHints":{"allow":["GET"]}}],"collection":[{"href":"https:\/\/lustandlove.eu\/et\/wp-json\/wp\/v2\/product"}],"about":[{"href":"https:\/\/lustandlove.eu\/et\/wp-json\/wp\/v2\/types\/product"}],"wp:featuredmedia":[{"embeddable":true,"href":"https:\/\/lustandlove.eu\/et\/wp-json\/wp\/v2\/media\/45693"}],"wp:attachment":[{"href":"https:\/\/lustandlove.eu\/et\/wp-json\/wp\/v2\/media?parent=45692"}],"wp:term":[{"taxonomy":"product_brand","embeddable":true,"href":"https:\/\/lustandlove.eu\/et\/wp-json\/wp\/v2\/product_brand?post=45692"},{"taxonomy":"product_cat","embeddable":true,"href":"https:\/\/lustandlove.eu\/et\/wp-json\/wp\/v2\/product_cat?post=45692"},{"taxonomy":"product_tag","embeddable":true,"href":"https:\/\/lustandlove.eu\/et\/wp-json\/wp\/v2\/product_tag?post=45692"}],"curies":[{"name":"wp","href":"https:\/\/api.w.org\/{rel}","templated":true}]}}