{"id":45701,"date":"2021-05-28T10:40:00","date_gmt":"2021-05-28T07:40:00","guid":{"rendered":"https:\/\/www.lustandlove.eu\/product\/power-ring-bathmate\/"},"modified":"2026-04-13T10:37:49","modified_gmt":"2026-04-13T07:37:49","slug":"power-ring-bathmate","status":"publish","type":"product","link":"https:\/\/lustandlove.eu\/et\/toode\/power-ring-bathmate\/","title":{"rendered":"Power Ring"},"content":{"rendered":"<p>Oled valmis oma j\u00f5udluse proovile panema? Lisa uus tase oma seksielusse koos\u00a0Bathmate\u2019i Power Ring peeniser\u00f5ngastega, mis tugevdavad sinu erektsioone, loovad t\u00f5elisi naudinguid ja annavad uue taseme peenisepumba treeningule.<\/p>\n<p>Bathmate\u2019i enimm\u00fc\u00fcdud peeniser\u00f5ngad Power Ringid on loodud kaubam\u00e4rgiga Elastomex materjalist, et luua maksimaalne mugavus ja nauding. Veniv r\u00f5ngas on lihtsasti kasutatav, ent surub siiski tugevalt kokku.<\/p>\n<p><strong>Barbarian<\/strong>: T\u00e4ielikult sile peeniser\u00f5ngas, mis aitab t\u00f5sta peenise suurust ja on sobilik neile, kes pole varem peeniser\u00f5ngaid kasutanud.<\/p>\n<p><strong>Spartan<\/strong>: Peeniser\u00f5nga loomiseks on kasutatud huvitavat kaheksanurktset disani, mis annab k\u00f5ige tihedama mahutavuse, muutes su peenise veelgi k\u00f5vemaks ja andes tugevama erektsiooni.<\/p>\n","protected":false},"excerpt":{"rendered":"<p>Oled valmis oma j\u00f5udluse proovile panema? Lisa uus tase oma seksielusse koos\u00a0Bathmate\u2019i Power Ring peeniser\u00f5ngastega<\/p>\n","protected":false},"featured_media":89292,"template":"","meta":[],"product_brand":[4197],"product_cat":[1477,1478],"product_tag":[1553,2899],"class_list":{"0":"post-45701","1":"product","2":"type-product","3":"status-publish","4":"has-post-thumbnail","6":"product_brand-bathmate-et","7":"product_cat-meestele","8":"product_cat-peeniserongad","9":"product_tag-peenise-rongas","10":"product_tag-peeniserongas","11":"pa_brand-bathmate-et","13":"first","14":"instock","15":"taxable","16":"shipping-taxable","17":"purchasable","18":"product-type-variable"},"yoast_head":"<!-- This site is optimized with the Yoast SEO plugin v27.3 - https:\/\/yoast.com\/product\/yoast-seo-wordpress\/ -->\n<title>Power Ring | Lust &amp; Love Adult Toy Store<\/title>\n<meta name=\"description\" content=\"Oled valmis oma j\u00f5udluse proovile panema? Lisa uus tase oma seksielusse koos\u00a0Bathmate\u2019i Power Ring peeniser\u00f5ngastega\" \/>\n<meta name=\"robots\" content=\"index,follow,max-snippet:-1,max-image-preview:large,max-video-preview:-1\" \/>\n<link rel=\"canonical\" href=\"https:\/\/lustandlove.eu\/et\/toode\/power-ring-bathmate\/\" \/>\n<meta name=\"twitter:card\" content=\"summary_large_image\" \/>\n<meta name=\"twitter:title\" content=\"Power Ring | Lust &amp; Love Adult Toy Store\" \/>\n<meta name=\"twitter:description\" content=\"Oled valmis oma j\u00f5udluse proovile panema? Lisa uus tase oma seksielusse koos\u00a0Bathmate\u2019i Power Ring peeniser\u00f5ngastega\" \/>\n<meta name=\"twitter:image\" content=\"https:\/\/lustandlove.eu\/wp-content\/uploads\/Bathmate_Power_Rings_Group_2_120.jpg\" \/>\n<meta name=\"twitter:label1\" content=\"Est. reading time\" \/>\n\t<meta name=\"twitter:data1\" content=\"1 minut\" \/>\n<script type=\"application\/ld+json\" class=\"yoast-schema-graph\">{\"@context\":\"https:\\\/\\\/schema.org\",\"@graph\":[{\"@type\":[\"WebPage\",\"ItemPage\"],\"@id\":\"https:\\\/\\\/lustandlove.eu\\\/et\\\/toode\\\/power-ring-bathmate\\\/\",\"url\":\"https:\\\/\\\/lustandlove.eu\\\/et\\\/toode\\\/power-ring-bathmate\\\/\",\"name\":\"Power Ring | Lust & Love Adult Toy Store\",\"isPartOf\":{\"@id\":\"https:\\\/\\\/lustandlove.eu\\\/et\\\/#website\"},\"primaryImageOfPage\":{\"@id\":\"https:\\\/\\\/lustandlove.eu\\\/et\\\/toode\\\/power-ring-bathmate\\\/#primaryimage\"},\"image\":{\"@id\":\"https:\\\/\\\/lustandlove.eu\\\/et\\\/toode\\\/power-ring-bathmate\\\/#primaryimage\"},\"thumbnailUrl\":\"https:\\\/\\\/lustandlove.eu\\\/wp-content\\\/uploads\\\/Bathmate_Power_Rings_Group_2_120.jpg\",\"datePublished\":\"2021-05-28T07:40:00+00:00\",\"dateModified\":\"2026-04-13T07:37:49+00:00\",\"description\":\"Oled valmis oma j\u00f5udluse proovile panema? Lisa uus tase oma seksielusse koos\u00a0Bathmate\u2019i Power Ring peeniser\u00f5ngastega\",\"breadcrumb\":{\"@id\":\"https:\\\/\\\/lustandlove.eu\\\/et\\\/toode\\\/power-ring-bathmate\\\/#breadcrumb\"},\"inLanguage\":\"et\",\"potentialAction\":[{\"@type\":\"ReadAction\",\"target\":[\"https:\\\/\\\/lustandlove.eu\\\/et\\\/toode\\\/power-ring-bathmate\\\/\"]}]},{\"@type\":\"ImageObject\",\"inLanguage\":\"et\",\"@id\":\"https:\\\/\\\/lustandlove.eu\\\/et\\\/toode\\\/power-ring-bathmate\\\/#primaryimage\",\"url\":\"https:\\\/\\\/lustandlove.eu\\\/wp-content\\\/uploads\\\/Bathmate_Power_Rings_Group_2_120.jpg\",\"contentUrl\":\"https:\\\/\\\/lustandlove.eu\\\/wp-content\\\/uploads\\\/Bathmate_Power_Rings_Group_2_120.jpg\",\"width\":896,\"height\":896},{\"@type\":\"BreadcrumbList\",\"@id\":\"https:\\\/\\\/lustandlove.eu\\\/et\\\/toode\\\/power-ring-bathmate\\\/#breadcrumb\",\"itemListElement\":[{\"@type\":\"ListItem\",\"position\":1,\"name\":\"Lust and Love\",\"item\":\"https:\\\/\\\/lustandlove.eu\\\/et\\\/\"},{\"@type\":\"ListItem\",\"position\":2,\"name\":\"Pood\",\"item\":\"https:\\\/\\\/lustandlove.eu\\\/et\\\/pood\\\/\"},{\"@type\":\"ListItem\",\"position\":3,\"name\":\"Meestele\",\"item\":\"https:\\\/\\\/lustandlove.eu\\\/et\\\/pood\\\/meestele\\\/\"},{\"@type\":\"ListItem\",\"position\":4,\"name\":\"Peeniser\u00f5ngad\",\"item\":\"https:\\\/\\\/lustandlove.eu\\\/et\\\/pood\\\/meestele\\\/peeniserongad\\\/\"},{\"@type\":\"ListItem\",\"position\":5,\"name\":\"Power Ring\"}]},{\"@type\":\"WebSite\",\"@id\":\"https:\\\/\\\/lustandlove.eu\\\/et\\\/#website\",\"url\":\"https:\\\/\\\/lustandlove.eu\\\/et\\\/\",\"name\":\"Lust &amp; Love\",\"description\":\"Online erootikapood tervise, ilu ja armastuse jaoks\",\"publisher\":{\"@id\":\"https:\\\/\\\/lustandlove.eu\\\/et\\\/#organization\"},\"potentialAction\":[{\"@type\":\"SearchAction\",\"target\":{\"@type\":\"EntryPoint\",\"urlTemplate\":\"https:\\\/\\\/lustandlove.eu\\\/et\\\/?s={search_term_string}\"},\"query-input\":{\"@type\":\"PropertyValueSpecification\",\"valueRequired\":true,\"valueName\":\"search_term_string\"}}],\"inLanguage\":\"et\"},{\"@type\":\"Organization\",\"@id\":\"https:\\\/\\\/lustandlove.eu\\\/et\\\/#organization\",\"name\":\"Bioconcept Baltics O\u00dc\",\"url\":\"https:\\\/\\\/lustandlove.eu\\\/et\\\/\",\"logo\":{\"@type\":\"ImageObject\",\"inLanguage\":\"et\",\"@id\":\"https:\\\/\\\/lustandlove.eu\\\/et\\\/#\\\/schema\\\/logo\\\/image\\\/\",\"url\":\"\",\"contentUrl\":\"\",\"caption\":\"Bioconcept Baltics O\u00dc\"},\"image\":{\"@id\":\"https:\\\/\\\/lustandlove.eu\\\/et\\\/#\\\/schema\\\/logo\\\/image\\\/\"},\"sameAs\":[\"https:\\\/\\\/www.facebook.com\\\/LustandLoveEU\\\/\",\"https:\\\/\\\/www.instagram.com\\\/lustandloveeu\\\/\"]}]}<\/script>\n<!-- \/ Yoast SEO plugin. -->","yoast_head_json":{"title":"Power Ring | Lust & Love Adult Toy Store","description":"Oled valmis oma j\u00f5udluse proovile panema? Lisa uus tase oma seksielusse koos\u00a0Bathmate\u2019i Power Ring peeniser\u00f5ngastega","robots":{"index,follow,max-snippet":"index,follow,max-snippet:-1,max-image-preview:large,max-video-preview:-1"},"canonical":"https:\/\/lustandlove.eu\/et\/toode\/power-ring-bathmate\/","twitter_card":"summary_large_image","twitter_title":"Power Ring | Lust & Love Adult Toy Store","twitter_description":"Oled valmis oma j\u00f5udluse proovile panema? Lisa uus tase oma seksielusse koos\u00a0Bathmate\u2019i Power Ring peeniser\u00f5ngastega","twitter_image":"https:\/\/lustandlove.eu\/wp-content\/uploads\/Bathmate_Power_Rings_Group_2_120.jpg","twitter_misc":{"Est. reading time":"1 minut"},"schema":{"@context":"https:\/\/schema.org","@graph":[{"@type":["WebPage","ItemPage"],"@id":"https:\/\/lustandlove.eu\/et\/toode\/power-ring-bathmate\/","url":"https:\/\/lustandlove.eu\/et\/toode\/power-ring-bathmate\/","name":"Power Ring | Lust & Love Adult Toy Store","isPartOf":{"@id":"https:\/\/lustandlove.eu\/et\/#website"},"primaryImageOfPage":{"@id":"https:\/\/lustandlove.eu\/et\/toode\/power-ring-bathmate\/#primaryimage"},"image":{"@id":"https:\/\/lustandlove.eu\/et\/toode\/power-ring-bathmate\/#primaryimage"},"thumbnailUrl":"https:\/\/lustandlove.eu\/wp-content\/uploads\/Bathmate_Power_Rings_Group_2_120.jpg","datePublished":"2021-05-28T07:40:00+00:00","dateModified":"2026-04-13T07:37:49+00:00","description":"Oled valmis oma j\u00f5udluse proovile panema? Lisa uus tase oma seksielusse koos\u00a0Bathmate\u2019i Power Ring peeniser\u00f5ngastega","breadcrumb":{"@id":"https:\/\/lustandlove.eu\/et\/toode\/power-ring-bathmate\/#breadcrumb"},"inLanguage":"et","potentialAction":[{"@type":"ReadAction","target":["https:\/\/lustandlove.eu\/et\/toode\/power-ring-bathmate\/"]}]},{"@type":"ImageObject","inLanguage":"et","@id":"https:\/\/lustandlove.eu\/et\/toode\/power-ring-bathmate\/#primaryimage","url":"https:\/\/lustandlove.eu\/wp-content\/uploads\/Bathmate_Power_Rings_Group_2_120.jpg","contentUrl":"https:\/\/lustandlove.eu\/wp-content\/uploads\/Bathmate_Power_Rings_Group_2_120.jpg","width":896,"height":896},{"@type":"BreadcrumbList","@id":"https:\/\/lustandlove.eu\/et\/toode\/power-ring-bathmate\/#breadcrumb","itemListElement":[{"@type":"ListItem","position":1,"name":"Lust and Love","item":"https:\/\/lustandlove.eu\/et\/"},{"@type":"ListItem","position":2,"name":"Pood","item":"https:\/\/lustandlove.eu\/et\/pood\/"},{"@type":"ListItem","position":3,"name":"Meestele","item":"https:\/\/lustandlove.eu\/et\/pood\/meestele\/"},{"@type":"ListItem","position":4,"name":"Peeniser\u00f5ngad","item":"https:\/\/lustandlove.eu\/et\/pood\/meestele\/peeniserongad\/"},{"@type":"ListItem","position":5,"name":"Power Ring"}]},{"@type":"WebSite","@id":"https:\/\/lustandlove.eu\/et\/#website","url":"https:\/\/lustandlove.eu\/et\/","name":"Lust &amp; Love","description":"Online erootikapood tervise, ilu ja armastuse jaoks","publisher":{"@id":"https:\/\/lustandlove.eu\/et\/#organization"},"potentialAction":[{"@type":"SearchAction","target":{"@type":"EntryPoint","urlTemplate":"https:\/\/lustandlove.eu\/et\/?s={search_term_string}"},"query-input":{"@type":"PropertyValueSpecification","valueRequired":true,"valueName":"search_term_string"}}],"inLanguage":"et"},{"@type":"Organization","@id":"https:\/\/lustandlove.eu\/et\/#organization","name":"Bioconcept Baltics O\u00dc","url":"https:\/\/lustandlove.eu\/et\/","logo":{"@type":"ImageObject","inLanguage":"et","@id":"https:\/\/lustandlove.eu\/et\/#\/schema\/logo\/image\/","url":"","contentUrl":"","caption":"Bioconcept Baltics O\u00dc"},"image":{"@id":"https:\/\/lustandlove.eu\/et\/#\/schema\/logo\/image\/"},"sameAs":["https:\/\/www.facebook.com\/LustandLoveEU\/","https:\/\/www.instagram.com\/lustandloveeu\/"]}]}},"_links":{"self":[{"href":"https:\/\/lustandlove.eu\/et\/wp-json\/wp\/v2\/product\/45701","targetHints":{"allow":["GET"]}}],"collection":[{"href":"https:\/\/lustandlove.eu\/et\/wp-json\/wp\/v2\/product"}],"about":[{"href":"https:\/\/lustandlove.eu\/et\/wp-json\/wp\/v2\/types\/product"}],"wp:featuredmedia":[{"embeddable":true,"href":"https:\/\/lustandlove.eu\/et\/wp-json\/wp\/v2\/media\/89292"}],"wp:attachment":[{"href":"https:\/\/lustandlove.eu\/et\/wp-json\/wp\/v2\/media?parent=45701"}],"wp:term":[{"taxonomy":"product_brand","embeddable":true,"href":"https:\/\/lustandlove.eu\/et\/wp-json\/wp\/v2\/product_brand?post=45701"},{"taxonomy":"product_cat","embeddable":true,"href":"https:\/\/lustandlove.eu\/et\/wp-json\/wp\/v2\/product_cat?post=45701"},{"taxonomy":"product_tag","embeddable":true,"href":"https:\/\/lustandlove.eu\/et\/wp-json\/wp\/v2\/product_tag?post=45701"}],"curies":[{"name":"wp","href":"https:\/\/api.w.org\/{rel}","templated":true}]}}