{"id":45711,"date":"2021-05-28T10:39:29","date_gmt":"2021-05-28T07:39:29","guid":{"rendered":"https:\/\/www.lustandlove.eu\/product\/hoiustamiskohver\/"},"modified":"2026-04-13T10:37:51","modified_gmt":"2026-04-13T07:37:51","slug":"hoiustamiskohver","status":"publish","type":"product","link":"https:\/\/lustandlove.eu\/et\/toode\/hoiustamiskohver\/","title":{"rendered":"Hoiustamiskohver"},"content":{"rendered":"<p>Et saada parimaid tulemusi oma Bathmate\u2019i peenisepumbast, soovitame seda kasutada regulaarselt. Kui oled reisil, v\u00f5ib Bathmate\u2019i kaasa v\u00f5tmine olla ebamugav. Selleks on disainitud ilus hoiustamiskapsel, millega on peenisepump turvaliselt ja diskreetselt kaitstud \u00fcksk\u00f5ik, kuhu sa ka l\u00e4hed.<\/p>\n","protected":false},"excerpt":{"rendered":"<p>Et saada parimaid tulemusi oma Bathmate\u2019i peenisepumbast, soovitame seda kasutada regulaarselt. Kui oled reisil, v\u00f5ib Bathmate\u2019i kaasa v\u00f5tmine olla ebamugav. Selleks on disainitud ilus hoiustamiskapsel, millega on peenisepump turvaliselt ja diskreetselt kaitstud \u00fcksk\u00f5ik, kuhu sa ka l\u00e4hed.<\/p>\n","protected":false},"featured_media":43898,"template":"","meta":[],"product_brand":[4197],"product_cat":[1486,1477,1484],"product_tag":[],"class_list":{"0":"post-45711","1":"product","2":"type-product","3":"status-publish","4":"has-post-thumbnail","6":"product_brand-bathmate-et","7":"product_cat-lelude-aksessuaarid","8":"product_cat-meestele","9":"product_cat-sekslelud","10":"pa_brand-bathmate-et","12":"first","13":"instock","14":"taxable","15":"shipping-taxable","16":"purchasable","17":"product-type-simple"},"yoast_head":"<!-- This site is optimized with the Yoast SEO plugin v27.3 - https:\/\/yoast.com\/product\/yoast-seo-wordpress\/ -->\n<title>Hoiustamiskohver | Lust &amp; Love Adult Toy Store<\/title>\n<meta name=\"description\" content=\"Et saada parimaid tulemusi oma Bathmate\u2019i peenisepumbast, soovitame seda kasutada regulaarselt. Kui oled reisil, v\u00f5ib Bathmate\u2019i kaasa v\u00f5tmine olla ebamugav. Selleks on disainitud ilus hoiustamiskapsel, millega on peenisepump turvaliselt ja diskreetselt kaitstud \u00fcksk\u00f5ik, kuhu sa ka l\u00e4hed.\" \/>\n<meta name=\"robots\" content=\"index,follow,max-snippet:-1,max-image-preview:large,max-video-preview:-1\" \/>\n<link rel=\"canonical\" href=\"https:\/\/lustandlove.eu\/et\/toode\/hoiustamiskohver\/\" \/>\n<meta name=\"twitter:card\" content=\"summary_large_image\" \/>\n<meta name=\"twitter:title\" content=\"Hoiustamiskohver | Lust &amp; Love Adult Toy Store\" \/>\n<meta name=\"twitter:description\" content=\"Et saada parimaid tulemusi oma Bathmate\u2019i peenisepumbast, soovitame seda kasutada regulaarselt. Kui oled reisil, v\u00f5ib Bathmate\u2019i kaasa v\u00f5tmine olla ebamugav. Selleks on disainitud ilus hoiustamiskapsel, millega on peenisepump turvaliselt ja diskreetselt kaitstud \u00fcksk\u00f5ik, kuhu sa ka l\u00e4hed.\" \/>\n<meta name=\"twitter:image\" content=\"https:\/\/lustandlove.eu\/wp-content\/uploads\/Capsule-Case-Bathmate-1.png\" \/>\n<meta name=\"twitter:label1\" content=\"Est. reading time\" \/>\n\t<meta name=\"twitter:data1\" content=\"1 minut\" \/>\n<script type=\"application\/ld+json\" class=\"yoast-schema-graph\">{\"@context\":\"https:\\\/\\\/schema.org\",\"@graph\":[{\"@type\":[\"WebPage\",\"ItemPage\"],\"@id\":\"https:\\\/\\\/lustandlove.eu\\\/et\\\/toode\\\/hoiustamiskohver\\\/\",\"url\":\"https:\\\/\\\/lustandlove.eu\\\/et\\\/toode\\\/hoiustamiskohver\\\/\",\"name\":\"Hoiustamiskohver | Lust & Love Adult Toy Store\",\"isPartOf\":{\"@id\":\"https:\\\/\\\/lustandlove.eu\\\/et\\\/#website\"},\"primaryImageOfPage\":{\"@id\":\"https:\\\/\\\/lustandlove.eu\\\/et\\\/toode\\\/hoiustamiskohver\\\/#primaryimage\"},\"image\":{\"@id\":\"https:\\\/\\\/lustandlove.eu\\\/et\\\/toode\\\/hoiustamiskohver\\\/#primaryimage\"},\"thumbnailUrl\":\"https:\\\/\\\/lustandlove.eu\\\/wp-content\\\/uploads\\\/Capsule-Case-Bathmate-1.png\",\"datePublished\":\"2021-05-28T07:39:29+00:00\",\"dateModified\":\"2026-04-13T07:37:51+00:00\",\"description\":\"Et saada parimaid tulemusi oma Bathmate\u2019i peenisepumbast, soovitame seda kasutada regulaarselt. Kui oled reisil, v\u00f5ib Bathmate\u2019i kaasa v\u00f5tmine olla ebamugav. Selleks on disainitud ilus hoiustamiskapsel, millega on peenisepump turvaliselt ja diskreetselt kaitstud \u00fcksk\u00f5ik, kuhu sa ka l\u00e4hed.\",\"breadcrumb\":{\"@id\":\"https:\\\/\\\/lustandlove.eu\\\/et\\\/toode\\\/hoiustamiskohver\\\/#breadcrumb\"},\"inLanguage\":\"et\",\"potentialAction\":[{\"@type\":\"ReadAction\",\"target\":[\"https:\\\/\\\/lustandlove.eu\\\/et\\\/toode\\\/hoiustamiskohver\\\/\"]}]},{\"@type\":\"ImageObject\",\"inLanguage\":\"et\",\"@id\":\"https:\\\/\\\/lustandlove.eu\\\/et\\\/toode\\\/hoiustamiskohver\\\/#primaryimage\",\"url\":\"https:\\\/\\\/lustandlove.eu\\\/wp-content\\\/uploads\\\/Capsule-Case-Bathmate-1.png\",\"contentUrl\":\"https:\\\/\\\/lustandlove.eu\\\/wp-content\\\/uploads\\\/Capsule-Case-Bathmate-1.png\",\"width\":1000,\"height\":1000,\"caption\":\"Capsule Case - Bathmate - Lust and Love\"},{\"@type\":\"BreadcrumbList\",\"@id\":\"https:\\\/\\\/lustandlove.eu\\\/et\\\/toode\\\/hoiustamiskohver\\\/#breadcrumb\",\"itemListElement\":[{\"@type\":\"ListItem\",\"position\":1,\"name\":\"Lust and Love\",\"item\":\"https:\\\/\\\/lustandlove.eu\\\/et\\\/\"},{\"@type\":\"ListItem\",\"position\":2,\"name\":\"Pood\",\"item\":\"https:\\\/\\\/lustandlove.eu\\\/et\\\/pood\\\/\"},{\"@type\":\"ListItem\",\"position\":3,\"name\":\"Meestele\",\"item\":\"https:\\\/\\\/lustandlove.eu\\\/et\\\/pood\\\/meestele\\\/\"},{\"@type\":\"ListItem\",\"position\":4,\"name\":\"Hoiustamiskohver\"}]},{\"@type\":\"WebSite\",\"@id\":\"https:\\\/\\\/lustandlove.eu\\\/et\\\/#website\",\"url\":\"https:\\\/\\\/lustandlove.eu\\\/et\\\/\",\"name\":\"Lust &amp; Love\",\"description\":\"Online erootikapood tervise, ilu ja armastuse jaoks\",\"publisher\":{\"@id\":\"https:\\\/\\\/lustandlove.eu\\\/et\\\/#organization\"},\"potentialAction\":[{\"@type\":\"SearchAction\",\"target\":{\"@type\":\"EntryPoint\",\"urlTemplate\":\"https:\\\/\\\/lustandlove.eu\\\/et\\\/?s={search_term_string}\"},\"query-input\":{\"@type\":\"PropertyValueSpecification\",\"valueRequired\":true,\"valueName\":\"search_term_string\"}}],\"inLanguage\":\"et\"},{\"@type\":\"Organization\",\"@id\":\"https:\\\/\\\/lustandlove.eu\\\/et\\\/#organization\",\"name\":\"Bioconcept Baltics O\u00dc\",\"url\":\"https:\\\/\\\/lustandlove.eu\\\/et\\\/\",\"logo\":{\"@type\":\"ImageObject\",\"inLanguage\":\"et\",\"@id\":\"https:\\\/\\\/lustandlove.eu\\\/et\\\/#\\\/schema\\\/logo\\\/image\\\/\",\"url\":\"\",\"contentUrl\":\"\",\"caption\":\"Bioconcept Baltics O\u00dc\"},\"image\":{\"@id\":\"https:\\\/\\\/lustandlove.eu\\\/et\\\/#\\\/schema\\\/logo\\\/image\\\/\"},\"sameAs\":[\"https:\\\/\\\/www.facebook.com\\\/LustandLoveEU\\\/\",\"https:\\\/\\\/www.instagram.com\\\/lustandloveeu\\\/\"]}]}<\/script>\n<!-- \/ Yoast SEO plugin. -->","yoast_head_json":{"title":"Hoiustamiskohver | Lust & Love Adult Toy Store","description":"Et saada parimaid tulemusi oma Bathmate\u2019i peenisepumbast, soovitame seda kasutada regulaarselt. Kui oled reisil, v\u00f5ib Bathmate\u2019i kaasa v\u00f5tmine olla ebamugav. Selleks on disainitud ilus hoiustamiskapsel, millega on peenisepump turvaliselt ja diskreetselt kaitstud \u00fcksk\u00f5ik, kuhu sa ka l\u00e4hed.","robots":{"index,follow,max-snippet":"index,follow,max-snippet:-1,max-image-preview:large,max-video-preview:-1"},"canonical":"https:\/\/lustandlove.eu\/et\/toode\/hoiustamiskohver\/","twitter_card":"summary_large_image","twitter_title":"Hoiustamiskohver | Lust & Love Adult Toy Store","twitter_description":"Et saada parimaid tulemusi oma Bathmate\u2019i peenisepumbast, soovitame seda kasutada regulaarselt. Kui oled reisil, v\u00f5ib Bathmate\u2019i kaasa v\u00f5tmine olla ebamugav. Selleks on disainitud ilus hoiustamiskapsel, millega on peenisepump turvaliselt ja diskreetselt kaitstud \u00fcksk\u00f5ik, kuhu sa ka l\u00e4hed.","twitter_image":"https:\/\/lustandlove.eu\/wp-content\/uploads\/Capsule-Case-Bathmate-1.png","twitter_misc":{"Est. reading time":"1 minut"},"schema":{"@context":"https:\/\/schema.org","@graph":[{"@type":["WebPage","ItemPage"],"@id":"https:\/\/lustandlove.eu\/et\/toode\/hoiustamiskohver\/","url":"https:\/\/lustandlove.eu\/et\/toode\/hoiustamiskohver\/","name":"Hoiustamiskohver | Lust & Love Adult Toy Store","isPartOf":{"@id":"https:\/\/lustandlove.eu\/et\/#website"},"primaryImageOfPage":{"@id":"https:\/\/lustandlove.eu\/et\/toode\/hoiustamiskohver\/#primaryimage"},"image":{"@id":"https:\/\/lustandlove.eu\/et\/toode\/hoiustamiskohver\/#primaryimage"},"thumbnailUrl":"https:\/\/lustandlove.eu\/wp-content\/uploads\/Capsule-Case-Bathmate-1.png","datePublished":"2021-05-28T07:39:29+00:00","dateModified":"2026-04-13T07:37:51+00:00","description":"Et saada parimaid tulemusi oma Bathmate\u2019i peenisepumbast, soovitame seda kasutada regulaarselt. Kui oled reisil, v\u00f5ib Bathmate\u2019i kaasa v\u00f5tmine olla ebamugav. Selleks on disainitud ilus hoiustamiskapsel, millega on peenisepump turvaliselt ja diskreetselt kaitstud \u00fcksk\u00f5ik, kuhu sa ka l\u00e4hed.","breadcrumb":{"@id":"https:\/\/lustandlove.eu\/et\/toode\/hoiustamiskohver\/#breadcrumb"},"inLanguage":"et","potentialAction":[{"@type":"ReadAction","target":["https:\/\/lustandlove.eu\/et\/toode\/hoiustamiskohver\/"]}]},{"@type":"ImageObject","inLanguage":"et","@id":"https:\/\/lustandlove.eu\/et\/toode\/hoiustamiskohver\/#primaryimage","url":"https:\/\/lustandlove.eu\/wp-content\/uploads\/Capsule-Case-Bathmate-1.png","contentUrl":"https:\/\/lustandlove.eu\/wp-content\/uploads\/Capsule-Case-Bathmate-1.png","width":1000,"height":1000,"caption":"Capsule Case - Bathmate - Lust and Love"},{"@type":"BreadcrumbList","@id":"https:\/\/lustandlove.eu\/et\/toode\/hoiustamiskohver\/#breadcrumb","itemListElement":[{"@type":"ListItem","position":1,"name":"Lust and Love","item":"https:\/\/lustandlove.eu\/et\/"},{"@type":"ListItem","position":2,"name":"Pood","item":"https:\/\/lustandlove.eu\/et\/pood\/"},{"@type":"ListItem","position":3,"name":"Meestele","item":"https:\/\/lustandlove.eu\/et\/pood\/meestele\/"},{"@type":"ListItem","position":4,"name":"Hoiustamiskohver"}]},{"@type":"WebSite","@id":"https:\/\/lustandlove.eu\/et\/#website","url":"https:\/\/lustandlove.eu\/et\/","name":"Lust &amp; Love","description":"Online erootikapood tervise, ilu ja armastuse jaoks","publisher":{"@id":"https:\/\/lustandlove.eu\/et\/#organization"},"potentialAction":[{"@type":"SearchAction","target":{"@type":"EntryPoint","urlTemplate":"https:\/\/lustandlove.eu\/et\/?s={search_term_string}"},"query-input":{"@type":"PropertyValueSpecification","valueRequired":true,"valueName":"search_term_string"}}],"inLanguage":"et"},{"@type":"Organization","@id":"https:\/\/lustandlove.eu\/et\/#organization","name":"Bioconcept Baltics O\u00dc","url":"https:\/\/lustandlove.eu\/et\/","logo":{"@type":"ImageObject","inLanguage":"et","@id":"https:\/\/lustandlove.eu\/et\/#\/schema\/logo\/image\/","url":"","contentUrl":"","caption":"Bioconcept Baltics O\u00dc"},"image":{"@id":"https:\/\/lustandlove.eu\/et\/#\/schema\/logo\/image\/"},"sameAs":["https:\/\/www.facebook.com\/LustandLoveEU\/","https:\/\/www.instagram.com\/lustandloveeu\/"]}]}},"_links":{"self":[{"href":"https:\/\/lustandlove.eu\/et\/wp-json\/wp\/v2\/product\/45711","targetHints":{"allow":["GET"]}}],"collection":[{"href":"https:\/\/lustandlove.eu\/et\/wp-json\/wp\/v2\/product"}],"about":[{"href":"https:\/\/lustandlove.eu\/et\/wp-json\/wp\/v2\/types\/product"}],"wp:featuredmedia":[{"embeddable":true,"href":"https:\/\/lustandlove.eu\/et\/wp-json\/wp\/v2\/media\/43898"}],"wp:attachment":[{"href":"https:\/\/lustandlove.eu\/et\/wp-json\/wp\/v2\/media?parent=45711"}],"wp:term":[{"taxonomy":"product_brand","embeddable":true,"href":"https:\/\/lustandlove.eu\/et\/wp-json\/wp\/v2\/product_brand?post=45711"},{"taxonomy":"product_cat","embeddable":true,"href":"https:\/\/lustandlove.eu\/et\/wp-json\/wp\/v2\/product_cat?post=45711"},{"taxonomy":"product_tag","embeddable":true,"href":"https:\/\/lustandlove.eu\/et\/wp-json\/wp\/v2\/product_tag?post=45711"}],"curies":[{"name":"wp","href":"https:\/\/api.w.org\/{rel}","templated":true}]}}