{"id":48258,"date":"2021-05-28T10:36:51","date_gmt":"2021-05-28T07:36:51","guid":{"rendered":"https:\/\/www.lustandlove.eu\/product\/vorgutava-mustlase-kostuum\/"},"modified":"2026-04-13T10:37:55","modified_gmt":"2026-04-13T07:37:55","slug":"vorgutava-mustlase-kostuum","status":"publish","type":"product","link":"https:\/\/lustandlove.eu\/et\/toode\/vorgutava-mustlase-kostuum\/","title":{"rendered":"V\u00f5rgutava Mustlase Kost\u00fc\u00fcm"},"content":{"rendered":"<p>3-osalise V\u00f5rgutav Mustlase Kost\u00fc\u00fcm loob v\u00f5rgutavaid loitse! Selle unikaalse ja ahvatleva riietuse juurde kuulub mugav top, mille sinise korseti juurde kuulub m\u00fcntidega kaunistatud pikad voolavad valged varrukad. Kere vaheosa j\u00e4\u00e4b paljastatuks. T\u00e4ispikk seelik istub madalal puusa peal. Sellel kost\u00fc\u00fcmil on kuldne ja lillakas m\u00fcntidega kaunistatud puusapael.<\/p>\n","protected":false},"excerpt":{"rendered":"<p>3-osalise V\u00f5rgutav Mustlase Kost\u00fc\u00fcm loob v\u00f5rgutavaid loitse!<\/p>\n","protected":false},"featured_media":47906,"template":"","meta":[],"product_brand":[4220],"product_cat":[4013,1489],"product_tag":[],"class_list":{"0":"post-48258","1":"product","2":"type-product","3":"status-publish","4":"has-post-thumbnail","6":"product_brand-leg-avenue-et","7":"product_cat-aksessuaarid-et","8":"product_cat-pesu","9":"pa_brand-leg-avenue-et","11":"first","12":"instock","13":"sale","14":"taxable","15":"shipping-taxable","16":"purchasable","17":"product-type-variable"},"yoast_head":"<!-- This site is optimized with the Yoast SEO plugin v27.3 - https:\/\/yoast.com\/product\/yoast-seo-wordpress\/ -->\n<title>V\u00f5rgutava Mustlase Kost\u00fc\u00fcm | Lust and Love<\/title>\n<meta name=\"description\" content=\"3-osalise V\u00f5rgutav Mustlase Kost\u00fc\u00fcm loob v\u00f5rgutavaid loitse!\" \/>\n<meta name=\"robots\" content=\"index,follow,max-snippet:-1,max-image-preview:large,max-video-preview:-1\" \/>\n<link rel=\"canonical\" href=\"https:\/\/lustandlove.eu\/et\/toode\/vorgutava-mustlase-kostuum\/\" \/>\n<meta name=\"twitter:card\" content=\"summary_large_image\" \/>\n<meta name=\"twitter:title\" content=\"V\u00f5rgutava Mustlase Kost\u00fc\u00fcm | Lust and Love\" \/>\n<meta name=\"twitter:description\" content=\"3-osalise V\u00f5rgutav Mustlase Kost\u00fc\u00fcm loob v\u00f5rgutavaid loitse!\" \/>\n<meta name=\"twitter:image\" content=\"https:\/\/lustandlove.eu\/wp-content\/uploads\/mustlase-kostuum.jpg\" \/>\n<script type=\"application\/ld+json\" class=\"yoast-schema-graph\">{\"@context\":\"https:\\\/\\\/schema.org\",\"@graph\":[{\"@type\":[\"WebPage\",\"ItemPage\"],\"@id\":\"https:\\\/\\\/lustandlove.eu\\\/et\\\/toode\\\/vorgutava-mustlase-kostuum\\\/\",\"url\":\"https:\\\/\\\/lustandlove.eu\\\/et\\\/toode\\\/vorgutava-mustlase-kostuum\\\/\",\"name\":\"V\u00f5rgutava Mustlase Kost\u00fc\u00fcm | Lust and Love\",\"isPartOf\":{\"@id\":\"https:\\\/\\\/lustandlove.eu\\\/et\\\/#website\"},\"primaryImageOfPage\":{\"@id\":\"https:\\\/\\\/lustandlove.eu\\\/et\\\/toode\\\/vorgutava-mustlase-kostuum\\\/#primaryimage\"},\"image\":{\"@id\":\"https:\\\/\\\/lustandlove.eu\\\/et\\\/toode\\\/vorgutava-mustlase-kostuum\\\/#primaryimage\"},\"thumbnailUrl\":\"https:\\\/\\\/lustandlove.eu\\\/wp-content\\\/uploads\\\/mustlase-kostuum.jpg\",\"datePublished\":\"2021-05-28T07:36:51+00:00\",\"dateModified\":\"2026-04-13T07:37:55+00:00\",\"description\":\"3-osalise V\u00f5rgutav Mustlase Kost\u00fc\u00fcm loob v\u00f5rgutavaid loitse!\",\"breadcrumb\":{\"@id\":\"https:\\\/\\\/lustandlove.eu\\\/et\\\/toode\\\/vorgutava-mustlase-kostuum\\\/#breadcrumb\"},\"inLanguage\":\"et\",\"potentialAction\":[{\"@type\":\"ReadAction\",\"target\":[\"https:\\\/\\\/lustandlove.eu\\\/et\\\/toode\\\/vorgutava-mustlase-kostuum\\\/\"]}]},{\"@type\":\"ImageObject\",\"inLanguage\":\"et\",\"@id\":\"https:\\\/\\\/lustandlove.eu\\\/et\\\/toode\\\/vorgutava-mustlase-kostuum\\\/#primaryimage\",\"url\":\"https:\\\/\\\/lustandlove.eu\\\/wp-content\\\/uploads\\\/mustlase-kostuum.jpg\",\"contentUrl\":\"https:\\\/\\\/lustandlove.eu\\\/wp-content\\\/uploads\\\/mustlase-kostuum.jpg\",\"width\":500,\"height\":500},{\"@type\":\"BreadcrumbList\",\"@id\":\"https:\\\/\\\/lustandlove.eu\\\/et\\\/toode\\\/vorgutava-mustlase-kostuum\\\/#breadcrumb\",\"itemListElement\":[{\"@type\":\"ListItem\",\"position\":1,\"name\":\"Lust and Love\",\"item\":\"https:\\\/\\\/lustandlove.eu\\\/et\\\/\"},{\"@type\":\"ListItem\",\"position\":2,\"name\":\"Pood\",\"item\":\"https:\\\/\\\/lustandlove.eu\\\/et\\\/pood\\\/\"},{\"@type\":\"ListItem\",\"position\":3,\"name\":\"V\u00f5rgutava Mustlase Kost\u00fc\u00fcm\"}]},{\"@type\":\"WebSite\",\"@id\":\"https:\\\/\\\/lustandlove.eu\\\/et\\\/#website\",\"url\":\"https:\\\/\\\/lustandlove.eu\\\/et\\\/\",\"name\":\"Lust &amp; Love\",\"description\":\"Online erootikapood tervise, ilu ja armastuse jaoks\",\"publisher\":{\"@id\":\"https:\\\/\\\/lustandlove.eu\\\/et\\\/#organization\"},\"potentialAction\":[{\"@type\":\"SearchAction\",\"target\":{\"@type\":\"EntryPoint\",\"urlTemplate\":\"https:\\\/\\\/lustandlove.eu\\\/et\\\/?s={search_term_string}\"},\"query-input\":{\"@type\":\"PropertyValueSpecification\",\"valueRequired\":true,\"valueName\":\"search_term_string\"}}],\"inLanguage\":\"et\"},{\"@type\":\"Organization\",\"@id\":\"https:\\\/\\\/lustandlove.eu\\\/et\\\/#organization\",\"name\":\"Bioconcept Baltics O\u00dc\",\"url\":\"https:\\\/\\\/lustandlove.eu\\\/et\\\/\",\"logo\":{\"@type\":\"ImageObject\",\"inLanguage\":\"et\",\"@id\":\"https:\\\/\\\/lustandlove.eu\\\/et\\\/#\\\/schema\\\/logo\\\/image\\\/\",\"url\":\"\",\"contentUrl\":\"\",\"caption\":\"Bioconcept Baltics O\u00dc\"},\"image\":{\"@id\":\"https:\\\/\\\/lustandlove.eu\\\/et\\\/#\\\/schema\\\/logo\\\/image\\\/\"},\"sameAs\":[\"https:\\\/\\\/www.facebook.com\\\/LustandLoveEU\\\/\",\"https:\\\/\\\/www.instagram.com\\\/lustandloveeu\\\/\"]}]}<\/script>\n<!-- \/ Yoast SEO plugin. -->","yoast_head_json":{"title":"V\u00f5rgutava Mustlase Kost\u00fc\u00fcm | Lust and Love","description":"3-osalise V\u00f5rgutav Mustlase Kost\u00fc\u00fcm loob v\u00f5rgutavaid loitse!","robots":{"index,follow,max-snippet":"index,follow,max-snippet:-1,max-image-preview:large,max-video-preview:-1"},"canonical":"https:\/\/lustandlove.eu\/et\/toode\/vorgutava-mustlase-kostuum\/","twitter_card":"summary_large_image","twitter_title":"V\u00f5rgutava Mustlase Kost\u00fc\u00fcm | Lust and Love","twitter_description":"3-osalise V\u00f5rgutav Mustlase Kost\u00fc\u00fcm loob v\u00f5rgutavaid loitse!","twitter_image":"https:\/\/lustandlove.eu\/wp-content\/uploads\/mustlase-kostuum.jpg","schema":{"@context":"https:\/\/schema.org","@graph":[{"@type":["WebPage","ItemPage"],"@id":"https:\/\/lustandlove.eu\/et\/toode\/vorgutava-mustlase-kostuum\/","url":"https:\/\/lustandlove.eu\/et\/toode\/vorgutava-mustlase-kostuum\/","name":"V\u00f5rgutava Mustlase Kost\u00fc\u00fcm | Lust and Love","isPartOf":{"@id":"https:\/\/lustandlove.eu\/et\/#website"},"primaryImageOfPage":{"@id":"https:\/\/lustandlove.eu\/et\/toode\/vorgutava-mustlase-kostuum\/#primaryimage"},"image":{"@id":"https:\/\/lustandlove.eu\/et\/toode\/vorgutava-mustlase-kostuum\/#primaryimage"},"thumbnailUrl":"https:\/\/lustandlove.eu\/wp-content\/uploads\/mustlase-kostuum.jpg","datePublished":"2021-05-28T07:36:51+00:00","dateModified":"2026-04-13T07:37:55+00:00","description":"3-osalise V\u00f5rgutav Mustlase Kost\u00fc\u00fcm loob v\u00f5rgutavaid loitse!","breadcrumb":{"@id":"https:\/\/lustandlove.eu\/et\/toode\/vorgutava-mustlase-kostuum\/#breadcrumb"},"inLanguage":"et","potentialAction":[{"@type":"ReadAction","target":["https:\/\/lustandlove.eu\/et\/toode\/vorgutava-mustlase-kostuum\/"]}]},{"@type":"ImageObject","inLanguage":"et","@id":"https:\/\/lustandlove.eu\/et\/toode\/vorgutava-mustlase-kostuum\/#primaryimage","url":"https:\/\/lustandlove.eu\/wp-content\/uploads\/mustlase-kostuum.jpg","contentUrl":"https:\/\/lustandlove.eu\/wp-content\/uploads\/mustlase-kostuum.jpg","width":500,"height":500},{"@type":"BreadcrumbList","@id":"https:\/\/lustandlove.eu\/et\/toode\/vorgutava-mustlase-kostuum\/#breadcrumb","itemListElement":[{"@type":"ListItem","position":1,"name":"Lust and Love","item":"https:\/\/lustandlove.eu\/et\/"},{"@type":"ListItem","position":2,"name":"Pood","item":"https:\/\/lustandlove.eu\/et\/pood\/"},{"@type":"ListItem","position":3,"name":"V\u00f5rgutava Mustlase Kost\u00fc\u00fcm"}]},{"@type":"WebSite","@id":"https:\/\/lustandlove.eu\/et\/#website","url":"https:\/\/lustandlove.eu\/et\/","name":"Lust &amp; Love","description":"Online erootikapood tervise, ilu ja armastuse jaoks","publisher":{"@id":"https:\/\/lustandlove.eu\/et\/#organization"},"potentialAction":[{"@type":"SearchAction","target":{"@type":"EntryPoint","urlTemplate":"https:\/\/lustandlove.eu\/et\/?s={search_term_string}"},"query-input":{"@type":"PropertyValueSpecification","valueRequired":true,"valueName":"search_term_string"}}],"inLanguage":"et"},{"@type":"Organization","@id":"https:\/\/lustandlove.eu\/et\/#organization","name":"Bioconcept Baltics O\u00dc","url":"https:\/\/lustandlove.eu\/et\/","logo":{"@type":"ImageObject","inLanguage":"et","@id":"https:\/\/lustandlove.eu\/et\/#\/schema\/logo\/image\/","url":"","contentUrl":"","caption":"Bioconcept Baltics O\u00dc"},"image":{"@id":"https:\/\/lustandlove.eu\/et\/#\/schema\/logo\/image\/"},"sameAs":["https:\/\/www.facebook.com\/LustandLoveEU\/","https:\/\/www.instagram.com\/lustandloveeu\/"]}]}},"_links":{"self":[{"href":"https:\/\/lustandlove.eu\/et\/wp-json\/wp\/v2\/product\/48258","targetHints":{"allow":["GET"]}}],"collection":[{"href":"https:\/\/lustandlove.eu\/et\/wp-json\/wp\/v2\/product"}],"about":[{"href":"https:\/\/lustandlove.eu\/et\/wp-json\/wp\/v2\/types\/product"}],"wp:featuredmedia":[{"embeddable":true,"href":"https:\/\/lustandlove.eu\/et\/wp-json\/wp\/v2\/media\/47906"}],"wp:attachment":[{"href":"https:\/\/lustandlove.eu\/et\/wp-json\/wp\/v2\/media?parent=48258"}],"wp:term":[{"taxonomy":"product_brand","embeddable":true,"href":"https:\/\/lustandlove.eu\/et\/wp-json\/wp\/v2\/product_brand?post=48258"},{"taxonomy":"product_cat","embeddable":true,"href":"https:\/\/lustandlove.eu\/et\/wp-json\/wp\/v2\/product_cat?post=48258"},{"taxonomy":"product_tag","embeddable":true,"href":"https:\/\/lustandlove.eu\/et\/wp-json\/wp\/v2\/product_tag?post=48258"}],"curies":[{"name":"wp","href":"https:\/\/api.w.org\/{rel}","templated":true}]}}