{"id":48268,"date":"2021-05-28T10:34:38","date_gmt":"2021-05-28T07:34:38","guid":{"rendered":"https:\/\/www.lustandlove.eu\/product\/iroha-temari-tenga\/"},"modified":"2026-04-13T10:37:56","modified_gmt":"2026-04-13T07:37:56","slug":"iroha-temari-tenga","status":"publish","type":"product","link":"https:\/\/lustandlove.eu\/et\/toode\/iroha-temari-tenga\/","title":{"rendered":"Iroha Temari"},"content":{"rendered":"<p>Temari on traditsiooniliste Jaapani mustritega vibraator, mille muudab eriliseks selle disain ja sees peituvad vibratsioonid.<\/p>\n<p>Temarit disainides peeti v\u00e4ga oluliseks kuidas vibratsioon su k\u00e4es tundub. Kera \u00fcmbritsev baas aitab \u00e4ra hoida tugevad vibratsioonid, mis v\u00f5ivad n\u00e4pud v\u00f5i k\u00e4e tuimaks muuta muutmata keralt v\u00e4ljapoole ulatuva vibratsiooni tugevust.<\/p>\n<p>Temari peidab endas 4 tugevusastet ning 2 erinevat pulseerimismustrit. Lelu mahub ilusti k\u00e4tte ning on \u00fche nupuga juhitav.<\/p>\n<p>Leluga tuleb kaasa kena kaas, mille v\u00f5ib panna lelu peale, muutes selle ilusaks sisustuselemendiks sinu kodus.<\/p>\n<p>Temari mootorid on peaaegu h\u00e4\u00e4letud ning kogu lelu on kaetud tolmuvastase kattega. Lelu on veekindel kuni 50 cm ning magnet\u00fchendusega laetav.<\/p>\n","protected":false},"excerpt":{"rendered":"<p>Temari on traditsiooniliste Jaapani mustritega vibraator, mille muudab eriliseks selle disain ja sees peituvad vibratsioonid.<\/p>\n","protected":false},"featured_media":47885,"template":"","meta":[],"product_brand":[4209,4244],"product_cat":[1484,3979,1488],"product_tag":[],"class_list":{"0":"post-48268","1":"product","2":"type-product","3":"status-publish","4":"has-post-thumbnail","6":"product_brand-iroha-et","7":"product_brand-tenga-et","8":"product_cat-sekslelud","9":"product_cat-valispidised","10":"product_cat-vibraatorid","11":"pa_brand-iroha-et","12":"pa_brand-tenga-et","14":"first","15":"instock","16":"taxable","17":"shipping-taxable","18":"purchasable","19":"product-type-variable"},"yoast_head":"<!-- This site is optimized with the Yoast SEO plugin v27.3 - https:\/\/yoast.com\/product\/yoast-seo-wordpress\/ -->\n<title>Iroha Temari Vibrator 90.00\u20ac | Lust &amp; Love Erotic Shop<\/title>\n<meta name=\"description\" content=\"Temari on traditsiooniliste Jaapani mustritega vibraator, mille muudab eriliseks selle disain ja sees peituvad vibratsioonid.\" \/>\n<meta name=\"robots\" content=\"index,follow,max-snippet:-1,max-image-preview:large,max-video-preview:-1\" \/>\n<link rel=\"canonical\" href=\"https:\/\/lustandlove.eu\/et\/toode\/iroha-temari-tenga\/\" \/>\n<meta name=\"twitter:card\" content=\"summary_large_image\" \/>\n<meta name=\"twitter:title\" content=\"Iroha Temari Vibrator 90.00\u20ac | Lust &amp; Love Erotic Shop\" \/>\n<meta name=\"twitter:description\" content=\"Temari on traditsiooniliste Jaapani mustritega vibraator, mille muudab eriliseks selle disain ja sees peituvad vibratsioonid.\" \/>\n<meta name=\"twitter:image\" content=\"https:\/\/lustandlove.eu\/wp-content\/uploads\/Iroha-Temari-Mizu-01.jpg\" \/>\n<meta name=\"twitter:label1\" content=\"Est. reading time\" \/>\n\t<meta name=\"twitter:data1\" content=\"1 minut\" \/>\n<script type=\"application\/ld+json\" class=\"yoast-schema-graph\">{\"@context\":\"https:\\\/\\\/schema.org\",\"@graph\":[{\"@type\":[\"WebPage\",\"ItemPage\"],\"@id\":\"https:\\\/\\\/lustandlove.eu\\\/et\\\/toode\\\/iroha-temari-tenga\\\/\",\"url\":\"https:\\\/\\\/lustandlove.eu\\\/et\\\/toode\\\/iroha-temari-tenga\\\/\",\"name\":\"Iroha Temari Vibrator 90.00\u20ac | Lust & Love Erotic Shop\",\"isPartOf\":{\"@id\":\"https:\\\/\\\/lustandlove.eu\\\/et\\\/#website\"},\"primaryImageOfPage\":{\"@id\":\"https:\\\/\\\/lustandlove.eu\\\/et\\\/toode\\\/iroha-temari-tenga\\\/#primaryimage\"},\"image\":{\"@id\":\"https:\\\/\\\/lustandlove.eu\\\/et\\\/toode\\\/iroha-temari-tenga\\\/#primaryimage\"},\"thumbnailUrl\":\"https:\\\/\\\/lustandlove.eu\\\/wp-content\\\/uploads\\\/Iroha-Temari-Mizu-01.jpg\",\"datePublished\":\"2021-05-28T07:34:38+00:00\",\"dateModified\":\"2026-04-13T07:37:56+00:00\",\"description\":\"Temari on traditsiooniliste Jaapani mustritega vibraator, mille muudab eriliseks selle disain ja sees peituvad vibratsioonid.\",\"breadcrumb\":{\"@id\":\"https:\\\/\\\/lustandlove.eu\\\/et\\\/toode\\\/iroha-temari-tenga\\\/#breadcrumb\"},\"inLanguage\":\"et\",\"potentialAction\":[{\"@type\":\"ReadAction\",\"target\":[\"https:\\\/\\\/lustandlove.eu\\\/et\\\/toode\\\/iroha-temari-tenga\\\/\"]}]},{\"@type\":\"ImageObject\",\"inLanguage\":\"et\",\"@id\":\"https:\\\/\\\/lustandlove.eu\\\/et\\\/toode\\\/iroha-temari-tenga\\\/#primaryimage\",\"url\":\"https:\\\/\\\/lustandlove.eu\\\/wp-content\\\/uploads\\\/Iroha-Temari-Mizu-01.jpg\",\"contentUrl\":\"https:\\\/\\\/lustandlove.eu\\\/wp-content\\\/uploads\\\/Iroha-Temari-Mizu-01.jpg\",\"width\":1000,\"height\":1000},{\"@type\":\"BreadcrumbList\",\"@id\":\"https:\\\/\\\/lustandlove.eu\\\/et\\\/toode\\\/iroha-temari-tenga\\\/#breadcrumb\",\"itemListElement\":[{\"@type\":\"ListItem\",\"position\":1,\"name\":\"Lust and Love\",\"item\":\"https:\\\/\\\/lustandlove.eu\\\/et\\\/\"},{\"@type\":\"ListItem\",\"position\":2,\"name\":\"Pood\",\"item\":\"https:\\\/\\\/lustandlove.eu\\\/et\\\/pood\\\/\"},{\"@type\":\"ListItem\",\"position\":3,\"name\":\"Sekslelud\",\"item\":\"https:\\\/\\\/lustandlove.eu\\\/et\\\/pood\\\/sekslelud\\\/\"},{\"@type\":\"ListItem\",\"position\":4,\"name\":\"Lelude Aksessuaarid\",\"item\":\"https:\\\/\\\/lustandlove.eu\\\/et\\\/pood\\\/sekslelud\\\/lelude-aksessuaarid\\\/\"},{\"@type\":\"ListItem\",\"position\":5,\"name\":\"Iroha Temari\"}]},{\"@type\":\"WebSite\",\"@id\":\"https:\\\/\\\/lustandlove.eu\\\/et\\\/#website\",\"url\":\"https:\\\/\\\/lustandlove.eu\\\/et\\\/\",\"name\":\"Lust &amp; Love\",\"description\":\"Online erootikapood tervise, ilu ja armastuse jaoks\",\"publisher\":{\"@id\":\"https:\\\/\\\/lustandlove.eu\\\/et\\\/#organization\"},\"potentialAction\":[{\"@type\":\"SearchAction\",\"target\":{\"@type\":\"EntryPoint\",\"urlTemplate\":\"https:\\\/\\\/lustandlove.eu\\\/et\\\/?s={search_term_string}\"},\"query-input\":{\"@type\":\"PropertyValueSpecification\",\"valueRequired\":true,\"valueName\":\"search_term_string\"}}],\"inLanguage\":\"et\"},{\"@type\":\"Organization\",\"@id\":\"https:\\\/\\\/lustandlove.eu\\\/et\\\/#organization\",\"name\":\"Bioconcept Baltics O\u00dc\",\"url\":\"https:\\\/\\\/lustandlove.eu\\\/et\\\/\",\"logo\":{\"@type\":\"ImageObject\",\"inLanguage\":\"et\",\"@id\":\"https:\\\/\\\/lustandlove.eu\\\/et\\\/#\\\/schema\\\/logo\\\/image\\\/\",\"url\":\"\",\"contentUrl\":\"\",\"caption\":\"Bioconcept Baltics O\u00dc\"},\"image\":{\"@id\":\"https:\\\/\\\/lustandlove.eu\\\/et\\\/#\\\/schema\\\/logo\\\/image\\\/\"},\"sameAs\":[\"https:\\\/\\\/www.facebook.com\\\/LustandLoveEU\\\/\",\"https:\\\/\\\/www.instagram.com\\\/lustandloveeu\\\/\"]}]}<\/script>\n<!-- \/ Yoast SEO plugin. -->","yoast_head_json":{"title":"Iroha Temari Vibrator 90.00\u20ac | Lust & Love Erotic Shop","description":"Temari on traditsiooniliste Jaapani mustritega vibraator, mille muudab eriliseks selle disain ja sees peituvad vibratsioonid.","robots":{"index,follow,max-snippet":"index,follow,max-snippet:-1,max-image-preview:large,max-video-preview:-1"},"canonical":"https:\/\/lustandlove.eu\/et\/toode\/iroha-temari-tenga\/","twitter_card":"summary_large_image","twitter_title":"Iroha Temari Vibrator 90.00\u20ac | Lust & Love Erotic Shop","twitter_description":"Temari on traditsiooniliste Jaapani mustritega vibraator, mille muudab eriliseks selle disain ja sees peituvad vibratsioonid.","twitter_image":"https:\/\/lustandlove.eu\/wp-content\/uploads\/Iroha-Temari-Mizu-01.jpg","twitter_misc":{"Est. reading time":"1 minut"},"schema":{"@context":"https:\/\/schema.org","@graph":[{"@type":["WebPage","ItemPage"],"@id":"https:\/\/lustandlove.eu\/et\/toode\/iroha-temari-tenga\/","url":"https:\/\/lustandlove.eu\/et\/toode\/iroha-temari-tenga\/","name":"Iroha Temari Vibrator 90.00\u20ac | Lust & Love Erotic Shop","isPartOf":{"@id":"https:\/\/lustandlove.eu\/et\/#website"},"primaryImageOfPage":{"@id":"https:\/\/lustandlove.eu\/et\/toode\/iroha-temari-tenga\/#primaryimage"},"image":{"@id":"https:\/\/lustandlove.eu\/et\/toode\/iroha-temari-tenga\/#primaryimage"},"thumbnailUrl":"https:\/\/lustandlove.eu\/wp-content\/uploads\/Iroha-Temari-Mizu-01.jpg","datePublished":"2021-05-28T07:34:38+00:00","dateModified":"2026-04-13T07:37:56+00:00","description":"Temari on traditsiooniliste Jaapani mustritega vibraator, mille muudab eriliseks selle disain ja sees peituvad vibratsioonid.","breadcrumb":{"@id":"https:\/\/lustandlove.eu\/et\/toode\/iroha-temari-tenga\/#breadcrumb"},"inLanguage":"et","potentialAction":[{"@type":"ReadAction","target":["https:\/\/lustandlove.eu\/et\/toode\/iroha-temari-tenga\/"]}]},{"@type":"ImageObject","inLanguage":"et","@id":"https:\/\/lustandlove.eu\/et\/toode\/iroha-temari-tenga\/#primaryimage","url":"https:\/\/lustandlove.eu\/wp-content\/uploads\/Iroha-Temari-Mizu-01.jpg","contentUrl":"https:\/\/lustandlove.eu\/wp-content\/uploads\/Iroha-Temari-Mizu-01.jpg","width":1000,"height":1000},{"@type":"BreadcrumbList","@id":"https:\/\/lustandlove.eu\/et\/toode\/iroha-temari-tenga\/#breadcrumb","itemListElement":[{"@type":"ListItem","position":1,"name":"Lust and Love","item":"https:\/\/lustandlove.eu\/et\/"},{"@type":"ListItem","position":2,"name":"Pood","item":"https:\/\/lustandlove.eu\/et\/pood\/"},{"@type":"ListItem","position":3,"name":"Sekslelud","item":"https:\/\/lustandlove.eu\/et\/pood\/sekslelud\/"},{"@type":"ListItem","position":4,"name":"Lelude Aksessuaarid","item":"https:\/\/lustandlove.eu\/et\/pood\/sekslelud\/lelude-aksessuaarid\/"},{"@type":"ListItem","position":5,"name":"Iroha Temari"}]},{"@type":"WebSite","@id":"https:\/\/lustandlove.eu\/et\/#website","url":"https:\/\/lustandlove.eu\/et\/","name":"Lust &amp; Love","description":"Online erootikapood tervise, ilu ja armastuse jaoks","publisher":{"@id":"https:\/\/lustandlove.eu\/et\/#organization"},"potentialAction":[{"@type":"SearchAction","target":{"@type":"EntryPoint","urlTemplate":"https:\/\/lustandlove.eu\/et\/?s={search_term_string}"},"query-input":{"@type":"PropertyValueSpecification","valueRequired":true,"valueName":"search_term_string"}}],"inLanguage":"et"},{"@type":"Organization","@id":"https:\/\/lustandlove.eu\/et\/#organization","name":"Bioconcept Baltics O\u00dc","url":"https:\/\/lustandlove.eu\/et\/","logo":{"@type":"ImageObject","inLanguage":"et","@id":"https:\/\/lustandlove.eu\/et\/#\/schema\/logo\/image\/","url":"","contentUrl":"","caption":"Bioconcept Baltics O\u00dc"},"image":{"@id":"https:\/\/lustandlove.eu\/et\/#\/schema\/logo\/image\/"},"sameAs":["https:\/\/www.facebook.com\/LustandLoveEU\/","https:\/\/www.instagram.com\/lustandloveeu\/"]}]}},"_links":{"self":[{"href":"https:\/\/lustandlove.eu\/et\/wp-json\/wp\/v2\/product\/48268","targetHints":{"allow":["GET"]}}],"collection":[{"href":"https:\/\/lustandlove.eu\/et\/wp-json\/wp\/v2\/product"}],"about":[{"href":"https:\/\/lustandlove.eu\/et\/wp-json\/wp\/v2\/types\/product"}],"wp:featuredmedia":[{"embeddable":true,"href":"https:\/\/lustandlove.eu\/et\/wp-json\/wp\/v2\/media\/47885"}],"wp:attachment":[{"href":"https:\/\/lustandlove.eu\/et\/wp-json\/wp\/v2\/media?parent=48268"}],"wp:term":[{"taxonomy":"product_brand","embeddable":true,"href":"https:\/\/lustandlove.eu\/et\/wp-json\/wp\/v2\/product_brand?post=48268"},{"taxonomy":"product_cat","embeddable":true,"href":"https:\/\/lustandlove.eu\/et\/wp-json\/wp\/v2\/product_cat?post=48268"},{"taxonomy":"product_tag","embeddable":true,"href":"https:\/\/lustandlove.eu\/et\/wp-json\/wp\/v2\/product_tag?post=48268"}],"curies":[{"name":"wp","href":"https:\/\/api.w.org\/{rel}","templated":true}]}}