{"id":48275,"date":"2021-05-28T10:34:37","date_gmt":"2021-05-28T07:34:37","guid":{"rendered":"https:\/\/www.lustandlove.eu\/product\/tenga-flip-org-strong\/"},"modified":"2026-04-13T10:37:58","modified_gmt":"2026-04-13T07:37:58","slug":"tenga-flip-org-strong","status":"publish","type":"product","link":"https:\/\/lustandlove.eu\/et\/toode\/tenga-flip-org-strong\/","title":{"rendered":"Tenga Flip Org Strong"},"content":{"rendered":"<p>Naudingukerad ootavad! Flip Orb Strong on masturbaator, mille sees on kerad, mida \u00fcmbritseb tihke elastomeer, et tagada t\u00e4iesti uut t\u00fc\u00fcpi sensatsioon. Saadaval kahes v\u00e4rvivariandis, kus m\u00f5lemal on omaette unikaalne muster. Liivakella kuju ja lahtik\u00e4iv kaas aitavad Flip Orbil h\u00e4sti k\u00e4es p\u00fcsida. Kaas teeb Flip Orbi kergemini kasutatavaks, hoiustatavaks ja kuivatatavaks. Seda on lihtne puhastada ja kasutada \u2013 Ava Flip Orb, et puhastamine kergem oleks.<\/p>\n<p><b>Soovitus!\u00a0<\/b>Keskmist surveplaati saab kasutada vaakumi suurendamiseks ning ka tugevama stimulatsiooni reguleerimiseks.<\/p>\n<h3><b>Flip Orbi kasutamine:<\/b><\/h3>\n<p>\u2013 Eemalda Flip Orbilt kaas.<br \/>\n\u2013 Vajuta \u00fclemistele k\u00fclgedele, et Flip Orb lahti teha.<br \/>\n\u2013 Lisa m\u00f5lemale poole libestit ja sulge Flip Orb.<br \/>\n\u2013 Pane kaas \u00fclemisele osale peale, et see p\u00fcsiks kogu kasutamise ajal kinni.<br \/>\n\u2013 Lisa Flip Orbi avausele natuke libestit.<\/p>\n<h3><b>Flip Orbi puhastamine:<\/b><\/h3>\n<p>\u2013 Kui oled leluga l\u00f5petanud, eemalda \u00fclevalt kaas.<br \/>\n\u2013 Vajuta tugevalt m\u00f5lemalt poolt \u00fclevalt \u00e4\u00e4rest, et lelu avada.<br \/>\n\u2013 Puhasta p\u00f5hjalikult sooja vee ja seebiga.<br \/>\n\u2013 Aseta kaas lauale ning pane lelu sellele kas p\u00fcsti V-t\u00e4he kujuliselt (avatult) v\u00f5i toeta see k\u00fclili kaanele.<br \/>\n\u2013 Kui lelu on kuivanud, sulge see ja pane kaas pehmele poolele peale.<\/p>\n<p>Pakendis on kaasas \u00fchekordseks kasutamiseks libesti.<\/p>\n<p>Hoia toode jahedas ja kuivas kohas nii, et lapsed seda k\u00e4tte ei saaks. \u00c4ra kasuta Tenga tooteid kui su nahk on kahjustatud v\u00f5i \u00e4rritunud. \u00c4rrituste sajaprotsendiliseks v\u00e4ltimiseks katseta Tenga toodetega kaasas olevat libestit enne oma k\u00e4el.<\/p>\n","protected":false},"excerpt":{"rendered":"<p>Naudingukerad ootavad! Flip Orb Strong on masturbaator, mille sees on kerad, mida \u00fcmbritseb tihke elastomeer, et tagada t\u00e4iesti uut t\u00fc\u00fcpi sensatsioon<\/p>\n","protected":false},"featured_media":47874,"template":"","meta":[],"product_brand":[4244],"product_cat":[4008,1480,1477],"product_tag":[],"class_list":{"0":"post-48275","1":"product","2":"type-product","3":"status-publish","4":"has-post-thumbnail","6":"product_brand-tenga-et","7":"product_cat-manuaalsed","8":"product_cat-masturbaatorid","9":"product_cat-meestele","10":"pa_brand-tenga-et","12":"first","13":"instock","14":"taxable","15":"shipping-taxable","16":"purchasable","17":"product-type-variable"},"yoast_head":"<!-- This site is optimized with the Yoast SEO plugin v27.3 - https:\/\/yoast.com\/product\/yoast-seo-wordpress\/ -->\n<title>Tenga Flip Org Strong Masturbator 71.00\u20ac | Lust and Love<\/title>\n<meta name=\"description\" content=\"Naudingukerad ootavad! Flip Orb Strong on masturbaator, mille sees on kerad, mida \u00fcmbritseb tihke elastomeer, et tagada t\u00e4iesti uut t\u00fc\u00fcpi sensatsioon\" \/>\n<meta name=\"robots\" content=\"index,follow,max-snippet:-1,max-image-preview:large,max-video-preview:-1\" \/>\n<link rel=\"canonical\" href=\"https:\/\/lustandlove.eu\/et\/toode\/tenga-flip-org-strong\/\" \/>\n<meta name=\"twitter:card\" content=\"summary_large_image\" \/>\n<meta name=\"twitter:title\" content=\"Tenga Flip Org Strong Masturbator 71.00\u20ac | Lust and Love\" \/>\n<meta name=\"twitter:description\" content=\"Naudingukerad ootavad! Flip Orb Strong on masturbaator, mille sees on kerad, mida \u00fcmbritseb tihke elastomeer, et tagada t\u00e4iesti uut t\u00fc\u00fcpi sensatsioon\" \/>\n<meta name=\"twitter:image\" content=\"https:\/\/lustandlove.eu\/wp-content\/uploads\/Tenga-Flip-Orb-Strong-01.jpg\" \/>\n<meta name=\"twitter:label1\" content=\"Est. reading time\" \/>\n\t<meta name=\"twitter:data1\" content=\"2 minutit\" \/>\n<script type=\"application\/ld+json\" class=\"yoast-schema-graph\">{\"@context\":\"https:\\\/\\\/schema.org\",\"@graph\":[{\"@type\":[\"WebPage\",\"ItemPage\"],\"@id\":\"https:\\\/\\\/lustandlove.eu\\\/et\\\/toode\\\/tenga-flip-org-strong\\\/\",\"url\":\"https:\\\/\\\/lustandlove.eu\\\/et\\\/toode\\\/tenga-flip-org-strong\\\/\",\"name\":\"Tenga Flip Org Strong Masturbator 71.00\u20ac | Lust and Love\",\"isPartOf\":{\"@id\":\"https:\\\/\\\/lustandlove.eu\\\/et\\\/#website\"},\"primaryImageOfPage\":{\"@id\":\"https:\\\/\\\/lustandlove.eu\\\/et\\\/toode\\\/tenga-flip-org-strong\\\/#primaryimage\"},\"image\":{\"@id\":\"https:\\\/\\\/lustandlove.eu\\\/et\\\/toode\\\/tenga-flip-org-strong\\\/#primaryimage\"},\"thumbnailUrl\":\"https:\\\/\\\/lustandlove.eu\\\/wp-content\\\/uploads\\\/Tenga-Flip-Orb-Strong-01.jpg\",\"datePublished\":\"2021-05-28T07:34:37+00:00\",\"dateModified\":\"2026-04-13T07:37:58+00:00\",\"description\":\"Naudingukerad ootavad! Flip Orb Strong on masturbaator, mille sees on kerad, mida \u00fcmbritseb tihke elastomeer, et tagada t\u00e4iesti uut t\u00fc\u00fcpi sensatsioon\",\"breadcrumb\":{\"@id\":\"https:\\\/\\\/lustandlove.eu\\\/et\\\/toode\\\/tenga-flip-org-strong\\\/#breadcrumb\"},\"inLanguage\":\"et\",\"potentialAction\":[{\"@type\":\"ReadAction\",\"target\":[\"https:\\\/\\\/lustandlove.eu\\\/et\\\/toode\\\/tenga-flip-org-strong\\\/\"]}]},{\"@type\":\"ImageObject\",\"inLanguage\":\"et\",\"@id\":\"https:\\\/\\\/lustandlove.eu\\\/et\\\/toode\\\/tenga-flip-org-strong\\\/#primaryimage\",\"url\":\"https:\\\/\\\/lustandlove.eu\\\/wp-content\\\/uploads\\\/Tenga-Flip-Orb-Strong-01.jpg\",\"contentUrl\":\"https:\\\/\\\/lustandlove.eu\\\/wp-content\\\/uploads\\\/Tenga-Flip-Orb-Strong-01.jpg\",\"width\":1000,\"height\":1000},{\"@type\":\"BreadcrumbList\",\"@id\":\"https:\\\/\\\/lustandlove.eu\\\/et\\\/toode\\\/tenga-flip-org-strong\\\/#breadcrumb\",\"itemListElement\":[{\"@type\":\"ListItem\",\"position\":1,\"name\":\"Lust and Love\",\"item\":\"https:\\\/\\\/lustandlove.eu\\\/et\\\/\"},{\"@type\":\"ListItem\",\"position\":2,\"name\":\"Pood\",\"item\":\"https:\\\/\\\/lustandlove.eu\\\/et\\\/pood\\\/\"},{\"@type\":\"ListItem\",\"position\":3,\"name\":\"Sekslelud\",\"item\":\"https:\\\/\\\/lustandlove.eu\\\/et\\\/pood\\\/sekslelud\\\/\"},{\"@type\":\"ListItem\",\"position\":4,\"name\":\"Lelude Aksessuaarid\",\"item\":\"https:\\\/\\\/lustandlove.eu\\\/et\\\/pood\\\/sekslelud\\\/lelude-aksessuaarid\\\/\"},{\"@type\":\"ListItem\",\"position\":5,\"name\":\"Tenga Flip Org Strong\"}]},{\"@type\":\"WebSite\",\"@id\":\"https:\\\/\\\/lustandlove.eu\\\/et\\\/#website\",\"url\":\"https:\\\/\\\/lustandlove.eu\\\/et\\\/\",\"name\":\"Lust &amp; Love\",\"description\":\"Online erootikapood tervise, ilu ja armastuse jaoks\",\"publisher\":{\"@id\":\"https:\\\/\\\/lustandlove.eu\\\/et\\\/#organization\"},\"potentialAction\":[{\"@type\":\"SearchAction\",\"target\":{\"@type\":\"EntryPoint\",\"urlTemplate\":\"https:\\\/\\\/lustandlove.eu\\\/et\\\/?s={search_term_string}\"},\"query-input\":{\"@type\":\"PropertyValueSpecification\",\"valueRequired\":true,\"valueName\":\"search_term_string\"}}],\"inLanguage\":\"et\"},{\"@type\":\"Organization\",\"@id\":\"https:\\\/\\\/lustandlove.eu\\\/et\\\/#organization\",\"name\":\"Bioconcept Baltics O\u00dc\",\"url\":\"https:\\\/\\\/lustandlove.eu\\\/et\\\/\",\"logo\":{\"@type\":\"ImageObject\",\"inLanguage\":\"et\",\"@id\":\"https:\\\/\\\/lustandlove.eu\\\/et\\\/#\\\/schema\\\/logo\\\/image\\\/\",\"url\":\"\",\"contentUrl\":\"\",\"caption\":\"Bioconcept Baltics O\u00dc\"},\"image\":{\"@id\":\"https:\\\/\\\/lustandlove.eu\\\/et\\\/#\\\/schema\\\/logo\\\/image\\\/\"},\"sameAs\":[\"https:\\\/\\\/www.facebook.com\\\/LustandLoveEU\\\/\",\"https:\\\/\\\/www.instagram.com\\\/lustandloveeu\\\/\"]}]}<\/script>\n<!-- \/ Yoast SEO plugin. -->","yoast_head_json":{"title":"Tenga Flip Org Strong Masturbator 71.00\u20ac | Lust and Love","description":"Naudingukerad ootavad! Flip Orb Strong on masturbaator, mille sees on kerad, mida \u00fcmbritseb tihke elastomeer, et tagada t\u00e4iesti uut t\u00fc\u00fcpi sensatsioon","robots":{"index,follow,max-snippet":"index,follow,max-snippet:-1,max-image-preview:large,max-video-preview:-1"},"canonical":"https:\/\/lustandlove.eu\/et\/toode\/tenga-flip-org-strong\/","twitter_card":"summary_large_image","twitter_title":"Tenga Flip Org Strong Masturbator 71.00\u20ac | Lust and Love","twitter_description":"Naudingukerad ootavad! Flip Orb Strong on masturbaator, mille sees on kerad, mida \u00fcmbritseb tihke elastomeer, et tagada t\u00e4iesti uut t\u00fc\u00fcpi sensatsioon","twitter_image":"https:\/\/lustandlove.eu\/wp-content\/uploads\/Tenga-Flip-Orb-Strong-01.jpg","twitter_misc":{"Est. reading time":"2 minutit"},"schema":{"@context":"https:\/\/schema.org","@graph":[{"@type":["WebPage","ItemPage"],"@id":"https:\/\/lustandlove.eu\/et\/toode\/tenga-flip-org-strong\/","url":"https:\/\/lustandlove.eu\/et\/toode\/tenga-flip-org-strong\/","name":"Tenga Flip Org Strong Masturbator 71.00\u20ac | Lust and Love","isPartOf":{"@id":"https:\/\/lustandlove.eu\/et\/#website"},"primaryImageOfPage":{"@id":"https:\/\/lustandlove.eu\/et\/toode\/tenga-flip-org-strong\/#primaryimage"},"image":{"@id":"https:\/\/lustandlove.eu\/et\/toode\/tenga-flip-org-strong\/#primaryimage"},"thumbnailUrl":"https:\/\/lustandlove.eu\/wp-content\/uploads\/Tenga-Flip-Orb-Strong-01.jpg","datePublished":"2021-05-28T07:34:37+00:00","dateModified":"2026-04-13T07:37:58+00:00","description":"Naudingukerad ootavad! Flip Orb Strong on masturbaator, mille sees on kerad, mida \u00fcmbritseb tihke elastomeer, et tagada t\u00e4iesti uut t\u00fc\u00fcpi sensatsioon","breadcrumb":{"@id":"https:\/\/lustandlove.eu\/et\/toode\/tenga-flip-org-strong\/#breadcrumb"},"inLanguage":"et","potentialAction":[{"@type":"ReadAction","target":["https:\/\/lustandlove.eu\/et\/toode\/tenga-flip-org-strong\/"]}]},{"@type":"ImageObject","inLanguage":"et","@id":"https:\/\/lustandlove.eu\/et\/toode\/tenga-flip-org-strong\/#primaryimage","url":"https:\/\/lustandlove.eu\/wp-content\/uploads\/Tenga-Flip-Orb-Strong-01.jpg","contentUrl":"https:\/\/lustandlove.eu\/wp-content\/uploads\/Tenga-Flip-Orb-Strong-01.jpg","width":1000,"height":1000},{"@type":"BreadcrumbList","@id":"https:\/\/lustandlove.eu\/et\/toode\/tenga-flip-org-strong\/#breadcrumb","itemListElement":[{"@type":"ListItem","position":1,"name":"Lust and Love","item":"https:\/\/lustandlove.eu\/et\/"},{"@type":"ListItem","position":2,"name":"Pood","item":"https:\/\/lustandlove.eu\/et\/pood\/"},{"@type":"ListItem","position":3,"name":"Sekslelud","item":"https:\/\/lustandlove.eu\/et\/pood\/sekslelud\/"},{"@type":"ListItem","position":4,"name":"Lelude Aksessuaarid","item":"https:\/\/lustandlove.eu\/et\/pood\/sekslelud\/lelude-aksessuaarid\/"},{"@type":"ListItem","position":5,"name":"Tenga Flip Org Strong"}]},{"@type":"WebSite","@id":"https:\/\/lustandlove.eu\/et\/#website","url":"https:\/\/lustandlove.eu\/et\/","name":"Lust &amp; Love","description":"Online erootikapood tervise, ilu ja armastuse jaoks","publisher":{"@id":"https:\/\/lustandlove.eu\/et\/#organization"},"potentialAction":[{"@type":"SearchAction","target":{"@type":"EntryPoint","urlTemplate":"https:\/\/lustandlove.eu\/et\/?s={search_term_string}"},"query-input":{"@type":"PropertyValueSpecification","valueRequired":true,"valueName":"search_term_string"}}],"inLanguage":"et"},{"@type":"Organization","@id":"https:\/\/lustandlove.eu\/et\/#organization","name":"Bioconcept Baltics O\u00dc","url":"https:\/\/lustandlove.eu\/et\/","logo":{"@type":"ImageObject","inLanguage":"et","@id":"https:\/\/lustandlove.eu\/et\/#\/schema\/logo\/image\/","url":"","contentUrl":"","caption":"Bioconcept Baltics O\u00dc"},"image":{"@id":"https:\/\/lustandlove.eu\/et\/#\/schema\/logo\/image\/"},"sameAs":["https:\/\/www.facebook.com\/LustandLoveEU\/","https:\/\/www.instagram.com\/lustandloveeu\/"]}]}},"_links":{"self":[{"href":"https:\/\/lustandlove.eu\/et\/wp-json\/wp\/v2\/product\/48275","targetHints":{"allow":["GET"]}}],"collection":[{"href":"https:\/\/lustandlove.eu\/et\/wp-json\/wp\/v2\/product"}],"about":[{"href":"https:\/\/lustandlove.eu\/et\/wp-json\/wp\/v2\/types\/product"}],"wp:featuredmedia":[{"embeddable":true,"href":"https:\/\/lustandlove.eu\/et\/wp-json\/wp\/v2\/media\/47874"}],"wp:attachment":[{"href":"https:\/\/lustandlove.eu\/et\/wp-json\/wp\/v2\/media?parent=48275"}],"wp:term":[{"taxonomy":"product_brand","embeddable":true,"href":"https:\/\/lustandlove.eu\/et\/wp-json\/wp\/v2\/product_brand?post=48275"},{"taxonomy":"product_cat","embeddable":true,"href":"https:\/\/lustandlove.eu\/et\/wp-json\/wp\/v2\/product_cat?post=48275"},{"taxonomy":"product_tag","embeddable":true,"href":"https:\/\/lustandlove.eu\/et\/wp-json\/wp\/v2\/product_tag?post=48275"}],"curies":[{"name":"wp","href":"https:\/\/api.w.org\/{rel}","templated":true}]}}