{"id":48325,"date":"2021-05-28T10:33:45","date_gmt":"2021-05-28T07:33:45","guid":{"rendered":"https:\/\/www.lustandlove.eu\/product\/spank-me-paddle-set-o-s-leg-avenue\/"},"modified":"2025-08-19T15:43:04","modified_gmt":"2025-08-19T12:43:04","slug":"spank-me-paddle-set-o-s-leg-avenue","status":"publish","type":"product","link":"https:\/\/lustandlove.eu\/et\/toode\/spank-me-paddle-set-o-s-leg-avenue\/","title":{"rendered":"Spank Me Lapatsi Komplekt"},"content":{"rendered":"<p>Spank Me komplekt on lustakas lisa igasse magamistuppa.<\/p>\n<p>Komplektist leiad:<\/p>\n<p>V\u00f5rguga Stringid s\u00fcdamekujulise v\u00e4ljal\u00f5ikega<\/p>\n<p>S\u00e4delev S\u00fcdame kujuline lapats<\/p>\n","protected":false},"excerpt":{"rendered":"<p>Spank Me komplekt on lustakas lisa igasse magamistuppa.<\/p>\n","protected":false},"featured_media":47828,"template":"","meta":[],"product_cat":[1489,4016],"product_tag":[],"yoast_head":"<!-- This site is optimized with the Yoast SEO plugin v22.9 - https:\/\/yoast.com\/wordpress\/plugins\/seo\/ -->\n<title>Spank Me Lapatsi Komplekt | Lust and Love<\/title>\n<meta name=\"description\" content=\"Spank Me komplekt on lustakas lisa igasse magamistuppa.\" \/>\n<meta name=\"robots\" content=\"index,follow,max-snippet:-1,max-image-preview:large,max-video-preview:-1\" \/>\n<link rel=\"canonical\" href=\"https:\/\/lustandlove.eu\/et\/toode\/spank-me-paddle-set-o-s-leg-avenue\/\" \/>\n<meta name=\"twitter:card\" content=\"summary_large_image\" \/>\n<meta name=\"twitter:title\" content=\"Spank Me Lapatsi Komplekt | Lust and Love\" \/>\n<meta name=\"twitter:description\" content=\"Spank Me komplekt on lustakas lisa igasse magamistuppa.\" \/>\n<meta name=\"twitter:image\" content=\"https:\/\/lustandlove.eu\/wp-content\/uploads\/LA-GB3813-2T.jpg\" \/>\n<script type=\"application\/ld+json\" class=\"yoast-schema-graph\">{\"@context\":\"https:\/\/schema.org\",\"@graph\":[{\"@type\":[\"WebPage\",\"ItemPage\"],\"@id\":\"https:\/\/lustandlove.eu\/et\/toode\/spank-me-paddle-set-o-s-leg-avenue\/\",\"url\":\"https:\/\/lustandlove.eu\/et\/toode\/spank-me-paddle-set-o-s-leg-avenue\/\",\"name\":\"Spank Me Lapatsi Komplekt | Lust and Love\",\"isPartOf\":{\"@id\":\"https:\/\/lustandlove.eu\/et\/#website\"},\"primaryImageOfPage\":{\"@id\":\"https:\/\/lustandlove.eu\/et\/toode\/spank-me-paddle-set-o-s-leg-avenue\/#primaryimage\"},\"image\":{\"@id\":\"https:\/\/lustandlove.eu\/et\/toode\/spank-me-paddle-set-o-s-leg-avenue\/#primaryimage\"},\"thumbnailUrl\":\"https:\/\/lustandlove.eu\/wp-content\/uploads\/LA-GB3813-2T.jpg\",\"datePublished\":\"2021-05-28T07:33:45+00:00\",\"dateModified\":\"2025-08-19T12:43:04+00:00\",\"description\":\"Spank Me komplekt on lustakas lisa igasse magamistuppa.\",\"breadcrumb\":{\"@id\":\"https:\/\/lustandlove.eu\/et\/toode\/spank-me-paddle-set-o-s-leg-avenue\/#breadcrumb\"},\"inLanguage\":\"et\",\"potentialAction\":[{\"@type\":\"ReadAction\",\"target\":[\"https:\/\/lustandlove.eu\/et\/toode\/spank-me-paddle-set-o-s-leg-avenue\/\"]}]},{\"@type\":\"ImageObject\",\"inLanguage\":\"et\",\"@id\":\"https:\/\/lustandlove.eu\/et\/toode\/spank-me-paddle-set-o-s-leg-avenue\/#primaryimage\",\"url\":\"https:\/\/lustandlove.eu\/wp-content\/uploads\/LA-GB3813-2T.jpg\",\"contentUrl\":\"https:\/\/lustandlove.eu\/wp-content\/uploads\/LA-GB3813-2T.jpg\",\"width\":350,\"height\":427},{\"@type\":\"BreadcrumbList\",\"@id\":\"https:\/\/lustandlove.eu\/et\/toode\/spank-me-paddle-set-o-s-leg-avenue\/#breadcrumb\",\"itemListElement\":[{\"@type\":\"ListItem\",\"position\":1,\"name\":\"Lust and Love\",\"item\":\"https:\/\/lustandlove.eu\/et\/\"},{\"@type\":\"ListItem\",\"position\":2,\"name\":\"Pood\",\"item\":\"https:\/\/lustandlove.eu\/et\/pood\/\"},{\"@type\":\"ListItem\",\"position\":3,\"name\":\"Spank Me Lapatsi Komplekt\"}]},{\"@type\":\"WebSite\",\"@id\":\"https:\/\/lustandlove.eu\/et\/#website\",\"url\":\"https:\/\/lustandlove.eu\/et\/\",\"name\":\"Lust &amp; Love\",\"description\":\"Online erootikapood tervise, ilu ja armastuse jaoks\",\"publisher\":{\"@id\":\"https:\/\/lustandlove.eu\/et\/#organization\"},\"potentialAction\":[{\"@type\":\"SearchAction\",\"target\":{\"@type\":\"EntryPoint\",\"urlTemplate\":\"https:\/\/lustandlove.eu\/et\/?s={search_term_string}\"},\"query-input\":\"required name=search_term_string\"}],\"inLanguage\":\"et\"},{\"@type\":\"Organization\",\"@id\":\"https:\/\/lustandlove.eu\/et\/#organization\",\"name\":\"Bioconcept Baltics O\u00dc\",\"url\":\"https:\/\/lustandlove.eu\/et\/\",\"logo\":{\"@type\":\"ImageObject\",\"inLanguage\":\"et\",\"@id\":\"https:\/\/lustandlove.eu\/et\/#\/schema\/logo\/image\/\",\"url\":\"\",\"contentUrl\":\"\",\"caption\":\"Bioconcept Baltics O\u00dc\"},\"image\":{\"@id\":\"https:\/\/lustandlove.eu\/et\/#\/schema\/logo\/image\/\"},\"sameAs\":[\"https:\/\/www.facebook.com\/LustandLoveEU\/\",\"https:\/\/www.instagram.com\/lustandloveeu\/\"]}]}<\/script>\n<!-- \/ Yoast SEO plugin. -->","yoast_head_json":{"title":"Spank Me Lapatsi Komplekt | Lust and Love","description":"Spank Me komplekt on lustakas lisa igasse magamistuppa.","robots":{"index,follow,max-snippet":"index,follow,max-snippet:-1,max-image-preview:large,max-video-preview:-1"},"canonical":"https:\/\/lustandlove.eu\/et\/toode\/spank-me-paddle-set-o-s-leg-avenue\/","twitter_card":"summary_large_image","twitter_title":"Spank Me Lapatsi Komplekt | Lust and Love","twitter_description":"Spank Me komplekt on lustakas lisa igasse magamistuppa.","twitter_image":"https:\/\/lustandlove.eu\/wp-content\/uploads\/LA-GB3813-2T.jpg","schema":{"@context":"https:\/\/schema.org","@graph":[{"@type":["WebPage","ItemPage"],"@id":"https:\/\/lustandlove.eu\/et\/toode\/spank-me-paddle-set-o-s-leg-avenue\/","url":"https:\/\/lustandlove.eu\/et\/toode\/spank-me-paddle-set-o-s-leg-avenue\/","name":"Spank Me Lapatsi Komplekt | Lust and Love","isPartOf":{"@id":"https:\/\/lustandlove.eu\/et\/#website"},"primaryImageOfPage":{"@id":"https:\/\/lustandlove.eu\/et\/toode\/spank-me-paddle-set-o-s-leg-avenue\/#primaryimage"},"image":{"@id":"https:\/\/lustandlove.eu\/et\/toode\/spank-me-paddle-set-o-s-leg-avenue\/#primaryimage"},"thumbnailUrl":"https:\/\/lustandlove.eu\/wp-content\/uploads\/LA-GB3813-2T.jpg","datePublished":"2021-05-28T07:33:45+00:00","dateModified":"2025-08-19T12:43:04+00:00","description":"Spank Me komplekt on lustakas lisa igasse magamistuppa.","breadcrumb":{"@id":"https:\/\/lustandlove.eu\/et\/toode\/spank-me-paddle-set-o-s-leg-avenue\/#breadcrumb"},"inLanguage":"et","potentialAction":[{"@type":"ReadAction","target":["https:\/\/lustandlove.eu\/et\/toode\/spank-me-paddle-set-o-s-leg-avenue\/"]}]},{"@type":"ImageObject","inLanguage":"et","@id":"https:\/\/lustandlove.eu\/et\/toode\/spank-me-paddle-set-o-s-leg-avenue\/#primaryimage","url":"https:\/\/lustandlove.eu\/wp-content\/uploads\/LA-GB3813-2T.jpg","contentUrl":"https:\/\/lustandlove.eu\/wp-content\/uploads\/LA-GB3813-2T.jpg","width":350,"height":427},{"@type":"BreadcrumbList","@id":"https:\/\/lustandlove.eu\/et\/toode\/spank-me-paddle-set-o-s-leg-avenue\/#breadcrumb","itemListElement":[{"@type":"ListItem","position":1,"name":"Lust and Love","item":"https:\/\/lustandlove.eu\/et\/"},{"@type":"ListItem","position":2,"name":"Pood","item":"https:\/\/lustandlove.eu\/et\/pood\/"},{"@type":"ListItem","position":3,"name":"Spank Me Lapatsi Komplekt"}]},{"@type":"WebSite","@id":"https:\/\/lustandlove.eu\/et\/#website","url":"https:\/\/lustandlove.eu\/et\/","name":"Lust &amp; Love","description":"Online erootikapood tervise, ilu ja armastuse jaoks","publisher":{"@id":"https:\/\/lustandlove.eu\/et\/#organization"},"potentialAction":[{"@type":"SearchAction","target":{"@type":"EntryPoint","urlTemplate":"https:\/\/lustandlove.eu\/et\/?s={search_term_string}"},"query-input":"required name=search_term_string"}],"inLanguage":"et"},{"@type":"Organization","@id":"https:\/\/lustandlove.eu\/et\/#organization","name":"Bioconcept Baltics O\u00dc","url":"https:\/\/lustandlove.eu\/et\/","logo":{"@type":"ImageObject","inLanguage":"et","@id":"https:\/\/lustandlove.eu\/et\/#\/schema\/logo\/image\/","url":"","contentUrl":"","caption":"Bioconcept Baltics O\u00dc"},"image":{"@id":"https:\/\/lustandlove.eu\/et\/#\/schema\/logo\/image\/"},"sameAs":["https:\/\/www.facebook.com\/LustandLoveEU\/","https:\/\/www.instagram.com\/lustandloveeu\/"]}]}},"_links":{"self":[{"href":"https:\/\/lustandlove.eu\/et\/wp-json\/wp\/v2\/product\/48325"}],"collection":[{"href":"https:\/\/lustandlove.eu\/et\/wp-json\/wp\/v2\/product"}],"about":[{"href":"https:\/\/lustandlove.eu\/et\/wp-json\/wp\/v2\/types\/product"}],"wp:featuredmedia":[{"embeddable":true,"href":"https:\/\/lustandlove.eu\/et\/wp-json\/wp\/v2\/media\/47828"}],"wp:attachment":[{"href":"https:\/\/lustandlove.eu\/et\/wp-json\/wp\/v2\/media?parent=48325"}],"wp:term":[{"taxonomy":"product_cat","embeddable":true,"href":"https:\/\/lustandlove.eu\/et\/wp-json\/wp\/v2\/product_cat?post=48325"},{"taxonomy":"product_tag","embeddable":true,"href":"https:\/\/lustandlove.eu\/et\/wp-json\/wp\/v2\/product_tag?post=48325"}],"curies":[{"name":"wp","href":"https:\/\/api.w.org\/{rel}","templated":true}]}}