{"id":48353,"date":"2021-09-08T15:49:22","date_gmt":"2021-09-08T12:49:22","guid":{"rendered":"https:\/\/www.lustandlove.eu\/product\/anaaltapp-kristalliga-vikerkaar\/"},"modified":"2026-04-13T10:36:57","modified_gmt":"2026-04-13T07:36:57","slug":"anaaltapp-kristalliga-vikerkaar","status":"publish","type":"product","link":"https:\/\/lustandlove.eu\/et\/toode\/anaaltapp-kristalliga-vikerkaar\/","title":{"rendered":"Anaaltapp Kristalliga Vikerkaar"},"content":{"rendered":"","protected":false},"excerpt":{"rendered":"<p>Alumiiniumist anaaltapp kaunite vikerkaareliste v\u00e4rvidega. Valmistatud 100% terasest, see kaunis anaaltapp toob v\u00e4rvi ja m\u00f5nu igal kasutamisel!<\/p>\n<p>&nbsp;<\/p>\n<table width=\"437\">\n<tbody>\n<tr>\n<td style=\"text-align: center;\"><\/td>\n<td style=\"text-align: center;\">Diameeter<\/td>\n<td style=\"text-align: center;\">Pikkus<\/td>\n<td style=\"text-align: center;\">Sisestatav<\/td>\n<td style=\"text-align: center;\">Kaal<\/td>\n<\/tr>\n<tr>\n<td>V\u00e4ike<\/td>\n<td style=\"text-align: center;\">27mm<\/td>\n<td style=\"text-align: center;\">70mm<\/td>\n<td style=\"text-align: center;\">55mm<\/td>\n<td style=\"text-align: center;\">47g<\/td>\n<\/tr>\n<tr>\n<td>Keskmine<\/td>\n<td style=\"text-align: center;\">33mm<\/td>\n<td style=\"text-align: center;\">80mm<\/td>\n<td style=\"text-align: center;\">65mm<\/td>\n<td style=\"text-align: center;\">84g<\/td>\n<\/tr>\n<tr>\n<td>Suur<\/td>\n<td style=\"text-align: center;\">40mm<\/td>\n<td style=\"text-align: center;\">95mm<\/td>\n<td style=\"text-align: center;\">78mm<\/td>\n<td style=\"text-align: center;\">144g<\/td>\n<\/tr>\n<\/tbody>\n<\/table>\n","protected":false},"featured_media":45214,"template":"","meta":[],"product_brand":[4228],"product_cat":[1491],"product_tag":[3403,3388,3312],"class_list":{"0":"post-48353","1":"product","2":"type-product","3":"status-publish","4":"has-post-thumbnail","6":"product_brand-o-products-et","7":"product_cat-anaallelud","8":"product_tag-naistepaev","9":"product_tag-pride-et","10":"product_tag-valentines-et","11":"pa_brand-o-products-et","13":"first","14":"instock","15":"taxable","16":"shipping-taxable","17":"purchasable","18":"product-type-variable"},"yoast_head":"<!-- This site is optimized with the Yoast SEO plugin v27.3 - https:\/\/yoast.com\/product\/yoast-seo-wordpress\/ -->\n<title>Anaaltapp Kristalliga Vikerkaar | Lust and Love<\/title>\n<meta name=\"robots\" content=\"index,follow,max-snippet:-1,max-image-preview:large,max-video-preview:-1\" \/>\n<link rel=\"canonical\" href=\"https:\/\/lustandlove.eu\/et\/toode\/anaaltapp-kristalliga-vikerkaar\/\" \/>\n<meta name=\"twitter:card\" content=\"summary_large_image\" \/>\n<meta name=\"twitter:title\" content=\"Anaaltapp Kristalliga Vikerkaar | Lust and Love\" \/>\n<meta name=\"twitter:description\" content=\"Alumiiniumist anaaltapp kaunite vikerkaareliste v\u00e4rvidega. Valmistatud 100% terasest, see kaunis anaaltapp toob v\u00e4rvi ja m\u00f5nu igal kasutamisel!  &nbsp;     Diameeter Pikkus Sisestatav Kaal   V\u00e4ike 27mm 70mm 55mm 47g   Keskmine 33mm 80mm 65mm 84g   Suur 40mm 95mm 78mm 144g\" \/>\n<meta name=\"twitter:image\" content=\"https:\/\/lustandlove.eu\/wp-content\/uploads\/opr-3330082-01.jpg\" \/>\n<meta name=\"twitter:label1\" content=\"Est. reading time\" \/>\n\t<meta name=\"twitter:data1\" content=\"1 minut\" \/>\n<script type=\"application\/ld+json\" class=\"yoast-schema-graph\">{\"@context\":\"https:\\\/\\\/schema.org\",\"@graph\":[{\"@type\":[\"WebPage\",\"ItemPage\"],\"@id\":\"https:\\\/\\\/lustandlove.eu\\\/et\\\/toode\\\/anaaltapp-kristalliga-vikerkaar\\\/\",\"url\":\"https:\\\/\\\/lustandlove.eu\\\/et\\\/toode\\\/anaaltapp-kristalliga-vikerkaar\\\/\",\"name\":\"Anaaltapp Kristalliga Vikerkaar | Lust and Love\",\"isPartOf\":{\"@id\":\"https:\\\/\\\/lustandlove.eu\\\/et\\\/#website\"},\"primaryImageOfPage\":{\"@id\":\"https:\\\/\\\/lustandlove.eu\\\/et\\\/toode\\\/anaaltapp-kristalliga-vikerkaar\\\/#primaryimage\"},\"image\":{\"@id\":\"https:\\\/\\\/lustandlove.eu\\\/et\\\/toode\\\/anaaltapp-kristalliga-vikerkaar\\\/#primaryimage\"},\"thumbnailUrl\":\"https:\\\/\\\/lustandlove.eu\\\/wp-content\\\/uploads\\\/opr-3330082-01.jpg\",\"datePublished\":\"2021-09-08T12:49:22+00:00\",\"dateModified\":\"2026-04-13T07:36:57+00:00\",\"breadcrumb\":{\"@id\":\"https:\\\/\\\/lustandlove.eu\\\/et\\\/toode\\\/anaaltapp-kristalliga-vikerkaar\\\/#breadcrumb\"},\"inLanguage\":\"et\",\"potentialAction\":[{\"@type\":\"ReadAction\",\"target\":[\"https:\\\/\\\/lustandlove.eu\\\/et\\\/toode\\\/anaaltapp-kristalliga-vikerkaar\\\/\"]}]},{\"@type\":\"ImageObject\",\"inLanguage\":\"et\",\"@id\":\"https:\\\/\\\/lustandlove.eu\\\/et\\\/toode\\\/anaaltapp-kristalliga-vikerkaar\\\/#primaryimage\",\"url\":\"https:\\\/\\\/lustandlove.eu\\\/wp-content\\\/uploads\\\/opr-3330082-01.jpg\",\"contentUrl\":\"https:\\\/\\\/lustandlove.eu\\\/wp-content\\\/uploads\\\/opr-3330082-01.jpg\",\"width\":700,\"height\":450,\"caption\":\"Rainbow Buttplug with Gem\"},{\"@type\":\"BreadcrumbList\",\"@id\":\"https:\\\/\\\/lustandlove.eu\\\/et\\\/toode\\\/anaaltapp-kristalliga-vikerkaar\\\/#breadcrumb\",\"itemListElement\":[{\"@type\":\"ListItem\",\"position\":1,\"name\":\"Lust and Love\",\"item\":\"https:\\\/\\\/lustandlove.eu\\\/et\\\/\"},{\"@type\":\"ListItem\",\"position\":2,\"name\":\"Pood\",\"item\":\"https:\\\/\\\/lustandlove.eu\\\/et\\\/pood\\\/\"},{\"@type\":\"ListItem\",\"position\":3,\"name\":\"Sekslelud\",\"item\":\"https:\\\/\\\/lustandlove.eu\\\/et\\\/pood\\\/sekslelud\\\/\"},{\"@type\":\"ListItem\",\"position\":4,\"name\":\"Anaallelud\",\"item\":\"https:\\\/\\\/lustandlove.eu\\\/et\\\/pood\\\/sekslelud\\\/anaallelud\\\/\"},{\"@type\":\"ListItem\",\"position\":5,\"name\":\"Anaaltapp Kristalliga Vikerkaar\"}]},{\"@type\":\"WebSite\",\"@id\":\"https:\\\/\\\/lustandlove.eu\\\/et\\\/#website\",\"url\":\"https:\\\/\\\/lustandlove.eu\\\/et\\\/\",\"name\":\"Lust &amp; Love\",\"description\":\"Online erootikapood tervise, ilu ja armastuse jaoks\",\"publisher\":{\"@id\":\"https:\\\/\\\/lustandlove.eu\\\/et\\\/#organization\"},\"potentialAction\":[{\"@type\":\"SearchAction\",\"target\":{\"@type\":\"EntryPoint\",\"urlTemplate\":\"https:\\\/\\\/lustandlove.eu\\\/et\\\/?s={search_term_string}\"},\"query-input\":{\"@type\":\"PropertyValueSpecification\",\"valueRequired\":true,\"valueName\":\"search_term_string\"}}],\"inLanguage\":\"et\"},{\"@type\":\"Organization\",\"@id\":\"https:\\\/\\\/lustandlove.eu\\\/et\\\/#organization\",\"name\":\"Bioconcept Baltics O\u00dc\",\"url\":\"https:\\\/\\\/lustandlove.eu\\\/et\\\/\",\"logo\":{\"@type\":\"ImageObject\",\"inLanguage\":\"et\",\"@id\":\"https:\\\/\\\/lustandlove.eu\\\/et\\\/#\\\/schema\\\/logo\\\/image\\\/\",\"url\":\"\",\"contentUrl\":\"\",\"caption\":\"Bioconcept Baltics O\u00dc\"},\"image\":{\"@id\":\"https:\\\/\\\/lustandlove.eu\\\/et\\\/#\\\/schema\\\/logo\\\/image\\\/\"},\"sameAs\":[\"https:\\\/\\\/www.facebook.com\\\/LustandLoveEU\\\/\",\"https:\\\/\\\/www.instagram.com\\\/lustandloveeu\\\/\"]}]}<\/script>\n<!-- \/ Yoast SEO plugin. -->","yoast_head_json":{"title":"Anaaltapp Kristalliga Vikerkaar | Lust and Love","robots":{"index,follow,max-snippet":"index,follow,max-snippet:-1,max-image-preview:large,max-video-preview:-1"},"canonical":"https:\/\/lustandlove.eu\/et\/toode\/anaaltapp-kristalliga-vikerkaar\/","twitter_card":"summary_large_image","twitter_title":"Anaaltapp Kristalliga Vikerkaar | Lust and Love","twitter_description":"Alumiiniumist anaaltapp kaunite vikerkaareliste v\u00e4rvidega. Valmistatud 100% terasest, see kaunis anaaltapp toob v\u00e4rvi ja m\u00f5nu igal kasutamisel!  &nbsp;     Diameeter Pikkus Sisestatav Kaal   V\u00e4ike 27mm 70mm 55mm 47g   Keskmine 33mm 80mm 65mm 84g   Suur 40mm 95mm 78mm 144g","twitter_image":"https:\/\/lustandlove.eu\/wp-content\/uploads\/opr-3330082-01.jpg","twitter_misc":{"Est. reading time":"1 minut"},"schema":{"@context":"https:\/\/schema.org","@graph":[{"@type":["WebPage","ItemPage"],"@id":"https:\/\/lustandlove.eu\/et\/toode\/anaaltapp-kristalliga-vikerkaar\/","url":"https:\/\/lustandlove.eu\/et\/toode\/anaaltapp-kristalliga-vikerkaar\/","name":"Anaaltapp Kristalliga Vikerkaar | Lust and Love","isPartOf":{"@id":"https:\/\/lustandlove.eu\/et\/#website"},"primaryImageOfPage":{"@id":"https:\/\/lustandlove.eu\/et\/toode\/anaaltapp-kristalliga-vikerkaar\/#primaryimage"},"image":{"@id":"https:\/\/lustandlove.eu\/et\/toode\/anaaltapp-kristalliga-vikerkaar\/#primaryimage"},"thumbnailUrl":"https:\/\/lustandlove.eu\/wp-content\/uploads\/opr-3330082-01.jpg","datePublished":"2021-09-08T12:49:22+00:00","dateModified":"2026-04-13T07:36:57+00:00","breadcrumb":{"@id":"https:\/\/lustandlove.eu\/et\/toode\/anaaltapp-kristalliga-vikerkaar\/#breadcrumb"},"inLanguage":"et","potentialAction":[{"@type":"ReadAction","target":["https:\/\/lustandlove.eu\/et\/toode\/anaaltapp-kristalliga-vikerkaar\/"]}]},{"@type":"ImageObject","inLanguage":"et","@id":"https:\/\/lustandlove.eu\/et\/toode\/anaaltapp-kristalliga-vikerkaar\/#primaryimage","url":"https:\/\/lustandlove.eu\/wp-content\/uploads\/opr-3330082-01.jpg","contentUrl":"https:\/\/lustandlove.eu\/wp-content\/uploads\/opr-3330082-01.jpg","width":700,"height":450,"caption":"Rainbow Buttplug with Gem"},{"@type":"BreadcrumbList","@id":"https:\/\/lustandlove.eu\/et\/toode\/anaaltapp-kristalliga-vikerkaar\/#breadcrumb","itemListElement":[{"@type":"ListItem","position":1,"name":"Lust and Love","item":"https:\/\/lustandlove.eu\/et\/"},{"@type":"ListItem","position":2,"name":"Pood","item":"https:\/\/lustandlove.eu\/et\/pood\/"},{"@type":"ListItem","position":3,"name":"Sekslelud","item":"https:\/\/lustandlove.eu\/et\/pood\/sekslelud\/"},{"@type":"ListItem","position":4,"name":"Anaallelud","item":"https:\/\/lustandlove.eu\/et\/pood\/sekslelud\/anaallelud\/"},{"@type":"ListItem","position":5,"name":"Anaaltapp Kristalliga Vikerkaar"}]},{"@type":"WebSite","@id":"https:\/\/lustandlove.eu\/et\/#website","url":"https:\/\/lustandlove.eu\/et\/","name":"Lust &amp; Love","description":"Online erootikapood tervise, ilu ja armastuse jaoks","publisher":{"@id":"https:\/\/lustandlove.eu\/et\/#organization"},"potentialAction":[{"@type":"SearchAction","target":{"@type":"EntryPoint","urlTemplate":"https:\/\/lustandlove.eu\/et\/?s={search_term_string}"},"query-input":{"@type":"PropertyValueSpecification","valueRequired":true,"valueName":"search_term_string"}}],"inLanguage":"et"},{"@type":"Organization","@id":"https:\/\/lustandlove.eu\/et\/#organization","name":"Bioconcept Baltics O\u00dc","url":"https:\/\/lustandlove.eu\/et\/","logo":{"@type":"ImageObject","inLanguage":"et","@id":"https:\/\/lustandlove.eu\/et\/#\/schema\/logo\/image\/","url":"","contentUrl":"","caption":"Bioconcept Baltics O\u00dc"},"image":{"@id":"https:\/\/lustandlove.eu\/et\/#\/schema\/logo\/image\/"},"sameAs":["https:\/\/www.facebook.com\/LustandLoveEU\/","https:\/\/www.instagram.com\/lustandloveeu\/"]}]}},"_links":{"self":[{"href":"https:\/\/lustandlove.eu\/et\/wp-json\/wp\/v2\/product\/48353","targetHints":{"allow":["GET"]}}],"collection":[{"href":"https:\/\/lustandlove.eu\/et\/wp-json\/wp\/v2\/product"}],"about":[{"href":"https:\/\/lustandlove.eu\/et\/wp-json\/wp\/v2\/types\/product"}],"wp:featuredmedia":[{"embeddable":true,"href":"https:\/\/lustandlove.eu\/et\/wp-json\/wp\/v2\/media\/45214"}],"wp:attachment":[{"href":"https:\/\/lustandlove.eu\/et\/wp-json\/wp\/v2\/media?parent=48353"}],"wp:term":[{"taxonomy":"product_brand","embeddable":true,"href":"https:\/\/lustandlove.eu\/et\/wp-json\/wp\/v2\/product_brand?post=48353"},{"taxonomy":"product_cat","embeddable":true,"href":"https:\/\/lustandlove.eu\/et\/wp-json\/wp\/v2\/product_cat?post=48353"},{"taxonomy":"product_tag","embeddable":true,"href":"https:\/\/lustandlove.eu\/et\/wp-json\/wp\/v2\/product_tag?post=48353"}],"curies":[{"name":"wp","href":"https:\/\/api.w.org\/{rel}","templated":true}]}}