{"id":48364,"date":"2021-05-28T10:33:42","date_gmt":"2021-05-28T07:33:42","guid":{"rendered":"https:\/\/www.lustandlove.eu\/product\/kruvitava-sabaga-anaaltapp\/"},"modified":"2026-04-13T10:38:04","modified_gmt":"2026-04-13T07:38:04","slug":"kruvitava-sabaga-anaaltapp","status":"publish","type":"product","link":"https:\/\/lustandlove.eu\/et\/toode\/kruvitava-sabaga-anaaltapp\/","title":{"rendered":"Kruvitava Sabaga Anaaltapp"},"content":{"rendered":"<p>Vahva sabaga anaaltapp, mille karvane osa on \u00e4rakruvitav ning asendatav ilusa kristalliga.<\/p>\n<p>See anaaltapp on iseenesest v\u00e4ike, t\u00e4nu millele on lelu hea alustavale kasutajale, kellel pole palju kogemusi anaaltappidega.<\/p>\n<p>Kanna seda saba vallatul peol v\u00f5i oma silmar\u00f5\u00f5mu jaoks \u2013 seksikas enesetunne garanteeritud!<\/p>\n<p>Tehtud k\u00f5rgekvaliteetsest alumiiniumist, t\u00e4nu millele on lelu kehas\u00f5bralik ja turvaline kasutada.<\/p>\n<p>Saba sees on selgroole sarnane konstruktsioon, mida saab painutada nii, et saba hoiab sinu poolt s\u00e4titud kuju \u2013 saba ei ripu niisama vaid hoiab oma kuju.<\/p>\n<p>Kui soovid lelu kasutada ainult anaaltapina, siis kruvi saba osa maha ning asenda pakendis oleva teise kristalliga otsikuga.<\/p>\n","protected":false},"excerpt":{"rendered":"<p>Vahva sabaga anaaltapp, mille karvane osa on \u00e4rakruvitav ning asendatav ilusa kristalliga.<\/p>\n","protected":false},"featured_media":47814,"template":"","meta":[],"product_brand":[4218],"product_cat":[1491],"product_tag":[1506,1510,1583],"class_list":{"0":"post-48364","1":"product","2":"type-product","3":"status-publish","4":"has-post-thumbnail","6":"product_brand-kiotos-et","7":"product_cat-anaallelud","8":"product_tag-anaal-et","9":"product_tag-anaaltapp","10":"product_tag-saba","11":"pa_brand-kiotos-et","13":"first","14":"instock","15":"taxable","16":"shipping-taxable","17":"purchasable","18":"product-type-variable"},"yoast_head":"<!-- This site is optimized with the Yoast SEO plugin v27.3 - https:\/\/yoast.com\/product\/yoast-seo-wordpress\/ -->\n<title>Tail Butt Plug - Screwable | Lust &amp; Love Adult Toy Store<\/title>\n<meta name=\"description\" content=\"Vahva sabaga anaaltapp, mille karvane osa on \u00e4rakruvitav ning asendatav ilusa kristalliga.\" \/>\n<meta name=\"robots\" content=\"index,follow,max-snippet:-1,max-image-preview:large,max-video-preview:-1\" \/>\n<link rel=\"canonical\" href=\"https:\/\/lustandlove.eu\/et\/toode\/kruvitava-sabaga-anaaltapp\/\" \/>\n<meta name=\"twitter:card\" content=\"summary_large_image\" \/>\n<meta name=\"twitter:title\" content=\"Tail Butt Plug - Screwable | Lust &amp; Love Adult Toy Store\" \/>\n<meta name=\"twitter:description\" content=\"Vahva sabaga anaaltapp, mille karvane osa on \u00e4rakruvitav ning asendatav ilusa kristalliga.\" \/>\n<meta name=\"twitter:image\" content=\"https:\/\/lustandlove.eu\/wp-content\/uploads\/screwed-tail-plug-01.jpg\" \/>\n<meta name=\"twitter:label1\" content=\"Est. reading time\" \/>\n\t<meta name=\"twitter:data1\" content=\"1 minut\" \/>\n<script type=\"application\/ld+json\" class=\"yoast-schema-graph\">{\"@context\":\"https:\\\/\\\/schema.org\",\"@graph\":[{\"@type\":[\"WebPage\",\"ItemPage\"],\"@id\":\"https:\\\/\\\/lustandlove.eu\\\/et\\\/toode\\\/kruvitava-sabaga-anaaltapp\\\/\",\"url\":\"https:\\\/\\\/lustandlove.eu\\\/et\\\/toode\\\/kruvitava-sabaga-anaaltapp\\\/\",\"name\":\"Tail Butt Plug - Screwable | Lust & Love Adult Toy Store\",\"isPartOf\":{\"@id\":\"https:\\\/\\\/lustandlove.eu\\\/et\\\/#website\"},\"primaryImageOfPage\":{\"@id\":\"https:\\\/\\\/lustandlove.eu\\\/et\\\/toode\\\/kruvitava-sabaga-anaaltapp\\\/#primaryimage\"},\"image\":{\"@id\":\"https:\\\/\\\/lustandlove.eu\\\/et\\\/toode\\\/kruvitava-sabaga-anaaltapp\\\/#primaryimage\"},\"thumbnailUrl\":\"https:\\\/\\\/lustandlove.eu\\\/wp-content\\\/uploads\\\/screwed-tail-plug-01.jpg\",\"datePublished\":\"2021-05-28T07:33:42+00:00\",\"dateModified\":\"2026-04-13T07:38:04+00:00\",\"description\":\"Vahva sabaga anaaltapp, mille karvane osa on \u00e4rakruvitav ning asendatav ilusa kristalliga.\",\"breadcrumb\":{\"@id\":\"https:\\\/\\\/lustandlove.eu\\\/et\\\/toode\\\/kruvitava-sabaga-anaaltapp\\\/#breadcrumb\"},\"inLanguage\":\"et\",\"potentialAction\":[{\"@type\":\"ReadAction\",\"target\":[\"https:\\\/\\\/lustandlove.eu\\\/et\\\/toode\\\/kruvitava-sabaga-anaaltapp\\\/\"]}]},{\"@type\":\"ImageObject\",\"inLanguage\":\"et\",\"@id\":\"https:\\\/\\\/lustandlove.eu\\\/et\\\/toode\\\/kruvitava-sabaga-anaaltapp\\\/#primaryimage\",\"url\":\"https:\\\/\\\/lustandlove.eu\\\/wp-content\\\/uploads\\\/screwed-tail-plug-01.jpg\",\"contentUrl\":\"https:\\\/\\\/lustandlove.eu\\\/wp-content\\\/uploads\\\/screwed-tail-plug-01.jpg\",\"width\":1000,\"height\":1000},{\"@type\":\"BreadcrumbList\",\"@id\":\"https:\\\/\\\/lustandlove.eu\\\/et\\\/toode\\\/kruvitava-sabaga-anaaltapp\\\/#breadcrumb\",\"itemListElement\":[{\"@type\":\"ListItem\",\"position\":1,\"name\":\"Lust and Love\",\"item\":\"https:\\\/\\\/lustandlove.eu\\\/et\\\/\"},{\"@type\":\"ListItem\",\"position\":2,\"name\":\"Pood\",\"item\":\"https:\\\/\\\/lustandlove.eu\\\/et\\\/pood\\\/\"},{\"@type\":\"ListItem\",\"position\":3,\"name\":\"Sekslelud\",\"item\":\"https:\\\/\\\/lustandlove.eu\\\/et\\\/pood\\\/sekslelud\\\/\"},{\"@type\":\"ListItem\",\"position\":4,\"name\":\"LGBTQ\",\"item\":\"https:\\\/\\\/lustandlove.eu\\\/et\\\/pood\\\/sekslelud\\\/lgbtq-et\\\/\"},{\"@type\":\"ListItem\",\"position\":5,\"name\":\"Kruvitava Sabaga Anaaltapp\"}]},{\"@type\":\"WebSite\",\"@id\":\"https:\\\/\\\/lustandlove.eu\\\/et\\\/#website\",\"url\":\"https:\\\/\\\/lustandlove.eu\\\/et\\\/\",\"name\":\"Lust &amp; Love\",\"description\":\"Online erootikapood tervise, ilu ja armastuse jaoks\",\"publisher\":{\"@id\":\"https:\\\/\\\/lustandlove.eu\\\/et\\\/#organization\"},\"potentialAction\":[{\"@type\":\"SearchAction\",\"target\":{\"@type\":\"EntryPoint\",\"urlTemplate\":\"https:\\\/\\\/lustandlove.eu\\\/et\\\/?s={search_term_string}\"},\"query-input\":{\"@type\":\"PropertyValueSpecification\",\"valueRequired\":true,\"valueName\":\"search_term_string\"}}],\"inLanguage\":\"et\"},{\"@type\":\"Organization\",\"@id\":\"https:\\\/\\\/lustandlove.eu\\\/et\\\/#organization\",\"name\":\"Bioconcept Baltics O\u00dc\",\"url\":\"https:\\\/\\\/lustandlove.eu\\\/et\\\/\",\"logo\":{\"@type\":\"ImageObject\",\"inLanguage\":\"et\",\"@id\":\"https:\\\/\\\/lustandlove.eu\\\/et\\\/#\\\/schema\\\/logo\\\/image\\\/\",\"url\":\"\",\"contentUrl\":\"\",\"caption\":\"Bioconcept Baltics O\u00dc\"},\"image\":{\"@id\":\"https:\\\/\\\/lustandlove.eu\\\/et\\\/#\\\/schema\\\/logo\\\/image\\\/\"},\"sameAs\":[\"https:\\\/\\\/www.facebook.com\\\/LustandLoveEU\\\/\",\"https:\\\/\\\/www.instagram.com\\\/lustandloveeu\\\/\"]}]}<\/script>\n<!-- \/ Yoast SEO plugin. -->","yoast_head_json":{"title":"Tail Butt Plug - Screwable | Lust & Love Adult Toy Store","description":"Vahva sabaga anaaltapp, mille karvane osa on \u00e4rakruvitav ning asendatav ilusa kristalliga.","robots":{"index,follow,max-snippet":"index,follow,max-snippet:-1,max-image-preview:large,max-video-preview:-1"},"canonical":"https:\/\/lustandlove.eu\/et\/toode\/kruvitava-sabaga-anaaltapp\/","twitter_card":"summary_large_image","twitter_title":"Tail Butt Plug - Screwable | Lust & Love Adult Toy Store","twitter_description":"Vahva sabaga anaaltapp, mille karvane osa on \u00e4rakruvitav ning asendatav ilusa kristalliga.","twitter_image":"https:\/\/lustandlove.eu\/wp-content\/uploads\/screwed-tail-plug-01.jpg","twitter_misc":{"Est. reading time":"1 minut"},"schema":{"@context":"https:\/\/schema.org","@graph":[{"@type":["WebPage","ItemPage"],"@id":"https:\/\/lustandlove.eu\/et\/toode\/kruvitava-sabaga-anaaltapp\/","url":"https:\/\/lustandlove.eu\/et\/toode\/kruvitava-sabaga-anaaltapp\/","name":"Tail Butt Plug - Screwable | Lust & Love Adult Toy Store","isPartOf":{"@id":"https:\/\/lustandlove.eu\/et\/#website"},"primaryImageOfPage":{"@id":"https:\/\/lustandlove.eu\/et\/toode\/kruvitava-sabaga-anaaltapp\/#primaryimage"},"image":{"@id":"https:\/\/lustandlove.eu\/et\/toode\/kruvitava-sabaga-anaaltapp\/#primaryimage"},"thumbnailUrl":"https:\/\/lustandlove.eu\/wp-content\/uploads\/screwed-tail-plug-01.jpg","datePublished":"2021-05-28T07:33:42+00:00","dateModified":"2026-04-13T07:38:04+00:00","description":"Vahva sabaga anaaltapp, mille karvane osa on \u00e4rakruvitav ning asendatav ilusa kristalliga.","breadcrumb":{"@id":"https:\/\/lustandlove.eu\/et\/toode\/kruvitava-sabaga-anaaltapp\/#breadcrumb"},"inLanguage":"et","potentialAction":[{"@type":"ReadAction","target":["https:\/\/lustandlove.eu\/et\/toode\/kruvitava-sabaga-anaaltapp\/"]}]},{"@type":"ImageObject","inLanguage":"et","@id":"https:\/\/lustandlove.eu\/et\/toode\/kruvitava-sabaga-anaaltapp\/#primaryimage","url":"https:\/\/lustandlove.eu\/wp-content\/uploads\/screwed-tail-plug-01.jpg","contentUrl":"https:\/\/lustandlove.eu\/wp-content\/uploads\/screwed-tail-plug-01.jpg","width":1000,"height":1000},{"@type":"BreadcrumbList","@id":"https:\/\/lustandlove.eu\/et\/toode\/kruvitava-sabaga-anaaltapp\/#breadcrumb","itemListElement":[{"@type":"ListItem","position":1,"name":"Lust and Love","item":"https:\/\/lustandlove.eu\/et\/"},{"@type":"ListItem","position":2,"name":"Pood","item":"https:\/\/lustandlove.eu\/et\/pood\/"},{"@type":"ListItem","position":3,"name":"Sekslelud","item":"https:\/\/lustandlove.eu\/et\/pood\/sekslelud\/"},{"@type":"ListItem","position":4,"name":"LGBTQ","item":"https:\/\/lustandlove.eu\/et\/pood\/sekslelud\/lgbtq-et\/"},{"@type":"ListItem","position":5,"name":"Kruvitava Sabaga Anaaltapp"}]},{"@type":"WebSite","@id":"https:\/\/lustandlove.eu\/et\/#website","url":"https:\/\/lustandlove.eu\/et\/","name":"Lust &amp; Love","description":"Online erootikapood tervise, ilu ja armastuse jaoks","publisher":{"@id":"https:\/\/lustandlove.eu\/et\/#organization"},"potentialAction":[{"@type":"SearchAction","target":{"@type":"EntryPoint","urlTemplate":"https:\/\/lustandlove.eu\/et\/?s={search_term_string}"},"query-input":{"@type":"PropertyValueSpecification","valueRequired":true,"valueName":"search_term_string"}}],"inLanguage":"et"},{"@type":"Organization","@id":"https:\/\/lustandlove.eu\/et\/#organization","name":"Bioconcept Baltics O\u00dc","url":"https:\/\/lustandlove.eu\/et\/","logo":{"@type":"ImageObject","inLanguage":"et","@id":"https:\/\/lustandlove.eu\/et\/#\/schema\/logo\/image\/","url":"","contentUrl":"","caption":"Bioconcept Baltics O\u00dc"},"image":{"@id":"https:\/\/lustandlove.eu\/et\/#\/schema\/logo\/image\/"},"sameAs":["https:\/\/www.facebook.com\/LustandLoveEU\/","https:\/\/www.instagram.com\/lustandloveeu\/"]}]}},"_links":{"self":[{"href":"https:\/\/lustandlove.eu\/et\/wp-json\/wp\/v2\/product\/48364","targetHints":{"allow":["GET"]}}],"collection":[{"href":"https:\/\/lustandlove.eu\/et\/wp-json\/wp\/v2\/product"}],"about":[{"href":"https:\/\/lustandlove.eu\/et\/wp-json\/wp\/v2\/types\/product"}],"wp:featuredmedia":[{"embeddable":true,"href":"https:\/\/lustandlove.eu\/et\/wp-json\/wp\/v2\/media\/47814"}],"wp:attachment":[{"href":"https:\/\/lustandlove.eu\/et\/wp-json\/wp\/v2\/media?parent=48364"}],"wp:term":[{"taxonomy":"product_brand","embeddable":true,"href":"https:\/\/lustandlove.eu\/et\/wp-json\/wp\/v2\/product_brand?post=48364"},{"taxonomy":"product_cat","embeddable":true,"href":"https:\/\/lustandlove.eu\/et\/wp-json\/wp\/v2\/product_cat?post=48364"},{"taxonomy":"product_tag","embeddable":true,"href":"https:\/\/lustandlove.eu\/et\/wp-json\/wp\/v2\/product_tag?post=48364"}],"curies":[{"name":"wp","href":"https:\/\/api.w.org\/{rel}","templated":true}]}}