{"id":48367,"date":"2021-05-28T10:33:42","date_gmt":"2021-05-28T07:33:42","guid":{"rendered":"https:\/\/www.lustandlove.eu\/product\/inimnapaga-dildo-cox-19\/"},"modified":"2026-04-13T10:38:03","modified_gmt":"2026-04-13T07:38:03","slug":"inimnapaga-dildo-cox-19","status":"publish","type":"product","link":"https:\/\/lustandlove.eu\/et\/toode\/inimnapaga-dildo-cox-19\/","title":{"rendered":"Inimnapaga Dildo COX 19"},"content":{"rendered":"<p>Cox Seeria dildod on veenilised ning koos munanditega.\u00a0Kiotos\u00a0dildo on tehtud termoplastilisest elastomeerist, t\u00e4nu millele on sellel realistlik v\u00e4limus ja tunnetus.<\/p>\n<p>Sellel lelul on tugev iminapp, t\u00e4nu millele on v\u00f5imalik lelu kinnitada erinevatele pindadele, n\u00e4iteks nagu seintele, vanni \u00e4\u00e4rele v\u00f5i p\u00f5randale.<\/p>\n<p>Lelu sobib imeliselt kasutamiseks ka strap-onidega v\u00f5i O-r\u00f5ngastega. Lelu on painduv, kuid ei ole l\u00f5tv.<\/p>\n<p>Sobib kasutamiseks nii vee baasil kui ka silikooni baasil libestitega.<\/p>\n","protected":false},"excerpt":{"rendered":"<p>Cox Seeria dildod on veenilised ning koos munanditega.<\/p>\n","protected":false},"featured_media":47807,"template":"","meta":[],"product_brand":[4218],"product_cat":[1485,4065,1484],"product_tag":[1516,1582],"class_list":{"0":"post-48367","1":"product","2":"type-product","3":"status-publish","4":"has-post-thumbnail","6":"product_brand-kiotos-et","7":"product_cat-dildod","8":"product_cat-realistlik","9":"product_cat-sekslelud","10":"product_tag-dildo-et","11":"product_tag-iminapp","12":"pa_brand-kiotos-et","14":"first","15":"instock","16":"taxable","17":"shipping-taxable","18":"purchasable","19":"product-type-simple"},"yoast_head":"<!-- This site is optimized with the Yoast SEO plugin v27.3 - https:\/\/yoast.com\/product\/yoast-seo-wordpress\/ -->\n<title>Inimnapaga Dildo COX 19 | Lust &amp; Love Sex Shop<\/title>\n<meta name=\"description\" content=\"Cox Seeria dildod on veenilised ning koos munanditega.\u00a0\" \/>\n<meta name=\"robots\" content=\"index,follow,max-snippet:-1,max-image-preview:large,max-video-preview:-1\" \/>\n<link rel=\"canonical\" href=\"https:\/\/lustandlove.eu\/et\/toode\/inimnapaga-dildo-cox-19\/\" \/>\n<meta name=\"twitter:card\" content=\"summary_large_image\" \/>\n<meta name=\"twitter:title\" content=\"Inimnapaga Dildo COX 19 | Lust &amp; Love Sex Shop\" \/>\n<meta name=\"twitter:description\" content=\"Cox Seeria dildod on veenilised ning koos munanditega.\u00a0\" \/>\n<meta name=\"twitter:image\" content=\"https:\/\/lustandlove.eu\/wp-content\/uploads\/COX-19-01.jpg\" \/>\n<script type=\"application\/ld+json\" class=\"yoast-schema-graph\">{\"@context\":\"https:\\\/\\\/schema.org\",\"@graph\":[{\"@type\":[\"WebPage\",\"ItemPage\"],\"@id\":\"https:\\\/\\\/lustandlove.eu\\\/et\\\/toode\\\/inimnapaga-dildo-cox-19\\\/\",\"url\":\"https:\\\/\\\/lustandlove.eu\\\/et\\\/toode\\\/inimnapaga-dildo-cox-19\\\/\",\"name\":\"Inimnapaga Dildo COX 19 | Lust & Love Sex Shop\",\"isPartOf\":{\"@id\":\"https:\\\/\\\/lustandlove.eu\\\/et\\\/#website\"},\"primaryImageOfPage\":{\"@id\":\"https:\\\/\\\/lustandlove.eu\\\/et\\\/toode\\\/inimnapaga-dildo-cox-19\\\/#primaryimage\"},\"image\":{\"@id\":\"https:\\\/\\\/lustandlove.eu\\\/et\\\/toode\\\/inimnapaga-dildo-cox-19\\\/#primaryimage\"},\"thumbnailUrl\":\"https:\\\/\\\/lustandlove.eu\\\/wp-content\\\/uploads\\\/COX-19-01.jpg\",\"datePublished\":\"2021-05-28T07:33:42+00:00\",\"dateModified\":\"2026-04-13T07:38:03+00:00\",\"description\":\"Cox Seeria dildod on veenilised ning koos munanditega.\u00a0\",\"breadcrumb\":{\"@id\":\"https:\\\/\\\/lustandlove.eu\\\/et\\\/toode\\\/inimnapaga-dildo-cox-19\\\/#breadcrumb\"},\"inLanguage\":\"et\",\"potentialAction\":[{\"@type\":\"ReadAction\",\"target\":[\"https:\\\/\\\/lustandlove.eu\\\/et\\\/toode\\\/inimnapaga-dildo-cox-19\\\/\"]}]},{\"@type\":\"ImageObject\",\"inLanguage\":\"et\",\"@id\":\"https:\\\/\\\/lustandlove.eu\\\/et\\\/toode\\\/inimnapaga-dildo-cox-19\\\/#primaryimage\",\"url\":\"https:\\\/\\\/lustandlove.eu\\\/wp-content\\\/uploads\\\/COX-19-01.jpg\",\"contentUrl\":\"https:\\\/\\\/lustandlove.eu\\\/wp-content\\\/uploads\\\/COX-19-01.jpg\",\"width\":1200,\"height\":1200},{\"@type\":\"BreadcrumbList\",\"@id\":\"https:\\\/\\\/lustandlove.eu\\\/et\\\/toode\\\/inimnapaga-dildo-cox-19\\\/#breadcrumb\",\"itemListElement\":[{\"@type\":\"ListItem\",\"position\":1,\"name\":\"Lust and Love\",\"item\":\"https:\\\/\\\/lustandlove.eu\\\/et\\\/\"},{\"@type\":\"ListItem\",\"position\":2,\"name\":\"Pood\",\"item\":\"https:\\\/\\\/lustandlove.eu\\\/et\\\/pood\\\/\"},{\"@type\":\"ListItem\",\"position\":3,\"name\":\"Sekslelud\",\"item\":\"https:\\\/\\\/lustandlove.eu\\\/et\\\/pood\\\/sekslelud\\\/\"},{\"@type\":\"ListItem\",\"position\":4,\"name\":\"Dildod\",\"item\":\"https:\\\/\\\/lustandlove.eu\\\/et\\\/pood\\\/sekslelud\\\/dildod\\\/\"},{\"@type\":\"ListItem\",\"position\":5,\"name\":\"Realistlik\",\"item\":\"https:\\\/\\\/lustandlove.eu\\\/et\\\/pood\\\/sekslelud\\\/dildod\\\/realistlik\\\/\"},{\"@type\":\"ListItem\",\"position\":6,\"name\":\"Inimnapaga Dildo COX 19\"}]},{\"@type\":\"WebSite\",\"@id\":\"https:\\\/\\\/lustandlove.eu\\\/et\\\/#website\",\"url\":\"https:\\\/\\\/lustandlove.eu\\\/et\\\/\",\"name\":\"Lust &amp; Love\",\"description\":\"Online erootikapood tervise, ilu ja armastuse jaoks\",\"publisher\":{\"@id\":\"https:\\\/\\\/lustandlove.eu\\\/et\\\/#organization\"},\"potentialAction\":[{\"@type\":\"SearchAction\",\"target\":{\"@type\":\"EntryPoint\",\"urlTemplate\":\"https:\\\/\\\/lustandlove.eu\\\/et\\\/?s={search_term_string}\"},\"query-input\":{\"@type\":\"PropertyValueSpecification\",\"valueRequired\":true,\"valueName\":\"search_term_string\"}}],\"inLanguage\":\"et\"},{\"@type\":\"Organization\",\"@id\":\"https:\\\/\\\/lustandlove.eu\\\/et\\\/#organization\",\"name\":\"Bioconcept Baltics O\u00dc\",\"url\":\"https:\\\/\\\/lustandlove.eu\\\/et\\\/\",\"logo\":{\"@type\":\"ImageObject\",\"inLanguage\":\"et\",\"@id\":\"https:\\\/\\\/lustandlove.eu\\\/et\\\/#\\\/schema\\\/logo\\\/image\\\/\",\"url\":\"\",\"contentUrl\":\"\",\"caption\":\"Bioconcept Baltics O\u00dc\"},\"image\":{\"@id\":\"https:\\\/\\\/lustandlove.eu\\\/et\\\/#\\\/schema\\\/logo\\\/image\\\/\"},\"sameAs\":[\"https:\\\/\\\/www.facebook.com\\\/LustandLoveEU\\\/\",\"https:\\\/\\\/www.instagram.com\\\/lustandloveeu\\\/\"]}]}<\/script>\n<!-- \/ Yoast SEO plugin. -->","yoast_head_json":{"title":"Inimnapaga Dildo COX 19 | Lust & Love Sex Shop","description":"Cox Seeria dildod on veenilised ning koos munanditega.\u00a0","robots":{"index,follow,max-snippet":"index,follow,max-snippet:-1,max-image-preview:large,max-video-preview:-1"},"canonical":"https:\/\/lustandlove.eu\/et\/toode\/inimnapaga-dildo-cox-19\/","twitter_card":"summary_large_image","twitter_title":"Inimnapaga Dildo COX 19 | Lust & Love Sex Shop","twitter_description":"Cox Seeria dildod on veenilised ning koos munanditega.\u00a0","twitter_image":"https:\/\/lustandlove.eu\/wp-content\/uploads\/COX-19-01.jpg","schema":{"@context":"https:\/\/schema.org","@graph":[{"@type":["WebPage","ItemPage"],"@id":"https:\/\/lustandlove.eu\/et\/toode\/inimnapaga-dildo-cox-19\/","url":"https:\/\/lustandlove.eu\/et\/toode\/inimnapaga-dildo-cox-19\/","name":"Inimnapaga Dildo COX 19 | Lust & Love Sex Shop","isPartOf":{"@id":"https:\/\/lustandlove.eu\/et\/#website"},"primaryImageOfPage":{"@id":"https:\/\/lustandlove.eu\/et\/toode\/inimnapaga-dildo-cox-19\/#primaryimage"},"image":{"@id":"https:\/\/lustandlove.eu\/et\/toode\/inimnapaga-dildo-cox-19\/#primaryimage"},"thumbnailUrl":"https:\/\/lustandlove.eu\/wp-content\/uploads\/COX-19-01.jpg","datePublished":"2021-05-28T07:33:42+00:00","dateModified":"2026-04-13T07:38:03+00:00","description":"Cox Seeria dildod on veenilised ning koos munanditega.\u00a0","breadcrumb":{"@id":"https:\/\/lustandlove.eu\/et\/toode\/inimnapaga-dildo-cox-19\/#breadcrumb"},"inLanguage":"et","potentialAction":[{"@type":"ReadAction","target":["https:\/\/lustandlove.eu\/et\/toode\/inimnapaga-dildo-cox-19\/"]}]},{"@type":"ImageObject","inLanguage":"et","@id":"https:\/\/lustandlove.eu\/et\/toode\/inimnapaga-dildo-cox-19\/#primaryimage","url":"https:\/\/lustandlove.eu\/wp-content\/uploads\/COX-19-01.jpg","contentUrl":"https:\/\/lustandlove.eu\/wp-content\/uploads\/COX-19-01.jpg","width":1200,"height":1200},{"@type":"BreadcrumbList","@id":"https:\/\/lustandlove.eu\/et\/toode\/inimnapaga-dildo-cox-19\/#breadcrumb","itemListElement":[{"@type":"ListItem","position":1,"name":"Lust and Love","item":"https:\/\/lustandlove.eu\/et\/"},{"@type":"ListItem","position":2,"name":"Pood","item":"https:\/\/lustandlove.eu\/et\/pood\/"},{"@type":"ListItem","position":3,"name":"Sekslelud","item":"https:\/\/lustandlove.eu\/et\/pood\/sekslelud\/"},{"@type":"ListItem","position":4,"name":"Dildod","item":"https:\/\/lustandlove.eu\/et\/pood\/sekslelud\/dildod\/"},{"@type":"ListItem","position":5,"name":"Realistlik","item":"https:\/\/lustandlove.eu\/et\/pood\/sekslelud\/dildod\/realistlik\/"},{"@type":"ListItem","position":6,"name":"Inimnapaga Dildo COX 19"}]},{"@type":"WebSite","@id":"https:\/\/lustandlove.eu\/et\/#website","url":"https:\/\/lustandlove.eu\/et\/","name":"Lust &amp; Love","description":"Online erootikapood tervise, ilu ja armastuse jaoks","publisher":{"@id":"https:\/\/lustandlove.eu\/et\/#organization"},"potentialAction":[{"@type":"SearchAction","target":{"@type":"EntryPoint","urlTemplate":"https:\/\/lustandlove.eu\/et\/?s={search_term_string}"},"query-input":{"@type":"PropertyValueSpecification","valueRequired":true,"valueName":"search_term_string"}}],"inLanguage":"et"},{"@type":"Organization","@id":"https:\/\/lustandlove.eu\/et\/#organization","name":"Bioconcept Baltics O\u00dc","url":"https:\/\/lustandlove.eu\/et\/","logo":{"@type":"ImageObject","inLanguage":"et","@id":"https:\/\/lustandlove.eu\/et\/#\/schema\/logo\/image\/","url":"","contentUrl":"","caption":"Bioconcept Baltics O\u00dc"},"image":{"@id":"https:\/\/lustandlove.eu\/et\/#\/schema\/logo\/image\/"},"sameAs":["https:\/\/www.facebook.com\/LustandLoveEU\/","https:\/\/www.instagram.com\/lustandloveeu\/"]}]}},"_links":{"self":[{"href":"https:\/\/lustandlove.eu\/et\/wp-json\/wp\/v2\/product\/48367","targetHints":{"allow":["GET"]}}],"collection":[{"href":"https:\/\/lustandlove.eu\/et\/wp-json\/wp\/v2\/product"}],"about":[{"href":"https:\/\/lustandlove.eu\/et\/wp-json\/wp\/v2\/types\/product"}],"wp:featuredmedia":[{"embeddable":true,"href":"https:\/\/lustandlove.eu\/et\/wp-json\/wp\/v2\/media\/47807"}],"wp:attachment":[{"href":"https:\/\/lustandlove.eu\/et\/wp-json\/wp\/v2\/media?parent=48367"}],"wp:term":[{"taxonomy":"product_brand","embeddable":true,"href":"https:\/\/lustandlove.eu\/et\/wp-json\/wp\/v2\/product_brand?post=48367"},{"taxonomy":"product_cat","embeddable":true,"href":"https:\/\/lustandlove.eu\/et\/wp-json\/wp\/v2\/product_cat?post=48367"},{"taxonomy":"product_tag","embeddable":true,"href":"https:\/\/lustandlove.eu\/et\/wp-json\/wp\/v2\/product_tag?post=48367"}],"curies":[{"name":"wp","href":"https:\/\/api.w.org\/{rel}","templated":true}]}}