{"id":48373,"date":"2021-05-28T10:33:08","date_gmt":"2021-05-28T07:33:08","guid":{"rendered":"https:\/\/www.lustandlove.eu\/product\/vibra-stroke-mastrubaator-wand-lisa\/"},"modified":"2026-04-13T10:38:05","modified_gmt":"2026-04-13T07:38:05","slug":"vibra-stroke-mastrubaator-wand-lisa","status":"publish","type":"product","link":"https:\/\/lustandlove.eu\/et\/toode\/vibra-stroke-mastrubaator-wand-lisa\/","title":{"rendered":"Vibra-Stroke Mastrubaator Wand Lisa"},"content":{"rendered":"<p>Vibra Stroke on wand masturbaatoritele m\u00f5eldud lisa, millega on v\u00f5imalik oma wand masseerija muuta v\u00e4ga tugevalt vibreerivaks peenise stimuleerijaks.<\/p>\n<p>Ava pakend, venita see \u00fcmber wandi ja oledki valmis enda v\u00f5i oma partneri peal seda kasutama.<\/p>\n<p>Vibra-Stroke on pehmest TPEst ning seda katavad seestpoolt k\u00f5rgendatud mummukesed, et lisastimulatsiooni pakkuda.<\/p>\n<p>Sobitub enamus standardsete Wandidega (mitte v\u00e4ikestega!), n\u00e4iteks Pixey Pink, Pixey Black, Pixey Deluxe.<\/p>\n<p>Kasuta lelu koos vee v\u00f5i silikooni baasil libestiga.<\/p>\n","protected":false},"excerpt":{"rendered":"<p>Vibra Stroke on wand masturbaatoritele m\u00f5eldud lisa, millega on v\u00f5imalik oma wand masseerija muuta v\u00e4ga tugevalt vibreerivaks peenise stimuleerijaks.<\/p>\n","protected":false},"featured_media":47790,"template":"","meta":[],"product_brand":[4230],"product_cat":[1484,1488,1495],"product_tag":[1545,1584],"class_list":{"0":"post-48373","1":"product","2":"type-product","3":"status-publish","4":"has-post-thumbnail","6":"product_brand-pixey-et","7":"product_cat-sekslelud","8":"product_cat-vibraatorid","9":"product_cat-wandid","10":"product_tag-wand-et","11":"product_tag-wandi-lisaseade","12":"pa_brand-pixey-et","14":"first","15":"instock","16":"taxable","17":"shipping-taxable","18":"purchasable","19":"product-type-simple"},"yoast_head":"<!-- This site is optimized with the Yoast SEO plugin v27.4 - https:\/\/yoast.com\/product\/yoast-seo-wordpress\/ -->\n<title>Vibra-Stroke Mastrubaator Wand Lisa | Lust and Love<\/title>\n<meta name=\"description\" content=\"Vibra Stroke on wand masturbaatoritele m\u00f5eldud lisa, millega on v\u00f5imalik oma wand masseerija muuta v\u00e4ga tugevalt vibreerivaks peenise stimuleerijaks.\" \/>\n<meta name=\"robots\" content=\"index,follow,max-snippet:-1,max-image-preview:large,max-video-preview:-1\" \/>\n<link rel=\"canonical\" href=\"https:\/\/lustandlove.eu\/et\/toode\/vibra-stroke-mastrubaator-wand-lisa\/\" \/>\n<script type=\"application\/ld+json\" class=\"yoast-schema-graph\">{\"@context\":\"https:\\\/\\\/schema.org\",\"@graph\":[{\"@type\":[\"WebPage\",\"ItemPage\"],\"@id\":\"https:\\\/\\\/lustandlove.eu\\\/et\\\/toode\\\/vibra-stroke-mastrubaator-wand-lisa\\\/\",\"url\":\"https:\\\/\\\/lustandlove.eu\\\/et\\\/toode\\\/vibra-stroke-mastrubaator-wand-lisa\\\/\",\"name\":\"Vibra-Stroke Mastrubaator Wand Lisa | Lust and Love\",\"isPartOf\":{\"@id\":\"https:\\\/\\\/lustandlove.eu\\\/et\\\/#website\"},\"primaryImageOfPage\":{\"@id\":\"https:\\\/\\\/lustandlove.eu\\\/et\\\/toode\\\/vibra-stroke-mastrubaator-wand-lisa\\\/#primaryimage\"},\"image\":{\"@id\":\"https:\\\/\\\/lustandlove.eu\\\/et\\\/toode\\\/vibra-stroke-mastrubaator-wand-lisa\\\/#primaryimage\"},\"thumbnailUrl\":\"https:\\\/\\\/lustandlove.eu\\\/wp-content\\\/uploads\\\/vibra-stroke-wand-attachment-01.jpg\",\"datePublished\":\"2021-05-28T07:33:08+00:00\",\"dateModified\":\"2026-04-13T07:38:05+00:00\",\"description\":\"Vibra Stroke on wand masturbaatoritele m\u00f5eldud lisa, millega on v\u00f5imalik oma wand masseerija muuta v\u00e4ga tugevalt vibreerivaks peenise stimuleerijaks.\",\"breadcrumb\":{\"@id\":\"https:\\\/\\\/lustandlove.eu\\\/et\\\/toode\\\/vibra-stroke-mastrubaator-wand-lisa\\\/#breadcrumb\"},\"inLanguage\":\"et\",\"potentialAction\":[{\"@type\":\"ReadAction\",\"target\":[\"https:\\\/\\\/lustandlove.eu\\\/et\\\/toode\\\/vibra-stroke-mastrubaator-wand-lisa\\\/\"]}]},{\"@type\":\"ImageObject\",\"inLanguage\":\"et\",\"@id\":\"https:\\\/\\\/lustandlove.eu\\\/et\\\/toode\\\/vibra-stroke-mastrubaator-wand-lisa\\\/#primaryimage\",\"url\":\"https:\\\/\\\/lustandlove.eu\\\/wp-content\\\/uploads\\\/vibra-stroke-wand-attachment-01.jpg\",\"contentUrl\":\"https:\\\/\\\/lustandlove.eu\\\/wp-content\\\/uploads\\\/vibra-stroke-wand-attachment-01.jpg\",\"width\":500,\"height\":500,\"caption\":\"massager sex\"},{\"@type\":\"BreadcrumbList\",\"@id\":\"https:\\\/\\\/lustandlove.eu\\\/et\\\/toode\\\/vibra-stroke-mastrubaator-wand-lisa\\\/#breadcrumb\",\"itemListElement\":[{\"@type\":\"ListItem\",\"position\":1,\"name\":\"Lust and Love\",\"item\":\"https:\\\/\\\/lustandlove.eu\\\/et\\\/\"},{\"@type\":\"ListItem\",\"position\":2,\"name\":\"Pood\",\"item\":\"https:\\\/\\\/lustandlove.eu\\\/et\\\/pood\\\/\"},{\"@type\":\"ListItem\",\"position\":3,\"name\":\"Sekslelud\",\"item\":\"https:\\\/\\\/lustandlove.eu\\\/et\\\/pood\\\/sekslelud\\\/\"},{\"@type\":\"ListItem\",\"position\":4,\"name\":\"Vibraatorid\",\"item\":\"https:\\\/\\\/lustandlove.eu\\\/et\\\/pood\\\/sekslelud\\\/vibraatorid\\\/\"},{\"@type\":\"ListItem\",\"position\":5,\"name\":\"Wandid\",\"item\":\"https:\\\/\\\/lustandlove.eu\\\/et\\\/pood\\\/sekslelud\\\/vibraatorid\\\/wandid\\\/\"},{\"@type\":\"ListItem\",\"position\":6,\"name\":\"Vibra-Stroke Mastrubaator Wand Lisa\"}]},{\"@type\":\"WebSite\",\"@id\":\"https:\\\/\\\/lustandlove.eu\\\/et\\\/#website\",\"url\":\"https:\\\/\\\/lustandlove.eu\\\/et\\\/\",\"name\":\"Lust & Love\",\"description\":\"Online erootikapood tervise, ilu ja armastuse jaoks\",\"publisher\":{\"@id\":\"https:\\\/\\\/lustandlove.eu\\\/et\\\/#organization\"},\"potentialAction\":[{\"@type\":\"SearchAction\",\"target\":{\"@type\":\"EntryPoint\",\"urlTemplate\":\"https:\\\/\\\/lustandlove.eu\\\/et\\\/?s={search_term_string}\"},\"query-input\":{\"@type\":\"PropertyValueSpecification\",\"valueRequired\":true,\"valueName\":\"search_term_string\"}}],\"inLanguage\":\"et\"},{\"@type\":\"Organization\",\"@id\":\"https:\\\/\\\/lustandlove.eu\\\/et\\\/#organization\",\"name\":\"Bioconcept Baltics O\u00dc\",\"url\":\"https:\\\/\\\/lustandlove.eu\\\/et\\\/\",\"logo\":{\"@type\":\"ImageObject\",\"inLanguage\":\"et\",\"@id\":\"https:\\\/\\\/lustandlove.eu\\\/et\\\/#\\\/schema\\\/logo\\\/image\\\/\",\"url\":\"https:\\\/\\\/lustandlove.eu\\\/wp-content\\\/uploads\\\/logo-full-2.png\",\"contentUrl\":\"https:\\\/\\\/lustandlove.eu\\\/wp-content\\\/uploads\\\/logo-full-2.png\",\"width\":837,\"height\":200,\"caption\":\"Bioconcept Baltics O\u00dc\"},\"image\":{\"@id\":\"https:\\\/\\\/lustandlove.eu\\\/et\\\/#\\\/schema\\\/logo\\\/image\\\/\"},\"sameAs\":[\"https:\\\/\\\/www.facebook.com\\\/LustandLoveEU\\\/\",\"https:\\\/\\\/www.instagram.com\\\/lustandloveeu\\\/\"]}]}<\/script>\n<!-- \/ Yoast SEO plugin. -->","yoast_head_json":{"title":"Vibra-Stroke Mastrubaator Wand Lisa | Lust and Love","description":"Vibra Stroke on wand masturbaatoritele m\u00f5eldud lisa, millega on v\u00f5imalik oma wand masseerija muuta v\u00e4ga tugevalt vibreerivaks peenise stimuleerijaks.","robots":{"index,follow,max-snippet":"index,follow,max-snippet:-1,max-image-preview:large,max-video-preview:-1"},"canonical":"https:\/\/lustandlove.eu\/et\/toode\/vibra-stroke-mastrubaator-wand-lisa\/","schema":{"@context":"https:\/\/schema.org","@graph":[{"@type":["WebPage","ItemPage"],"@id":"https:\/\/lustandlove.eu\/et\/toode\/vibra-stroke-mastrubaator-wand-lisa\/","url":"https:\/\/lustandlove.eu\/et\/toode\/vibra-stroke-mastrubaator-wand-lisa\/","name":"Vibra-Stroke Mastrubaator Wand Lisa | Lust and Love","isPartOf":{"@id":"https:\/\/lustandlove.eu\/et\/#website"},"primaryImageOfPage":{"@id":"https:\/\/lustandlove.eu\/et\/toode\/vibra-stroke-mastrubaator-wand-lisa\/#primaryimage"},"image":{"@id":"https:\/\/lustandlove.eu\/et\/toode\/vibra-stroke-mastrubaator-wand-lisa\/#primaryimage"},"thumbnailUrl":"https:\/\/lustandlove.eu\/wp-content\/uploads\/vibra-stroke-wand-attachment-01.jpg","datePublished":"2021-05-28T07:33:08+00:00","dateModified":"2026-04-13T07:38:05+00:00","description":"Vibra Stroke on wand masturbaatoritele m\u00f5eldud lisa, millega on v\u00f5imalik oma wand masseerija muuta v\u00e4ga tugevalt vibreerivaks peenise stimuleerijaks.","breadcrumb":{"@id":"https:\/\/lustandlove.eu\/et\/toode\/vibra-stroke-mastrubaator-wand-lisa\/#breadcrumb"},"inLanguage":"et","potentialAction":[{"@type":"ReadAction","target":["https:\/\/lustandlove.eu\/et\/toode\/vibra-stroke-mastrubaator-wand-lisa\/"]}]},{"@type":"ImageObject","inLanguage":"et","@id":"https:\/\/lustandlove.eu\/et\/toode\/vibra-stroke-mastrubaator-wand-lisa\/#primaryimage","url":"https:\/\/lustandlove.eu\/wp-content\/uploads\/vibra-stroke-wand-attachment-01.jpg","contentUrl":"https:\/\/lustandlove.eu\/wp-content\/uploads\/vibra-stroke-wand-attachment-01.jpg","width":500,"height":500,"caption":"massager sex"},{"@type":"BreadcrumbList","@id":"https:\/\/lustandlove.eu\/et\/toode\/vibra-stroke-mastrubaator-wand-lisa\/#breadcrumb","itemListElement":[{"@type":"ListItem","position":1,"name":"Lust and Love","item":"https:\/\/lustandlove.eu\/et\/"},{"@type":"ListItem","position":2,"name":"Pood","item":"https:\/\/lustandlove.eu\/et\/pood\/"},{"@type":"ListItem","position":3,"name":"Sekslelud","item":"https:\/\/lustandlove.eu\/et\/pood\/sekslelud\/"},{"@type":"ListItem","position":4,"name":"Vibraatorid","item":"https:\/\/lustandlove.eu\/et\/pood\/sekslelud\/vibraatorid\/"},{"@type":"ListItem","position":5,"name":"Wandid","item":"https:\/\/lustandlove.eu\/et\/pood\/sekslelud\/vibraatorid\/wandid\/"},{"@type":"ListItem","position":6,"name":"Vibra-Stroke Mastrubaator Wand Lisa"}]},{"@type":"WebSite","@id":"https:\/\/lustandlove.eu\/et\/#website","url":"https:\/\/lustandlove.eu\/et\/","name":"Lust & Love","description":"Online erootikapood tervise, ilu ja armastuse jaoks","publisher":{"@id":"https:\/\/lustandlove.eu\/et\/#organization"},"potentialAction":[{"@type":"SearchAction","target":{"@type":"EntryPoint","urlTemplate":"https:\/\/lustandlove.eu\/et\/?s={search_term_string}"},"query-input":{"@type":"PropertyValueSpecification","valueRequired":true,"valueName":"search_term_string"}}],"inLanguage":"et"},{"@type":"Organization","@id":"https:\/\/lustandlove.eu\/et\/#organization","name":"Bioconcept Baltics O\u00dc","url":"https:\/\/lustandlove.eu\/et\/","logo":{"@type":"ImageObject","inLanguage":"et","@id":"https:\/\/lustandlove.eu\/et\/#\/schema\/logo\/image\/","url":"https:\/\/lustandlove.eu\/wp-content\/uploads\/logo-full-2.png","contentUrl":"https:\/\/lustandlove.eu\/wp-content\/uploads\/logo-full-2.png","width":837,"height":200,"caption":"Bioconcept Baltics O\u00dc"},"image":{"@id":"https:\/\/lustandlove.eu\/et\/#\/schema\/logo\/image\/"},"sameAs":["https:\/\/www.facebook.com\/LustandLoveEU\/","https:\/\/www.instagram.com\/lustandloveeu\/"]}]}},"_links":{"self":[{"href":"https:\/\/lustandlove.eu\/et\/wp-json\/wp\/v2\/product\/48373","targetHints":{"allow":["GET"]}}],"collection":[{"href":"https:\/\/lustandlove.eu\/et\/wp-json\/wp\/v2\/product"}],"about":[{"href":"https:\/\/lustandlove.eu\/et\/wp-json\/wp\/v2\/types\/product"}],"wp:featuredmedia":[{"embeddable":true,"href":"https:\/\/lustandlove.eu\/et\/wp-json\/wp\/v2\/media\/47790"}],"wp:attachment":[{"href":"https:\/\/lustandlove.eu\/et\/wp-json\/wp\/v2\/media?parent=48373"}],"wp:term":[{"taxonomy":"product_brand","embeddable":true,"href":"https:\/\/lustandlove.eu\/et\/wp-json\/wp\/v2\/product_brand?post=48373"},{"taxonomy":"product_cat","embeddable":true,"href":"https:\/\/lustandlove.eu\/et\/wp-json\/wp\/v2\/product_cat?post=48373"},{"taxonomy":"product_tag","embeddable":true,"href":"https:\/\/lustandlove.eu\/et\/wp-json\/wp\/v2\/product_tag?post=48373"}],"curies":[{"name":"wp","href":"https:\/\/api.w.org\/{rel}","templated":true}]}}