{"id":48374,"date":"2021-05-28T10:33:08","date_gmt":"2021-05-28T07:33:08","guid":{"rendered":"https:\/\/www.lustandlove.eu\/product\/hobusesabaga-anaaltapp\/"},"modified":"2026-04-13T10:38:04","modified_gmt":"2026-04-13T07:38:04","slug":"brunett-hobusesabaga-anaaltapp","status":"publish","type":"product","link":"https:\/\/lustandlove.eu\/et\/toode\/brunett-hobusesabaga-anaaltapp\/","title":{"rendered":"Br\u00fcnett Hobusesabaga Anaaltapp"},"content":{"rendered":"<p>Anna oma partnerile v\u00f5imalus poniga ratsutama minna!<\/p>\n<p>See k\u00f5rgekvaliteetne ja p\u00f5nev ponisaba on koos anaaltapiga, mis hoiab seda kindlalt paigal. Alternatiivina v\u00f5id kasutada saba, et \u00f5rnalt k\u00f5ditada v\u00f5i piitsutada oma partnerit.<\/p>\n<p>Lelu anaaltapi pool on peenike ja otsast kitsam, mis on sobilik algajatele, kes pole varem anaaltappe kasutanud. Anaaltapi materjal termoplastiline kumm (TPR) on sile.<\/p>\n<p>Karvakesed on siidised ning langevad elegantselt sinu reitele, \u00f5rnalt paitades.<\/p>\n<p>Pese lelu k\u00e4sitsi ning kasuta selleks leiget vett ja seepi v\u00f5i\u00a0lelupuhastajat.<\/p>\n","protected":false},"excerpt":{"rendered":"<p>Anna oma partnerile v\u00f5imalus poniga ratsutama minna!<\/p>\n","protected":false},"featured_media":44415,"template":"","meta":[],"product_brand":[4242],"product_cat":[1491],"product_tag":[1510,1583],"class_list":{"0":"post-48374","1":"product","2":"type-product","3":"status-publish","4":"has-post-thumbnail","6":"product_brand-tailz-et","7":"product_cat-anaallelud","8":"product_tag-anaaltapp","9":"product_tag-saba","10":"pa_brand-tailz-et","12":"first","13":"instock","14":"taxable","15":"shipping-taxable","16":"purchasable","17":"product-type-simple"},"yoast_head":"<!-- This site is optimized with the Yoast SEO plugin v27.3 - https:\/\/yoast.com\/product\/yoast-seo-wordpress\/ -->\n<title>Pony Tail Anal Plug Brunette - Tailz | Lust and Love<\/title>\n<meta name=\"description\" content=\"Anna oma partnerile v\u00f5imalus poniga ratsutama minna!\" \/>\n<meta name=\"robots\" content=\"index,follow,max-snippet:-1,max-image-preview:large,max-video-preview:-1\" \/>\n<link rel=\"canonical\" href=\"https:\/\/lustandlove.eu\/et\/toode\/brunett-hobusesabaga-anaaltapp\/\" \/>\n<meta name=\"twitter:card\" content=\"summary_large_image\" \/>\n<meta name=\"twitter:title\" content=\"Pony Tail Anal Plug Brunette - Tailz | Lust and Love\" \/>\n<meta name=\"twitter:description\" content=\"Anna oma partnerile v\u00f5imalus poniga ratsutama minna!\" \/>\n<meta name=\"twitter:image\" content=\"https:\/\/lustandlove.eu\/wp-content\/uploads\/Pony-tail.png\" \/>\n<meta name=\"twitter:label1\" content=\"Est. reading time\" \/>\n\t<meta name=\"twitter:data1\" content=\"1 minut\" \/>\n<script type=\"application\/ld+json\" class=\"yoast-schema-graph\">{\"@context\":\"https:\\\/\\\/schema.org\",\"@graph\":[{\"@type\":[\"WebPage\",\"ItemPage\"],\"@id\":\"https:\\\/\\\/lustandlove.eu\\\/et\\\/toode\\\/brunett-hobusesabaga-anaaltapp\\\/\",\"url\":\"https:\\\/\\\/lustandlove.eu\\\/et\\\/toode\\\/brunett-hobusesabaga-anaaltapp\\\/\",\"name\":\"Pony Tail Anal Plug Brunette - Tailz | Lust and Love\",\"isPartOf\":{\"@id\":\"https:\\\/\\\/lustandlove.eu\\\/et\\\/#website\"},\"primaryImageOfPage\":{\"@id\":\"https:\\\/\\\/lustandlove.eu\\\/et\\\/toode\\\/brunett-hobusesabaga-anaaltapp\\\/#primaryimage\"},\"image\":{\"@id\":\"https:\\\/\\\/lustandlove.eu\\\/et\\\/toode\\\/brunett-hobusesabaga-anaaltapp\\\/#primaryimage\"},\"thumbnailUrl\":\"https:\\\/\\\/lustandlove.eu\\\/wp-content\\\/uploads\\\/Pony-tail.png\",\"datePublished\":\"2021-05-28T07:33:08+00:00\",\"dateModified\":\"2026-04-13T07:38:04+00:00\",\"description\":\"Anna oma partnerile v\u00f5imalus poniga ratsutama minna!\",\"breadcrumb\":{\"@id\":\"https:\\\/\\\/lustandlove.eu\\\/et\\\/toode\\\/brunett-hobusesabaga-anaaltapp\\\/#breadcrumb\"},\"inLanguage\":\"et\",\"potentialAction\":[{\"@type\":\"ReadAction\",\"target\":[\"https:\\\/\\\/lustandlove.eu\\\/et\\\/toode\\\/brunett-hobusesabaga-anaaltapp\\\/\"]}]},{\"@type\":\"ImageObject\",\"inLanguage\":\"et\",\"@id\":\"https:\\\/\\\/lustandlove.eu\\\/et\\\/toode\\\/brunett-hobusesabaga-anaaltapp\\\/#primaryimage\",\"url\":\"https:\\\/\\\/lustandlove.eu\\\/wp-content\\\/uploads\\\/Pony-tail.png\",\"contentUrl\":\"https:\\\/\\\/lustandlove.eu\\\/wp-content\\\/uploads\\\/Pony-tail.png\",\"width\":515,\"height\":544},{\"@type\":\"BreadcrumbList\",\"@id\":\"https:\\\/\\\/lustandlove.eu\\\/et\\\/toode\\\/brunett-hobusesabaga-anaaltapp\\\/#breadcrumb\",\"itemListElement\":[{\"@type\":\"ListItem\",\"position\":1,\"name\":\"Lust and Love\",\"item\":\"https:\\\/\\\/lustandlove.eu\\\/et\\\/\"},{\"@type\":\"ListItem\",\"position\":2,\"name\":\"Pood\",\"item\":\"https:\\\/\\\/lustandlove.eu\\\/et\\\/pood\\\/\"},{\"@type\":\"ListItem\",\"position\":3,\"name\":\"Sekslelud\",\"item\":\"https:\\\/\\\/lustandlove.eu\\\/et\\\/pood\\\/sekslelud\\\/\"},{\"@type\":\"ListItem\",\"position\":4,\"name\":\"LGBTQ\",\"item\":\"https:\\\/\\\/lustandlove.eu\\\/et\\\/pood\\\/sekslelud\\\/lgbtq-et\\\/\"},{\"@type\":\"ListItem\",\"position\":5,\"name\":\"Br\u00fcnett Hobusesabaga Anaaltapp\"}]},{\"@type\":\"WebSite\",\"@id\":\"https:\\\/\\\/lustandlove.eu\\\/et\\\/#website\",\"url\":\"https:\\\/\\\/lustandlove.eu\\\/et\\\/\",\"name\":\"Lust &amp; Love\",\"description\":\"Online erootikapood tervise, ilu ja armastuse jaoks\",\"publisher\":{\"@id\":\"https:\\\/\\\/lustandlove.eu\\\/et\\\/#organization\"},\"potentialAction\":[{\"@type\":\"SearchAction\",\"target\":{\"@type\":\"EntryPoint\",\"urlTemplate\":\"https:\\\/\\\/lustandlove.eu\\\/et\\\/?s={search_term_string}\"},\"query-input\":{\"@type\":\"PropertyValueSpecification\",\"valueRequired\":true,\"valueName\":\"search_term_string\"}}],\"inLanguage\":\"et\"},{\"@type\":\"Organization\",\"@id\":\"https:\\\/\\\/lustandlove.eu\\\/et\\\/#organization\",\"name\":\"Bioconcept Baltics O\u00dc\",\"url\":\"https:\\\/\\\/lustandlove.eu\\\/et\\\/\",\"logo\":{\"@type\":\"ImageObject\",\"inLanguage\":\"et\",\"@id\":\"https:\\\/\\\/lustandlove.eu\\\/et\\\/#\\\/schema\\\/logo\\\/image\\\/\",\"url\":\"\",\"contentUrl\":\"\",\"caption\":\"Bioconcept Baltics O\u00dc\"},\"image\":{\"@id\":\"https:\\\/\\\/lustandlove.eu\\\/et\\\/#\\\/schema\\\/logo\\\/image\\\/\"},\"sameAs\":[\"https:\\\/\\\/www.facebook.com\\\/LustandLoveEU\\\/\",\"https:\\\/\\\/www.instagram.com\\\/lustandloveeu\\\/\"]}]}<\/script>\n<!-- \/ Yoast SEO plugin. -->","yoast_head_json":{"title":"Pony Tail Anal Plug Brunette - Tailz | Lust and Love","description":"Anna oma partnerile v\u00f5imalus poniga ratsutama minna!","robots":{"index,follow,max-snippet":"index,follow,max-snippet:-1,max-image-preview:large,max-video-preview:-1"},"canonical":"https:\/\/lustandlove.eu\/et\/toode\/brunett-hobusesabaga-anaaltapp\/","twitter_card":"summary_large_image","twitter_title":"Pony Tail Anal Plug Brunette - Tailz | Lust and Love","twitter_description":"Anna oma partnerile v\u00f5imalus poniga ratsutama minna!","twitter_image":"https:\/\/lustandlove.eu\/wp-content\/uploads\/Pony-tail.png","twitter_misc":{"Est. reading time":"1 minut"},"schema":{"@context":"https:\/\/schema.org","@graph":[{"@type":["WebPage","ItemPage"],"@id":"https:\/\/lustandlove.eu\/et\/toode\/brunett-hobusesabaga-anaaltapp\/","url":"https:\/\/lustandlove.eu\/et\/toode\/brunett-hobusesabaga-anaaltapp\/","name":"Pony Tail Anal Plug Brunette - Tailz | Lust and Love","isPartOf":{"@id":"https:\/\/lustandlove.eu\/et\/#website"},"primaryImageOfPage":{"@id":"https:\/\/lustandlove.eu\/et\/toode\/brunett-hobusesabaga-anaaltapp\/#primaryimage"},"image":{"@id":"https:\/\/lustandlove.eu\/et\/toode\/brunett-hobusesabaga-anaaltapp\/#primaryimage"},"thumbnailUrl":"https:\/\/lustandlove.eu\/wp-content\/uploads\/Pony-tail.png","datePublished":"2021-05-28T07:33:08+00:00","dateModified":"2026-04-13T07:38:04+00:00","description":"Anna oma partnerile v\u00f5imalus poniga ratsutama minna!","breadcrumb":{"@id":"https:\/\/lustandlove.eu\/et\/toode\/brunett-hobusesabaga-anaaltapp\/#breadcrumb"},"inLanguage":"et","potentialAction":[{"@type":"ReadAction","target":["https:\/\/lustandlove.eu\/et\/toode\/brunett-hobusesabaga-anaaltapp\/"]}]},{"@type":"ImageObject","inLanguage":"et","@id":"https:\/\/lustandlove.eu\/et\/toode\/brunett-hobusesabaga-anaaltapp\/#primaryimage","url":"https:\/\/lustandlove.eu\/wp-content\/uploads\/Pony-tail.png","contentUrl":"https:\/\/lustandlove.eu\/wp-content\/uploads\/Pony-tail.png","width":515,"height":544},{"@type":"BreadcrumbList","@id":"https:\/\/lustandlove.eu\/et\/toode\/brunett-hobusesabaga-anaaltapp\/#breadcrumb","itemListElement":[{"@type":"ListItem","position":1,"name":"Lust and Love","item":"https:\/\/lustandlove.eu\/et\/"},{"@type":"ListItem","position":2,"name":"Pood","item":"https:\/\/lustandlove.eu\/et\/pood\/"},{"@type":"ListItem","position":3,"name":"Sekslelud","item":"https:\/\/lustandlove.eu\/et\/pood\/sekslelud\/"},{"@type":"ListItem","position":4,"name":"LGBTQ","item":"https:\/\/lustandlove.eu\/et\/pood\/sekslelud\/lgbtq-et\/"},{"@type":"ListItem","position":5,"name":"Br\u00fcnett Hobusesabaga Anaaltapp"}]},{"@type":"WebSite","@id":"https:\/\/lustandlove.eu\/et\/#website","url":"https:\/\/lustandlove.eu\/et\/","name":"Lust &amp; Love","description":"Online erootikapood tervise, ilu ja armastuse jaoks","publisher":{"@id":"https:\/\/lustandlove.eu\/et\/#organization"},"potentialAction":[{"@type":"SearchAction","target":{"@type":"EntryPoint","urlTemplate":"https:\/\/lustandlove.eu\/et\/?s={search_term_string}"},"query-input":{"@type":"PropertyValueSpecification","valueRequired":true,"valueName":"search_term_string"}}],"inLanguage":"et"},{"@type":"Organization","@id":"https:\/\/lustandlove.eu\/et\/#organization","name":"Bioconcept Baltics O\u00dc","url":"https:\/\/lustandlove.eu\/et\/","logo":{"@type":"ImageObject","inLanguage":"et","@id":"https:\/\/lustandlove.eu\/et\/#\/schema\/logo\/image\/","url":"","contentUrl":"","caption":"Bioconcept Baltics O\u00dc"},"image":{"@id":"https:\/\/lustandlove.eu\/et\/#\/schema\/logo\/image\/"},"sameAs":["https:\/\/www.facebook.com\/LustandLoveEU\/","https:\/\/www.instagram.com\/lustandloveeu\/"]}]}},"_links":{"self":[{"href":"https:\/\/lustandlove.eu\/et\/wp-json\/wp\/v2\/product\/48374","targetHints":{"allow":["GET"]}}],"collection":[{"href":"https:\/\/lustandlove.eu\/et\/wp-json\/wp\/v2\/product"}],"about":[{"href":"https:\/\/lustandlove.eu\/et\/wp-json\/wp\/v2\/types\/product"}],"wp:featuredmedia":[{"embeddable":true,"href":"https:\/\/lustandlove.eu\/et\/wp-json\/wp\/v2\/media\/44415"}],"wp:attachment":[{"href":"https:\/\/lustandlove.eu\/et\/wp-json\/wp\/v2\/media?parent=48374"}],"wp:term":[{"taxonomy":"product_brand","embeddable":true,"href":"https:\/\/lustandlove.eu\/et\/wp-json\/wp\/v2\/product_brand?post=48374"},{"taxonomy":"product_cat","embeddable":true,"href":"https:\/\/lustandlove.eu\/et\/wp-json\/wp\/v2\/product_cat?post=48374"},{"taxonomy":"product_tag","embeddable":true,"href":"https:\/\/lustandlove.eu\/et\/wp-json\/wp\/v2\/product_tag?post=48374"}],"curies":[{"name":"wp","href":"https:\/\/api.w.org\/{rel}","templated":true}]}}