{"id":48375,"date":"2021-05-28T10:33:07","date_gmt":"2021-05-28T07:33:07","guid":{"rendered":"https:\/\/www.lustandlove.eu\/product\/deluxe-pahkluu-rihmad\/"},"modified":"2025-08-19T15:43:10","modified_gmt":"2025-08-19T12:43:10","slug":"deluxe-pahkluu-rihmad","status":"publish","type":"product","link":"https:\/\/lustandlove.eu\/et\/toode\/deluxe-pahkluu-rihmad\/","title":{"rendered":"Deluxe Pahkluu Rihmad"},"content":{"rendered":"<div class=\"wpb-content-wrapper\"><p>[vc_row][vc_column][vc_column_text woodmart_inline=&#8221;no&#8221; text_larger=&#8221;no&#8221;]Need\u00a0Kiotos\u00a0Leather Deluxe randme- ja pahkluurihmad annavad sulle luksusliku enesetunde t\u00e4nu nende siidiselt sileda ja pehme materjalile. Rihmad on k\u00f5rgekvaliteediga silikoonist ja neil on kenad h\u00f5bedast metallosad. Las m\u00e4ngud alata!<\/p>\n<p>Laiad ja v\u00e4ga pehmed rihmad sobivad kasutamiseks nii k\u00e4tel kui jalgadel, kuna suurus on reguleeritav. Rihmadel puuduvad sees pool ja \u00e4\u00e4rtes metalsed detailid, t\u00e4nu millele ei ole rihmade kasutamine kuidagi valus.<\/p>\n<p>Pakendis on 2 rihma ning lisaks on kaasas ka pisike kett, et j\u00e4semed omavahel kinnitada.[\/vc_column_text][\/vc_column][\/vc_row]<\/p>\n<\/div>","protected":false},"excerpt":{"rendered":"<p>Need Kiotos Leather Deluxe randme- ja pahkluurihmad annavad sulle luksusliku enesetunde t\u00e4nu nende siidiselt sileda ja pehme materjalile.<\/p>\n","protected":false},"featured_media":47781,"template":"","meta":[],"product_cat":[1470,1474],"product_tag":[1550],"yoast_head":"<!-- This site is optimized with the Yoast SEO plugin v22.9 - https:\/\/yoast.com\/wordpress\/plugins\/seo\/ -->\n<title>Anklecuffs Deluxe - Kiotos Leather | Lust and Love<\/title>\n<meta name=\"description\" content=\"These Kiotos Leather Need Kiotos Leather Deluxe randme- ja pahkluurihmad annavad sulle luksusliku enesetunde t\u00e4nu nende siidiselt sileda ja pehme materjalile.Deluxe anklecuffs will give you a luxurious feeling due to the smooth and silky silicone material of the cuffs.\" \/>\n<meta name=\"robots\" content=\"index,follow,max-snippet:-1,max-image-preview:large,max-video-preview:-1\" \/>\n<link rel=\"canonical\" href=\"https:\/\/lustandlove.eu\/et\/toode\/deluxe-pahkluu-rihmad\/\" \/>\n<meta name=\"twitter:card\" content=\"summary_large_image\" \/>\n<meta name=\"twitter:title\" content=\"Anklecuffs Deluxe - Kiotos Leather | Lust and Love\" \/>\n<meta name=\"twitter:description\" content=\"These Kiotos Leather Need Kiotos Leather Deluxe randme- ja pahkluurihmad annavad sulle luksusliku enesetunde t\u00e4nu nende siidiselt sileda ja pehme materjalile.Deluxe anklecuffs will give you a luxurious feeling due to the smooth and silky silicone material of the cuffs.\" \/>\n<meta name=\"twitter:image\" content=\"https:\/\/lustandlove.eu\/wp-content\/uploads\/deluxe-anklecuffs-01.jpg\" \/>\n<meta name=\"twitter:label1\" content=\"Est. reading time\" \/>\n\t<meta name=\"twitter:data1\" content=\"1 minut\" \/>\n<script type=\"application\/ld+json\" class=\"yoast-schema-graph\">{\"@context\":\"https:\/\/schema.org\",\"@graph\":[{\"@type\":[\"WebPage\",\"ItemPage\"],\"@id\":\"https:\/\/lustandlove.eu\/et\/toode\/deluxe-pahkluu-rihmad\/\",\"url\":\"https:\/\/lustandlove.eu\/et\/toode\/deluxe-pahkluu-rihmad\/\",\"name\":\"Anklecuffs Deluxe - Kiotos Leather | Lust and Love\",\"isPartOf\":{\"@id\":\"https:\/\/lustandlove.eu\/et\/#website\"},\"primaryImageOfPage\":{\"@id\":\"https:\/\/lustandlove.eu\/et\/toode\/deluxe-pahkluu-rihmad\/#primaryimage\"},\"image\":{\"@id\":\"https:\/\/lustandlove.eu\/et\/toode\/deluxe-pahkluu-rihmad\/#primaryimage\"},\"thumbnailUrl\":\"https:\/\/lustandlove.eu\/wp-content\/uploads\/deluxe-anklecuffs-01.jpg\",\"datePublished\":\"2021-05-28T07:33:07+00:00\",\"dateModified\":\"2025-08-19T12:43:10+00:00\",\"description\":\"These Kiotos Leather Need Kiotos Leather Deluxe randme- ja pahkluurihmad annavad sulle luksusliku enesetunde t\u00e4nu nende siidiselt sileda ja pehme materjalile.Deluxe anklecuffs will give you a luxurious feeling due to the smooth and silky silicone material of the cuffs.\",\"breadcrumb\":{\"@id\":\"https:\/\/lustandlove.eu\/et\/toode\/deluxe-pahkluu-rihmad\/#breadcrumb\"},\"inLanguage\":\"et\",\"potentialAction\":[{\"@type\":\"ReadAction\",\"target\":[\"https:\/\/lustandlove.eu\/et\/toode\/deluxe-pahkluu-rihmad\/\"]}]},{\"@type\":\"ImageObject\",\"inLanguage\":\"et\",\"@id\":\"https:\/\/lustandlove.eu\/et\/toode\/deluxe-pahkluu-rihmad\/#primaryimage\",\"url\":\"https:\/\/lustandlove.eu\/wp-content\/uploads\/deluxe-anklecuffs-01.jpg\",\"contentUrl\":\"https:\/\/lustandlove.eu\/wp-content\/uploads\/deluxe-anklecuffs-01.jpg\",\"width\":1000,\"height\":1000},{\"@type\":\"BreadcrumbList\",\"@id\":\"https:\/\/lustandlove.eu\/et\/toode\/deluxe-pahkluu-rihmad\/#breadcrumb\",\"itemListElement\":[{\"@type\":\"ListItem\",\"position\":1,\"name\":\"Lust and Love\",\"item\":\"https:\/\/lustandlove.eu\/et\/\"},{\"@type\":\"ListItem\",\"position\":2,\"name\":\"Pood\",\"item\":\"https:\/\/lustandlove.eu\/et\/pood\/\"},{\"@type\":\"ListItem\",\"position\":3,\"name\":\"Deluxe Pahkluu Rihmad\"}]},{\"@type\":\"WebSite\",\"@id\":\"https:\/\/lustandlove.eu\/et\/#website\",\"url\":\"https:\/\/lustandlove.eu\/et\/\",\"name\":\"Lust &amp; Love\",\"description\":\"Online erootikapood tervise, ilu ja armastuse jaoks\",\"publisher\":{\"@id\":\"https:\/\/lustandlove.eu\/et\/#organization\"},\"potentialAction\":[{\"@type\":\"SearchAction\",\"target\":{\"@type\":\"EntryPoint\",\"urlTemplate\":\"https:\/\/lustandlove.eu\/et\/?s={search_term_string}\"},\"query-input\":\"required name=search_term_string\"}],\"inLanguage\":\"et\"},{\"@type\":\"Organization\",\"@id\":\"https:\/\/lustandlove.eu\/et\/#organization\",\"name\":\"Bioconcept Baltics O\u00dc\",\"url\":\"https:\/\/lustandlove.eu\/et\/\",\"logo\":{\"@type\":\"ImageObject\",\"inLanguage\":\"et\",\"@id\":\"https:\/\/lustandlove.eu\/et\/#\/schema\/logo\/image\/\",\"url\":\"\",\"contentUrl\":\"\",\"caption\":\"Bioconcept Baltics O\u00dc\"},\"image\":{\"@id\":\"https:\/\/lustandlove.eu\/et\/#\/schema\/logo\/image\/\"},\"sameAs\":[\"https:\/\/www.facebook.com\/LustandLoveEU\/\",\"https:\/\/www.instagram.com\/lustandloveeu\/\"]}]}<\/script>\n<!-- \/ Yoast SEO plugin. -->","yoast_head_json":{"title":"Anklecuffs Deluxe - Kiotos Leather | Lust and Love","description":"These Kiotos Leather Need Kiotos Leather Deluxe randme- ja pahkluurihmad annavad sulle luksusliku enesetunde t\u00e4nu nende siidiselt sileda ja pehme materjalile.Deluxe anklecuffs will give you a luxurious feeling due to the smooth and silky silicone material of the cuffs.","robots":{"index,follow,max-snippet":"index,follow,max-snippet:-1,max-image-preview:large,max-video-preview:-1"},"canonical":"https:\/\/lustandlove.eu\/et\/toode\/deluxe-pahkluu-rihmad\/","twitter_card":"summary_large_image","twitter_title":"Anklecuffs Deluxe - Kiotos Leather | Lust and Love","twitter_description":"These Kiotos Leather Need Kiotos Leather Deluxe randme- ja pahkluurihmad annavad sulle luksusliku enesetunde t\u00e4nu nende siidiselt sileda ja pehme materjalile.Deluxe anklecuffs will give you a luxurious feeling due to the smooth and silky silicone material of the cuffs.","twitter_image":"https:\/\/lustandlove.eu\/wp-content\/uploads\/deluxe-anklecuffs-01.jpg","twitter_misc":{"Est. reading time":"1 minut"},"schema":{"@context":"https:\/\/schema.org","@graph":[{"@type":["WebPage","ItemPage"],"@id":"https:\/\/lustandlove.eu\/et\/toode\/deluxe-pahkluu-rihmad\/","url":"https:\/\/lustandlove.eu\/et\/toode\/deluxe-pahkluu-rihmad\/","name":"Anklecuffs Deluxe - Kiotos Leather | Lust and Love","isPartOf":{"@id":"https:\/\/lustandlove.eu\/et\/#website"},"primaryImageOfPage":{"@id":"https:\/\/lustandlove.eu\/et\/toode\/deluxe-pahkluu-rihmad\/#primaryimage"},"image":{"@id":"https:\/\/lustandlove.eu\/et\/toode\/deluxe-pahkluu-rihmad\/#primaryimage"},"thumbnailUrl":"https:\/\/lustandlove.eu\/wp-content\/uploads\/deluxe-anklecuffs-01.jpg","datePublished":"2021-05-28T07:33:07+00:00","dateModified":"2025-08-19T12:43:10+00:00","description":"These Kiotos Leather Need Kiotos Leather Deluxe randme- ja pahkluurihmad annavad sulle luksusliku enesetunde t\u00e4nu nende siidiselt sileda ja pehme materjalile.Deluxe anklecuffs will give you a luxurious feeling due to the smooth and silky silicone material of the cuffs.","breadcrumb":{"@id":"https:\/\/lustandlove.eu\/et\/toode\/deluxe-pahkluu-rihmad\/#breadcrumb"},"inLanguage":"et","potentialAction":[{"@type":"ReadAction","target":["https:\/\/lustandlove.eu\/et\/toode\/deluxe-pahkluu-rihmad\/"]}]},{"@type":"ImageObject","inLanguage":"et","@id":"https:\/\/lustandlove.eu\/et\/toode\/deluxe-pahkluu-rihmad\/#primaryimage","url":"https:\/\/lustandlove.eu\/wp-content\/uploads\/deluxe-anklecuffs-01.jpg","contentUrl":"https:\/\/lustandlove.eu\/wp-content\/uploads\/deluxe-anklecuffs-01.jpg","width":1000,"height":1000},{"@type":"BreadcrumbList","@id":"https:\/\/lustandlove.eu\/et\/toode\/deluxe-pahkluu-rihmad\/#breadcrumb","itemListElement":[{"@type":"ListItem","position":1,"name":"Lust and Love","item":"https:\/\/lustandlove.eu\/et\/"},{"@type":"ListItem","position":2,"name":"Pood","item":"https:\/\/lustandlove.eu\/et\/pood\/"},{"@type":"ListItem","position":3,"name":"Deluxe Pahkluu Rihmad"}]},{"@type":"WebSite","@id":"https:\/\/lustandlove.eu\/et\/#website","url":"https:\/\/lustandlove.eu\/et\/","name":"Lust &amp; Love","description":"Online erootikapood tervise, ilu ja armastuse jaoks","publisher":{"@id":"https:\/\/lustandlove.eu\/et\/#organization"},"potentialAction":[{"@type":"SearchAction","target":{"@type":"EntryPoint","urlTemplate":"https:\/\/lustandlove.eu\/et\/?s={search_term_string}"},"query-input":"required name=search_term_string"}],"inLanguage":"et"},{"@type":"Organization","@id":"https:\/\/lustandlove.eu\/et\/#organization","name":"Bioconcept Baltics O\u00dc","url":"https:\/\/lustandlove.eu\/et\/","logo":{"@type":"ImageObject","inLanguage":"et","@id":"https:\/\/lustandlove.eu\/et\/#\/schema\/logo\/image\/","url":"","contentUrl":"","caption":"Bioconcept Baltics O\u00dc"},"image":{"@id":"https:\/\/lustandlove.eu\/et\/#\/schema\/logo\/image\/"},"sameAs":["https:\/\/www.facebook.com\/LustandLoveEU\/","https:\/\/www.instagram.com\/lustandloveeu\/"]}]}},"_links":{"self":[{"href":"https:\/\/lustandlove.eu\/et\/wp-json\/wp\/v2\/product\/48375"}],"collection":[{"href":"https:\/\/lustandlove.eu\/et\/wp-json\/wp\/v2\/product"}],"about":[{"href":"https:\/\/lustandlove.eu\/et\/wp-json\/wp\/v2\/types\/product"}],"wp:featuredmedia":[{"embeddable":true,"href":"https:\/\/lustandlove.eu\/et\/wp-json\/wp\/v2\/media\/47781"}],"wp:attachment":[{"href":"https:\/\/lustandlove.eu\/et\/wp-json\/wp\/v2\/media?parent=48375"}],"wp:term":[{"taxonomy":"product_cat","embeddable":true,"href":"https:\/\/lustandlove.eu\/et\/wp-json\/wp\/v2\/product_cat?post=48375"},{"taxonomy":"product_tag","embeddable":true,"href":"https:\/\/lustandlove.eu\/et\/wp-json\/wp\/v2\/product_tag?post=48375"}],"curies":[{"name":"wp","href":"https:\/\/api.w.org\/{rel}","templated":true}]}}