{"id":48379,"date":"2021-05-28T08:17:32","date_gmt":"2021-05-28T05:17:32","guid":{"rendered":"https:\/\/www.lustandlove.eu\/product\/the-servants-lisandite-3-pakk\/"},"modified":"2026-04-13T10:43:08","modified_gmt":"2026-04-13T07:43:08","slug":"the-servants-lisandite-3-pakk","status":"publish","type":"product","link":"https:\/\/lustandlove.eu\/et\/toode\/the-servants-lisandite-3-pakk\/","title":{"rendered":"The Servants Lisandite 3-pakk"},"content":{"rendered":"<p>Need 3 Servants lisandid wandidele on spetsiaalselt disainitud, et t\u00f5sta tekitatud naudingut koos wand-vibraatoritega.<\/p>\n<p>Only One\u00a0otsikud on tehtud 100% kehas\u00f5bralikust silikoonist, neid on lihtne pesta ja nad on imepehmed.<\/p>\n<p>Soovitame lelu kasutada koos vee baasil libestiga, et j\u00f5uda v\u00f5imsate orgasmideni.<\/p>\n<p><strong>Lelu wandile paigaldamine:<br \/>\n<\/strong>P\u00f6\u00f6ra silikoonist lelu pahupidi ning aseta see wandi tippu. N\u00fc\u00fcd t\u00f5mba \u00e4\u00e4red \u00fcle wandi pea ning ongi valmis!<\/p>\n","protected":false},"excerpt":{"rendered":"<p>Need 3 Servants lisandid wandidele on spetsiaalselt disainitud, et t\u00f5sta tekitatud naudingut koos wand-vibraatoritega.<\/p>\n","protected":false},"featured_media":47767,"template":"","meta":[],"product_brand":[4230],"product_cat":[1484,1488,1495],"product_tag":[1545,1584],"class_list":{"0":"post-48379","1":"product","2":"type-product","3":"status-publish","4":"has-post-thumbnail","6":"product_brand-pixey-et","7":"product_cat-sekslelud","8":"product_cat-vibraatorid","9":"product_cat-wandid","10":"product_tag-wand-et","11":"product_tag-wandi-lisaseade","12":"pa_brand-pixey-et","14":"first","15":"instock","16":"taxable","17":"shipping-taxable","18":"purchasable","19":"product-type-simple"},"yoast_head":"<!-- This site is optimized with the Yoast SEO plugin v27.3 - https:\/\/yoast.com\/product\/yoast-seo-wordpress\/ -->\n<title>The Servants Lisandite 3-pakk | Lust and Love Sex Store<\/title>\n<meta name=\"description\" content=\"Need 3 Servants lisandid wandidele on spetsiaalselt disainitud, et t\u00f5sta tekitatud naudingut koos wand-vibraatoritega.\" \/>\n<meta name=\"robots\" content=\"index,follow,max-snippet:-1,max-image-preview:large,max-video-preview:-1\" \/>\n<link rel=\"canonical\" href=\"https:\/\/lustandlove.eu\/et\/toode\/the-servants-lisandite-3-pakk\/\" \/>\n<meta name=\"twitter:card\" content=\"summary_large_image\" \/>\n<meta name=\"twitter:title\" content=\"The Servants Lisandite 3-pakk | Lust and Love Sex Store\" \/>\n<meta name=\"twitter:description\" content=\"Need 3 Servants lisandid wandidele on spetsiaalselt disainitud, et t\u00f5sta tekitatud naudingut koos wand-vibraatoritega.\" \/>\n<meta name=\"twitter:image\" content=\"https:\/\/lustandlove.eu\/wp-content\/uploads\/The-Servants-01.jpg\" \/>\n<script type=\"application\/ld+json\" class=\"yoast-schema-graph\">{\"@context\":\"https:\\\/\\\/schema.org\",\"@graph\":[{\"@type\":[\"WebPage\",\"ItemPage\"],\"@id\":\"https:\\\/\\\/lustandlove.eu\\\/et\\\/toode\\\/the-servants-lisandite-3-pakk\\\/\",\"url\":\"https:\\\/\\\/lustandlove.eu\\\/et\\\/toode\\\/the-servants-lisandite-3-pakk\\\/\",\"name\":\"The Servants Lisandite 3-pakk | Lust and Love Sex Store\",\"isPartOf\":{\"@id\":\"https:\\\/\\\/lustandlove.eu\\\/et\\\/#website\"},\"primaryImageOfPage\":{\"@id\":\"https:\\\/\\\/lustandlove.eu\\\/et\\\/toode\\\/the-servants-lisandite-3-pakk\\\/#primaryimage\"},\"image\":{\"@id\":\"https:\\\/\\\/lustandlove.eu\\\/et\\\/toode\\\/the-servants-lisandite-3-pakk\\\/#primaryimage\"},\"thumbnailUrl\":\"https:\\\/\\\/lustandlove.eu\\\/wp-content\\\/uploads\\\/The-Servants-01.jpg\",\"datePublished\":\"2021-05-28T05:17:32+00:00\",\"dateModified\":\"2026-04-13T07:43:08+00:00\",\"description\":\"Need 3 Servants lisandid wandidele on spetsiaalselt disainitud, et t\u00f5sta tekitatud naudingut koos wand-vibraatoritega.\",\"breadcrumb\":{\"@id\":\"https:\\\/\\\/lustandlove.eu\\\/et\\\/toode\\\/the-servants-lisandite-3-pakk\\\/#breadcrumb\"},\"inLanguage\":\"et\",\"potentialAction\":[{\"@type\":\"ReadAction\",\"target\":[\"https:\\\/\\\/lustandlove.eu\\\/et\\\/toode\\\/the-servants-lisandite-3-pakk\\\/\"]}]},{\"@type\":\"ImageObject\",\"inLanguage\":\"et\",\"@id\":\"https:\\\/\\\/lustandlove.eu\\\/et\\\/toode\\\/the-servants-lisandite-3-pakk\\\/#primaryimage\",\"url\":\"https:\\\/\\\/lustandlove.eu\\\/wp-content\\\/uploads\\\/The-Servants-01.jpg\",\"contentUrl\":\"https:\\\/\\\/lustandlove.eu\\\/wp-content\\\/uploads\\\/The-Servants-01.jpg\",\"width\":750,\"height\":750,\"caption\":\"sex toy massager\"},{\"@type\":\"BreadcrumbList\",\"@id\":\"https:\\\/\\\/lustandlove.eu\\\/et\\\/toode\\\/the-servants-lisandite-3-pakk\\\/#breadcrumb\",\"itemListElement\":[{\"@type\":\"ListItem\",\"position\":1,\"name\":\"Lust and Love\",\"item\":\"https:\\\/\\\/lustandlove.eu\\\/et\\\/\"},{\"@type\":\"ListItem\",\"position\":2,\"name\":\"Pood\",\"item\":\"https:\\\/\\\/lustandlove.eu\\\/et\\\/pood\\\/\"},{\"@type\":\"ListItem\",\"position\":3,\"name\":\"Sekslelud\",\"item\":\"https:\\\/\\\/lustandlove.eu\\\/et\\\/pood\\\/sekslelud\\\/\"},{\"@type\":\"ListItem\",\"position\":4,\"name\":\"Vibraatorid\",\"item\":\"https:\\\/\\\/lustandlove.eu\\\/et\\\/pood\\\/sekslelud\\\/vibraatorid\\\/\"},{\"@type\":\"ListItem\",\"position\":5,\"name\":\"Wandid\",\"item\":\"https:\\\/\\\/lustandlove.eu\\\/et\\\/pood\\\/sekslelud\\\/vibraatorid\\\/wandid\\\/\"},{\"@type\":\"ListItem\",\"position\":6,\"name\":\"The Servants Lisandite 3-pakk\"}]},{\"@type\":\"WebSite\",\"@id\":\"https:\\\/\\\/lustandlove.eu\\\/et\\\/#website\",\"url\":\"https:\\\/\\\/lustandlove.eu\\\/et\\\/\",\"name\":\"Lust &amp; Love\",\"description\":\"Online erootikapood tervise, ilu ja armastuse jaoks\",\"publisher\":{\"@id\":\"https:\\\/\\\/lustandlove.eu\\\/et\\\/#organization\"},\"potentialAction\":[{\"@type\":\"SearchAction\",\"target\":{\"@type\":\"EntryPoint\",\"urlTemplate\":\"https:\\\/\\\/lustandlove.eu\\\/et\\\/?s={search_term_string}\"},\"query-input\":{\"@type\":\"PropertyValueSpecification\",\"valueRequired\":true,\"valueName\":\"search_term_string\"}}],\"inLanguage\":\"et\"},{\"@type\":\"Organization\",\"@id\":\"https:\\\/\\\/lustandlove.eu\\\/et\\\/#organization\",\"name\":\"Bioconcept Baltics O\u00dc\",\"url\":\"https:\\\/\\\/lustandlove.eu\\\/et\\\/\",\"logo\":{\"@type\":\"ImageObject\",\"inLanguage\":\"et\",\"@id\":\"https:\\\/\\\/lustandlove.eu\\\/et\\\/#\\\/schema\\\/logo\\\/image\\\/\",\"url\":\"\",\"contentUrl\":\"\",\"caption\":\"Bioconcept Baltics O\u00dc\"},\"image\":{\"@id\":\"https:\\\/\\\/lustandlove.eu\\\/et\\\/#\\\/schema\\\/logo\\\/image\\\/\"},\"sameAs\":[\"https:\\\/\\\/www.facebook.com\\\/LustandLoveEU\\\/\",\"https:\\\/\\\/www.instagram.com\\\/lustandloveeu\\\/\"]}]}<\/script>\n<!-- \/ Yoast SEO plugin. -->","yoast_head_json":{"title":"The Servants Lisandite 3-pakk | Lust and Love Sex Store","description":"Need 3 Servants lisandid wandidele on spetsiaalselt disainitud, et t\u00f5sta tekitatud naudingut koos wand-vibraatoritega.","robots":{"index,follow,max-snippet":"index,follow,max-snippet:-1,max-image-preview:large,max-video-preview:-1"},"canonical":"https:\/\/lustandlove.eu\/et\/toode\/the-servants-lisandite-3-pakk\/","twitter_card":"summary_large_image","twitter_title":"The Servants Lisandite 3-pakk | Lust and Love Sex Store","twitter_description":"Need 3 Servants lisandid wandidele on spetsiaalselt disainitud, et t\u00f5sta tekitatud naudingut koos wand-vibraatoritega.","twitter_image":"https:\/\/lustandlove.eu\/wp-content\/uploads\/The-Servants-01.jpg","schema":{"@context":"https:\/\/schema.org","@graph":[{"@type":["WebPage","ItemPage"],"@id":"https:\/\/lustandlove.eu\/et\/toode\/the-servants-lisandite-3-pakk\/","url":"https:\/\/lustandlove.eu\/et\/toode\/the-servants-lisandite-3-pakk\/","name":"The Servants Lisandite 3-pakk | Lust and Love Sex Store","isPartOf":{"@id":"https:\/\/lustandlove.eu\/et\/#website"},"primaryImageOfPage":{"@id":"https:\/\/lustandlove.eu\/et\/toode\/the-servants-lisandite-3-pakk\/#primaryimage"},"image":{"@id":"https:\/\/lustandlove.eu\/et\/toode\/the-servants-lisandite-3-pakk\/#primaryimage"},"thumbnailUrl":"https:\/\/lustandlove.eu\/wp-content\/uploads\/The-Servants-01.jpg","datePublished":"2021-05-28T05:17:32+00:00","dateModified":"2026-04-13T07:43:08+00:00","description":"Need 3 Servants lisandid wandidele on spetsiaalselt disainitud, et t\u00f5sta tekitatud naudingut koos wand-vibraatoritega.","breadcrumb":{"@id":"https:\/\/lustandlove.eu\/et\/toode\/the-servants-lisandite-3-pakk\/#breadcrumb"},"inLanguage":"et","potentialAction":[{"@type":"ReadAction","target":["https:\/\/lustandlove.eu\/et\/toode\/the-servants-lisandite-3-pakk\/"]}]},{"@type":"ImageObject","inLanguage":"et","@id":"https:\/\/lustandlove.eu\/et\/toode\/the-servants-lisandite-3-pakk\/#primaryimage","url":"https:\/\/lustandlove.eu\/wp-content\/uploads\/The-Servants-01.jpg","contentUrl":"https:\/\/lustandlove.eu\/wp-content\/uploads\/The-Servants-01.jpg","width":750,"height":750,"caption":"sex toy massager"},{"@type":"BreadcrumbList","@id":"https:\/\/lustandlove.eu\/et\/toode\/the-servants-lisandite-3-pakk\/#breadcrumb","itemListElement":[{"@type":"ListItem","position":1,"name":"Lust and Love","item":"https:\/\/lustandlove.eu\/et\/"},{"@type":"ListItem","position":2,"name":"Pood","item":"https:\/\/lustandlove.eu\/et\/pood\/"},{"@type":"ListItem","position":3,"name":"Sekslelud","item":"https:\/\/lustandlove.eu\/et\/pood\/sekslelud\/"},{"@type":"ListItem","position":4,"name":"Vibraatorid","item":"https:\/\/lustandlove.eu\/et\/pood\/sekslelud\/vibraatorid\/"},{"@type":"ListItem","position":5,"name":"Wandid","item":"https:\/\/lustandlove.eu\/et\/pood\/sekslelud\/vibraatorid\/wandid\/"},{"@type":"ListItem","position":6,"name":"The Servants Lisandite 3-pakk"}]},{"@type":"WebSite","@id":"https:\/\/lustandlove.eu\/et\/#website","url":"https:\/\/lustandlove.eu\/et\/","name":"Lust &amp; Love","description":"Online erootikapood tervise, ilu ja armastuse jaoks","publisher":{"@id":"https:\/\/lustandlove.eu\/et\/#organization"},"potentialAction":[{"@type":"SearchAction","target":{"@type":"EntryPoint","urlTemplate":"https:\/\/lustandlove.eu\/et\/?s={search_term_string}"},"query-input":{"@type":"PropertyValueSpecification","valueRequired":true,"valueName":"search_term_string"}}],"inLanguage":"et"},{"@type":"Organization","@id":"https:\/\/lustandlove.eu\/et\/#organization","name":"Bioconcept Baltics O\u00dc","url":"https:\/\/lustandlove.eu\/et\/","logo":{"@type":"ImageObject","inLanguage":"et","@id":"https:\/\/lustandlove.eu\/et\/#\/schema\/logo\/image\/","url":"","contentUrl":"","caption":"Bioconcept Baltics O\u00dc"},"image":{"@id":"https:\/\/lustandlove.eu\/et\/#\/schema\/logo\/image\/"},"sameAs":["https:\/\/www.facebook.com\/LustandLoveEU\/","https:\/\/www.instagram.com\/lustandloveeu\/"]}]}},"_links":{"self":[{"href":"https:\/\/lustandlove.eu\/et\/wp-json\/wp\/v2\/product\/48379","targetHints":{"allow":["GET"]}}],"collection":[{"href":"https:\/\/lustandlove.eu\/et\/wp-json\/wp\/v2\/product"}],"about":[{"href":"https:\/\/lustandlove.eu\/et\/wp-json\/wp\/v2\/types\/product"}],"wp:featuredmedia":[{"embeddable":true,"href":"https:\/\/lustandlove.eu\/et\/wp-json\/wp\/v2\/media\/47767"}],"wp:attachment":[{"href":"https:\/\/lustandlove.eu\/et\/wp-json\/wp\/v2\/media?parent=48379"}],"wp:term":[{"taxonomy":"product_brand","embeddable":true,"href":"https:\/\/lustandlove.eu\/et\/wp-json\/wp\/v2\/product_brand?post=48379"},{"taxonomy":"product_cat","embeddable":true,"href":"https:\/\/lustandlove.eu\/et\/wp-json\/wp\/v2\/product_cat?post=48379"},{"taxonomy":"product_tag","embeddable":true,"href":"https:\/\/lustandlove.eu\/et\/wp-json\/wp\/v2\/product_tag?post=48379"}],"curies":[{"name":"wp","href":"https:\/\/api.w.org\/{rel}","templated":true}]}}