{"id":48380,"date":"2021-05-28T08:17:32","date_gmt":"2021-05-28T05:17:32","guid":{"rendered":"https:\/\/www.lustandlove.eu\/product\/pleasure-pointer-kahe-sormega-lisaosa\/"},"modified":"2026-04-13T10:43:07","modified_gmt":"2026-04-13T07:43:07","slug":"pleasure-pointer-kahe-sormega-lisaosa","status":"publish","type":"product","link":"https:\/\/lustandlove.eu\/et\/toode\/pleasure-pointer-kahe-sormega-lisaosa\/","title":{"rendered":"Pleasure Pointer Kahe S\u00f5rmega Lisaosa"},"content":{"rendered":"<p>See kahe s\u00f5rme disain annab sulle v\u00f5imaluse wandi v\u00f5imsad vibratsioonid suunata \u00fchele konkreetsele punktile. See elusuuruses realistlik lelu ei ole l\u00f5tv, k\u00fcll aga on see tehtud termoplastilisest elastomeerist, mis v\u00f5tab kiiresti keha temperatuuri k\u00fclge, annab vibratsioonid p\u00f5hjast tipuni edasi ja on loodud koos sinu keha kujuga painduma.<\/p>\n<p>Wandi otsik on siidjalt pehme pinnaga ja sobib imeliselt G-punkti stimulatsiooniks! N\u00fc\u00fcd on v\u00f5imalik nautida n\u00e4ppude stimulatsiooni, mis on kombineeritud erutava vibratsiooniga, et saada uut t\u00fc\u00fcpi naudinguid!<\/p>\n","protected":false},"excerpt":{"rendered":"<p>See kahe s\u00f5rme disain annab sulle v\u00f5imaluse wandi v\u00f5imsad vibratsioonid suunata \u00fchele konkreetsele punktile.<\/p>\n","protected":false},"featured_media":47764,"template":"","meta":[],"product_brand":[4230],"product_cat":[1495],"product_tag":[],"class_list":{"0":"post-48380","1":"product","2":"type-product","3":"status-publish","4":"has-post-thumbnail","6":"product_brand-pixey-et","7":"product_cat-wandid","8":"pa_brand-pixey-et","10":"first","11":"instock","12":"taxable","13":"shipping-taxable","14":"purchasable","15":"product-type-simple"},"yoast_head":"<!-- This site is optimized with the Yoast SEO plugin v27.3 - https:\/\/yoast.com\/product\/yoast-seo-wordpress\/ -->\n<title>Pleasure Pointer Two Finger Wand Attachmen | Lust and Love<\/title>\n<meta name=\"description\" content=\"See kahe s\u00f5rme disain annab sulle v\u00f5imaluse wandi v\u00f5imsad vibratsioonid suunata \u00fchele konkreetsele punktile.\" \/>\n<meta name=\"robots\" content=\"index,follow,max-snippet:-1,max-image-preview:large,max-video-preview:-1\" \/>\n<link rel=\"canonical\" href=\"https:\/\/lustandlove.eu\/et\/toode\/pleasure-pointer-kahe-sormega-lisaosa\/\" \/>\n<meta name=\"twitter:card\" content=\"summary_large_image\" \/>\n<meta name=\"twitter:title\" content=\"Pleasure Pointer Two Finger Wand Attachmen | Lust and Love\" \/>\n<meta name=\"twitter:description\" content=\"See kahe s\u00f5rme disain annab sulle v\u00f5imaluse wandi v\u00f5imsad vibratsioonid suunata \u00fchele konkreetsele punktile.\" \/>\n<meta name=\"twitter:image\" content=\"https:\/\/lustandlove.eu\/wp-content\/uploads\/Pleasure-Pointer-01.jpg\" \/>\n<script type=\"application\/ld+json\" class=\"yoast-schema-graph\">{\"@context\":\"https:\\\/\\\/schema.org\",\"@graph\":[{\"@type\":[\"WebPage\",\"ItemPage\"],\"@id\":\"https:\\\/\\\/lustandlove.eu\\\/et\\\/toode\\\/pleasure-pointer-kahe-sormega-lisaosa\\\/\",\"url\":\"https:\\\/\\\/lustandlove.eu\\\/et\\\/toode\\\/pleasure-pointer-kahe-sormega-lisaosa\\\/\",\"name\":\"Pleasure Pointer Two Finger Wand Attachmen | Lust and Love\",\"isPartOf\":{\"@id\":\"https:\\\/\\\/lustandlove.eu\\\/et\\\/#website\"},\"primaryImageOfPage\":{\"@id\":\"https:\\\/\\\/lustandlove.eu\\\/et\\\/toode\\\/pleasure-pointer-kahe-sormega-lisaosa\\\/#primaryimage\"},\"image\":{\"@id\":\"https:\\\/\\\/lustandlove.eu\\\/et\\\/toode\\\/pleasure-pointer-kahe-sormega-lisaosa\\\/#primaryimage\"},\"thumbnailUrl\":\"https:\\\/\\\/lustandlove.eu\\\/wp-content\\\/uploads\\\/Pleasure-Pointer-01.jpg\",\"datePublished\":\"2021-05-28T05:17:32+00:00\",\"dateModified\":\"2026-04-13T07:43:07+00:00\",\"description\":\"See kahe s\u00f5rme disain annab sulle v\u00f5imaluse wandi v\u00f5imsad vibratsioonid suunata \u00fchele konkreetsele punktile.\",\"breadcrumb\":{\"@id\":\"https:\\\/\\\/lustandlove.eu\\\/et\\\/toode\\\/pleasure-pointer-kahe-sormega-lisaosa\\\/#breadcrumb\"},\"inLanguage\":\"et\",\"potentialAction\":[{\"@type\":\"ReadAction\",\"target\":[\"https:\\\/\\\/lustandlove.eu\\\/et\\\/toode\\\/pleasure-pointer-kahe-sormega-lisaosa\\\/\"]}]},{\"@type\":\"ImageObject\",\"inLanguage\":\"et\",\"@id\":\"https:\\\/\\\/lustandlove.eu\\\/et\\\/toode\\\/pleasure-pointer-kahe-sormega-lisaosa\\\/#primaryimage\",\"url\":\"https:\\\/\\\/lustandlove.eu\\\/wp-content\\\/uploads\\\/Pleasure-Pointer-01.jpg\",\"contentUrl\":\"https:\\\/\\\/lustandlove.eu\\\/wp-content\\\/uploads\\\/Pleasure-Pointer-01.jpg\",\"width\":516,\"height\":750,\"caption\":\"massage sex toys\"},{\"@type\":\"BreadcrumbList\",\"@id\":\"https:\\\/\\\/lustandlove.eu\\\/et\\\/toode\\\/pleasure-pointer-kahe-sormega-lisaosa\\\/#breadcrumb\",\"itemListElement\":[{\"@type\":\"ListItem\",\"position\":1,\"name\":\"Lust and Love\",\"item\":\"https:\\\/\\\/lustandlove.eu\\\/et\\\/\"},{\"@type\":\"ListItem\",\"position\":2,\"name\":\"Pood\",\"item\":\"https:\\\/\\\/lustandlove.eu\\\/et\\\/pood\\\/\"},{\"@type\":\"ListItem\",\"position\":3,\"name\":\"Sekslelud\",\"item\":\"https:\\\/\\\/lustandlove.eu\\\/et\\\/pood\\\/sekslelud\\\/\"},{\"@type\":\"ListItem\",\"position\":4,\"name\":\"Vibraatorid\",\"item\":\"https:\\\/\\\/lustandlove.eu\\\/et\\\/pood\\\/sekslelud\\\/vibraatorid\\\/\"},{\"@type\":\"ListItem\",\"position\":5,\"name\":\"Wandid\",\"item\":\"https:\\\/\\\/lustandlove.eu\\\/et\\\/pood\\\/sekslelud\\\/vibraatorid\\\/wandid\\\/\"},{\"@type\":\"ListItem\",\"position\":6,\"name\":\"Pleasure Pointer Kahe S\u00f5rmega Lisaosa\"}]},{\"@type\":\"WebSite\",\"@id\":\"https:\\\/\\\/lustandlove.eu\\\/et\\\/#website\",\"url\":\"https:\\\/\\\/lustandlove.eu\\\/et\\\/\",\"name\":\"Lust &amp; Love\",\"description\":\"Online erootikapood tervise, ilu ja armastuse jaoks\",\"publisher\":{\"@id\":\"https:\\\/\\\/lustandlove.eu\\\/et\\\/#organization\"},\"potentialAction\":[{\"@type\":\"SearchAction\",\"target\":{\"@type\":\"EntryPoint\",\"urlTemplate\":\"https:\\\/\\\/lustandlove.eu\\\/et\\\/?s={search_term_string}\"},\"query-input\":{\"@type\":\"PropertyValueSpecification\",\"valueRequired\":true,\"valueName\":\"search_term_string\"}}],\"inLanguage\":\"et\"},{\"@type\":\"Organization\",\"@id\":\"https:\\\/\\\/lustandlove.eu\\\/et\\\/#organization\",\"name\":\"Bioconcept Baltics O\u00dc\",\"url\":\"https:\\\/\\\/lustandlove.eu\\\/et\\\/\",\"logo\":{\"@type\":\"ImageObject\",\"inLanguage\":\"et\",\"@id\":\"https:\\\/\\\/lustandlove.eu\\\/et\\\/#\\\/schema\\\/logo\\\/image\\\/\",\"url\":\"\",\"contentUrl\":\"\",\"caption\":\"Bioconcept Baltics O\u00dc\"},\"image\":{\"@id\":\"https:\\\/\\\/lustandlove.eu\\\/et\\\/#\\\/schema\\\/logo\\\/image\\\/\"},\"sameAs\":[\"https:\\\/\\\/www.facebook.com\\\/LustandLoveEU\\\/\",\"https:\\\/\\\/www.instagram.com\\\/lustandloveeu\\\/\"]}]}<\/script>\n<!-- \/ Yoast SEO plugin. -->","yoast_head_json":{"title":"Pleasure Pointer Two Finger Wand Attachmen | Lust and Love","description":"See kahe s\u00f5rme disain annab sulle v\u00f5imaluse wandi v\u00f5imsad vibratsioonid suunata \u00fchele konkreetsele punktile.","robots":{"index,follow,max-snippet":"index,follow,max-snippet:-1,max-image-preview:large,max-video-preview:-1"},"canonical":"https:\/\/lustandlove.eu\/et\/toode\/pleasure-pointer-kahe-sormega-lisaosa\/","twitter_card":"summary_large_image","twitter_title":"Pleasure Pointer Two Finger Wand Attachmen | Lust and Love","twitter_description":"See kahe s\u00f5rme disain annab sulle v\u00f5imaluse wandi v\u00f5imsad vibratsioonid suunata \u00fchele konkreetsele punktile.","twitter_image":"https:\/\/lustandlove.eu\/wp-content\/uploads\/Pleasure-Pointer-01.jpg","schema":{"@context":"https:\/\/schema.org","@graph":[{"@type":["WebPage","ItemPage"],"@id":"https:\/\/lustandlove.eu\/et\/toode\/pleasure-pointer-kahe-sormega-lisaosa\/","url":"https:\/\/lustandlove.eu\/et\/toode\/pleasure-pointer-kahe-sormega-lisaosa\/","name":"Pleasure Pointer Two Finger Wand Attachmen | Lust and Love","isPartOf":{"@id":"https:\/\/lustandlove.eu\/et\/#website"},"primaryImageOfPage":{"@id":"https:\/\/lustandlove.eu\/et\/toode\/pleasure-pointer-kahe-sormega-lisaosa\/#primaryimage"},"image":{"@id":"https:\/\/lustandlove.eu\/et\/toode\/pleasure-pointer-kahe-sormega-lisaosa\/#primaryimage"},"thumbnailUrl":"https:\/\/lustandlove.eu\/wp-content\/uploads\/Pleasure-Pointer-01.jpg","datePublished":"2021-05-28T05:17:32+00:00","dateModified":"2026-04-13T07:43:07+00:00","description":"See kahe s\u00f5rme disain annab sulle v\u00f5imaluse wandi v\u00f5imsad vibratsioonid suunata \u00fchele konkreetsele punktile.","breadcrumb":{"@id":"https:\/\/lustandlove.eu\/et\/toode\/pleasure-pointer-kahe-sormega-lisaosa\/#breadcrumb"},"inLanguage":"et","potentialAction":[{"@type":"ReadAction","target":["https:\/\/lustandlove.eu\/et\/toode\/pleasure-pointer-kahe-sormega-lisaosa\/"]}]},{"@type":"ImageObject","inLanguage":"et","@id":"https:\/\/lustandlove.eu\/et\/toode\/pleasure-pointer-kahe-sormega-lisaosa\/#primaryimage","url":"https:\/\/lustandlove.eu\/wp-content\/uploads\/Pleasure-Pointer-01.jpg","contentUrl":"https:\/\/lustandlove.eu\/wp-content\/uploads\/Pleasure-Pointer-01.jpg","width":516,"height":750,"caption":"massage sex toys"},{"@type":"BreadcrumbList","@id":"https:\/\/lustandlove.eu\/et\/toode\/pleasure-pointer-kahe-sormega-lisaosa\/#breadcrumb","itemListElement":[{"@type":"ListItem","position":1,"name":"Lust and Love","item":"https:\/\/lustandlove.eu\/et\/"},{"@type":"ListItem","position":2,"name":"Pood","item":"https:\/\/lustandlove.eu\/et\/pood\/"},{"@type":"ListItem","position":3,"name":"Sekslelud","item":"https:\/\/lustandlove.eu\/et\/pood\/sekslelud\/"},{"@type":"ListItem","position":4,"name":"Vibraatorid","item":"https:\/\/lustandlove.eu\/et\/pood\/sekslelud\/vibraatorid\/"},{"@type":"ListItem","position":5,"name":"Wandid","item":"https:\/\/lustandlove.eu\/et\/pood\/sekslelud\/vibraatorid\/wandid\/"},{"@type":"ListItem","position":6,"name":"Pleasure Pointer Kahe S\u00f5rmega Lisaosa"}]},{"@type":"WebSite","@id":"https:\/\/lustandlove.eu\/et\/#website","url":"https:\/\/lustandlove.eu\/et\/","name":"Lust &amp; Love","description":"Online erootikapood tervise, ilu ja armastuse jaoks","publisher":{"@id":"https:\/\/lustandlove.eu\/et\/#organization"},"potentialAction":[{"@type":"SearchAction","target":{"@type":"EntryPoint","urlTemplate":"https:\/\/lustandlove.eu\/et\/?s={search_term_string}"},"query-input":{"@type":"PropertyValueSpecification","valueRequired":true,"valueName":"search_term_string"}}],"inLanguage":"et"},{"@type":"Organization","@id":"https:\/\/lustandlove.eu\/et\/#organization","name":"Bioconcept Baltics O\u00dc","url":"https:\/\/lustandlove.eu\/et\/","logo":{"@type":"ImageObject","inLanguage":"et","@id":"https:\/\/lustandlove.eu\/et\/#\/schema\/logo\/image\/","url":"","contentUrl":"","caption":"Bioconcept Baltics O\u00dc"},"image":{"@id":"https:\/\/lustandlove.eu\/et\/#\/schema\/logo\/image\/"},"sameAs":["https:\/\/www.facebook.com\/LustandLoveEU\/","https:\/\/www.instagram.com\/lustandloveeu\/"]}]}},"_links":{"self":[{"href":"https:\/\/lustandlove.eu\/et\/wp-json\/wp\/v2\/product\/48380","targetHints":{"allow":["GET"]}}],"collection":[{"href":"https:\/\/lustandlove.eu\/et\/wp-json\/wp\/v2\/product"}],"about":[{"href":"https:\/\/lustandlove.eu\/et\/wp-json\/wp\/v2\/types\/product"}],"wp:featuredmedia":[{"embeddable":true,"href":"https:\/\/lustandlove.eu\/et\/wp-json\/wp\/v2\/media\/47764"}],"wp:attachment":[{"href":"https:\/\/lustandlove.eu\/et\/wp-json\/wp\/v2\/media?parent=48380"}],"wp:term":[{"taxonomy":"product_brand","embeddable":true,"href":"https:\/\/lustandlove.eu\/et\/wp-json\/wp\/v2\/product_brand?post=48380"},{"taxonomy":"product_cat","embeddable":true,"href":"https:\/\/lustandlove.eu\/et\/wp-json\/wp\/v2\/product_cat?post=48380"},{"taxonomy":"product_tag","embeddable":true,"href":"https:\/\/lustandlove.eu\/et\/wp-json\/wp\/v2\/product_tag?post=48380"}],"curies":[{"name":"wp","href":"https:\/\/api.w.org\/{rel}","templated":true}]}}