{"id":48382,"date":"2021-05-28T08:17:31","date_gmt":"2021-05-28T05:17:31","guid":{"rendered":"https:\/\/www.lustandlove.eu\/product\/munandiraskus-terasest\/"},"modified":"2026-04-13T10:43:08","modified_gmt":"2026-04-13T07:43:08","slug":"munandiraskus-terasest","status":"publish","type":"product","link":"https:\/\/lustandlove.eu\/et\/toode\/munandiraskus-terasest\/","title":{"rendered":"Munandiraskus terasest"},"content":{"rendered":"<p>Munandiraskus, mida on lihtne kasutada t\u00e4nu nende poolitatavale disainile. Seda saab lahti teha ja kinni panna \u00fche kruviga koos kaasasoleva kuuskant-v\u00f5tmega.<\/p>\n<p>Munandiraskus lukustatakse \u00fcmber munandijuha mis lisab munanditele raskust ja hakkab neid alla poole t\u00f5mbama, et tekitada \u00f5rritav sensatsioon. Munandivenitajad takistavad mundanditel ejakuleerimise ajal t\u00f5usmast, mis v\u00f5imendab ja l\u00fckkab edasi orgasmi veelgi pikema perioodi peale.<\/p>\n<p>Suurema munandivenitaja v\u00e4limine laius on 66 millimeetrit ja selle sisemine laius on 38mm, kaalub 310 grammi ja on 15 mm k\u00f5rge.<\/p>\n<p>V\u00e4iksema munandivenitaja v\u00e4limine laius on 63mm ja sisemine 34 mm. See kaalub 260 grammi ja on 15 mm k\u00f5rge.<\/p>\n<p>Munandivenitaja on tehtud 100% roostevabast terasest.<\/p>\n","protected":false},"excerpt":{"rendered":"<p>Munandiraskus, mida on lihtne kasutada t\u00e4nu nende poolitatavale disainile.<\/p>\n","protected":false},"featured_media":47761,"template":"","meta":[],"product_brand":[4218],"product_cat":[1477,1478],"product_tag":[1553,2899],"class_list":{"0":"post-48382","1":"product","2":"type-product","3":"status-publish","4":"has-post-thumbnail","6":"product_brand-kiotos-et","7":"product_cat-meestele","8":"product_cat-peeniserongad","9":"product_tag-peenise-rongas","10":"product_tag-peeniserongas","11":"pa_brand-kiotos-et","13":"first","14":"instock","15":"taxable","16":"shipping-taxable","17":"purchasable","18":"product-type-variable"},"yoast_head":"<!-- This site is optimized with the Yoast SEO plugin v27.3 - https:\/\/yoast.com\/product\/yoast-seo-wordpress\/ -->\n<title>Ballstretcher - Ball Weight | Kiotos Steel | Lust and Love<\/title>\n<meta name=\"description\" content=\"Munandiraskus, mida on lihtne kasutada t\u00e4nu nende poolitatavale disainile.\" \/>\n<meta name=\"robots\" content=\"index,follow,max-snippet:-1,max-image-preview:large,max-video-preview:-1\" \/>\n<link rel=\"canonical\" href=\"https:\/\/lustandlove.eu\/et\/toode\/munandiraskus-terasest\/\" \/>\n<meta name=\"twitter:card\" content=\"summary_large_image\" \/>\n<meta name=\"twitter:title\" content=\"Ballstretcher - Ball Weight | Kiotos Steel | Lust and Love\" \/>\n<meta name=\"twitter:description\" content=\"Munandiraskus, mida on lihtne kasutada t\u00e4nu nende poolitatavale disainile.\" \/>\n<meta name=\"twitter:image\" content=\"https:\/\/lustandlove.eu\/wp-content\/uploads\/Ball-Weight-01.jpg\" \/>\n<meta name=\"twitter:label1\" content=\"Est. reading time\" \/>\n\t<meta name=\"twitter:data1\" content=\"1 minut\" \/>\n<script type=\"application\/ld+json\" class=\"yoast-schema-graph\">{\"@context\":\"https:\\\/\\\/schema.org\",\"@graph\":[{\"@type\":[\"WebPage\",\"ItemPage\"],\"@id\":\"https:\\\/\\\/lustandlove.eu\\\/et\\\/toode\\\/munandiraskus-terasest\\\/\",\"url\":\"https:\\\/\\\/lustandlove.eu\\\/et\\\/toode\\\/munandiraskus-terasest\\\/\",\"name\":\"Ballstretcher - Ball Weight | Kiotos Steel | Lust and Love\",\"isPartOf\":{\"@id\":\"https:\\\/\\\/lustandlove.eu\\\/et\\\/#website\"},\"primaryImageOfPage\":{\"@id\":\"https:\\\/\\\/lustandlove.eu\\\/et\\\/toode\\\/munandiraskus-terasest\\\/#primaryimage\"},\"image\":{\"@id\":\"https:\\\/\\\/lustandlove.eu\\\/et\\\/toode\\\/munandiraskus-terasest\\\/#primaryimage\"},\"thumbnailUrl\":\"https:\\\/\\\/lustandlove.eu\\\/wp-content\\\/uploads\\\/Ball-Weight-01.jpg\",\"datePublished\":\"2021-05-28T05:17:31+00:00\",\"dateModified\":\"2026-04-13T07:43:08+00:00\",\"description\":\"Munandiraskus, mida on lihtne kasutada t\u00e4nu nende poolitatavale disainile.\",\"breadcrumb\":{\"@id\":\"https:\\\/\\\/lustandlove.eu\\\/et\\\/toode\\\/munandiraskus-terasest\\\/#breadcrumb\"},\"inLanguage\":\"et\",\"potentialAction\":[{\"@type\":\"ReadAction\",\"target\":[\"https:\\\/\\\/lustandlove.eu\\\/et\\\/toode\\\/munandiraskus-terasest\\\/\"]}]},{\"@type\":\"ImageObject\",\"inLanguage\":\"et\",\"@id\":\"https:\\\/\\\/lustandlove.eu\\\/et\\\/toode\\\/munandiraskus-terasest\\\/#primaryimage\",\"url\":\"https:\\\/\\\/lustandlove.eu\\\/wp-content\\\/uploads\\\/Ball-Weight-01.jpg\",\"contentUrl\":\"https:\\\/\\\/lustandlove.eu\\\/wp-content\\\/uploads\\\/Ball-Weight-01.jpg\",\"width\":1620,\"height\":1080},{\"@type\":\"BreadcrumbList\",\"@id\":\"https:\\\/\\\/lustandlove.eu\\\/et\\\/toode\\\/munandiraskus-terasest\\\/#breadcrumb\",\"itemListElement\":[{\"@type\":\"ListItem\",\"position\":1,\"name\":\"Lust and Love\",\"item\":\"https:\\\/\\\/lustandlove.eu\\\/et\\\/\"},{\"@type\":\"ListItem\",\"position\":2,\"name\":\"Pood\",\"item\":\"https:\\\/\\\/lustandlove.eu\\\/et\\\/pood\\\/\"},{\"@type\":\"ListItem\",\"position\":3,\"name\":\"Sekslelud\",\"item\":\"https:\\\/\\\/lustandlove.eu\\\/et\\\/pood\\\/sekslelud\\\/\"},{\"@type\":\"ListItem\",\"position\":4,\"name\":\"LGBTQ\",\"item\":\"https:\\\/\\\/lustandlove.eu\\\/et\\\/pood\\\/sekslelud\\\/lgbtq-et\\\/\"},{\"@type\":\"ListItem\",\"position\":5,\"name\":\"Strap-on dildod\",\"item\":\"https:\\\/\\\/lustandlove.eu\\\/et\\\/pood\\\/sekslelud\\\/lgbtq-et\\\/strap-on-dildod\\\/\"},{\"@type\":\"ListItem\",\"position\":6,\"name\":\"Munandiraskus terasest\"}]},{\"@type\":\"WebSite\",\"@id\":\"https:\\\/\\\/lustandlove.eu\\\/et\\\/#website\",\"url\":\"https:\\\/\\\/lustandlove.eu\\\/et\\\/\",\"name\":\"Lust &amp; Love\",\"description\":\"Online erootikapood tervise, ilu ja armastuse jaoks\",\"publisher\":{\"@id\":\"https:\\\/\\\/lustandlove.eu\\\/et\\\/#organization\"},\"potentialAction\":[{\"@type\":\"SearchAction\",\"target\":{\"@type\":\"EntryPoint\",\"urlTemplate\":\"https:\\\/\\\/lustandlove.eu\\\/et\\\/?s={search_term_string}\"},\"query-input\":{\"@type\":\"PropertyValueSpecification\",\"valueRequired\":true,\"valueName\":\"search_term_string\"}}],\"inLanguage\":\"et\"},{\"@type\":\"Organization\",\"@id\":\"https:\\\/\\\/lustandlove.eu\\\/et\\\/#organization\",\"name\":\"Bioconcept Baltics O\u00dc\",\"url\":\"https:\\\/\\\/lustandlove.eu\\\/et\\\/\",\"logo\":{\"@type\":\"ImageObject\",\"inLanguage\":\"et\",\"@id\":\"https:\\\/\\\/lustandlove.eu\\\/et\\\/#\\\/schema\\\/logo\\\/image\\\/\",\"url\":\"\",\"contentUrl\":\"\",\"caption\":\"Bioconcept Baltics O\u00dc\"},\"image\":{\"@id\":\"https:\\\/\\\/lustandlove.eu\\\/et\\\/#\\\/schema\\\/logo\\\/image\\\/\"},\"sameAs\":[\"https:\\\/\\\/www.facebook.com\\\/LustandLoveEU\\\/\",\"https:\\\/\\\/www.instagram.com\\\/lustandloveeu\\\/\"]}]}<\/script>\n<!-- \/ Yoast SEO plugin. -->","yoast_head_json":{"title":"Ballstretcher - Ball Weight | Kiotos Steel | Lust and Love","description":"Munandiraskus, mida on lihtne kasutada t\u00e4nu nende poolitatavale disainile.","robots":{"index,follow,max-snippet":"index,follow,max-snippet:-1,max-image-preview:large,max-video-preview:-1"},"canonical":"https:\/\/lustandlove.eu\/et\/toode\/munandiraskus-terasest\/","twitter_card":"summary_large_image","twitter_title":"Ballstretcher - Ball Weight | Kiotos Steel | Lust and Love","twitter_description":"Munandiraskus, mida on lihtne kasutada t\u00e4nu nende poolitatavale disainile.","twitter_image":"https:\/\/lustandlove.eu\/wp-content\/uploads\/Ball-Weight-01.jpg","twitter_misc":{"Est. reading time":"1 minut"},"schema":{"@context":"https:\/\/schema.org","@graph":[{"@type":["WebPage","ItemPage"],"@id":"https:\/\/lustandlove.eu\/et\/toode\/munandiraskus-terasest\/","url":"https:\/\/lustandlove.eu\/et\/toode\/munandiraskus-terasest\/","name":"Ballstretcher - Ball Weight | Kiotos Steel | Lust and Love","isPartOf":{"@id":"https:\/\/lustandlove.eu\/et\/#website"},"primaryImageOfPage":{"@id":"https:\/\/lustandlove.eu\/et\/toode\/munandiraskus-terasest\/#primaryimage"},"image":{"@id":"https:\/\/lustandlove.eu\/et\/toode\/munandiraskus-terasest\/#primaryimage"},"thumbnailUrl":"https:\/\/lustandlove.eu\/wp-content\/uploads\/Ball-Weight-01.jpg","datePublished":"2021-05-28T05:17:31+00:00","dateModified":"2026-04-13T07:43:08+00:00","description":"Munandiraskus, mida on lihtne kasutada t\u00e4nu nende poolitatavale disainile.","breadcrumb":{"@id":"https:\/\/lustandlove.eu\/et\/toode\/munandiraskus-terasest\/#breadcrumb"},"inLanguage":"et","potentialAction":[{"@type":"ReadAction","target":["https:\/\/lustandlove.eu\/et\/toode\/munandiraskus-terasest\/"]}]},{"@type":"ImageObject","inLanguage":"et","@id":"https:\/\/lustandlove.eu\/et\/toode\/munandiraskus-terasest\/#primaryimage","url":"https:\/\/lustandlove.eu\/wp-content\/uploads\/Ball-Weight-01.jpg","contentUrl":"https:\/\/lustandlove.eu\/wp-content\/uploads\/Ball-Weight-01.jpg","width":1620,"height":1080},{"@type":"BreadcrumbList","@id":"https:\/\/lustandlove.eu\/et\/toode\/munandiraskus-terasest\/#breadcrumb","itemListElement":[{"@type":"ListItem","position":1,"name":"Lust and Love","item":"https:\/\/lustandlove.eu\/et\/"},{"@type":"ListItem","position":2,"name":"Pood","item":"https:\/\/lustandlove.eu\/et\/pood\/"},{"@type":"ListItem","position":3,"name":"Sekslelud","item":"https:\/\/lustandlove.eu\/et\/pood\/sekslelud\/"},{"@type":"ListItem","position":4,"name":"LGBTQ","item":"https:\/\/lustandlove.eu\/et\/pood\/sekslelud\/lgbtq-et\/"},{"@type":"ListItem","position":5,"name":"Strap-on dildod","item":"https:\/\/lustandlove.eu\/et\/pood\/sekslelud\/lgbtq-et\/strap-on-dildod\/"},{"@type":"ListItem","position":6,"name":"Munandiraskus terasest"}]},{"@type":"WebSite","@id":"https:\/\/lustandlove.eu\/et\/#website","url":"https:\/\/lustandlove.eu\/et\/","name":"Lust &amp; Love","description":"Online erootikapood tervise, ilu ja armastuse jaoks","publisher":{"@id":"https:\/\/lustandlove.eu\/et\/#organization"},"potentialAction":[{"@type":"SearchAction","target":{"@type":"EntryPoint","urlTemplate":"https:\/\/lustandlove.eu\/et\/?s={search_term_string}"},"query-input":{"@type":"PropertyValueSpecification","valueRequired":true,"valueName":"search_term_string"}}],"inLanguage":"et"},{"@type":"Organization","@id":"https:\/\/lustandlove.eu\/et\/#organization","name":"Bioconcept Baltics O\u00dc","url":"https:\/\/lustandlove.eu\/et\/","logo":{"@type":"ImageObject","inLanguage":"et","@id":"https:\/\/lustandlove.eu\/et\/#\/schema\/logo\/image\/","url":"","contentUrl":"","caption":"Bioconcept Baltics O\u00dc"},"image":{"@id":"https:\/\/lustandlove.eu\/et\/#\/schema\/logo\/image\/"},"sameAs":["https:\/\/www.facebook.com\/LustandLoveEU\/","https:\/\/www.instagram.com\/lustandloveeu\/"]}]}},"_links":{"self":[{"href":"https:\/\/lustandlove.eu\/et\/wp-json\/wp\/v2\/product\/48382","targetHints":{"allow":["GET"]}}],"collection":[{"href":"https:\/\/lustandlove.eu\/et\/wp-json\/wp\/v2\/product"}],"about":[{"href":"https:\/\/lustandlove.eu\/et\/wp-json\/wp\/v2\/types\/product"}],"wp:featuredmedia":[{"embeddable":true,"href":"https:\/\/lustandlove.eu\/et\/wp-json\/wp\/v2\/media\/47761"}],"wp:attachment":[{"href":"https:\/\/lustandlove.eu\/et\/wp-json\/wp\/v2\/media?parent=48382"}],"wp:term":[{"taxonomy":"product_brand","embeddable":true,"href":"https:\/\/lustandlove.eu\/et\/wp-json\/wp\/v2\/product_brand?post=48382"},{"taxonomy":"product_cat","embeddable":true,"href":"https:\/\/lustandlove.eu\/et\/wp-json\/wp\/v2\/product_cat?post=48382"},{"taxonomy":"product_tag","embeddable":true,"href":"https:\/\/lustandlove.eu\/et\/wp-json\/wp\/v2\/product_tag?post=48382"}],"curies":[{"name":"wp","href":"https:\/\/api.w.org\/{rel}","templated":true}]}}