{"id":48385,"date":"2021-05-28T08:16:47","date_gmt":"2021-05-28T05:16:47","guid":{"rendered":"https:\/\/www.lustandlove.eu\/product\/donut-peeniserongas\/"},"modified":"2026-04-13T10:43:08","modified_gmt":"2026-04-13T07:43:08","slug":"donut-peeniserongas","status":"publish","type":"product","link":"https:\/\/lustandlove.eu\/et\/toode\/donut-peeniserongas\/","title":{"rendered":"Donut Peeniser\u00f5ngas"},"content":{"rendered":"<p>Metallist peeniser\u00f5ngas, mis aitab sul kauem erekteerunult p\u00fcsida.<\/p>\n<p>Peeniser\u00f5ngaid kasutatakse seksi paremaks muutmiseks. See teeb erektsiooni tugevamaks ning aitab sul kauem vastu pidada samaaegselt t\u00f5stes naudingutunnet. Peenise veresooned muutuvad t\u00e4idlasemaks ning peenis muutub \u00fcldiselt suuremaks.<\/p>\n<p>Kui on teada, et peeniser\u00f5ngas aitab seksi paremaks muuta, siis tasub ka teada, et metallist peeniser\u00f5ngad on paremad, kui venivast materjalist peeniser\u00f5ngad.<\/p>\n<p>Metallist peeniser\u00f5ngas v\u00f5ib esialgu tunduda hirmu\u00e4ratav, kuid selleks pole p\u00f5hjust \u2013 me seletame miks.<\/p>\n<p>Selleks, et metallist peeniser\u00f5ngas sobituks kenasti peenisele ja tuleks sealt \u00f5igesti maha, on vaja teada j\u00e4rgnevat:<\/p>\n<p>Metallist peeniser\u00f5ngast ei tohiks kanda kauem, kui on soovitatud (t\u00fc\u00fcpiliselt 20 minutit)<br \/>\nPeeniser\u00f5ngas peaks olema \u00fcmber peenise mugavalt, mitte pigistama liiga k\u00f5vasti. Eesm\u00e4rk on erektsiooni tugevdada mitte peenisele valu v\u00f5i ebamugavust tekitada.<br \/>\nEnne p\u00e4ris vahekorda katseta r\u00f5ngast. Pane see peale ning v\u00f5ta maha ning leia k\u00f5ige mugavam viis selle kandmiseks.<br \/>\nKasutaja vajadusel libestit. Libesti aitab r\u00f5ngal peale ja maha libiseda.<br \/>\nJuhul, kui erektsioon p\u00fcsib ning r\u00f5ngast on raske maha libistada, soovitatakse kasutada peenise peal j\u00e4\u00e4d: see aitab erektsioonil \u00e4ra kaduda ning peenise j\u00e4medus kahaneb, tehes r\u00f5nga mahalibisemise lihtsamaks.<br \/>\nM\u00f5\u00f5da oma peenise \u00fcmberm\u00f5\u00f5t ning vali sobivas suuruses peeniser\u00f5ngas.<\/p>\n<p>Suurema diameetriga r\u00f5ngad sobivad kasutamiseks ka koos munanditega.<\/p>\n<p>T\u00e4nu \u00fcmardatud \u00e4\u00e4rtele ei tee toode haiget ning selle peale panemine ja maha v\u00f5tmine on lihtne.<\/p>\n","protected":false},"excerpt":{"rendered":"<p>Metallist peeniser\u00f5ngas, mis aitab sul kauem erekteerunult p\u00fcsida.<\/p>\n","protected":false},"featured_media":47760,"template":"","meta":[],"product_brand":[4218],"product_cat":[1477,1478],"product_tag":[1553,2899],"class_list":{"0":"post-48385","1":"product","2":"type-product","3":"status-publish","4":"has-post-thumbnail","6":"product_brand-kiotos-et","7":"product_cat-meestele","8":"product_cat-peeniserongad","9":"product_tag-peenise-rongas","10":"product_tag-peeniserongas","11":"pa_brand-kiotos-et","13":"first","14":"instock","15":"taxable","16":"shipping-taxable","17":"purchasable","18":"product-type-variable","19":"has-default-attributes"},"yoast_head":"<!-- This site is optimized with the Yoast SEO plugin v27.3 - https:\/\/yoast.com\/product\/yoast-seo-wordpress\/ -->\n<title>Donut Peeniser\u00f5ngas | Lust &amp; Love Adult Toy Store<\/title>\n<meta name=\"description\" content=\"Metallist peeniser\u00f5ngas, mis aitab sul kauem erekteerunult p\u00fcsida.\" \/>\n<meta name=\"robots\" content=\"index,follow,max-snippet:-1,max-image-preview:large,max-video-preview:-1\" \/>\n<link rel=\"canonical\" href=\"https:\/\/lustandlove.eu\/et\/toode\/donut-peeniserongas\/\" \/>\n<meta name=\"twitter:card\" content=\"summary_large_image\" \/>\n<meta name=\"twitter:title\" content=\"Donut Peeniser\u00f5ngas | Lust &amp; Love Adult Toy Store\" \/>\n<meta name=\"twitter:description\" content=\"Metallist peeniser\u00f5ngas, mis aitab sul kauem erekteerunult p\u00fcsida.\" \/>\n<meta name=\"twitter:image\" content=\"https:\/\/lustandlove.eu\/wp-content\/uploads\/Donut-Cockring-01.jpg\" \/>\n<meta name=\"twitter:label1\" content=\"Est. reading time\" \/>\n\t<meta name=\"twitter:data1\" content=\"1 minut\" \/>\n<script type=\"application\/ld+json\" class=\"yoast-schema-graph\">{\"@context\":\"https:\\\/\\\/schema.org\",\"@graph\":[{\"@type\":[\"WebPage\",\"ItemPage\"],\"@id\":\"https:\\\/\\\/lustandlove.eu\\\/et\\\/toode\\\/donut-peeniserongas\\\/\",\"url\":\"https:\\\/\\\/lustandlove.eu\\\/et\\\/toode\\\/donut-peeniserongas\\\/\",\"name\":\"Donut Peeniser\u00f5ngas | Lust & Love Adult Toy Store\",\"isPartOf\":{\"@id\":\"https:\\\/\\\/lustandlove.eu\\\/et\\\/#website\"},\"primaryImageOfPage\":{\"@id\":\"https:\\\/\\\/lustandlove.eu\\\/et\\\/toode\\\/donut-peeniserongas\\\/#primaryimage\"},\"image\":{\"@id\":\"https:\\\/\\\/lustandlove.eu\\\/et\\\/toode\\\/donut-peeniserongas\\\/#primaryimage\"},\"thumbnailUrl\":\"https:\\\/\\\/lustandlove.eu\\\/wp-content\\\/uploads\\\/Donut-Cockring-01.jpg\",\"datePublished\":\"2021-05-28T05:16:47+00:00\",\"dateModified\":\"2026-04-13T07:43:08+00:00\",\"description\":\"Metallist peeniser\u00f5ngas, mis aitab sul kauem erekteerunult p\u00fcsida.\",\"breadcrumb\":{\"@id\":\"https:\\\/\\\/lustandlove.eu\\\/et\\\/toode\\\/donut-peeniserongas\\\/#breadcrumb\"},\"inLanguage\":\"et\",\"potentialAction\":[{\"@type\":\"ReadAction\",\"target\":[\"https:\\\/\\\/lustandlove.eu\\\/et\\\/toode\\\/donut-peeniserongas\\\/\"]}]},{\"@type\":\"ImageObject\",\"inLanguage\":\"et\",\"@id\":\"https:\\\/\\\/lustandlove.eu\\\/et\\\/toode\\\/donut-peeniserongas\\\/#primaryimage\",\"url\":\"https:\\\/\\\/lustandlove.eu\\\/wp-content\\\/uploads\\\/Donut-Cockring-01.jpg\",\"contentUrl\":\"https:\\\/\\\/lustandlove.eu\\\/wp-content\\\/uploads\\\/Donut-Cockring-01.jpg\",\"width\":1000,\"height\":611},{\"@type\":\"BreadcrumbList\",\"@id\":\"https:\\\/\\\/lustandlove.eu\\\/et\\\/toode\\\/donut-peeniserongas\\\/#breadcrumb\",\"itemListElement\":[{\"@type\":\"ListItem\",\"position\":1,\"name\":\"Lust and Love\",\"item\":\"https:\\\/\\\/lustandlove.eu\\\/et\\\/\"},{\"@type\":\"ListItem\",\"position\":2,\"name\":\"Pood\",\"item\":\"https:\\\/\\\/lustandlove.eu\\\/et\\\/pood\\\/\"},{\"@type\":\"ListItem\",\"position\":3,\"name\":\"Sekslelud\",\"item\":\"https:\\\/\\\/lustandlove.eu\\\/et\\\/pood\\\/sekslelud\\\/\"},{\"@type\":\"ListItem\",\"position\":4,\"name\":\"LGBTQ\",\"item\":\"https:\\\/\\\/lustandlove.eu\\\/et\\\/pood\\\/sekslelud\\\/lgbtq-et\\\/\"},{\"@type\":\"ListItem\",\"position\":5,\"name\":\"Strap-on dildod\",\"item\":\"https:\\\/\\\/lustandlove.eu\\\/et\\\/pood\\\/sekslelud\\\/lgbtq-et\\\/strap-on-dildod\\\/\"},{\"@type\":\"ListItem\",\"position\":6,\"name\":\"Donut Peeniser\u00f5ngas\"}]},{\"@type\":\"WebSite\",\"@id\":\"https:\\\/\\\/lustandlove.eu\\\/et\\\/#website\",\"url\":\"https:\\\/\\\/lustandlove.eu\\\/et\\\/\",\"name\":\"Lust &amp; Love\",\"description\":\"Online erootikapood tervise, ilu ja armastuse jaoks\",\"publisher\":{\"@id\":\"https:\\\/\\\/lustandlove.eu\\\/et\\\/#organization\"},\"potentialAction\":[{\"@type\":\"SearchAction\",\"target\":{\"@type\":\"EntryPoint\",\"urlTemplate\":\"https:\\\/\\\/lustandlove.eu\\\/et\\\/?s={search_term_string}\"},\"query-input\":{\"@type\":\"PropertyValueSpecification\",\"valueRequired\":true,\"valueName\":\"search_term_string\"}}],\"inLanguage\":\"et\"},{\"@type\":\"Organization\",\"@id\":\"https:\\\/\\\/lustandlove.eu\\\/et\\\/#organization\",\"name\":\"Bioconcept Baltics O\u00dc\",\"url\":\"https:\\\/\\\/lustandlove.eu\\\/et\\\/\",\"logo\":{\"@type\":\"ImageObject\",\"inLanguage\":\"et\",\"@id\":\"https:\\\/\\\/lustandlove.eu\\\/et\\\/#\\\/schema\\\/logo\\\/image\\\/\",\"url\":\"\",\"contentUrl\":\"\",\"caption\":\"Bioconcept Baltics O\u00dc\"},\"image\":{\"@id\":\"https:\\\/\\\/lustandlove.eu\\\/et\\\/#\\\/schema\\\/logo\\\/image\\\/\"},\"sameAs\":[\"https:\\\/\\\/www.facebook.com\\\/LustandLoveEU\\\/\",\"https:\\\/\\\/www.instagram.com\\\/lustandloveeu\\\/\"]}]}<\/script>\n<!-- \/ Yoast SEO plugin. -->","yoast_head_json":{"title":"Donut Peeniser\u00f5ngas | Lust & Love Adult Toy Store","description":"Metallist peeniser\u00f5ngas, mis aitab sul kauem erekteerunult p\u00fcsida.","robots":{"index,follow,max-snippet":"index,follow,max-snippet:-1,max-image-preview:large,max-video-preview:-1"},"canonical":"https:\/\/lustandlove.eu\/et\/toode\/donut-peeniserongas\/","twitter_card":"summary_large_image","twitter_title":"Donut Peeniser\u00f5ngas | Lust & Love Adult Toy Store","twitter_description":"Metallist peeniser\u00f5ngas, mis aitab sul kauem erekteerunult p\u00fcsida.","twitter_image":"https:\/\/lustandlove.eu\/wp-content\/uploads\/Donut-Cockring-01.jpg","twitter_misc":{"Est. reading time":"1 minut"},"schema":{"@context":"https:\/\/schema.org","@graph":[{"@type":["WebPage","ItemPage"],"@id":"https:\/\/lustandlove.eu\/et\/toode\/donut-peeniserongas\/","url":"https:\/\/lustandlove.eu\/et\/toode\/donut-peeniserongas\/","name":"Donut Peeniser\u00f5ngas | Lust & Love Adult Toy Store","isPartOf":{"@id":"https:\/\/lustandlove.eu\/et\/#website"},"primaryImageOfPage":{"@id":"https:\/\/lustandlove.eu\/et\/toode\/donut-peeniserongas\/#primaryimage"},"image":{"@id":"https:\/\/lustandlove.eu\/et\/toode\/donut-peeniserongas\/#primaryimage"},"thumbnailUrl":"https:\/\/lustandlove.eu\/wp-content\/uploads\/Donut-Cockring-01.jpg","datePublished":"2021-05-28T05:16:47+00:00","dateModified":"2026-04-13T07:43:08+00:00","description":"Metallist peeniser\u00f5ngas, mis aitab sul kauem erekteerunult p\u00fcsida.","breadcrumb":{"@id":"https:\/\/lustandlove.eu\/et\/toode\/donut-peeniserongas\/#breadcrumb"},"inLanguage":"et","potentialAction":[{"@type":"ReadAction","target":["https:\/\/lustandlove.eu\/et\/toode\/donut-peeniserongas\/"]}]},{"@type":"ImageObject","inLanguage":"et","@id":"https:\/\/lustandlove.eu\/et\/toode\/donut-peeniserongas\/#primaryimage","url":"https:\/\/lustandlove.eu\/wp-content\/uploads\/Donut-Cockring-01.jpg","contentUrl":"https:\/\/lustandlove.eu\/wp-content\/uploads\/Donut-Cockring-01.jpg","width":1000,"height":611},{"@type":"BreadcrumbList","@id":"https:\/\/lustandlove.eu\/et\/toode\/donut-peeniserongas\/#breadcrumb","itemListElement":[{"@type":"ListItem","position":1,"name":"Lust and Love","item":"https:\/\/lustandlove.eu\/et\/"},{"@type":"ListItem","position":2,"name":"Pood","item":"https:\/\/lustandlove.eu\/et\/pood\/"},{"@type":"ListItem","position":3,"name":"Sekslelud","item":"https:\/\/lustandlove.eu\/et\/pood\/sekslelud\/"},{"@type":"ListItem","position":4,"name":"LGBTQ","item":"https:\/\/lustandlove.eu\/et\/pood\/sekslelud\/lgbtq-et\/"},{"@type":"ListItem","position":5,"name":"Strap-on dildod","item":"https:\/\/lustandlove.eu\/et\/pood\/sekslelud\/lgbtq-et\/strap-on-dildod\/"},{"@type":"ListItem","position":6,"name":"Donut Peeniser\u00f5ngas"}]},{"@type":"WebSite","@id":"https:\/\/lustandlove.eu\/et\/#website","url":"https:\/\/lustandlove.eu\/et\/","name":"Lust &amp; Love","description":"Online erootikapood tervise, ilu ja armastuse jaoks","publisher":{"@id":"https:\/\/lustandlove.eu\/et\/#organization"},"potentialAction":[{"@type":"SearchAction","target":{"@type":"EntryPoint","urlTemplate":"https:\/\/lustandlove.eu\/et\/?s={search_term_string}"},"query-input":{"@type":"PropertyValueSpecification","valueRequired":true,"valueName":"search_term_string"}}],"inLanguage":"et"},{"@type":"Organization","@id":"https:\/\/lustandlove.eu\/et\/#organization","name":"Bioconcept Baltics O\u00dc","url":"https:\/\/lustandlove.eu\/et\/","logo":{"@type":"ImageObject","inLanguage":"et","@id":"https:\/\/lustandlove.eu\/et\/#\/schema\/logo\/image\/","url":"","contentUrl":"","caption":"Bioconcept Baltics O\u00dc"},"image":{"@id":"https:\/\/lustandlove.eu\/et\/#\/schema\/logo\/image\/"},"sameAs":["https:\/\/www.facebook.com\/LustandLoveEU\/","https:\/\/www.instagram.com\/lustandloveeu\/"]}]}},"_links":{"self":[{"href":"https:\/\/lustandlove.eu\/et\/wp-json\/wp\/v2\/product\/48385","targetHints":{"allow":["GET"]}}],"collection":[{"href":"https:\/\/lustandlove.eu\/et\/wp-json\/wp\/v2\/product"}],"about":[{"href":"https:\/\/lustandlove.eu\/et\/wp-json\/wp\/v2\/types\/product"}],"wp:featuredmedia":[{"embeddable":true,"href":"https:\/\/lustandlove.eu\/et\/wp-json\/wp\/v2\/media\/47760"}],"wp:attachment":[{"href":"https:\/\/lustandlove.eu\/et\/wp-json\/wp\/v2\/media?parent=48385"}],"wp:term":[{"taxonomy":"product_brand","embeddable":true,"href":"https:\/\/lustandlove.eu\/et\/wp-json\/wp\/v2\/product_brand?post=48385"},{"taxonomy":"product_cat","embeddable":true,"href":"https:\/\/lustandlove.eu\/et\/wp-json\/wp\/v2\/product_cat?post=48385"},{"taxonomy":"product_tag","embeddable":true,"href":"https:\/\/lustandlove.eu\/et\/wp-json\/wp\/v2\/product_tag?post=48385"}],"curies":[{"name":"wp","href":"https:\/\/api.w.org\/{rel}","templated":true}]}}