{"id":48392,"date":"2021-05-28T08:15:23","date_gmt":"2021-05-28T05:15:23","guid":{"rendered":"https:\/\/www.lustandlove.eu\/product\/pulse-solo-lux\/"},"modified":"2025-08-19T15:43:12","modified_gmt":"2025-08-19T12:43:12","slug":"pulse-solo-lux","status":"publish","type":"product","link":"https:\/\/lustandlove.eu\/et\/toode\/pulse-solo-lux\/","title":{"rendered":"Pulse Solo Lux"},"content":{"rendered":"<p>See mitmeid auhindu v\u00f5itnud Guybrator koos multifunktsionaalse k\u00e4ekella-stiilis puldiga on perfektne partner igale peenisele. V\u00f5imas PulsePlate Tehnoloogia paneb su pulsi kiirenema ilma k\u00e4teta. Selle innovaatiline disain eemaldab vajaduse ise oma peenist puudutada. Lihtsalt lama tagasi ja lase Lux&#8217;il ennast viiia maadraputavate orgasmideni. Alternatiivselt v\u00f5id katta lelu ka libestiga, et viia enda mastrubeerimine uuele tasemele.<\/p>\n<p>Pulse Solo Lux abil saad nautida mastrubeerimist ka ilma erektsioonita. Lihtsalt aseta seade oma peenise \u00fcmber ja lase PulsePlatil kogu t\u00f6\u00f6 \u00e4ra teha. See muudab Lux&#8217;i perfektseks leluks neile, kellel on probleeme erektsiooni hoidmisega v\u00f5i vanematele inimestele.<\/p>\n","protected":false},"excerpt":{"rendered":"<p>See mitmeid auhindu v\u00f5itnud Guybrator koos multifunktsionaalse k\u00e4ekella-stiilis puldiga on perfektne partner igale peenisele.<\/p>\n","protected":false},"featured_media":47743,"template":"","meta":[],"product_cat":[1477,1480,4007],"product_tag":[],"yoast_head":"<!-- This site is optimized with the Yoast SEO plugin v22.9 - https:\/\/yoast.com\/wordpress\/plugins\/seo\/ -->\n<title>Pulse Solo Lux from Hot Octopuss | Lust &amp; Love Erotic Shop<\/title>\n<meta name=\"description\" content=\"See mitmeid auhindu v\u00f5itnud Guybrator koos multifunktsionaalse k\u00e4ekella-stiilis puldiga on perfektne partner igale peenisele.\" \/>\n<meta name=\"robots\" content=\"index,follow,max-snippet:-1,max-image-preview:large,max-video-preview:-1\" \/>\n<link rel=\"canonical\" href=\"https:\/\/lustandlove.eu\/et\/toode\/pulse-solo-lux\/\" \/>\n<meta name=\"twitter:card\" content=\"summary_large_image\" \/>\n<meta name=\"twitter:title\" content=\"Pulse Solo Lux from Hot Octopuss | Lust &amp; Love Erotic Shop\" \/>\n<meta name=\"twitter:description\" content=\"See mitmeid auhindu v\u00f5itnud Guybrator koos multifunktsionaalse k\u00e4ekella-stiilis puldiga on perfektne partner igale peenisele.\" \/>\n<meta name=\"twitter:image\" content=\"https:\/\/lustandlove.eu\/wp-content\/uploads\/JN_190801_Hot_Octopuss_6436.jpg\" \/>\n<meta name=\"twitter:label1\" content=\"Est. reading time\" \/>\n\t<meta name=\"twitter:data1\" content=\"2 minutit\" \/>\n<script type=\"application\/ld+json\" class=\"yoast-schema-graph\">{\"@context\":\"https:\/\/schema.org\",\"@graph\":[{\"@type\":[\"WebPage\",\"ItemPage\"],\"@id\":\"https:\/\/lustandlove.eu\/et\/toode\/pulse-solo-lux\/\",\"url\":\"https:\/\/lustandlove.eu\/et\/toode\/pulse-solo-lux\/\",\"name\":\"Pulse Solo Lux from Hot Octopuss | Lust & Love Erotic Shop\",\"isPartOf\":{\"@id\":\"https:\/\/lustandlove.eu\/et\/#website\"},\"primaryImageOfPage\":{\"@id\":\"https:\/\/lustandlove.eu\/et\/toode\/pulse-solo-lux\/#primaryimage\"},\"image\":{\"@id\":\"https:\/\/lustandlove.eu\/et\/toode\/pulse-solo-lux\/#primaryimage\"},\"thumbnailUrl\":\"https:\/\/lustandlove.eu\/wp-content\/uploads\/JN_190801_Hot_Octopuss_6436.jpg\",\"datePublished\":\"2021-05-28T05:15:23+00:00\",\"dateModified\":\"2025-08-19T12:43:12+00:00\",\"description\":\"See mitmeid auhindu v\u00f5itnud Guybrator koos multifunktsionaalse k\u00e4ekella-stiilis puldiga on perfektne partner igale peenisele.\",\"breadcrumb\":{\"@id\":\"https:\/\/lustandlove.eu\/et\/toode\/pulse-solo-lux\/#breadcrumb\"},\"inLanguage\":\"et\",\"potentialAction\":[{\"@type\":\"ReadAction\",\"target\":[\"https:\/\/lustandlove.eu\/et\/toode\/pulse-solo-lux\/\"]}]},{\"@type\":\"ImageObject\",\"inLanguage\":\"et\",\"@id\":\"https:\/\/lustandlove.eu\/et\/toode\/pulse-solo-lux\/#primaryimage\",\"url\":\"https:\/\/lustandlove.eu\/wp-content\/uploads\/JN_190801_Hot_Octopuss_6436.jpg\",\"contentUrl\":\"https:\/\/lustandlove.eu\/wp-content\/uploads\/JN_190801_Hot_Octopuss_6436.jpg\",\"width\":2048,\"height\":1434},{\"@type\":\"BreadcrumbList\",\"@id\":\"https:\/\/lustandlove.eu\/et\/toode\/pulse-solo-lux\/#breadcrumb\",\"itemListElement\":[{\"@type\":\"ListItem\",\"position\":1,\"name\":\"Lust and Love\",\"item\":\"https:\/\/lustandlove.eu\/et\/\"},{\"@type\":\"ListItem\",\"position\":2,\"name\":\"Pood\",\"item\":\"https:\/\/lustandlove.eu\/et\/pood\/\"},{\"@type\":\"ListItem\",\"position\":3,\"name\":\"Pulse Solo Lux\"}]},{\"@type\":\"WebSite\",\"@id\":\"https:\/\/lustandlove.eu\/et\/#website\",\"url\":\"https:\/\/lustandlove.eu\/et\/\",\"name\":\"Lust &amp; Love\",\"description\":\"Online erootikapood tervise, ilu ja armastuse jaoks\",\"publisher\":{\"@id\":\"https:\/\/lustandlove.eu\/et\/#organization\"},\"potentialAction\":[{\"@type\":\"SearchAction\",\"target\":{\"@type\":\"EntryPoint\",\"urlTemplate\":\"https:\/\/lustandlove.eu\/et\/?s={search_term_string}\"},\"query-input\":\"required name=search_term_string\"}],\"inLanguage\":\"et\"},{\"@type\":\"Organization\",\"@id\":\"https:\/\/lustandlove.eu\/et\/#organization\",\"name\":\"Bioconcept Baltics O\u00dc\",\"url\":\"https:\/\/lustandlove.eu\/et\/\",\"logo\":{\"@type\":\"ImageObject\",\"inLanguage\":\"et\",\"@id\":\"https:\/\/lustandlove.eu\/et\/#\/schema\/logo\/image\/\",\"url\":\"\",\"contentUrl\":\"\",\"caption\":\"Bioconcept Baltics O\u00dc\"},\"image\":{\"@id\":\"https:\/\/lustandlove.eu\/et\/#\/schema\/logo\/image\/\"},\"sameAs\":[\"https:\/\/www.facebook.com\/LustandLoveEU\/\",\"https:\/\/www.instagram.com\/lustandloveeu\/\"]}]}<\/script>\n<!-- \/ Yoast SEO plugin. -->","yoast_head_json":{"title":"Pulse Solo Lux from Hot Octopuss | Lust & Love Erotic Shop","description":"See mitmeid auhindu v\u00f5itnud Guybrator koos multifunktsionaalse k\u00e4ekella-stiilis puldiga on perfektne partner igale peenisele.","robots":{"index,follow,max-snippet":"index,follow,max-snippet:-1,max-image-preview:large,max-video-preview:-1"},"canonical":"https:\/\/lustandlove.eu\/et\/toode\/pulse-solo-lux\/","twitter_card":"summary_large_image","twitter_title":"Pulse Solo Lux from Hot Octopuss | Lust & Love Erotic Shop","twitter_description":"See mitmeid auhindu v\u00f5itnud Guybrator koos multifunktsionaalse k\u00e4ekella-stiilis puldiga on perfektne partner igale peenisele.","twitter_image":"https:\/\/lustandlove.eu\/wp-content\/uploads\/JN_190801_Hot_Octopuss_6436.jpg","twitter_misc":{"Est. reading time":"2 minutit"},"schema":{"@context":"https:\/\/schema.org","@graph":[{"@type":["WebPage","ItemPage"],"@id":"https:\/\/lustandlove.eu\/et\/toode\/pulse-solo-lux\/","url":"https:\/\/lustandlove.eu\/et\/toode\/pulse-solo-lux\/","name":"Pulse Solo Lux from Hot Octopuss | Lust & Love Erotic Shop","isPartOf":{"@id":"https:\/\/lustandlove.eu\/et\/#website"},"primaryImageOfPage":{"@id":"https:\/\/lustandlove.eu\/et\/toode\/pulse-solo-lux\/#primaryimage"},"image":{"@id":"https:\/\/lustandlove.eu\/et\/toode\/pulse-solo-lux\/#primaryimage"},"thumbnailUrl":"https:\/\/lustandlove.eu\/wp-content\/uploads\/JN_190801_Hot_Octopuss_6436.jpg","datePublished":"2021-05-28T05:15:23+00:00","dateModified":"2025-08-19T12:43:12+00:00","description":"See mitmeid auhindu v\u00f5itnud Guybrator koos multifunktsionaalse k\u00e4ekella-stiilis puldiga on perfektne partner igale peenisele.","breadcrumb":{"@id":"https:\/\/lustandlove.eu\/et\/toode\/pulse-solo-lux\/#breadcrumb"},"inLanguage":"et","potentialAction":[{"@type":"ReadAction","target":["https:\/\/lustandlove.eu\/et\/toode\/pulse-solo-lux\/"]}]},{"@type":"ImageObject","inLanguage":"et","@id":"https:\/\/lustandlove.eu\/et\/toode\/pulse-solo-lux\/#primaryimage","url":"https:\/\/lustandlove.eu\/wp-content\/uploads\/JN_190801_Hot_Octopuss_6436.jpg","contentUrl":"https:\/\/lustandlove.eu\/wp-content\/uploads\/JN_190801_Hot_Octopuss_6436.jpg","width":2048,"height":1434},{"@type":"BreadcrumbList","@id":"https:\/\/lustandlove.eu\/et\/toode\/pulse-solo-lux\/#breadcrumb","itemListElement":[{"@type":"ListItem","position":1,"name":"Lust and Love","item":"https:\/\/lustandlove.eu\/et\/"},{"@type":"ListItem","position":2,"name":"Pood","item":"https:\/\/lustandlove.eu\/et\/pood\/"},{"@type":"ListItem","position":3,"name":"Pulse Solo Lux"}]},{"@type":"WebSite","@id":"https:\/\/lustandlove.eu\/et\/#website","url":"https:\/\/lustandlove.eu\/et\/","name":"Lust &amp; Love","description":"Online erootikapood tervise, ilu ja armastuse jaoks","publisher":{"@id":"https:\/\/lustandlove.eu\/et\/#organization"},"potentialAction":[{"@type":"SearchAction","target":{"@type":"EntryPoint","urlTemplate":"https:\/\/lustandlove.eu\/et\/?s={search_term_string}"},"query-input":"required name=search_term_string"}],"inLanguage":"et"},{"@type":"Organization","@id":"https:\/\/lustandlove.eu\/et\/#organization","name":"Bioconcept Baltics O\u00dc","url":"https:\/\/lustandlove.eu\/et\/","logo":{"@type":"ImageObject","inLanguage":"et","@id":"https:\/\/lustandlove.eu\/et\/#\/schema\/logo\/image\/","url":"","contentUrl":"","caption":"Bioconcept Baltics O\u00dc"},"image":{"@id":"https:\/\/lustandlove.eu\/et\/#\/schema\/logo\/image\/"},"sameAs":["https:\/\/www.facebook.com\/LustandLoveEU\/","https:\/\/www.instagram.com\/lustandloveeu\/"]}]}},"_links":{"self":[{"href":"https:\/\/lustandlove.eu\/et\/wp-json\/wp\/v2\/product\/48392"}],"collection":[{"href":"https:\/\/lustandlove.eu\/et\/wp-json\/wp\/v2\/product"}],"about":[{"href":"https:\/\/lustandlove.eu\/et\/wp-json\/wp\/v2\/types\/product"}],"wp:featuredmedia":[{"embeddable":true,"href":"https:\/\/lustandlove.eu\/et\/wp-json\/wp\/v2\/media\/47743"}],"wp:attachment":[{"href":"https:\/\/lustandlove.eu\/et\/wp-json\/wp\/v2\/media?parent=48392"}],"wp:term":[{"taxonomy":"product_cat","embeddable":true,"href":"https:\/\/lustandlove.eu\/et\/wp-json\/wp\/v2\/product_cat?post=48392"},{"taxonomy":"product_tag","embeddable":true,"href":"https:\/\/lustandlove.eu\/et\/wp-json\/wp\/v2\/product_tag?post=48392"}],"curies":[{"name":"wp","href":"https:\/\/api.w.org\/{rel}","templated":true}]}}