{"id":48393,"date":"2021-05-28T08:14:52","date_gmt":"2021-05-28T05:14:52","guid":{"rendered":"https:\/\/www.lustandlove.eu\/product\/bioskin-gjay-gvibe\/"},"modified":"2026-04-13T10:43:10","modified_gmt":"2026-04-13T07:43:10","slug":"bioskin-gjay-gvibe","status":"publish","type":"product","link":"https:\/\/lustandlove.eu\/et\/toode\/bioskin-gjay-gvibe\/","title":{"rendered":"Bioskin Gjay"},"content":{"rendered":"<p>On raske uskuda, kui realistlik selle lelu materjal on. Gvibe on t\u00f5usnud uutesse k\u00f5rgustesse lelude materjalide teaduses ning loonud Bioskin\u2122 materjali \u2013 nii l\u00e4hedane inimese nahale, kui v\u00f5imalik.<\/p>\n<p>\u00d6koloogiliselt t\u00e4iesti turvaline, h\u00fcpoallergeenne ning k\u00f5rgema kvaliteedi materjal iseloomustavad uut Gjay-d. Samal ajal on lelu 100% veekindel ning sobib imeliselt vannis v\u00f5i du\u0161i all kasutamiseks.<\/p>\n<p>Magnet\u00fchendusega laetav, t\u00e4nu millele on lelu laadimine lihtne ja nutikas.<\/p>\n<p>Lelu uhke v\u00e4rv hakkab kaugelt silma ning annab v\u00e4limusele s\u00e4rtsu.<\/p>\n","protected":false},"excerpt":{"rendered":"<p>On raske uskuda, kui realistlik selle lelu materjal on. Gvibe on t\u00f5usnud uutesse k\u00f5rgustesse lelude materjalide teaduses ning loonud Bioskin\u2122 materjali \u2013 nii l\u00e4hedane inimese nahale, kui v\u00f5imalik.<\/p>\n","protected":false},"featured_media":85913,"template":"","meta":[],"product_brand":[4208],"product_cat":[3980,1484,1488],"product_tag":[1510,1507,1543,4104],"class_list":{"0":"post-48393","1":"product","2":"type-product","3":"status-publish","4":"has-post-thumbnail","6":"product_brand-gvibe-et","7":"product_cat-klassikalised","8":"product_cat-sekslelud","9":"product_cat-vibraatorid","10":"product_tag-anaaltapp","11":"product_tag-bioskin-et","12":"product_tag-vibraator","13":"product_tag-waterproof-et","14":"pa_brand-gvibe-et","16":"first","17":"instock","18":"taxable","19":"shipping-taxable","20":"purchasable","21":"product-type-simple"},"yoast_head":"<!-- This site is optimized with the Yoast SEO plugin v27.3 - https:\/\/yoast.com\/product\/yoast-seo-wordpress\/ -->\n<title>Bioskin Gjay Vibrator 79.90\u20ac | Lust &amp; Love Erotic Shop<\/title>\n<meta name=\"description\" content=\"On raske uskuda, kui realistlik selle lelu materjal on. Gvibe on t\u00f5usnud uutesse k\u00f5rgustesse lelude materjalide teaduses ning loonud Bioskin\u2122 materjali \u2013 nii l\u00e4hedane inimese nahale, kui v\u00f5imalik.\u00a0\" \/>\n<meta name=\"robots\" content=\"index,follow,max-snippet:-1,max-image-preview:large,max-video-preview:-1\" \/>\n<link rel=\"canonical\" href=\"https:\/\/lustandlove.eu\/et\/toode\/bioskin-gjay-gvibe\/\" \/>\n<meta name=\"twitter:card\" content=\"summary_large_image\" \/>\n<meta name=\"twitter:title\" content=\"Bioskin Gjay Vibrator 79.90\u20ac | Lust &amp; Love Erotic Shop\" \/>\n<meta name=\"twitter:description\" content=\"On raske uskuda, kui realistlik selle lelu materjal on. Gvibe on t\u00f5usnud uutesse k\u00f5rgustesse lelude materjalide teaduses ning loonud Bioskin\u2122 materjali \u2013 nii l\u00e4hedane inimese nahale, kui v\u00f5imalik.\u00a0\" \/>\n<meta name=\"twitter:image\" content=\"https:\/\/lustandlove.eu\/wp-content\/uploads\/Gvibe_Gjay_1350x1800_box_balck.jpg\" \/>\n<meta name=\"twitter:label1\" content=\"Est. reading time\" \/>\n\t<meta name=\"twitter:data1\" content=\"1 minut\" \/>\n<script type=\"application\/ld+json\" class=\"yoast-schema-graph\">{\"@context\":\"https:\\\/\\\/schema.org\",\"@graph\":[{\"@type\":[\"WebPage\",\"ItemPage\"],\"@id\":\"https:\\\/\\\/lustandlove.eu\\\/et\\\/toode\\\/bioskin-gjay-gvibe\\\/\",\"url\":\"https:\\\/\\\/lustandlove.eu\\\/et\\\/toode\\\/bioskin-gjay-gvibe\\\/\",\"name\":\"Bioskin Gjay Vibrator 79.90\u20ac | Lust & Love Erotic Shop\",\"isPartOf\":{\"@id\":\"https:\\\/\\\/lustandlove.eu\\\/et\\\/#website\"},\"primaryImageOfPage\":{\"@id\":\"https:\\\/\\\/lustandlove.eu\\\/et\\\/toode\\\/bioskin-gjay-gvibe\\\/#primaryimage\"},\"image\":{\"@id\":\"https:\\\/\\\/lustandlove.eu\\\/et\\\/toode\\\/bioskin-gjay-gvibe\\\/#primaryimage\"},\"thumbnailUrl\":\"https:\\\/\\\/lustandlove.eu\\\/wp-content\\\/uploads\\\/Gvibe_Gjay_1350x1800_box_balck.jpg\",\"datePublished\":\"2021-05-28T05:14:52+00:00\",\"dateModified\":\"2026-04-13T07:43:10+00:00\",\"description\":\"On raske uskuda, kui realistlik selle lelu materjal on. Gvibe on t\u00f5usnud uutesse k\u00f5rgustesse lelude materjalide teaduses ning loonud Bioskin\u2122 materjali \u2013 nii l\u00e4hedane inimese nahale, kui v\u00f5imalik.\u00a0\",\"breadcrumb\":{\"@id\":\"https:\\\/\\\/lustandlove.eu\\\/et\\\/toode\\\/bioskin-gjay-gvibe\\\/#breadcrumb\"},\"inLanguage\":\"et\",\"potentialAction\":[{\"@type\":\"ReadAction\",\"target\":[\"https:\\\/\\\/lustandlove.eu\\\/et\\\/toode\\\/bioskin-gjay-gvibe\\\/\"]}]},{\"@type\":\"ImageObject\",\"inLanguage\":\"et\",\"@id\":\"https:\\\/\\\/lustandlove.eu\\\/et\\\/toode\\\/bioskin-gjay-gvibe\\\/#primaryimage\",\"url\":\"https:\\\/\\\/lustandlove.eu\\\/wp-content\\\/uploads\\\/Gvibe_Gjay_1350x1800_box_balck.jpg\",\"contentUrl\":\"https:\\\/\\\/lustandlove.eu\\\/wp-content\\\/uploads\\\/Gvibe_Gjay_1350x1800_box_balck.jpg\",\"width\":1350,\"height\":1800},{\"@type\":\"BreadcrumbList\",\"@id\":\"https:\\\/\\\/lustandlove.eu\\\/et\\\/toode\\\/bioskin-gjay-gvibe\\\/#breadcrumb\",\"itemListElement\":[{\"@type\":\"ListItem\",\"position\":1,\"name\":\"Lust and Love\",\"item\":\"https:\\\/\\\/lustandlove.eu\\\/et\\\/\"},{\"@type\":\"ListItem\",\"position\":2,\"name\":\"Pood\",\"item\":\"https:\\\/\\\/lustandlove.eu\\\/et\\\/pood\\\/\"},{\"@type\":\"ListItem\",\"position\":3,\"name\":\"Sekslelud\",\"item\":\"https:\\\/\\\/lustandlove.eu\\\/et\\\/pood\\\/sekslelud\\\/\"},{\"@type\":\"ListItem\",\"position\":4,\"name\":\"Vibraatorid\",\"item\":\"https:\\\/\\\/lustandlove.eu\\\/et\\\/pood\\\/sekslelud\\\/vibraatorid\\\/\"},{\"@type\":\"ListItem\",\"position\":5,\"name\":\"Klassikalised\",\"item\":\"https:\\\/\\\/lustandlove.eu\\\/et\\\/pood\\\/sekslelud\\\/vibraatorid\\\/klassikalised\\\/\"},{\"@type\":\"ListItem\",\"position\":6,\"name\":\"Bioskin Gjay\"}]},{\"@type\":\"WebSite\",\"@id\":\"https:\\\/\\\/lustandlove.eu\\\/et\\\/#website\",\"url\":\"https:\\\/\\\/lustandlove.eu\\\/et\\\/\",\"name\":\"Lust &amp; Love\",\"description\":\"Online erootikapood tervise, ilu ja armastuse jaoks\",\"publisher\":{\"@id\":\"https:\\\/\\\/lustandlove.eu\\\/et\\\/#organization\"},\"potentialAction\":[{\"@type\":\"SearchAction\",\"target\":{\"@type\":\"EntryPoint\",\"urlTemplate\":\"https:\\\/\\\/lustandlove.eu\\\/et\\\/?s={search_term_string}\"},\"query-input\":{\"@type\":\"PropertyValueSpecification\",\"valueRequired\":true,\"valueName\":\"search_term_string\"}}],\"inLanguage\":\"et\"},{\"@type\":\"Organization\",\"@id\":\"https:\\\/\\\/lustandlove.eu\\\/et\\\/#organization\",\"name\":\"Bioconcept Baltics O\u00dc\",\"url\":\"https:\\\/\\\/lustandlove.eu\\\/et\\\/\",\"logo\":{\"@type\":\"ImageObject\",\"inLanguage\":\"et\",\"@id\":\"https:\\\/\\\/lustandlove.eu\\\/et\\\/#\\\/schema\\\/logo\\\/image\\\/\",\"url\":\"\",\"contentUrl\":\"\",\"caption\":\"Bioconcept Baltics O\u00dc\"},\"image\":{\"@id\":\"https:\\\/\\\/lustandlove.eu\\\/et\\\/#\\\/schema\\\/logo\\\/image\\\/\"},\"sameAs\":[\"https:\\\/\\\/www.facebook.com\\\/LustandLoveEU\\\/\",\"https:\\\/\\\/www.instagram.com\\\/lustandloveeu\\\/\"]}]}<\/script>\n<!-- \/ Yoast SEO plugin. -->","yoast_head_json":{"title":"Bioskin Gjay Vibrator 79.90\u20ac | Lust & Love Erotic Shop","description":"On raske uskuda, kui realistlik selle lelu materjal on. Gvibe on t\u00f5usnud uutesse k\u00f5rgustesse lelude materjalide teaduses ning loonud Bioskin\u2122 materjali \u2013 nii l\u00e4hedane inimese nahale, kui v\u00f5imalik.\u00a0","robots":{"index,follow,max-snippet":"index,follow,max-snippet:-1,max-image-preview:large,max-video-preview:-1"},"canonical":"https:\/\/lustandlove.eu\/et\/toode\/bioskin-gjay-gvibe\/","twitter_card":"summary_large_image","twitter_title":"Bioskin Gjay Vibrator 79.90\u20ac | Lust & Love Erotic Shop","twitter_description":"On raske uskuda, kui realistlik selle lelu materjal on. Gvibe on t\u00f5usnud uutesse k\u00f5rgustesse lelude materjalide teaduses ning loonud Bioskin\u2122 materjali \u2013 nii l\u00e4hedane inimese nahale, kui v\u00f5imalik.\u00a0","twitter_image":"https:\/\/lustandlove.eu\/wp-content\/uploads\/Gvibe_Gjay_1350x1800_box_balck.jpg","twitter_misc":{"Est. reading time":"1 minut"},"schema":{"@context":"https:\/\/schema.org","@graph":[{"@type":["WebPage","ItemPage"],"@id":"https:\/\/lustandlove.eu\/et\/toode\/bioskin-gjay-gvibe\/","url":"https:\/\/lustandlove.eu\/et\/toode\/bioskin-gjay-gvibe\/","name":"Bioskin Gjay Vibrator 79.90\u20ac | Lust & Love Erotic Shop","isPartOf":{"@id":"https:\/\/lustandlove.eu\/et\/#website"},"primaryImageOfPage":{"@id":"https:\/\/lustandlove.eu\/et\/toode\/bioskin-gjay-gvibe\/#primaryimage"},"image":{"@id":"https:\/\/lustandlove.eu\/et\/toode\/bioskin-gjay-gvibe\/#primaryimage"},"thumbnailUrl":"https:\/\/lustandlove.eu\/wp-content\/uploads\/Gvibe_Gjay_1350x1800_box_balck.jpg","datePublished":"2021-05-28T05:14:52+00:00","dateModified":"2026-04-13T07:43:10+00:00","description":"On raske uskuda, kui realistlik selle lelu materjal on. Gvibe on t\u00f5usnud uutesse k\u00f5rgustesse lelude materjalide teaduses ning loonud Bioskin\u2122 materjali \u2013 nii l\u00e4hedane inimese nahale, kui v\u00f5imalik.\u00a0","breadcrumb":{"@id":"https:\/\/lustandlove.eu\/et\/toode\/bioskin-gjay-gvibe\/#breadcrumb"},"inLanguage":"et","potentialAction":[{"@type":"ReadAction","target":["https:\/\/lustandlove.eu\/et\/toode\/bioskin-gjay-gvibe\/"]}]},{"@type":"ImageObject","inLanguage":"et","@id":"https:\/\/lustandlove.eu\/et\/toode\/bioskin-gjay-gvibe\/#primaryimage","url":"https:\/\/lustandlove.eu\/wp-content\/uploads\/Gvibe_Gjay_1350x1800_box_balck.jpg","contentUrl":"https:\/\/lustandlove.eu\/wp-content\/uploads\/Gvibe_Gjay_1350x1800_box_balck.jpg","width":1350,"height":1800},{"@type":"BreadcrumbList","@id":"https:\/\/lustandlove.eu\/et\/toode\/bioskin-gjay-gvibe\/#breadcrumb","itemListElement":[{"@type":"ListItem","position":1,"name":"Lust and Love","item":"https:\/\/lustandlove.eu\/et\/"},{"@type":"ListItem","position":2,"name":"Pood","item":"https:\/\/lustandlove.eu\/et\/pood\/"},{"@type":"ListItem","position":3,"name":"Sekslelud","item":"https:\/\/lustandlove.eu\/et\/pood\/sekslelud\/"},{"@type":"ListItem","position":4,"name":"Vibraatorid","item":"https:\/\/lustandlove.eu\/et\/pood\/sekslelud\/vibraatorid\/"},{"@type":"ListItem","position":5,"name":"Klassikalised","item":"https:\/\/lustandlove.eu\/et\/pood\/sekslelud\/vibraatorid\/klassikalised\/"},{"@type":"ListItem","position":6,"name":"Bioskin Gjay"}]},{"@type":"WebSite","@id":"https:\/\/lustandlove.eu\/et\/#website","url":"https:\/\/lustandlove.eu\/et\/","name":"Lust &amp; Love","description":"Online erootikapood tervise, ilu ja armastuse jaoks","publisher":{"@id":"https:\/\/lustandlove.eu\/et\/#organization"},"potentialAction":[{"@type":"SearchAction","target":{"@type":"EntryPoint","urlTemplate":"https:\/\/lustandlove.eu\/et\/?s={search_term_string}"},"query-input":{"@type":"PropertyValueSpecification","valueRequired":true,"valueName":"search_term_string"}}],"inLanguage":"et"},{"@type":"Organization","@id":"https:\/\/lustandlove.eu\/et\/#organization","name":"Bioconcept Baltics O\u00dc","url":"https:\/\/lustandlove.eu\/et\/","logo":{"@type":"ImageObject","inLanguage":"et","@id":"https:\/\/lustandlove.eu\/et\/#\/schema\/logo\/image\/","url":"","contentUrl":"","caption":"Bioconcept Baltics O\u00dc"},"image":{"@id":"https:\/\/lustandlove.eu\/et\/#\/schema\/logo\/image\/"},"sameAs":["https:\/\/www.facebook.com\/LustandLoveEU\/","https:\/\/www.instagram.com\/lustandloveeu\/"]}]}},"_links":{"self":[{"href":"https:\/\/lustandlove.eu\/et\/wp-json\/wp\/v2\/product\/48393","targetHints":{"allow":["GET"]}}],"collection":[{"href":"https:\/\/lustandlove.eu\/et\/wp-json\/wp\/v2\/product"}],"about":[{"href":"https:\/\/lustandlove.eu\/et\/wp-json\/wp\/v2\/types\/product"}],"wp:featuredmedia":[{"embeddable":true,"href":"https:\/\/lustandlove.eu\/et\/wp-json\/wp\/v2\/media\/85913"}],"wp:attachment":[{"href":"https:\/\/lustandlove.eu\/et\/wp-json\/wp\/v2\/media?parent=48393"}],"wp:term":[{"taxonomy":"product_brand","embeddable":true,"href":"https:\/\/lustandlove.eu\/et\/wp-json\/wp\/v2\/product_brand?post=48393"},{"taxonomy":"product_cat","embeddable":true,"href":"https:\/\/lustandlove.eu\/et\/wp-json\/wp\/v2\/product_cat?post=48393"},{"taxonomy":"product_tag","embeddable":true,"href":"https:\/\/lustandlove.eu\/et\/wp-json\/wp\/v2\/product_tag?post=48393"}],"curies":[{"name":"wp","href":"https:\/\/api.w.org\/{rel}","templated":true}]}}