{"id":48396,"date":"2021-05-28T08:14:29","date_gmt":"2021-05-28T05:14:29","guid":{"rendered":"https:\/\/www.lustandlove.eu\/product\/gvibe-3-candy-pink-gvibe\/"},"modified":"2026-04-13T10:43:10","modified_gmt":"2026-04-13T07:43:10","slug":"gvibe-3-candy-pink-gvibe","status":"publish","type":"product","link":"https:\/\/lustandlove.eu\/et\/toode\/gvibe-3-candy-pink-gvibe\/","title":{"rendered":"Gvibe 3 &#8211; Candy Pink"},"content":{"rendered":"<p>Gvibe\u00b3 on 100% v\u00f5imsam kui eelmine mudel t\u00e4nu oma 3 mootorile \u2013 2 asuvad otstes ja kolmas lelu varres.<br \/>\nUue mudeli unikaalne omadus on samav\u00e4\u00e4rne t\u00f6\u00f6aeg suurema v\u00f5imsusega. Gvibe\u00b3 mootorite asukohta on pisut muudetud ning see muutis lelu ka meestele kasutatavaks.<\/p>\n<p>Gvibe 3 pole pelgalt ilus ja anatoomiline vibraator vaid meditsiiniline lelu.<\/p>\n<p>6 uut re\u017eiimi ja 3 v\u00f5imsat mootorit erutavad naisi koheselt.<\/p>\n<p>Keskonnas\u00f5bralik, h\u00fcpoallergiline, meditsiiniline silikoon, mis pakub unikaalselt siidist sensatsiooni.<\/p>\n<p>Uus t\u00e4iustatud silikoon avab uusi p\u00f5nevaid v\u00f5imalusi t\u00e4nu veelgi siledamale pinnale ning suuremale painduvusele. Olles 100% veekindel, pakub lelu naudingut ka vannis ja du\u0161\u0161i all. Eriti lihtne laadimine t\u00e4nu magnetilisele otsikule ning uutest edevatest v\u00e4rvidest peaks iga\u00fcks leida endale \u00f5ige.<\/p>\n","protected":false},"excerpt":{"rendered":"<p>Gvibe\u00b3 on 100% v\u00f5imsam kui eelmine mudel t\u00e4nu oma 3 mootorile \u2013 2 asuvad otstes ja kolmas lelu varres.<\/p>\n","protected":false},"featured_media":47720,"template":"","meta":[],"product_brand":[4208],"product_cat":[3980,1484,1488],"product_tag":[3883,1543],"class_list":{"0":"post-48396","1":"product","2":"type-product","3":"status-publish","4":"has-post-thumbnail","6":"product_brand-gvibe-et","7":"product_cat-klassikalised","8":"product_cat-sekslelud","9":"product_cat-vibraatorid","10":"product_tag-rabbit-et","11":"product_tag-vibraator","12":"pa_brand-gvibe-et","14":"first","15":"instock","16":"taxable","17":"shipping-taxable","18":"purchasable","19":"product-type-simple"},"yoast_head":"<!-- This site is optimized with the Yoast SEO plugin v27.4 - https:\/\/yoast.com\/product\/yoast-seo-wordpress\/ -->\n<title>Gvibe 3 - Candy Pink 79.90\u20ac | Lust and Love<\/title>\n<meta name=\"description\" content=\"Gvibe\u00b3 on 100% v\u00f5imsam kui eelmine mudel t\u00e4nu oma 3 mootorile \u2013 2 asuvad otstes ja kolmas lelu varres.\" \/>\n<meta name=\"robots\" content=\"index,follow,max-snippet:-1,max-image-preview:large,max-video-preview:-1\" \/>\n<link rel=\"canonical\" href=\"https:\/\/lustandlove.eu\/et\/toode\/gvibe-3-candy-pink-gvibe\/\" \/>\n<script type=\"application\/ld+json\" class=\"yoast-schema-graph\">{\"@context\":\"https:\\\/\\\/schema.org\",\"@graph\":[{\"@type\":[\"WebPage\",\"ItemPage\"],\"@id\":\"https:\\\/\\\/lustandlove.eu\\\/et\\\/toode\\\/gvibe-3-candy-pink-gvibe\\\/\",\"url\":\"https:\\\/\\\/lustandlove.eu\\\/et\\\/toode\\\/gvibe-3-candy-pink-gvibe\\\/\",\"name\":\"Gvibe 3 - Candy Pink 79.90\u20ac | Lust and Love\",\"isPartOf\":{\"@id\":\"https:\\\/\\\/lustandlove.eu\\\/et\\\/#website\"},\"primaryImageOfPage\":{\"@id\":\"https:\\\/\\\/lustandlove.eu\\\/et\\\/toode\\\/gvibe-3-candy-pink-gvibe\\\/#primaryimage\"},\"image\":{\"@id\":\"https:\\\/\\\/lustandlove.eu\\\/et\\\/toode\\\/gvibe-3-candy-pink-gvibe\\\/#primaryimage\"},\"thumbnailUrl\":\"https:\\\/\\\/lustandlove.eu\\\/wp-content\\\/uploads\\\/gvibe-3-pink-vibrator-from-gvibe-fun-toys-01.jpg\",\"datePublished\":\"2021-05-28T05:14:29+00:00\",\"dateModified\":\"2026-04-13T07:43:10+00:00\",\"description\":\"Gvibe\u00b3 on 100% v\u00f5imsam kui eelmine mudel t\u00e4nu oma 3 mootorile \u2013 2 asuvad otstes ja kolmas lelu varres.\",\"breadcrumb\":{\"@id\":\"https:\\\/\\\/lustandlove.eu\\\/et\\\/toode\\\/gvibe-3-candy-pink-gvibe\\\/#breadcrumb\"},\"inLanguage\":\"et\",\"potentialAction\":[{\"@type\":\"ReadAction\",\"target\":[\"https:\\\/\\\/lustandlove.eu\\\/et\\\/toode\\\/gvibe-3-candy-pink-gvibe\\\/\"]}]},{\"@type\":\"ImageObject\",\"inLanguage\":\"et\",\"@id\":\"https:\\\/\\\/lustandlove.eu\\\/et\\\/toode\\\/gvibe-3-candy-pink-gvibe\\\/#primaryimage\",\"url\":\"https:\\\/\\\/lustandlove.eu\\\/wp-content\\\/uploads\\\/gvibe-3-pink-vibrator-from-gvibe-fun-toys-01.jpg\",\"contentUrl\":\"https:\\\/\\\/lustandlove.eu\\\/wp-content\\\/uploads\\\/gvibe-3-pink-vibrator-from-gvibe-fun-toys-01.jpg\",\"width\":800,\"height\":800},{\"@type\":\"BreadcrumbList\",\"@id\":\"https:\\\/\\\/lustandlove.eu\\\/et\\\/toode\\\/gvibe-3-candy-pink-gvibe\\\/#breadcrumb\",\"itemListElement\":[{\"@type\":\"ListItem\",\"position\":1,\"name\":\"Lust and Love\",\"item\":\"https:\\\/\\\/lustandlove.eu\\\/et\\\/\"},{\"@type\":\"ListItem\",\"position\":2,\"name\":\"Pood\",\"item\":\"https:\\\/\\\/lustandlove.eu\\\/et\\\/pood\\\/\"},{\"@type\":\"ListItem\",\"position\":3,\"name\":\"Sekslelud\",\"item\":\"https:\\\/\\\/lustandlove.eu\\\/et\\\/pood\\\/sekslelud\\\/\"},{\"@type\":\"ListItem\",\"position\":4,\"name\":\"Vibraatorid\",\"item\":\"https:\\\/\\\/lustandlove.eu\\\/et\\\/pood\\\/sekslelud\\\/vibraatorid\\\/\"},{\"@type\":\"ListItem\",\"position\":5,\"name\":\"Klassikalised\",\"item\":\"https:\\\/\\\/lustandlove.eu\\\/et\\\/pood\\\/sekslelud\\\/vibraatorid\\\/klassikalised\\\/\"},{\"@type\":\"ListItem\",\"position\":6,\"name\":\"Gvibe 3 &#8211; Candy Pink\"}]},{\"@type\":\"WebSite\",\"@id\":\"https:\\\/\\\/lustandlove.eu\\\/et\\\/#website\",\"url\":\"https:\\\/\\\/lustandlove.eu\\\/et\\\/\",\"name\":\"Lust & Love\",\"description\":\"Online erootikapood tervise, ilu ja armastuse jaoks\",\"publisher\":{\"@id\":\"https:\\\/\\\/lustandlove.eu\\\/et\\\/#organization\"},\"potentialAction\":[{\"@type\":\"SearchAction\",\"target\":{\"@type\":\"EntryPoint\",\"urlTemplate\":\"https:\\\/\\\/lustandlove.eu\\\/et\\\/?s={search_term_string}\"},\"query-input\":{\"@type\":\"PropertyValueSpecification\",\"valueRequired\":true,\"valueName\":\"search_term_string\"}}],\"inLanguage\":\"et\"},{\"@type\":\"Organization\",\"@id\":\"https:\\\/\\\/lustandlove.eu\\\/et\\\/#organization\",\"name\":\"Bioconcept Baltics O\u00dc\",\"url\":\"https:\\\/\\\/lustandlove.eu\\\/et\\\/\",\"logo\":{\"@type\":\"ImageObject\",\"inLanguage\":\"et\",\"@id\":\"https:\\\/\\\/lustandlove.eu\\\/et\\\/#\\\/schema\\\/logo\\\/image\\\/\",\"url\":\"https:\\\/\\\/lustandlove.eu\\\/wp-content\\\/uploads\\\/logo-full-2.png\",\"contentUrl\":\"https:\\\/\\\/lustandlove.eu\\\/wp-content\\\/uploads\\\/logo-full-2.png\",\"width\":837,\"height\":200,\"caption\":\"Bioconcept Baltics O\u00dc\"},\"image\":{\"@id\":\"https:\\\/\\\/lustandlove.eu\\\/et\\\/#\\\/schema\\\/logo\\\/image\\\/\"},\"sameAs\":[\"https:\\\/\\\/www.facebook.com\\\/LustandLoveEU\\\/\",\"https:\\\/\\\/www.instagram.com\\\/lustandloveeu\\\/\"]}]}<\/script>\n<!-- \/ Yoast SEO plugin. -->","yoast_head_json":{"title":"Gvibe 3 - Candy Pink 79.90\u20ac | Lust and Love","description":"Gvibe\u00b3 on 100% v\u00f5imsam kui eelmine mudel t\u00e4nu oma 3 mootorile \u2013 2 asuvad otstes ja kolmas lelu varres.","robots":{"index,follow,max-snippet":"index,follow,max-snippet:-1,max-image-preview:large,max-video-preview:-1"},"canonical":"https:\/\/lustandlove.eu\/et\/toode\/gvibe-3-candy-pink-gvibe\/","schema":{"@context":"https:\/\/schema.org","@graph":[{"@type":["WebPage","ItemPage"],"@id":"https:\/\/lustandlove.eu\/et\/toode\/gvibe-3-candy-pink-gvibe\/","url":"https:\/\/lustandlove.eu\/et\/toode\/gvibe-3-candy-pink-gvibe\/","name":"Gvibe 3 - Candy Pink 79.90\u20ac | Lust and Love","isPartOf":{"@id":"https:\/\/lustandlove.eu\/et\/#website"},"primaryImageOfPage":{"@id":"https:\/\/lustandlove.eu\/et\/toode\/gvibe-3-candy-pink-gvibe\/#primaryimage"},"image":{"@id":"https:\/\/lustandlove.eu\/et\/toode\/gvibe-3-candy-pink-gvibe\/#primaryimage"},"thumbnailUrl":"https:\/\/lustandlove.eu\/wp-content\/uploads\/gvibe-3-pink-vibrator-from-gvibe-fun-toys-01.jpg","datePublished":"2021-05-28T05:14:29+00:00","dateModified":"2026-04-13T07:43:10+00:00","description":"Gvibe\u00b3 on 100% v\u00f5imsam kui eelmine mudel t\u00e4nu oma 3 mootorile \u2013 2 asuvad otstes ja kolmas lelu varres.","breadcrumb":{"@id":"https:\/\/lustandlove.eu\/et\/toode\/gvibe-3-candy-pink-gvibe\/#breadcrumb"},"inLanguage":"et","potentialAction":[{"@type":"ReadAction","target":["https:\/\/lustandlove.eu\/et\/toode\/gvibe-3-candy-pink-gvibe\/"]}]},{"@type":"ImageObject","inLanguage":"et","@id":"https:\/\/lustandlove.eu\/et\/toode\/gvibe-3-candy-pink-gvibe\/#primaryimage","url":"https:\/\/lustandlove.eu\/wp-content\/uploads\/gvibe-3-pink-vibrator-from-gvibe-fun-toys-01.jpg","contentUrl":"https:\/\/lustandlove.eu\/wp-content\/uploads\/gvibe-3-pink-vibrator-from-gvibe-fun-toys-01.jpg","width":800,"height":800},{"@type":"BreadcrumbList","@id":"https:\/\/lustandlove.eu\/et\/toode\/gvibe-3-candy-pink-gvibe\/#breadcrumb","itemListElement":[{"@type":"ListItem","position":1,"name":"Lust and Love","item":"https:\/\/lustandlove.eu\/et\/"},{"@type":"ListItem","position":2,"name":"Pood","item":"https:\/\/lustandlove.eu\/et\/pood\/"},{"@type":"ListItem","position":3,"name":"Sekslelud","item":"https:\/\/lustandlove.eu\/et\/pood\/sekslelud\/"},{"@type":"ListItem","position":4,"name":"Vibraatorid","item":"https:\/\/lustandlove.eu\/et\/pood\/sekslelud\/vibraatorid\/"},{"@type":"ListItem","position":5,"name":"Klassikalised","item":"https:\/\/lustandlove.eu\/et\/pood\/sekslelud\/vibraatorid\/klassikalised\/"},{"@type":"ListItem","position":6,"name":"Gvibe 3 &#8211; Candy Pink"}]},{"@type":"WebSite","@id":"https:\/\/lustandlove.eu\/et\/#website","url":"https:\/\/lustandlove.eu\/et\/","name":"Lust & Love","description":"Online erootikapood tervise, ilu ja armastuse jaoks","publisher":{"@id":"https:\/\/lustandlove.eu\/et\/#organization"},"potentialAction":[{"@type":"SearchAction","target":{"@type":"EntryPoint","urlTemplate":"https:\/\/lustandlove.eu\/et\/?s={search_term_string}"},"query-input":{"@type":"PropertyValueSpecification","valueRequired":true,"valueName":"search_term_string"}}],"inLanguage":"et"},{"@type":"Organization","@id":"https:\/\/lustandlove.eu\/et\/#organization","name":"Bioconcept Baltics O\u00dc","url":"https:\/\/lustandlove.eu\/et\/","logo":{"@type":"ImageObject","inLanguage":"et","@id":"https:\/\/lustandlove.eu\/et\/#\/schema\/logo\/image\/","url":"https:\/\/lustandlove.eu\/wp-content\/uploads\/logo-full-2.png","contentUrl":"https:\/\/lustandlove.eu\/wp-content\/uploads\/logo-full-2.png","width":837,"height":200,"caption":"Bioconcept Baltics O\u00dc"},"image":{"@id":"https:\/\/lustandlove.eu\/et\/#\/schema\/logo\/image\/"},"sameAs":["https:\/\/www.facebook.com\/LustandLoveEU\/","https:\/\/www.instagram.com\/lustandloveeu\/"]}]}},"_links":{"self":[{"href":"https:\/\/lustandlove.eu\/et\/wp-json\/wp\/v2\/product\/48396","targetHints":{"allow":["GET"]}}],"collection":[{"href":"https:\/\/lustandlove.eu\/et\/wp-json\/wp\/v2\/product"}],"about":[{"href":"https:\/\/lustandlove.eu\/et\/wp-json\/wp\/v2\/types\/product"}],"wp:featuredmedia":[{"embeddable":true,"href":"https:\/\/lustandlove.eu\/et\/wp-json\/wp\/v2\/media\/47720"}],"wp:attachment":[{"href":"https:\/\/lustandlove.eu\/et\/wp-json\/wp\/v2\/media?parent=48396"}],"wp:term":[{"taxonomy":"product_brand","embeddable":true,"href":"https:\/\/lustandlove.eu\/et\/wp-json\/wp\/v2\/product_brand?post=48396"},{"taxonomy":"product_cat","embeddable":true,"href":"https:\/\/lustandlove.eu\/et\/wp-json\/wp\/v2\/product_cat?post=48396"},{"taxonomy":"product_tag","embeddable":true,"href":"https:\/\/lustandlove.eu\/et\/wp-json\/wp\/v2\/product_tag?post=48396"}],"curies":[{"name":"wp","href":"https:\/\/api.w.org\/{rel}","templated":true}]}}