{"id":48401,"date":"2021-05-28T08:12:50","date_gmt":"2021-05-28T05:12:50","guid":{"rendered":"https:\/\/www.lustandlove.eu\/product\/topeltdildo\/"},"modified":"2025-08-19T15:43:17","modified_gmt":"2025-08-19T12:43:17","slug":"topeltdildo","status":"publish","type":"product","link":"https:\/\/lustandlove.eu\/et\/toode\/topeltdildo\/","title":{"rendered":"Topeltdildo"},"content":{"rendered":"<p>Topeltdildo, mille veenid ja materjal on realistliku v\u00e4limusega ja tunnetusega. Terve Kiotose COX seeria on 100% ftalaatide vaba, l\u00f5hnavaba ja kehas\u00f5bralik.<\/p>\n<p>See topeltdildo on veekindel, seega saab seda kasutada vannis v\u00f5i du\u0161i all.<\/p>\n<p>Need imelised dildod on tehtud 100% k\u00f5rge kvaliteediga TPE-st. Pehme ja painduv materjal tagab, et saad seda kasutada pikka aega realistliku tundega.<\/p>\n<p>Soovitame lelu kasutada vee baasil libestiga, et tagada parem libisemine. Puhastamiseks soovitame kasutada leiget vett ja seepi v\u00f5i lelupuhastajat.<\/p>\n","protected":false},"excerpt":{"rendered":"<p>Topeltdildo, mille veenid ja materjal on realistliku v\u00e4limusega ja tunnetusega.<\/p>\n","protected":false},"featured_media":47678,"template":"","meta":[],"product_cat":[1491],"product_tag":[1516,1564],"yoast_head":"<!-- This site is optimized with the Yoast SEO plugin v22.9 - https:\/\/yoast.com\/wordpress\/plugins\/seo\/ -->\n<title>Topeltdildo | Lust &amp; Love Sex Store<\/title>\n<meta name=\"description\" content=\"Topeltdildo, mille veenid ja materjal on realistliku v\u00e4limusega ja tunnetusega.\" \/>\n<meta name=\"robots\" content=\"index,follow,max-snippet:-1,max-image-preview:large,max-video-preview:-1\" \/>\n<link rel=\"canonical\" href=\"https:\/\/lustandlove.eu\/et\/toode\/topeltdildo\/\" \/>\n<meta name=\"twitter:card\" content=\"summary_large_image\" \/>\n<meta name=\"twitter:title\" content=\"Topeltdildo | Lust &amp; Love Sex Store\" \/>\n<meta name=\"twitter:description\" content=\"Topeltdildo, mille veenid ja materjal on realistliku v\u00e4limusega ja tunnetusega.\" \/>\n<meta name=\"twitter:image\" content=\"https:\/\/lustandlove.eu\/wp-content\/uploads\/kiotos-cox-01.jpg\" \/>\n<meta name=\"twitter:label1\" content=\"Est. reading time\" \/>\n\t<meta name=\"twitter:data1\" content=\"1 minut\" \/>\n<script type=\"application\/ld+json\" class=\"yoast-schema-graph\">{\"@context\":\"https:\/\/schema.org\",\"@graph\":[{\"@type\":[\"WebPage\",\"ItemPage\"],\"@id\":\"https:\/\/lustandlove.eu\/et\/toode\/topeltdildo\/\",\"url\":\"https:\/\/lustandlove.eu\/et\/toode\/topeltdildo\/\",\"name\":\"Topeltdildo | Lust & Love Sex Store\",\"isPartOf\":{\"@id\":\"https:\/\/lustandlove.eu\/et\/#website\"},\"primaryImageOfPage\":{\"@id\":\"https:\/\/lustandlove.eu\/et\/toode\/topeltdildo\/#primaryimage\"},\"image\":{\"@id\":\"https:\/\/lustandlove.eu\/et\/toode\/topeltdildo\/#primaryimage\"},\"thumbnailUrl\":\"https:\/\/lustandlove.eu\/wp-content\/uploads\/kiotos-cox-01.jpg\",\"datePublished\":\"2021-05-28T05:12:50+00:00\",\"dateModified\":\"2025-08-19T12:43:17+00:00\",\"description\":\"Topeltdildo, mille veenid ja materjal on realistliku v\u00e4limusega ja tunnetusega.\",\"breadcrumb\":{\"@id\":\"https:\/\/lustandlove.eu\/et\/toode\/topeltdildo\/#breadcrumb\"},\"inLanguage\":\"et\",\"potentialAction\":[{\"@type\":\"ReadAction\",\"target\":[\"https:\/\/lustandlove.eu\/et\/toode\/topeltdildo\/\"]}]},{\"@type\":\"ImageObject\",\"inLanguage\":\"et\",\"@id\":\"https:\/\/lustandlove.eu\/et\/toode\/topeltdildo\/#primaryimage\",\"url\":\"https:\/\/lustandlove.eu\/wp-content\/uploads\/kiotos-cox-01.jpg\",\"contentUrl\":\"https:\/\/lustandlove.eu\/wp-content\/uploads\/kiotos-cox-01.jpg\",\"width\":1200,\"height\":1200},{\"@type\":\"BreadcrumbList\",\"@id\":\"https:\/\/lustandlove.eu\/et\/toode\/topeltdildo\/#breadcrumb\",\"itemListElement\":[{\"@type\":\"ListItem\",\"position\":1,\"name\":\"Lust and Love\",\"item\":\"https:\/\/lustandlove.eu\/et\/\"},{\"@type\":\"ListItem\",\"position\":2,\"name\":\"Pood\",\"item\":\"https:\/\/lustandlove.eu\/et\/pood\/\"},{\"@type\":\"ListItem\",\"position\":3,\"name\":\"Topeltdildo\"}]},{\"@type\":\"WebSite\",\"@id\":\"https:\/\/lustandlove.eu\/et\/#website\",\"url\":\"https:\/\/lustandlove.eu\/et\/\",\"name\":\"Lust &amp; Love\",\"description\":\"Online erootikapood tervise, ilu ja armastuse jaoks\",\"publisher\":{\"@id\":\"https:\/\/lustandlove.eu\/et\/#organization\"},\"potentialAction\":[{\"@type\":\"SearchAction\",\"target\":{\"@type\":\"EntryPoint\",\"urlTemplate\":\"https:\/\/lustandlove.eu\/et\/?s={search_term_string}\"},\"query-input\":\"required name=search_term_string\"}],\"inLanguage\":\"et\"},{\"@type\":\"Organization\",\"@id\":\"https:\/\/lustandlove.eu\/et\/#organization\",\"name\":\"Bioconcept Baltics O\u00dc\",\"url\":\"https:\/\/lustandlove.eu\/et\/\",\"logo\":{\"@type\":\"ImageObject\",\"inLanguage\":\"et\",\"@id\":\"https:\/\/lustandlove.eu\/et\/#\/schema\/logo\/image\/\",\"url\":\"\",\"contentUrl\":\"\",\"caption\":\"Bioconcept Baltics O\u00dc\"},\"image\":{\"@id\":\"https:\/\/lustandlove.eu\/et\/#\/schema\/logo\/image\/\"},\"sameAs\":[\"https:\/\/www.facebook.com\/LustandLoveEU\/\",\"https:\/\/www.instagram.com\/lustandloveeu\/\"]}]}<\/script>\n<!-- \/ Yoast SEO plugin. -->","yoast_head_json":{"title":"Topeltdildo | Lust & Love Sex Store","description":"Topeltdildo, mille veenid ja materjal on realistliku v\u00e4limusega ja tunnetusega.","robots":{"index,follow,max-snippet":"index,follow,max-snippet:-1,max-image-preview:large,max-video-preview:-1"},"canonical":"https:\/\/lustandlove.eu\/et\/toode\/topeltdildo\/","twitter_card":"summary_large_image","twitter_title":"Topeltdildo | Lust & Love Sex Store","twitter_description":"Topeltdildo, mille veenid ja materjal on realistliku v\u00e4limusega ja tunnetusega.","twitter_image":"https:\/\/lustandlove.eu\/wp-content\/uploads\/kiotos-cox-01.jpg","twitter_misc":{"Est. reading time":"1 minut"},"schema":{"@context":"https:\/\/schema.org","@graph":[{"@type":["WebPage","ItemPage"],"@id":"https:\/\/lustandlove.eu\/et\/toode\/topeltdildo\/","url":"https:\/\/lustandlove.eu\/et\/toode\/topeltdildo\/","name":"Topeltdildo | Lust & Love Sex Store","isPartOf":{"@id":"https:\/\/lustandlove.eu\/et\/#website"},"primaryImageOfPage":{"@id":"https:\/\/lustandlove.eu\/et\/toode\/topeltdildo\/#primaryimage"},"image":{"@id":"https:\/\/lustandlove.eu\/et\/toode\/topeltdildo\/#primaryimage"},"thumbnailUrl":"https:\/\/lustandlove.eu\/wp-content\/uploads\/kiotos-cox-01.jpg","datePublished":"2021-05-28T05:12:50+00:00","dateModified":"2025-08-19T12:43:17+00:00","description":"Topeltdildo, mille veenid ja materjal on realistliku v\u00e4limusega ja tunnetusega.","breadcrumb":{"@id":"https:\/\/lustandlove.eu\/et\/toode\/topeltdildo\/#breadcrumb"},"inLanguage":"et","potentialAction":[{"@type":"ReadAction","target":["https:\/\/lustandlove.eu\/et\/toode\/topeltdildo\/"]}]},{"@type":"ImageObject","inLanguage":"et","@id":"https:\/\/lustandlove.eu\/et\/toode\/topeltdildo\/#primaryimage","url":"https:\/\/lustandlove.eu\/wp-content\/uploads\/kiotos-cox-01.jpg","contentUrl":"https:\/\/lustandlove.eu\/wp-content\/uploads\/kiotos-cox-01.jpg","width":1200,"height":1200},{"@type":"BreadcrumbList","@id":"https:\/\/lustandlove.eu\/et\/toode\/topeltdildo\/#breadcrumb","itemListElement":[{"@type":"ListItem","position":1,"name":"Lust and Love","item":"https:\/\/lustandlove.eu\/et\/"},{"@type":"ListItem","position":2,"name":"Pood","item":"https:\/\/lustandlove.eu\/et\/pood\/"},{"@type":"ListItem","position":3,"name":"Topeltdildo"}]},{"@type":"WebSite","@id":"https:\/\/lustandlove.eu\/et\/#website","url":"https:\/\/lustandlove.eu\/et\/","name":"Lust &amp; Love","description":"Online erootikapood tervise, ilu ja armastuse jaoks","publisher":{"@id":"https:\/\/lustandlove.eu\/et\/#organization"},"potentialAction":[{"@type":"SearchAction","target":{"@type":"EntryPoint","urlTemplate":"https:\/\/lustandlove.eu\/et\/?s={search_term_string}"},"query-input":"required name=search_term_string"}],"inLanguage":"et"},{"@type":"Organization","@id":"https:\/\/lustandlove.eu\/et\/#organization","name":"Bioconcept Baltics O\u00dc","url":"https:\/\/lustandlove.eu\/et\/","logo":{"@type":"ImageObject","inLanguage":"et","@id":"https:\/\/lustandlove.eu\/et\/#\/schema\/logo\/image\/","url":"","contentUrl":"","caption":"Bioconcept Baltics O\u00dc"},"image":{"@id":"https:\/\/lustandlove.eu\/et\/#\/schema\/logo\/image\/"},"sameAs":["https:\/\/www.facebook.com\/LustandLoveEU\/","https:\/\/www.instagram.com\/lustandloveeu\/"]}]}},"_links":{"self":[{"href":"https:\/\/lustandlove.eu\/et\/wp-json\/wp\/v2\/product\/48401"}],"collection":[{"href":"https:\/\/lustandlove.eu\/et\/wp-json\/wp\/v2\/product"}],"about":[{"href":"https:\/\/lustandlove.eu\/et\/wp-json\/wp\/v2\/types\/product"}],"wp:featuredmedia":[{"embeddable":true,"href":"https:\/\/lustandlove.eu\/et\/wp-json\/wp\/v2\/media\/47678"}],"wp:attachment":[{"href":"https:\/\/lustandlove.eu\/et\/wp-json\/wp\/v2\/media?parent=48401"}],"wp:term":[{"taxonomy":"product_cat","embeddable":true,"href":"https:\/\/lustandlove.eu\/et\/wp-json\/wp\/v2\/product_cat?post=48401"},{"taxonomy":"product_tag","embeddable":true,"href":"https:\/\/lustandlove.eu\/et\/wp-json\/wp\/v2\/product_tag?post=48401"}],"curies":[{"name":"wp","href":"https:\/\/api.w.org\/{rel}","templated":true}]}}