{"id":48404,"date":"2021-05-28T08:12:50","date_gmt":"2021-05-28T05:12:50","guid":{"rendered":"https:\/\/www.lustandlove.eu\/product\/politsei-kaerauad\/"},"modified":"2026-04-13T10:43:12","modified_gmt":"2026-04-13T07:43:12","slug":"politsei-kaerauad","status":"publish","type":"product","link":"https:\/\/lustandlove.eu\/et\/toode\/politsei-kaerauad\/","title":{"rendered":"Politsei K\u00e4erauad"},"content":{"rendered":"<div class=\"wpb-content-wrapper\"><p>[vc_row][vc_column][vc_column_text woodmart_inline=&#8221;no&#8221; text_larger=&#8221;no&#8221;]Stiilsed raskemad metallist politsei k\u00e4erauad BDSMiks v\u00f5i lihtsalt oma magamistoa fantaasiate t\u00e4ide viimiseks. Anna oma partnerile kontroll!<\/p>\n<p>Need stiilsed ketiga politsei k\u00e4erauad on tehtud k\u00f5rge kvaliteediga kehas\u00f5bralikust roostevabast terasest. See ei tekita allergiaid, nagu m\u00f5ned nikliga v\u00f5i kroomiga kaetud k\u00e4erauad.<\/p>\n<p>K\u00e4eraudade \u00e4\u00e4red on \u00fcmardatud ja pehmendatud, t\u00e4nu millele ei ole nende kandmine valus ja ei j\u00e4ta k\u00e4tele j\u00e4lgi.<\/p>\n<p>K\u00e4eraudadega tuleb kaasa 2 v\u00f5tit, kuid k\u00e4eraudasid on v\u00f5imalik avada ka ilma v\u00f5tmeta.<\/p>\n<p><strong>Soovitused:<\/strong><br \/>\nEnne k\u00e4eraudade peale panemist vali oma poos v\u00e4lja. Muidu v\u00f5ib k\u00e4eraudade \u00e4ra v\u00f5tmine v\u00f5i pooside vahetamine ebamugav olla ja p\u00f5neval hetkel temperatuuri maha jahutada.<br \/>\nOle oma partneriga r\u00e4\u00e4kides selge ning m\u00e4\u00e4rake turvas\u00f5na.<br \/>\nKombineeri koos silmaklappidega v\u00f5i silmasidemega, et oma tajusid v\u00f5imendada.<br \/>\n[\/vc_column_text][\/vc_column][\/vc_row]<\/p>\n<\/div>","protected":false},"excerpt":{"rendered":"<p>Stiilsed raskemad metallist politsei k\u00e4erauad BDSMiks v\u00f5i lihtsalt oma magamistoa fantaasiate t\u00e4ide viimiseks. Anna oma partnerile kontroll!<\/p>\n","protected":false},"featured_media":47686,"template":"","meta":[],"product_brand":[4228],"product_cat":[1470,1474],"product_tag":[1563],"class_list":{"0":"post-48404","1":"product","2":"type-product","3":"status-publish","4":"has-post-thumbnail","6":"product_brand-o-products-et","7":"product_cat-bdsm-et","8":"product_cat-kaerauad-ja-rakmed","9":"product_tag-katised","10":"pa_brand-o-products-et","12":"first","13":"instock","14":"taxable","15":"shipping-taxable","16":"purchasable","17":"product-type-simple"},"yoast_head":"<!-- This site is optimized with the Yoast SEO plugin v27.4 - https:\/\/yoast.com\/product\/yoast-seo-wordpress\/ -->\n<title>Politsei K\u00e4erauad | Lust and Love<\/title>\n<meta name=\"description\" content=\"Stiilsed raskemad metallist politsei k\u00e4erauad BDSMiks v\u00f5i lihtsalt oma magamistoa fantaasiate t\u00e4ide viimiseks. Anna oma partnerile kontroll!\" \/>\n<meta name=\"robots\" content=\"index,follow,max-snippet:-1,max-image-preview:large,max-video-preview:-1\" \/>\n<link rel=\"canonical\" href=\"https:\/\/lustandlove.eu\/et\/toode\/politsei-kaerauad\/\" \/>\n<script type=\"application\/ld+json\" class=\"yoast-schema-graph\">{\"@context\":\"https:\\\/\\\/schema.org\",\"@graph\":[{\"@type\":[\"WebPage\",\"ItemPage\"],\"@id\":\"https:\\\/\\\/lustandlove.eu\\\/et\\\/toode\\\/politsei-kaerauad\\\/\",\"url\":\"https:\\\/\\\/lustandlove.eu\\\/et\\\/toode\\\/politsei-kaerauad\\\/\",\"name\":\"Politsei K\u00e4erauad | Lust and Love\",\"isPartOf\":{\"@id\":\"https:\\\/\\\/lustandlove.eu\\\/et\\\/#website\"},\"primaryImageOfPage\":{\"@id\":\"https:\\\/\\\/lustandlove.eu\\\/et\\\/toode\\\/politsei-kaerauad\\\/#primaryimage\"},\"image\":{\"@id\":\"https:\\\/\\\/lustandlove.eu\\\/et\\\/toode\\\/politsei-kaerauad\\\/#primaryimage\"},\"thumbnailUrl\":\"https:\\\/\\\/lustandlove.eu\\\/wp-content\\\/uploads\\\/politsei-kaerauad.jpg\",\"datePublished\":\"2021-05-28T05:12:50+00:00\",\"dateModified\":\"2026-04-13T07:43:12+00:00\",\"description\":\"Stiilsed raskemad metallist politsei k\u00e4erauad BDSMiks v\u00f5i lihtsalt oma magamistoa fantaasiate t\u00e4ide viimiseks. Anna oma partnerile kontroll!\",\"breadcrumb\":{\"@id\":\"https:\\\/\\\/lustandlove.eu\\\/et\\\/toode\\\/politsei-kaerauad\\\/#breadcrumb\"},\"inLanguage\":\"et\",\"potentialAction\":[{\"@type\":\"ReadAction\",\"target\":[\"https:\\\/\\\/lustandlove.eu\\\/et\\\/toode\\\/politsei-kaerauad\\\/\"]}]},{\"@type\":\"ImageObject\",\"inLanguage\":\"et\",\"@id\":\"https:\\\/\\\/lustandlove.eu\\\/et\\\/toode\\\/politsei-kaerauad\\\/#primaryimage\",\"url\":\"https:\\\/\\\/lustandlove.eu\\\/wp-content\\\/uploads\\\/politsei-kaerauad.jpg\",\"contentUrl\":\"https:\\\/\\\/lustandlove.eu\\\/wp-content\\\/uploads\\\/politsei-kaerauad.jpg\",\"width\":900,\"height\":900},{\"@type\":\"BreadcrumbList\",\"@id\":\"https:\\\/\\\/lustandlove.eu\\\/et\\\/toode\\\/politsei-kaerauad\\\/#breadcrumb\",\"itemListElement\":[{\"@type\":\"ListItem\",\"position\":1,\"name\":\"Lust and Love\",\"item\":\"https:\\\/\\\/lustandlove.eu\\\/et\\\/\"},{\"@type\":\"ListItem\",\"position\":2,\"name\":\"Pood\",\"item\":\"https:\\\/\\\/lustandlove.eu\\\/et\\\/pood\\\/\"},{\"@type\":\"ListItem\",\"position\":3,\"name\":\"Politsei K\u00e4erauad\"}]},{\"@type\":\"WebSite\",\"@id\":\"https:\\\/\\\/lustandlove.eu\\\/et\\\/#website\",\"url\":\"https:\\\/\\\/lustandlove.eu\\\/et\\\/\",\"name\":\"Lust & Love\",\"description\":\"Online erootikapood tervise, ilu ja armastuse jaoks\",\"publisher\":{\"@id\":\"https:\\\/\\\/lustandlove.eu\\\/et\\\/#organization\"},\"potentialAction\":[{\"@type\":\"SearchAction\",\"target\":{\"@type\":\"EntryPoint\",\"urlTemplate\":\"https:\\\/\\\/lustandlove.eu\\\/et\\\/?s={search_term_string}\"},\"query-input\":{\"@type\":\"PropertyValueSpecification\",\"valueRequired\":true,\"valueName\":\"search_term_string\"}}],\"inLanguage\":\"et\"},{\"@type\":\"Organization\",\"@id\":\"https:\\\/\\\/lustandlove.eu\\\/et\\\/#organization\",\"name\":\"Bioconcept Baltics O\u00dc\",\"url\":\"https:\\\/\\\/lustandlove.eu\\\/et\\\/\",\"logo\":{\"@type\":\"ImageObject\",\"inLanguage\":\"et\",\"@id\":\"https:\\\/\\\/lustandlove.eu\\\/et\\\/#\\\/schema\\\/logo\\\/image\\\/\",\"url\":\"https:\\\/\\\/lustandlove.eu\\\/wp-content\\\/uploads\\\/logo-full-2.png\",\"contentUrl\":\"https:\\\/\\\/lustandlove.eu\\\/wp-content\\\/uploads\\\/logo-full-2.png\",\"width\":837,\"height\":200,\"caption\":\"Bioconcept Baltics O\u00dc\"},\"image\":{\"@id\":\"https:\\\/\\\/lustandlove.eu\\\/et\\\/#\\\/schema\\\/logo\\\/image\\\/\"},\"sameAs\":[\"https:\\\/\\\/www.facebook.com\\\/LustandLoveEU\\\/\",\"https:\\\/\\\/www.instagram.com\\\/lustandloveeu\\\/\"]}]}<\/script>\n<!-- \/ Yoast SEO plugin. -->","yoast_head_json":{"title":"Politsei K\u00e4erauad | Lust and Love","description":"Stiilsed raskemad metallist politsei k\u00e4erauad BDSMiks v\u00f5i lihtsalt oma magamistoa fantaasiate t\u00e4ide viimiseks. Anna oma partnerile kontroll!","robots":{"index,follow,max-snippet":"index,follow,max-snippet:-1,max-image-preview:large,max-video-preview:-1"},"canonical":"https:\/\/lustandlove.eu\/et\/toode\/politsei-kaerauad\/","schema":{"@context":"https:\/\/schema.org","@graph":[{"@type":["WebPage","ItemPage"],"@id":"https:\/\/lustandlove.eu\/et\/toode\/politsei-kaerauad\/","url":"https:\/\/lustandlove.eu\/et\/toode\/politsei-kaerauad\/","name":"Politsei K\u00e4erauad | Lust and Love","isPartOf":{"@id":"https:\/\/lustandlove.eu\/et\/#website"},"primaryImageOfPage":{"@id":"https:\/\/lustandlove.eu\/et\/toode\/politsei-kaerauad\/#primaryimage"},"image":{"@id":"https:\/\/lustandlove.eu\/et\/toode\/politsei-kaerauad\/#primaryimage"},"thumbnailUrl":"https:\/\/lustandlove.eu\/wp-content\/uploads\/politsei-kaerauad.jpg","datePublished":"2021-05-28T05:12:50+00:00","dateModified":"2026-04-13T07:43:12+00:00","description":"Stiilsed raskemad metallist politsei k\u00e4erauad BDSMiks v\u00f5i lihtsalt oma magamistoa fantaasiate t\u00e4ide viimiseks. Anna oma partnerile kontroll!","breadcrumb":{"@id":"https:\/\/lustandlove.eu\/et\/toode\/politsei-kaerauad\/#breadcrumb"},"inLanguage":"et","potentialAction":[{"@type":"ReadAction","target":["https:\/\/lustandlove.eu\/et\/toode\/politsei-kaerauad\/"]}]},{"@type":"ImageObject","inLanguage":"et","@id":"https:\/\/lustandlove.eu\/et\/toode\/politsei-kaerauad\/#primaryimage","url":"https:\/\/lustandlove.eu\/wp-content\/uploads\/politsei-kaerauad.jpg","contentUrl":"https:\/\/lustandlove.eu\/wp-content\/uploads\/politsei-kaerauad.jpg","width":900,"height":900},{"@type":"BreadcrumbList","@id":"https:\/\/lustandlove.eu\/et\/toode\/politsei-kaerauad\/#breadcrumb","itemListElement":[{"@type":"ListItem","position":1,"name":"Lust and Love","item":"https:\/\/lustandlove.eu\/et\/"},{"@type":"ListItem","position":2,"name":"Pood","item":"https:\/\/lustandlove.eu\/et\/pood\/"},{"@type":"ListItem","position":3,"name":"Politsei K\u00e4erauad"}]},{"@type":"WebSite","@id":"https:\/\/lustandlove.eu\/et\/#website","url":"https:\/\/lustandlove.eu\/et\/","name":"Lust & Love","description":"Online erootikapood tervise, ilu ja armastuse jaoks","publisher":{"@id":"https:\/\/lustandlove.eu\/et\/#organization"},"potentialAction":[{"@type":"SearchAction","target":{"@type":"EntryPoint","urlTemplate":"https:\/\/lustandlove.eu\/et\/?s={search_term_string}"},"query-input":{"@type":"PropertyValueSpecification","valueRequired":true,"valueName":"search_term_string"}}],"inLanguage":"et"},{"@type":"Organization","@id":"https:\/\/lustandlove.eu\/et\/#organization","name":"Bioconcept Baltics O\u00dc","url":"https:\/\/lustandlove.eu\/et\/","logo":{"@type":"ImageObject","inLanguage":"et","@id":"https:\/\/lustandlove.eu\/et\/#\/schema\/logo\/image\/","url":"https:\/\/lustandlove.eu\/wp-content\/uploads\/logo-full-2.png","contentUrl":"https:\/\/lustandlove.eu\/wp-content\/uploads\/logo-full-2.png","width":837,"height":200,"caption":"Bioconcept Baltics O\u00dc"},"image":{"@id":"https:\/\/lustandlove.eu\/et\/#\/schema\/logo\/image\/"},"sameAs":["https:\/\/www.facebook.com\/LustandLoveEU\/","https:\/\/www.instagram.com\/lustandloveeu\/"]}]}},"_links":{"self":[{"href":"https:\/\/lustandlove.eu\/et\/wp-json\/wp\/v2\/product\/48404","targetHints":{"allow":["GET"]}}],"collection":[{"href":"https:\/\/lustandlove.eu\/et\/wp-json\/wp\/v2\/product"}],"about":[{"href":"https:\/\/lustandlove.eu\/et\/wp-json\/wp\/v2\/types\/product"}],"wp:featuredmedia":[{"embeddable":true,"href":"https:\/\/lustandlove.eu\/et\/wp-json\/wp\/v2\/media\/47686"}],"wp:attachment":[{"href":"https:\/\/lustandlove.eu\/et\/wp-json\/wp\/v2\/media?parent=48404"}],"wp:term":[{"taxonomy":"product_brand","embeddable":true,"href":"https:\/\/lustandlove.eu\/et\/wp-json\/wp\/v2\/product_brand?post=48404"},{"taxonomy":"product_cat","embeddable":true,"href":"https:\/\/lustandlove.eu\/et\/wp-json\/wp\/v2\/product_cat?post=48404"},{"taxonomy":"product_tag","embeddable":true,"href":"https:\/\/lustandlove.eu\/et\/wp-json\/wp\/v2\/product_tag?post=48404"}],"curies":[{"name":"wp","href":"https:\/\/api.w.org\/{rel}","templated":true}]}}