{"id":48405,"date":"2021-05-28T08:12:50","date_gmt":"2021-05-28T05:12:50","guid":{"rendered":"https:\/\/www.lustandlove.eu\/product\/silmamask-deluxe\/"},"modified":"2026-04-13T10:43:12","modified_gmt":"2026-04-13T07:43:12","slug":"silmamask-deluxe","status":"publish","type":"product","link":"https:\/\/lustandlove.eu\/et\/toode\/silmamask-deluxe\/","title":{"rendered":"Silmamask Deluxe"},"content":{"rendered":"<div class=\"wpb-content-wrapper\"><p>[vc_row][vc_column][vc_column_text woodmart_inline=&#8221;no&#8221; text_larger=&#8221;no&#8221;]Silmamask on p\u00f5nev viis taas-avastada enda jaoks magamistoas v\u00f5imsad stimulatsioonid. \u00dche taju kinnikatmine aitab teistel tajudel v\u00f5imenduda, seega kui silmadel pole v\u00f5imalik enam infot vastu v\u00f5tta, muutub nahk tundlikumaks, kuulmisv\u00f5ime paremaks ning teadmatusest tingitud p\u00f5nevus erutab sind rohkem.<\/p>\n<p>Luksuslik silmamask on tehtud nahast ja selle sisemus on pehmendatud, et see oleks mugavalt n\u00e4ol ja takistaks v\u00e4lja n\u00e4gemast. See k\u00e4ib p\u00e4he kummist paelaga. Ideaalne mask sinu m\u00e4ngudeks (ja magamiseks).<\/p>\n<p>Kummipael kinnitub kenasti kahe naha kihi vahele, t\u00e4nu millele ei ole maskil k\u00f5rgemat \u00fchenduskohta, mis v\u00f5ib ebamugav olla.<\/p>\n<p>Maski v\u00e4limine osa on k\u00f5rgendatud ning silmade kohad on madalamad. T\u00e4nu sellele ei teki silmadele ebamugavat surumistunnet ning samal ajal p\u00e4\u00e4seb v\u00e4ljastpoolt palju v\u00e4hem valgust sisse.[\/vc_column_text][\/vc_column][\/vc_row]<\/p>\n<\/div>","protected":false},"excerpt":{"rendered":"<p>Silmamask on p\u00f5nev viis taas-avastada enda jaoks magamistoas v\u00f5imsad stimulatsioonid.<\/p>\n","protected":false},"featured_media":47672,"template":"","meta":[],"product_brand":[4218],"product_cat":[1470,1472],"product_tag":[1550,1551],"class_list":{"0":"post-48405","1":"product","2":"type-product","3":"status-publish","4":"has-post-thumbnail","6":"product_brand-kiotos-et","7":"product_cat-bdsm-et","8":"product_cat-silmakatted-ja-maskid","9":"product_tag-bdsm-et","10":"product_tag-silmakate","11":"pa_brand-kiotos-et","13":"first","14":"instock","15":"taxable","16":"shipping-taxable","17":"purchasable","18":"product-type-simple"},"yoast_head":"<!-- This site is optimized with the Yoast SEO plugin v27.3 - https:\/\/yoast.com\/product\/yoast-seo-wordpress\/ -->\n<title>Silmamask Deluxe | Lust and Love<\/title>\n<meta name=\"description\" content=\"Silmamask on p\u00f5nev viis taas-avastada enda jaoks magamistoas v\u00f5imsad stimulatsioonid.\" \/>\n<meta name=\"robots\" content=\"index,follow,max-snippet:-1,max-image-preview:large,max-video-preview:-1\" \/>\n<link rel=\"canonical\" href=\"https:\/\/lustandlove.eu\/et\/toode\/silmamask-deluxe\/\" \/>\n<meta name=\"twitter:card\" content=\"summary_large_image\" \/>\n<meta name=\"twitter:title\" content=\"Silmamask Deluxe | Lust and Love\" \/>\n<meta name=\"twitter:description\" content=\"Silmamask on p\u00f5nev viis taas-avastada enda jaoks magamistoas v\u00f5imsad stimulatsioonid.\" \/>\n<meta name=\"twitter:image\" content=\"https:\/\/lustandlove.eu\/wp-content\/uploads\/deluxe-blindfold-01.jpg\" \/>\n<meta name=\"twitter:label1\" content=\"Est. reading time\" \/>\n\t<meta name=\"twitter:data1\" content=\"1 minut\" \/>\n<script type=\"application\/ld+json\" class=\"yoast-schema-graph\">{\"@context\":\"https:\\\/\\\/schema.org\",\"@graph\":[{\"@type\":[\"WebPage\",\"ItemPage\"],\"@id\":\"https:\\\/\\\/lustandlove.eu\\\/et\\\/toode\\\/silmamask-deluxe\\\/\",\"url\":\"https:\\\/\\\/lustandlove.eu\\\/et\\\/toode\\\/silmamask-deluxe\\\/\",\"name\":\"Silmamask Deluxe | Lust and Love\",\"isPartOf\":{\"@id\":\"https:\\\/\\\/lustandlove.eu\\\/et\\\/#website\"},\"primaryImageOfPage\":{\"@id\":\"https:\\\/\\\/lustandlove.eu\\\/et\\\/toode\\\/silmamask-deluxe\\\/#primaryimage\"},\"image\":{\"@id\":\"https:\\\/\\\/lustandlove.eu\\\/et\\\/toode\\\/silmamask-deluxe\\\/#primaryimage\"},\"thumbnailUrl\":\"https:\\\/\\\/lustandlove.eu\\\/wp-content\\\/uploads\\\/deluxe-blindfold-01.jpg\",\"datePublished\":\"2021-05-28T05:12:50+00:00\",\"dateModified\":\"2026-04-13T07:43:12+00:00\",\"description\":\"Silmamask on p\u00f5nev viis taas-avastada enda jaoks magamistoas v\u00f5imsad stimulatsioonid.\",\"breadcrumb\":{\"@id\":\"https:\\\/\\\/lustandlove.eu\\\/et\\\/toode\\\/silmamask-deluxe\\\/#breadcrumb\"},\"inLanguage\":\"et\",\"potentialAction\":[{\"@type\":\"ReadAction\",\"target\":[\"https:\\\/\\\/lustandlove.eu\\\/et\\\/toode\\\/silmamask-deluxe\\\/\"]}]},{\"@type\":\"ImageObject\",\"inLanguage\":\"et\",\"@id\":\"https:\\\/\\\/lustandlove.eu\\\/et\\\/toode\\\/silmamask-deluxe\\\/#primaryimage\",\"url\":\"https:\\\/\\\/lustandlove.eu\\\/wp-content\\\/uploads\\\/deluxe-blindfold-01.jpg\",\"contentUrl\":\"https:\\\/\\\/lustandlove.eu\\\/wp-content\\\/uploads\\\/deluxe-blindfold-01.jpg\",\"width\":1200,\"height\":1200},{\"@type\":\"BreadcrumbList\",\"@id\":\"https:\\\/\\\/lustandlove.eu\\\/et\\\/toode\\\/silmamask-deluxe\\\/#breadcrumb\",\"itemListElement\":[{\"@type\":\"ListItem\",\"position\":1,\"name\":\"Lust and Love\",\"item\":\"https:\\\/\\\/lustandlove.eu\\\/et\\\/\"},{\"@type\":\"ListItem\",\"position\":2,\"name\":\"Pood\",\"item\":\"https:\\\/\\\/lustandlove.eu\\\/et\\\/pood\\\/\"},{\"@type\":\"ListItem\",\"position\":3,\"name\":\"Silmamask Deluxe\"}]},{\"@type\":\"WebSite\",\"@id\":\"https:\\\/\\\/lustandlove.eu\\\/et\\\/#website\",\"url\":\"https:\\\/\\\/lustandlove.eu\\\/et\\\/\",\"name\":\"Lust &amp; Love\",\"description\":\"Online erootikapood tervise, ilu ja armastuse jaoks\",\"publisher\":{\"@id\":\"https:\\\/\\\/lustandlove.eu\\\/et\\\/#organization\"},\"potentialAction\":[{\"@type\":\"SearchAction\",\"target\":{\"@type\":\"EntryPoint\",\"urlTemplate\":\"https:\\\/\\\/lustandlove.eu\\\/et\\\/?s={search_term_string}\"},\"query-input\":{\"@type\":\"PropertyValueSpecification\",\"valueRequired\":true,\"valueName\":\"search_term_string\"}}],\"inLanguage\":\"et\"},{\"@type\":\"Organization\",\"@id\":\"https:\\\/\\\/lustandlove.eu\\\/et\\\/#organization\",\"name\":\"Bioconcept Baltics O\u00dc\",\"url\":\"https:\\\/\\\/lustandlove.eu\\\/et\\\/\",\"logo\":{\"@type\":\"ImageObject\",\"inLanguage\":\"et\",\"@id\":\"https:\\\/\\\/lustandlove.eu\\\/et\\\/#\\\/schema\\\/logo\\\/image\\\/\",\"url\":\"\",\"contentUrl\":\"\",\"caption\":\"Bioconcept Baltics O\u00dc\"},\"image\":{\"@id\":\"https:\\\/\\\/lustandlove.eu\\\/et\\\/#\\\/schema\\\/logo\\\/image\\\/\"},\"sameAs\":[\"https:\\\/\\\/www.facebook.com\\\/LustandLoveEU\\\/\",\"https:\\\/\\\/www.instagram.com\\\/lustandloveeu\\\/\"]}]}<\/script>\n<!-- \/ Yoast SEO plugin. -->","yoast_head_json":{"title":"Silmamask Deluxe | Lust and Love","description":"Silmamask on p\u00f5nev viis taas-avastada enda jaoks magamistoas v\u00f5imsad stimulatsioonid.","robots":{"index,follow,max-snippet":"index,follow,max-snippet:-1,max-image-preview:large,max-video-preview:-1"},"canonical":"https:\/\/lustandlove.eu\/et\/toode\/silmamask-deluxe\/","twitter_card":"summary_large_image","twitter_title":"Silmamask Deluxe | Lust and Love","twitter_description":"Silmamask on p\u00f5nev viis taas-avastada enda jaoks magamistoas v\u00f5imsad stimulatsioonid.","twitter_image":"https:\/\/lustandlove.eu\/wp-content\/uploads\/deluxe-blindfold-01.jpg","twitter_misc":{"Est. reading time":"1 minut"},"schema":{"@context":"https:\/\/schema.org","@graph":[{"@type":["WebPage","ItemPage"],"@id":"https:\/\/lustandlove.eu\/et\/toode\/silmamask-deluxe\/","url":"https:\/\/lustandlove.eu\/et\/toode\/silmamask-deluxe\/","name":"Silmamask Deluxe | Lust and Love","isPartOf":{"@id":"https:\/\/lustandlove.eu\/et\/#website"},"primaryImageOfPage":{"@id":"https:\/\/lustandlove.eu\/et\/toode\/silmamask-deluxe\/#primaryimage"},"image":{"@id":"https:\/\/lustandlove.eu\/et\/toode\/silmamask-deluxe\/#primaryimage"},"thumbnailUrl":"https:\/\/lustandlove.eu\/wp-content\/uploads\/deluxe-blindfold-01.jpg","datePublished":"2021-05-28T05:12:50+00:00","dateModified":"2026-04-13T07:43:12+00:00","description":"Silmamask on p\u00f5nev viis taas-avastada enda jaoks magamistoas v\u00f5imsad stimulatsioonid.","breadcrumb":{"@id":"https:\/\/lustandlove.eu\/et\/toode\/silmamask-deluxe\/#breadcrumb"},"inLanguage":"et","potentialAction":[{"@type":"ReadAction","target":["https:\/\/lustandlove.eu\/et\/toode\/silmamask-deluxe\/"]}]},{"@type":"ImageObject","inLanguage":"et","@id":"https:\/\/lustandlove.eu\/et\/toode\/silmamask-deluxe\/#primaryimage","url":"https:\/\/lustandlove.eu\/wp-content\/uploads\/deluxe-blindfold-01.jpg","contentUrl":"https:\/\/lustandlove.eu\/wp-content\/uploads\/deluxe-blindfold-01.jpg","width":1200,"height":1200},{"@type":"BreadcrumbList","@id":"https:\/\/lustandlove.eu\/et\/toode\/silmamask-deluxe\/#breadcrumb","itemListElement":[{"@type":"ListItem","position":1,"name":"Lust and Love","item":"https:\/\/lustandlove.eu\/et\/"},{"@type":"ListItem","position":2,"name":"Pood","item":"https:\/\/lustandlove.eu\/et\/pood\/"},{"@type":"ListItem","position":3,"name":"Silmamask Deluxe"}]},{"@type":"WebSite","@id":"https:\/\/lustandlove.eu\/et\/#website","url":"https:\/\/lustandlove.eu\/et\/","name":"Lust &amp; Love","description":"Online erootikapood tervise, ilu ja armastuse jaoks","publisher":{"@id":"https:\/\/lustandlove.eu\/et\/#organization"},"potentialAction":[{"@type":"SearchAction","target":{"@type":"EntryPoint","urlTemplate":"https:\/\/lustandlove.eu\/et\/?s={search_term_string}"},"query-input":{"@type":"PropertyValueSpecification","valueRequired":true,"valueName":"search_term_string"}}],"inLanguage":"et"},{"@type":"Organization","@id":"https:\/\/lustandlove.eu\/et\/#organization","name":"Bioconcept Baltics O\u00dc","url":"https:\/\/lustandlove.eu\/et\/","logo":{"@type":"ImageObject","inLanguage":"et","@id":"https:\/\/lustandlove.eu\/et\/#\/schema\/logo\/image\/","url":"","contentUrl":"","caption":"Bioconcept Baltics O\u00dc"},"image":{"@id":"https:\/\/lustandlove.eu\/et\/#\/schema\/logo\/image\/"},"sameAs":["https:\/\/www.facebook.com\/LustandLoveEU\/","https:\/\/www.instagram.com\/lustandloveeu\/"]}]}},"_links":{"self":[{"href":"https:\/\/lustandlove.eu\/et\/wp-json\/wp\/v2\/product\/48405","targetHints":{"allow":["GET"]}}],"collection":[{"href":"https:\/\/lustandlove.eu\/et\/wp-json\/wp\/v2\/product"}],"about":[{"href":"https:\/\/lustandlove.eu\/et\/wp-json\/wp\/v2\/types\/product"}],"wp:featuredmedia":[{"embeddable":true,"href":"https:\/\/lustandlove.eu\/et\/wp-json\/wp\/v2\/media\/47672"}],"wp:attachment":[{"href":"https:\/\/lustandlove.eu\/et\/wp-json\/wp\/v2\/media?parent=48405"}],"wp:term":[{"taxonomy":"product_brand","embeddable":true,"href":"https:\/\/lustandlove.eu\/et\/wp-json\/wp\/v2\/product_brand?post=48405"},{"taxonomy":"product_cat","embeddable":true,"href":"https:\/\/lustandlove.eu\/et\/wp-json\/wp\/v2\/product_cat?post=48405"},{"taxonomy":"product_tag","embeddable":true,"href":"https:\/\/lustandlove.eu\/et\/wp-json\/wp\/v2\/product_tag?post=48405"}],"curies":[{"name":"wp","href":"https:\/\/api.w.org\/{rel}","templated":true}]}}