{"id":48413,"date":"2021-05-28T08:12:48","date_gmt":"2021-05-28T05:12:48","guid":{"rendered":"https:\/\/www.lustandlove.eu\/product\/air-tech-squeeze-tenga\/"},"modified":"2026-04-13T10:43:14","modified_gmt":"2026-04-13T07:43:14","slug":"air-tech-squeeze-tenga","status":"publish","type":"product","link":"https:\/\/lustandlove.eu\/et\/toode\/air-tech-squeeze-tenga\/","title":{"rendered":"Tenga Air-Tech Squeeze"},"content":{"rendered":"<p>3 erinevat stiili tagavad 3 erinevat intensiivsust, kuid k\u00f5ik 3 tagavad imelise Air-Tech tehnoloogial p\u00f5hineva stimulatsiooni, mis peenise sisestamisel p\u00fc\u00fcab \u00f5humullid l\u00f5ksu, et avaldada peenisele \u00f5rna survet. Lisaks on tootel pehme \u00fcmbris, mida muljudes saate peenisele avaldada rohkem stimulatsioone ja survet.<\/p>\n<p>\u00d5hu l\u00f5ksu p\u00fc\u00fcdev struktuur suudab tagada veelgi tugevama vaakumi kui originaalne Tenga masturbaator \u2013 Sisemised \u00f5hukambrid aitavad kaasa tugeva vaakumi tekkele. Air-Tech tooted tagavad tihke ja stimuleeriva sessiooni imeliste tulemustega.<\/p>\n<p>Air-Tech p\u00f5hineb originaalsel vaakumit tekitaval masturbaatoril kuid ei sisalda endas k\u00e4sna, muutes toote t\u00e4ielikult h\u00fcgieeniliseks, pestavaks ja korduvkasutatavaks.<\/p>\n<p>Sisemine muster on ribide ja k\u00f5rgendustega, mis tagavad tihke tunde ja orgasmi igal kasutuskorral. Lihtsalt lisa libestit, kasuta, pese puhtaks ja korda!<\/p>\n","protected":false},"excerpt":{"rendered":"<p>3 erinevat stiili tagavad 3 erinevat intensiivsust, kuid k\u00f5ik 3 tagavad imelise Air-Tech tehnoloogial p\u00f5hineva stimulatsiooni, mis peenise sisestamisel p\u00fc\u00fcab \u00f5humullid l\u00f5ksu, et avaldada peenisele \u00f5rna survet.<\/p>\n","protected":false},"featured_media":47634,"template":"","meta":[],"product_brand":[4244],"product_cat":[4008,1480,1477],"product_tag":[1526],"class_list":{"0":"post-48413","1":"product","2":"type-product","3":"status-publish","4":"has-post-thumbnail","6":"product_brand-tenga-et","7":"product_cat-manuaalsed","8":"product_cat-masturbaatorid","9":"product_cat-meestele","10":"product_tag-masturbaator","11":"pa_brand-tenga-et","13":"first","14":"instock","15":"taxable","16":"shipping-taxable","17":"purchasable","18":"product-type-variable"},"yoast_head":"<!-- This site is optimized with the Yoast SEO plugin v27.3 - https:\/\/yoast.com\/product\/yoast-seo-wordpress\/ -->\n<title>Tenga Air-Tech Squeeze | Lust &amp; Love Erotic Shop<\/title>\n<meta name=\"description\" content=\"3 erinevat stiili tagavad 3 erinevat intensiivsust, kuid k\u00f5ik 3 tagavad imelise Air-Tech tehnoloogial p\u00f5hineva stimulatsiooni, mis peenise sisestamisel p\u00fc\u00fcab \u00f5humullid l\u00f5ksu, et avaldada peenisele \u00f5rna survet.\" \/>\n<meta name=\"robots\" content=\"index,follow,max-snippet:-1,max-image-preview:large,max-video-preview:-1\" \/>\n<link rel=\"canonical\" href=\"https:\/\/lustandlove.eu\/et\/toode\/air-tech-squeeze-tenga\/\" \/>\n<meta name=\"twitter:card\" content=\"summary_large_image\" \/>\n<meta name=\"twitter:title\" content=\"Tenga Air-Tech Squeeze | Lust &amp; Love Erotic Shop\" \/>\n<meta name=\"twitter:description\" content=\"3 erinevat stiili tagavad 3 erinevat intensiivsust, kuid k\u00f5ik 3 tagavad imelise Air-Tech tehnoloogial p\u00f5hineva stimulatsiooni, mis peenise sisestamisel p\u00fc\u00fcab \u00f5humullid l\u00f5ksu, et avaldada peenisele \u00f5rna survet.\" \/>\n<meta name=\"twitter:image\" content=\"https:\/\/lustandlove.eu\/wp-content\/uploads\/Sqeeze-06.jpg\" \/>\n<meta name=\"twitter:label1\" content=\"Est. reading time\" \/>\n\t<meta name=\"twitter:data1\" content=\"1 minut\" \/>\n<script type=\"application\/ld+json\" class=\"yoast-schema-graph\">{\"@context\":\"https:\\\/\\\/schema.org\",\"@graph\":[{\"@type\":[\"WebPage\",\"ItemPage\"],\"@id\":\"https:\\\/\\\/lustandlove.eu\\\/et\\\/toode\\\/air-tech-squeeze-tenga\\\/\",\"url\":\"https:\\\/\\\/lustandlove.eu\\\/et\\\/toode\\\/air-tech-squeeze-tenga\\\/\",\"name\":\"Tenga Air-Tech Squeeze | Lust & Love Erotic Shop\",\"isPartOf\":{\"@id\":\"https:\\\/\\\/lustandlove.eu\\\/et\\\/#website\"},\"primaryImageOfPage\":{\"@id\":\"https:\\\/\\\/lustandlove.eu\\\/et\\\/toode\\\/air-tech-squeeze-tenga\\\/#primaryimage\"},\"image\":{\"@id\":\"https:\\\/\\\/lustandlove.eu\\\/et\\\/toode\\\/air-tech-squeeze-tenga\\\/#primaryimage\"},\"thumbnailUrl\":\"https:\\\/\\\/lustandlove.eu\\\/wp-content\\\/uploads\\\/Sqeeze-06.jpg\",\"datePublished\":\"2021-05-28T05:12:48+00:00\",\"dateModified\":\"2026-04-13T07:43:14+00:00\",\"description\":\"3 erinevat stiili tagavad 3 erinevat intensiivsust, kuid k\u00f5ik 3 tagavad imelise Air-Tech tehnoloogial p\u00f5hineva stimulatsiooni, mis peenise sisestamisel p\u00fc\u00fcab \u00f5humullid l\u00f5ksu, et avaldada peenisele \u00f5rna survet.\",\"breadcrumb\":{\"@id\":\"https:\\\/\\\/lustandlove.eu\\\/et\\\/toode\\\/air-tech-squeeze-tenga\\\/#breadcrumb\"},\"inLanguage\":\"et\",\"potentialAction\":[{\"@type\":\"ReadAction\",\"target\":[\"https:\\\/\\\/lustandlove.eu\\\/et\\\/toode\\\/air-tech-squeeze-tenga\\\/\"]}]},{\"@type\":\"ImageObject\",\"inLanguage\":\"et\",\"@id\":\"https:\\\/\\\/lustandlove.eu\\\/et\\\/toode\\\/air-tech-squeeze-tenga\\\/#primaryimage\",\"url\":\"https:\\\/\\\/lustandlove.eu\\\/wp-content\\\/uploads\\\/Sqeeze-06.jpg\",\"contentUrl\":\"https:\\\/\\\/lustandlove.eu\\\/wp-content\\\/uploads\\\/Sqeeze-06.jpg\",\"width\":1000,\"height\":1000},{\"@type\":\"BreadcrumbList\",\"@id\":\"https:\\\/\\\/lustandlove.eu\\\/et\\\/toode\\\/air-tech-squeeze-tenga\\\/#breadcrumb\",\"itemListElement\":[{\"@type\":\"ListItem\",\"position\":1,\"name\":\"Lust and Love\",\"item\":\"https:\\\/\\\/lustandlove.eu\\\/et\\\/\"},{\"@type\":\"ListItem\",\"position\":2,\"name\":\"Pood\",\"item\":\"https:\\\/\\\/lustandlove.eu\\\/et\\\/pood\\\/\"},{\"@type\":\"ListItem\",\"position\":3,\"name\":\"Tenga Air-Tech Squeeze\"}]},{\"@type\":\"WebSite\",\"@id\":\"https:\\\/\\\/lustandlove.eu\\\/et\\\/#website\",\"url\":\"https:\\\/\\\/lustandlove.eu\\\/et\\\/\",\"name\":\"Lust &amp; Love\",\"description\":\"Online erootikapood tervise, ilu ja armastuse jaoks\",\"publisher\":{\"@id\":\"https:\\\/\\\/lustandlove.eu\\\/et\\\/#organization\"},\"potentialAction\":[{\"@type\":\"SearchAction\",\"target\":{\"@type\":\"EntryPoint\",\"urlTemplate\":\"https:\\\/\\\/lustandlove.eu\\\/et\\\/?s={search_term_string}\"},\"query-input\":{\"@type\":\"PropertyValueSpecification\",\"valueRequired\":true,\"valueName\":\"search_term_string\"}}],\"inLanguage\":\"et\"},{\"@type\":\"Organization\",\"@id\":\"https:\\\/\\\/lustandlove.eu\\\/et\\\/#organization\",\"name\":\"Bioconcept Baltics O\u00dc\",\"url\":\"https:\\\/\\\/lustandlove.eu\\\/et\\\/\",\"logo\":{\"@type\":\"ImageObject\",\"inLanguage\":\"et\",\"@id\":\"https:\\\/\\\/lustandlove.eu\\\/et\\\/#\\\/schema\\\/logo\\\/image\\\/\",\"url\":\"\",\"contentUrl\":\"\",\"caption\":\"Bioconcept Baltics O\u00dc\"},\"image\":{\"@id\":\"https:\\\/\\\/lustandlove.eu\\\/et\\\/#\\\/schema\\\/logo\\\/image\\\/\"},\"sameAs\":[\"https:\\\/\\\/www.facebook.com\\\/LustandLoveEU\\\/\",\"https:\\\/\\\/www.instagram.com\\\/lustandloveeu\\\/\"]}]}<\/script>\n<!-- \/ Yoast SEO plugin. -->","yoast_head_json":{"title":"Tenga Air-Tech Squeeze | Lust & Love Erotic Shop","description":"3 erinevat stiili tagavad 3 erinevat intensiivsust, kuid k\u00f5ik 3 tagavad imelise Air-Tech tehnoloogial p\u00f5hineva stimulatsiooni, mis peenise sisestamisel p\u00fc\u00fcab \u00f5humullid l\u00f5ksu, et avaldada peenisele \u00f5rna survet.","robots":{"index,follow,max-snippet":"index,follow,max-snippet:-1,max-image-preview:large,max-video-preview:-1"},"canonical":"https:\/\/lustandlove.eu\/et\/toode\/air-tech-squeeze-tenga\/","twitter_card":"summary_large_image","twitter_title":"Tenga Air-Tech Squeeze | Lust & Love Erotic Shop","twitter_description":"3 erinevat stiili tagavad 3 erinevat intensiivsust, kuid k\u00f5ik 3 tagavad imelise Air-Tech tehnoloogial p\u00f5hineva stimulatsiooni, mis peenise sisestamisel p\u00fc\u00fcab \u00f5humullid l\u00f5ksu, et avaldada peenisele \u00f5rna survet.","twitter_image":"https:\/\/lustandlove.eu\/wp-content\/uploads\/Sqeeze-06.jpg","twitter_misc":{"Est. reading time":"1 minut"},"schema":{"@context":"https:\/\/schema.org","@graph":[{"@type":["WebPage","ItemPage"],"@id":"https:\/\/lustandlove.eu\/et\/toode\/air-tech-squeeze-tenga\/","url":"https:\/\/lustandlove.eu\/et\/toode\/air-tech-squeeze-tenga\/","name":"Tenga Air-Tech Squeeze | Lust & Love Erotic Shop","isPartOf":{"@id":"https:\/\/lustandlove.eu\/et\/#website"},"primaryImageOfPage":{"@id":"https:\/\/lustandlove.eu\/et\/toode\/air-tech-squeeze-tenga\/#primaryimage"},"image":{"@id":"https:\/\/lustandlove.eu\/et\/toode\/air-tech-squeeze-tenga\/#primaryimage"},"thumbnailUrl":"https:\/\/lustandlove.eu\/wp-content\/uploads\/Sqeeze-06.jpg","datePublished":"2021-05-28T05:12:48+00:00","dateModified":"2026-04-13T07:43:14+00:00","description":"3 erinevat stiili tagavad 3 erinevat intensiivsust, kuid k\u00f5ik 3 tagavad imelise Air-Tech tehnoloogial p\u00f5hineva stimulatsiooni, mis peenise sisestamisel p\u00fc\u00fcab \u00f5humullid l\u00f5ksu, et avaldada peenisele \u00f5rna survet.","breadcrumb":{"@id":"https:\/\/lustandlove.eu\/et\/toode\/air-tech-squeeze-tenga\/#breadcrumb"},"inLanguage":"et","potentialAction":[{"@type":"ReadAction","target":["https:\/\/lustandlove.eu\/et\/toode\/air-tech-squeeze-tenga\/"]}]},{"@type":"ImageObject","inLanguage":"et","@id":"https:\/\/lustandlove.eu\/et\/toode\/air-tech-squeeze-tenga\/#primaryimage","url":"https:\/\/lustandlove.eu\/wp-content\/uploads\/Sqeeze-06.jpg","contentUrl":"https:\/\/lustandlove.eu\/wp-content\/uploads\/Sqeeze-06.jpg","width":1000,"height":1000},{"@type":"BreadcrumbList","@id":"https:\/\/lustandlove.eu\/et\/toode\/air-tech-squeeze-tenga\/#breadcrumb","itemListElement":[{"@type":"ListItem","position":1,"name":"Lust and Love","item":"https:\/\/lustandlove.eu\/et\/"},{"@type":"ListItem","position":2,"name":"Pood","item":"https:\/\/lustandlove.eu\/et\/pood\/"},{"@type":"ListItem","position":3,"name":"Tenga Air-Tech Squeeze"}]},{"@type":"WebSite","@id":"https:\/\/lustandlove.eu\/et\/#website","url":"https:\/\/lustandlove.eu\/et\/","name":"Lust &amp; Love","description":"Online erootikapood tervise, ilu ja armastuse jaoks","publisher":{"@id":"https:\/\/lustandlove.eu\/et\/#organization"},"potentialAction":[{"@type":"SearchAction","target":{"@type":"EntryPoint","urlTemplate":"https:\/\/lustandlove.eu\/et\/?s={search_term_string}"},"query-input":{"@type":"PropertyValueSpecification","valueRequired":true,"valueName":"search_term_string"}}],"inLanguage":"et"},{"@type":"Organization","@id":"https:\/\/lustandlove.eu\/et\/#organization","name":"Bioconcept Baltics O\u00dc","url":"https:\/\/lustandlove.eu\/et\/","logo":{"@type":"ImageObject","inLanguage":"et","@id":"https:\/\/lustandlove.eu\/et\/#\/schema\/logo\/image\/","url":"","contentUrl":"","caption":"Bioconcept Baltics O\u00dc"},"image":{"@id":"https:\/\/lustandlove.eu\/et\/#\/schema\/logo\/image\/"},"sameAs":["https:\/\/www.facebook.com\/LustandLoveEU\/","https:\/\/www.instagram.com\/lustandloveeu\/"]}]}},"_links":{"self":[{"href":"https:\/\/lustandlove.eu\/et\/wp-json\/wp\/v2\/product\/48413","targetHints":{"allow":["GET"]}}],"collection":[{"href":"https:\/\/lustandlove.eu\/et\/wp-json\/wp\/v2\/product"}],"about":[{"href":"https:\/\/lustandlove.eu\/et\/wp-json\/wp\/v2\/types\/product"}],"wp:featuredmedia":[{"embeddable":true,"href":"https:\/\/lustandlove.eu\/et\/wp-json\/wp\/v2\/media\/47634"}],"wp:attachment":[{"href":"https:\/\/lustandlove.eu\/et\/wp-json\/wp\/v2\/media?parent=48413"}],"wp:term":[{"taxonomy":"product_brand","embeddable":true,"href":"https:\/\/lustandlove.eu\/et\/wp-json\/wp\/v2\/product_brand?post=48413"},{"taxonomy":"product_cat","embeddable":true,"href":"https:\/\/lustandlove.eu\/et\/wp-json\/wp\/v2\/product_cat?post=48413"},{"taxonomy":"product_tag","embeddable":true,"href":"https:\/\/lustandlove.eu\/et\/wp-json\/wp\/v2\/product_tag?post=48413"}],"curies":[{"name":"wp","href":"https:\/\/api.w.org\/{rel}","templated":true}]}}