{"id":48417,"date":"2021-05-28T08:11:54","date_gmt":"2021-05-28T05:11:54","guid":{"rendered":"https:\/\/www.lustandlove.eu\/product\/taaskasutatav-flip-hole-mastrubaator\/"},"modified":"2026-04-13T10:43:15","modified_gmt":"2026-04-13T07:43:15","slug":"taaskasutatav-flip-hole-mastrubaator","status":"publish","type":"product","link":"https:\/\/lustandlove.eu\/et\/toode\/taaskasutatav-flip-hole-mastrubaator\/","title":{"rendered":"Taaskasutatav Flip Hole Mastrubaator"},"content":{"rendered":"<p>Tenga parimatest materjalidest loodud Flip Hole viib su unikaalsete naudinguteni.<\/p>\n<p>Iga Flip Hole v\u00e4rv on t\u00e4iesti erineva sisemusega, mis tagab unikaalse sensatsiooni. Vastavalt v\u00e4rvile muutub ka materjali j\u00e4ikus.<\/p>\n<p>Flip Hole Silver:<br \/>\nSellel mudelil on julged \u00e4\u00e4red ja nurgad, mis meenutavad j\u00e4\u00e4purikaid v\u00f5i teemante. See on pehme ja l\u00f5dvam, kui must variant, mist\u00f5ttu on sellel \u00f5rnem stimulatsioon. Sees asuvad kerakesed on v\u00e4ga suured, mist\u00f5ttu on stimulatsioon \u00f5rnapoolsem.<\/p>\n<p>Flip Hole Black:<\/p>\n<p>Julge tekstuuriga, paljude ribidega sisemus on nagu lab\u00fcrint, risti r\u00e4sti kanalitega, mida on raskem penetreerida. Suured pallid ja tugevam sisemus tekitavad v\u00e4ga tihke tunde. Must mudel on k\u00f5ige intensiivsem Tenga Flip Hole\u2019idest ning see pakub v\u00f5imsas koguses stimulatsioone.<\/p>\n","protected":false},"excerpt":{"rendered":"<p>Tenga parimatest materjalidest loodud Flip Hole viib su unikaalsete naudinguteni.<\/p>\n","protected":false},"featured_media":47616,"template":"","meta":[],"product_brand":[4244],"product_cat":[4008,1480,1477],"product_tag":[],"class_list":{"0":"post-48417","1":"product","2":"type-product","3":"status-publish","4":"has-post-thumbnail","6":"product_brand-tenga-et","7":"product_cat-manuaalsed","8":"product_cat-masturbaatorid","9":"product_cat-meestele","10":"pa_brand-tenga-et","12":"first","13":"instock","14":"taxable","15":"shipping-taxable","16":"purchasable","17":"product-type-variable"},"yoast_head":"<!-- This site is optimized with the Yoast SEO plugin v27.3 - https:\/\/yoast.com\/product\/yoast-seo-wordpress\/ -->\n<title>Taaskasutatav Flip Hole Mastrubaator | Lust and Love<\/title>\n<meta name=\"robots\" content=\"index,follow,max-snippet:-1,max-image-preview:large,max-video-preview:-1\" \/>\n<link rel=\"canonical\" href=\"https:\/\/lustandlove.eu\/et\/toode\/taaskasutatav-flip-hole-mastrubaator\/\" \/>\n<meta name=\"twitter:card\" content=\"summary_large_image\" \/>\n<meta name=\"twitter:title\" content=\"Taaskasutatav Flip Hole Mastrubaator | Lust and Love\" \/>\n<meta name=\"twitter:description\" content=\"Tenga parimatest materjalidest loodud Flip Hole viib su unikaalsete naudinguteni.\" \/>\n<meta name=\"twitter:image\" content=\"https:\/\/lustandlove.eu\/wp-content\/uploads\/taaskasutatav-flip-hole-masturbaator-must-\u2013-reusable-tenga-masturbator-black-01.jpg\" \/>\n<meta name=\"twitter:label1\" content=\"Est. reading time\" \/>\n\t<meta name=\"twitter:data1\" content=\"1 minut\" \/>\n<script type=\"application\/ld+json\" class=\"yoast-schema-graph\">{\"@context\":\"https:\\\/\\\/schema.org\",\"@graph\":[{\"@type\":[\"WebPage\",\"ItemPage\"],\"@id\":\"https:\\\/\\\/lustandlove.eu\\\/et\\\/toode\\\/taaskasutatav-flip-hole-mastrubaator\\\/\",\"url\":\"https:\\\/\\\/lustandlove.eu\\\/et\\\/toode\\\/taaskasutatav-flip-hole-mastrubaator\\\/\",\"name\":\"Taaskasutatav Flip Hole Mastrubaator | Lust and Love\",\"isPartOf\":{\"@id\":\"https:\\\/\\\/lustandlove.eu\\\/et\\\/#website\"},\"primaryImageOfPage\":{\"@id\":\"https:\\\/\\\/lustandlove.eu\\\/et\\\/toode\\\/taaskasutatav-flip-hole-mastrubaator\\\/#primaryimage\"},\"image\":{\"@id\":\"https:\\\/\\\/lustandlove.eu\\\/et\\\/toode\\\/taaskasutatav-flip-hole-mastrubaator\\\/#primaryimage\"},\"thumbnailUrl\":\"https:\\\/\\\/lustandlove.eu\\\/wp-content\\\/uploads\\\/taaskasutatav-flip-hole-masturbaator-must-\u2013-reusable-tenga-masturbator-black-01.jpg\",\"datePublished\":\"2021-05-28T05:11:54+00:00\",\"dateModified\":\"2026-04-13T07:43:15+00:00\",\"breadcrumb\":{\"@id\":\"https:\\\/\\\/lustandlove.eu\\\/et\\\/toode\\\/taaskasutatav-flip-hole-mastrubaator\\\/#breadcrumb\"},\"inLanguage\":\"et\",\"potentialAction\":[{\"@type\":\"ReadAction\",\"target\":[\"https:\\\/\\\/lustandlove.eu\\\/et\\\/toode\\\/taaskasutatav-flip-hole-mastrubaator\\\/\"]}]},{\"@type\":\"ImageObject\",\"inLanguage\":\"et\",\"@id\":\"https:\\\/\\\/lustandlove.eu\\\/et\\\/toode\\\/taaskasutatav-flip-hole-mastrubaator\\\/#primaryimage\",\"url\":\"https:\\\/\\\/lustandlove.eu\\\/wp-content\\\/uploads\\\/taaskasutatav-flip-hole-masturbaator-must-\u2013-reusable-tenga-masturbator-black-01.jpg\",\"contentUrl\":\"https:\\\/\\\/lustandlove.eu\\\/wp-content\\\/uploads\\\/taaskasutatav-flip-hole-masturbaator-must-\u2013-reusable-tenga-masturbator-black-01.jpg\",\"width\":1000,\"height\":1000},{\"@type\":\"BreadcrumbList\",\"@id\":\"https:\\\/\\\/lustandlove.eu\\\/et\\\/toode\\\/taaskasutatav-flip-hole-mastrubaator\\\/#breadcrumb\",\"itemListElement\":[{\"@type\":\"ListItem\",\"position\":1,\"name\":\"Lust and Love\",\"item\":\"https:\\\/\\\/lustandlove.eu\\\/et\\\/\"},{\"@type\":\"ListItem\",\"position\":2,\"name\":\"Pood\",\"item\":\"https:\\\/\\\/lustandlove.eu\\\/et\\\/pood\\\/\"},{\"@type\":\"ListItem\",\"position\":3,\"name\":\"Taaskasutatav Flip Hole Mastrubaator\"}]},{\"@type\":\"WebSite\",\"@id\":\"https:\\\/\\\/lustandlove.eu\\\/et\\\/#website\",\"url\":\"https:\\\/\\\/lustandlove.eu\\\/et\\\/\",\"name\":\"Lust &amp; Love\",\"description\":\"Online erootikapood tervise, ilu ja armastuse jaoks\",\"publisher\":{\"@id\":\"https:\\\/\\\/lustandlove.eu\\\/et\\\/#organization\"},\"potentialAction\":[{\"@type\":\"SearchAction\",\"target\":{\"@type\":\"EntryPoint\",\"urlTemplate\":\"https:\\\/\\\/lustandlove.eu\\\/et\\\/?s={search_term_string}\"},\"query-input\":{\"@type\":\"PropertyValueSpecification\",\"valueRequired\":true,\"valueName\":\"search_term_string\"}}],\"inLanguage\":\"et\"},{\"@type\":\"Organization\",\"@id\":\"https:\\\/\\\/lustandlove.eu\\\/et\\\/#organization\",\"name\":\"Bioconcept Baltics O\u00dc\",\"url\":\"https:\\\/\\\/lustandlove.eu\\\/et\\\/\",\"logo\":{\"@type\":\"ImageObject\",\"inLanguage\":\"et\",\"@id\":\"https:\\\/\\\/lustandlove.eu\\\/et\\\/#\\\/schema\\\/logo\\\/image\\\/\",\"url\":\"\",\"contentUrl\":\"\",\"caption\":\"Bioconcept Baltics O\u00dc\"},\"image\":{\"@id\":\"https:\\\/\\\/lustandlove.eu\\\/et\\\/#\\\/schema\\\/logo\\\/image\\\/\"},\"sameAs\":[\"https:\\\/\\\/www.facebook.com\\\/LustandLoveEU\\\/\",\"https:\\\/\\\/www.instagram.com\\\/lustandloveeu\\\/\"]}]}<\/script>\n<!-- \/ Yoast SEO plugin. -->","yoast_head_json":{"title":"Taaskasutatav Flip Hole Mastrubaator | Lust and Love","robots":{"index,follow,max-snippet":"index,follow,max-snippet:-1,max-image-preview:large,max-video-preview:-1"},"canonical":"https:\/\/lustandlove.eu\/et\/toode\/taaskasutatav-flip-hole-mastrubaator\/","twitter_card":"summary_large_image","twitter_title":"Taaskasutatav Flip Hole Mastrubaator | Lust and Love","twitter_description":"Tenga parimatest materjalidest loodud Flip Hole viib su unikaalsete naudinguteni.","twitter_image":"https:\/\/lustandlove.eu\/wp-content\/uploads\/taaskasutatav-flip-hole-masturbaator-must-\u2013-reusable-tenga-masturbator-black-01.jpg","twitter_misc":{"Est. reading time":"1 minut"},"schema":{"@context":"https:\/\/schema.org","@graph":[{"@type":["WebPage","ItemPage"],"@id":"https:\/\/lustandlove.eu\/et\/toode\/taaskasutatav-flip-hole-mastrubaator\/","url":"https:\/\/lustandlove.eu\/et\/toode\/taaskasutatav-flip-hole-mastrubaator\/","name":"Taaskasutatav Flip Hole Mastrubaator | Lust and Love","isPartOf":{"@id":"https:\/\/lustandlove.eu\/et\/#website"},"primaryImageOfPage":{"@id":"https:\/\/lustandlove.eu\/et\/toode\/taaskasutatav-flip-hole-mastrubaator\/#primaryimage"},"image":{"@id":"https:\/\/lustandlove.eu\/et\/toode\/taaskasutatav-flip-hole-mastrubaator\/#primaryimage"},"thumbnailUrl":"https:\/\/lustandlove.eu\/wp-content\/uploads\/taaskasutatav-flip-hole-masturbaator-must-\u2013-reusable-tenga-masturbator-black-01.jpg","datePublished":"2021-05-28T05:11:54+00:00","dateModified":"2026-04-13T07:43:15+00:00","breadcrumb":{"@id":"https:\/\/lustandlove.eu\/et\/toode\/taaskasutatav-flip-hole-mastrubaator\/#breadcrumb"},"inLanguage":"et","potentialAction":[{"@type":"ReadAction","target":["https:\/\/lustandlove.eu\/et\/toode\/taaskasutatav-flip-hole-mastrubaator\/"]}]},{"@type":"ImageObject","inLanguage":"et","@id":"https:\/\/lustandlove.eu\/et\/toode\/taaskasutatav-flip-hole-mastrubaator\/#primaryimage","url":"https:\/\/lustandlove.eu\/wp-content\/uploads\/taaskasutatav-flip-hole-masturbaator-must-\u2013-reusable-tenga-masturbator-black-01.jpg","contentUrl":"https:\/\/lustandlove.eu\/wp-content\/uploads\/taaskasutatav-flip-hole-masturbaator-must-\u2013-reusable-tenga-masturbator-black-01.jpg","width":1000,"height":1000},{"@type":"BreadcrumbList","@id":"https:\/\/lustandlove.eu\/et\/toode\/taaskasutatav-flip-hole-mastrubaator\/#breadcrumb","itemListElement":[{"@type":"ListItem","position":1,"name":"Lust and Love","item":"https:\/\/lustandlove.eu\/et\/"},{"@type":"ListItem","position":2,"name":"Pood","item":"https:\/\/lustandlove.eu\/et\/pood\/"},{"@type":"ListItem","position":3,"name":"Taaskasutatav Flip Hole Mastrubaator"}]},{"@type":"WebSite","@id":"https:\/\/lustandlove.eu\/et\/#website","url":"https:\/\/lustandlove.eu\/et\/","name":"Lust &amp; Love","description":"Online erootikapood tervise, ilu ja armastuse jaoks","publisher":{"@id":"https:\/\/lustandlove.eu\/et\/#organization"},"potentialAction":[{"@type":"SearchAction","target":{"@type":"EntryPoint","urlTemplate":"https:\/\/lustandlove.eu\/et\/?s={search_term_string}"},"query-input":{"@type":"PropertyValueSpecification","valueRequired":true,"valueName":"search_term_string"}}],"inLanguage":"et"},{"@type":"Organization","@id":"https:\/\/lustandlove.eu\/et\/#organization","name":"Bioconcept Baltics O\u00dc","url":"https:\/\/lustandlove.eu\/et\/","logo":{"@type":"ImageObject","inLanguage":"et","@id":"https:\/\/lustandlove.eu\/et\/#\/schema\/logo\/image\/","url":"","contentUrl":"","caption":"Bioconcept Baltics O\u00dc"},"image":{"@id":"https:\/\/lustandlove.eu\/et\/#\/schema\/logo\/image\/"},"sameAs":["https:\/\/www.facebook.com\/LustandLoveEU\/","https:\/\/www.instagram.com\/lustandloveeu\/"]}]}},"_links":{"self":[{"href":"https:\/\/lustandlove.eu\/et\/wp-json\/wp\/v2\/product\/48417","targetHints":{"allow":["GET"]}}],"collection":[{"href":"https:\/\/lustandlove.eu\/et\/wp-json\/wp\/v2\/product"}],"about":[{"href":"https:\/\/lustandlove.eu\/et\/wp-json\/wp\/v2\/types\/product"}],"wp:featuredmedia":[{"embeddable":true,"href":"https:\/\/lustandlove.eu\/et\/wp-json\/wp\/v2\/media\/47616"}],"wp:attachment":[{"href":"https:\/\/lustandlove.eu\/et\/wp-json\/wp\/v2\/media?parent=48417"}],"wp:term":[{"taxonomy":"product_brand","embeddable":true,"href":"https:\/\/lustandlove.eu\/et\/wp-json\/wp\/v2\/product_brand?post=48417"},{"taxonomy":"product_cat","embeddable":true,"href":"https:\/\/lustandlove.eu\/et\/wp-json\/wp\/v2\/product_cat?post=48417"},{"taxonomy":"product_tag","embeddable":true,"href":"https:\/\/lustandlove.eu\/et\/wp-json\/wp\/v2\/product_tag?post=48417"}],"curies":[{"name":"wp","href":"https:\/\/api.w.org\/{rel}","templated":true}]}}