{"id":48423,"date":"2021-05-28T08:11:53","date_gmt":"2021-05-28T05:11:53","guid":{"rendered":"https:\/\/www.lustandlove.eu\/product\/mastrubaatori-soojendaja\/"},"modified":"2026-04-13T10:43:16","modified_gmt":"2026-04-13T07:43:16","slug":"mastrubaatori-soojendaja","status":"publish","type":"product","link":"https:\/\/lustandlove.eu\/et\/toode\/mastrubaatori-soojendaja\/","title":{"rendered":"Mastrubaatori soojendaja"},"content":{"rendered":"<p>Masturbaatori soojendaja Hole Warmer on lihtsasti kasutatav, korduvkasutatav vahend, millega on lihtne oma lelu sisemus \u00fcles soojendada taskukohase hinnaga.<\/p>\n<p>Soovitame kasutada masturbaatori soojendajat ainult CUP seeria toodetega, kuna teiste toodete m\u00f5\u00f5dud v\u00f5i materjali j\u00e4medus v\u00f5ivad m\u00f5jutada toote l\u00e4binisti soojenemist.<\/p>\n<p>Originaalse Tenga masturbaatori \u00fclessoojenemine v\u00f5tab ligikaudselt 5 minutit.<\/p>\n<p><strong>Tenga\u00a0masturbaatori soojendaja kasutamine:\u00a0<\/strong><\/p>\n<ol>\n<li>Painuta tuubi sees olevat metallist m\u00fcnti, kuni kuuled kl\u00f5psatust. L\u00e4bipaistev vedelik hakkab soojenema ning muutub tahkeks ja valgeks.<\/li>\n<li>Sisesta soojendaja soovitud tootesse ning luba sellel seal olla 2-5 minutit, kuni toode j\u00f5uab sulle sobiva soojusastmeni. Kasuta libisemise soodustamiseks libestusainet.<\/li>\n<li>Pane soojendaja keevasse vette, et see oma algseisundisse tagasi viia. Vedelik muutub l\u00e4bipaistvaks.<\/li>\n<li>Hoiusta toodet toatemperatuuril j\u00e4rgmise kasutuskorrani.<\/li>\n<\/ol>\n","protected":false},"excerpt":{"rendered":"<p>Masturbaatori soojendaja Hole Warmer on lihtsasti kasutatav, korduvkasutatav vahend, millega on lihtne oma lelu sisemus \u00fcles soojendada taskukohase hinnaga.<\/p>\n","protected":false},"featured_media":47588,"template":"","meta":[],"product_brand":[4244],"product_cat":[3525,1486,4004,1480,1477,1484],"product_tag":[3444],"class_list":{"0":"post-48423","1":"product","2":"type-product","3":"status-publish","4":"has-post-thumbnail","6":"product_brand-tenga-et","7":"product_cat-hentai","8":"product_cat-lelude-aksessuaarid","9":"product_cat-lisad-ja-hooldus","10":"product_cat-masturbaatorid","11":"product_cat-meestele","12":"product_cat-sekslelud","13":"product_tag-sugis","14":"pa_brand-tenga-et","16":"first","17":"instock","18":"taxable","19":"shipping-taxable","20":"purchasable","21":"product-type-simple"},"yoast_head":"<!-- This site is optimized with the Yoast SEO plugin v27.3 - https:\/\/yoast.com\/product\/yoast-seo-wordpress\/ -->\n<title>Masturbator Mastrubaatori soojendaja | Lust and Love Sex Shop<\/title>\n<meta name=\"description\" content=\"Masturbaatori soojendaja Hole Warmer on lihtsasti kasutatav, korduvkasutatav vahend, millega on lihtne oma lelu sisemus \u00fcles soojendada taskukohase hinnaga.\u00a0\" \/>\n<meta name=\"robots\" content=\"index,follow,max-snippet:-1,max-image-preview:large,max-video-preview:-1\" \/>\n<link rel=\"canonical\" href=\"https:\/\/lustandlove.eu\/et\/toode\/mastrubaatori-soojendaja\/\" \/>\n<meta name=\"twitter:card\" content=\"summary_large_image\" \/>\n<meta name=\"twitter:title\" content=\"Masturbator Mastrubaatori soojendaja | Lust and Love Sex Shop\" \/>\n<meta name=\"twitter:description\" content=\"Masturbaatori soojendaja Hole Warmer on lihtsasti kasutatav, korduvkasutatav vahend, millega on lihtne oma lelu sisemus \u00fcles soojendada taskukohase hinnaga.\u00a0\" \/>\n<meta name=\"twitter:image\" content=\"https:\/\/lustandlove.eu\/wp-content\/uploads\/masturbaatori-soojendaja.jpg\" \/>\n<meta name=\"twitter:label1\" content=\"Est. reading time\" \/>\n\t<meta name=\"twitter:data1\" content=\"1 minut\" \/>\n<script type=\"application\/ld+json\" class=\"yoast-schema-graph\">{\"@context\":\"https:\\\/\\\/schema.org\",\"@graph\":[{\"@type\":[\"WebPage\",\"ItemPage\"],\"@id\":\"https:\\\/\\\/lustandlove.eu\\\/et\\\/toode\\\/mastrubaatori-soojendaja\\\/\",\"url\":\"https:\\\/\\\/lustandlove.eu\\\/et\\\/toode\\\/mastrubaatori-soojendaja\\\/\",\"name\":\"Masturbator Mastrubaatori soojendaja | Lust and Love Sex Shop\",\"isPartOf\":{\"@id\":\"https:\\\/\\\/lustandlove.eu\\\/et\\\/#website\"},\"primaryImageOfPage\":{\"@id\":\"https:\\\/\\\/lustandlove.eu\\\/et\\\/toode\\\/mastrubaatori-soojendaja\\\/#primaryimage\"},\"image\":{\"@id\":\"https:\\\/\\\/lustandlove.eu\\\/et\\\/toode\\\/mastrubaatori-soojendaja\\\/#primaryimage\"},\"thumbnailUrl\":\"https:\\\/\\\/lustandlove.eu\\\/wp-content\\\/uploads\\\/masturbaatori-soojendaja.jpg\",\"datePublished\":\"2021-05-28T05:11:53+00:00\",\"dateModified\":\"2026-04-13T07:43:16+00:00\",\"description\":\"Masturbaatori soojendaja Hole Warmer on lihtsasti kasutatav, korduvkasutatav vahend, millega on lihtne oma lelu sisemus \u00fcles soojendada taskukohase hinnaga.\u00a0\",\"breadcrumb\":{\"@id\":\"https:\\\/\\\/lustandlove.eu\\\/et\\\/toode\\\/mastrubaatori-soojendaja\\\/#breadcrumb\"},\"inLanguage\":\"et\",\"potentialAction\":[{\"@type\":\"ReadAction\",\"target\":[\"https:\\\/\\\/lustandlove.eu\\\/et\\\/toode\\\/mastrubaatori-soojendaja\\\/\"]}]},{\"@type\":\"ImageObject\",\"inLanguage\":\"et\",\"@id\":\"https:\\\/\\\/lustandlove.eu\\\/et\\\/toode\\\/mastrubaatori-soojendaja\\\/#primaryimage\",\"url\":\"https:\\\/\\\/lustandlove.eu\\\/wp-content\\\/uploads\\\/masturbaatori-soojendaja.jpg\",\"contentUrl\":\"https:\\\/\\\/lustandlove.eu\\\/wp-content\\\/uploads\\\/masturbaatori-soojendaja.jpg\",\"width\":1000,\"height\":1000},{\"@type\":\"BreadcrumbList\",\"@id\":\"https:\\\/\\\/lustandlove.eu\\\/et\\\/toode\\\/mastrubaatori-soojendaja\\\/#breadcrumb\",\"itemListElement\":[{\"@type\":\"ListItem\",\"position\":1,\"name\":\"Lust and Love\",\"item\":\"https:\\\/\\\/lustandlove.eu\\\/et\\\/\"},{\"@type\":\"ListItem\",\"position\":2,\"name\":\"Pood\",\"item\":\"https:\\\/\\\/lustandlove.eu\\\/et\\\/pood\\\/\"},{\"@type\":\"ListItem\",\"position\":3,\"name\":\"Meestele\",\"item\":\"https:\\\/\\\/lustandlove.eu\\\/et\\\/pood\\\/meestele\\\/\"},{\"@type\":\"ListItem\",\"position\":4,\"name\":\"Hentai\",\"item\":\"https:\\\/\\\/lustandlove.eu\\\/et\\\/pood\\\/meestele\\\/hentai\\\/\"},{\"@type\":\"ListItem\",\"position\":5,\"name\":\"Lisad ja hooldus\",\"item\":\"https:\\\/\\\/lustandlove.eu\\\/et\\\/pood\\\/meestele\\\/hentai\\\/lisad-ja-hooldus\\\/\"},{\"@type\":\"ListItem\",\"position\":6,\"name\":\"Mastrubaatori soojendaja\"}]},{\"@type\":\"WebSite\",\"@id\":\"https:\\\/\\\/lustandlove.eu\\\/et\\\/#website\",\"url\":\"https:\\\/\\\/lustandlove.eu\\\/et\\\/\",\"name\":\"Lust &amp; Love\",\"description\":\"Online erootikapood tervise, ilu ja armastuse jaoks\",\"publisher\":{\"@id\":\"https:\\\/\\\/lustandlove.eu\\\/et\\\/#organization\"},\"potentialAction\":[{\"@type\":\"SearchAction\",\"target\":{\"@type\":\"EntryPoint\",\"urlTemplate\":\"https:\\\/\\\/lustandlove.eu\\\/et\\\/?s={search_term_string}\"},\"query-input\":{\"@type\":\"PropertyValueSpecification\",\"valueRequired\":true,\"valueName\":\"search_term_string\"}}],\"inLanguage\":\"et\"},{\"@type\":\"Organization\",\"@id\":\"https:\\\/\\\/lustandlove.eu\\\/et\\\/#organization\",\"name\":\"Bioconcept Baltics O\u00dc\",\"url\":\"https:\\\/\\\/lustandlove.eu\\\/et\\\/\",\"logo\":{\"@type\":\"ImageObject\",\"inLanguage\":\"et\",\"@id\":\"https:\\\/\\\/lustandlove.eu\\\/et\\\/#\\\/schema\\\/logo\\\/image\\\/\",\"url\":\"\",\"contentUrl\":\"\",\"caption\":\"Bioconcept Baltics O\u00dc\"},\"image\":{\"@id\":\"https:\\\/\\\/lustandlove.eu\\\/et\\\/#\\\/schema\\\/logo\\\/image\\\/\"},\"sameAs\":[\"https:\\\/\\\/www.facebook.com\\\/LustandLoveEU\\\/\",\"https:\\\/\\\/www.instagram.com\\\/lustandloveeu\\\/\"]}]}<\/script>\n<!-- \/ Yoast SEO plugin. -->","yoast_head_json":{"title":"Masturbator Mastrubaatori soojendaja | Lust and Love Sex Shop","description":"Masturbaatori soojendaja Hole Warmer on lihtsasti kasutatav, korduvkasutatav vahend, millega on lihtne oma lelu sisemus \u00fcles soojendada taskukohase hinnaga.\u00a0","robots":{"index,follow,max-snippet":"index,follow,max-snippet:-1,max-image-preview:large,max-video-preview:-1"},"canonical":"https:\/\/lustandlove.eu\/et\/toode\/mastrubaatori-soojendaja\/","twitter_card":"summary_large_image","twitter_title":"Masturbator Mastrubaatori soojendaja | Lust and Love Sex Shop","twitter_description":"Masturbaatori soojendaja Hole Warmer on lihtsasti kasutatav, korduvkasutatav vahend, millega on lihtne oma lelu sisemus \u00fcles soojendada taskukohase hinnaga.\u00a0","twitter_image":"https:\/\/lustandlove.eu\/wp-content\/uploads\/masturbaatori-soojendaja.jpg","twitter_misc":{"Est. reading time":"1 minut"},"schema":{"@context":"https:\/\/schema.org","@graph":[{"@type":["WebPage","ItemPage"],"@id":"https:\/\/lustandlove.eu\/et\/toode\/mastrubaatori-soojendaja\/","url":"https:\/\/lustandlove.eu\/et\/toode\/mastrubaatori-soojendaja\/","name":"Masturbator Mastrubaatori soojendaja | Lust and Love Sex Shop","isPartOf":{"@id":"https:\/\/lustandlove.eu\/et\/#website"},"primaryImageOfPage":{"@id":"https:\/\/lustandlove.eu\/et\/toode\/mastrubaatori-soojendaja\/#primaryimage"},"image":{"@id":"https:\/\/lustandlove.eu\/et\/toode\/mastrubaatori-soojendaja\/#primaryimage"},"thumbnailUrl":"https:\/\/lustandlove.eu\/wp-content\/uploads\/masturbaatori-soojendaja.jpg","datePublished":"2021-05-28T05:11:53+00:00","dateModified":"2026-04-13T07:43:16+00:00","description":"Masturbaatori soojendaja Hole Warmer on lihtsasti kasutatav, korduvkasutatav vahend, millega on lihtne oma lelu sisemus \u00fcles soojendada taskukohase hinnaga.\u00a0","breadcrumb":{"@id":"https:\/\/lustandlove.eu\/et\/toode\/mastrubaatori-soojendaja\/#breadcrumb"},"inLanguage":"et","potentialAction":[{"@type":"ReadAction","target":["https:\/\/lustandlove.eu\/et\/toode\/mastrubaatori-soojendaja\/"]}]},{"@type":"ImageObject","inLanguage":"et","@id":"https:\/\/lustandlove.eu\/et\/toode\/mastrubaatori-soojendaja\/#primaryimage","url":"https:\/\/lustandlove.eu\/wp-content\/uploads\/masturbaatori-soojendaja.jpg","contentUrl":"https:\/\/lustandlove.eu\/wp-content\/uploads\/masturbaatori-soojendaja.jpg","width":1000,"height":1000},{"@type":"BreadcrumbList","@id":"https:\/\/lustandlove.eu\/et\/toode\/mastrubaatori-soojendaja\/#breadcrumb","itemListElement":[{"@type":"ListItem","position":1,"name":"Lust and Love","item":"https:\/\/lustandlove.eu\/et\/"},{"@type":"ListItem","position":2,"name":"Pood","item":"https:\/\/lustandlove.eu\/et\/pood\/"},{"@type":"ListItem","position":3,"name":"Meestele","item":"https:\/\/lustandlove.eu\/et\/pood\/meestele\/"},{"@type":"ListItem","position":4,"name":"Hentai","item":"https:\/\/lustandlove.eu\/et\/pood\/meestele\/hentai\/"},{"@type":"ListItem","position":5,"name":"Lisad ja hooldus","item":"https:\/\/lustandlove.eu\/et\/pood\/meestele\/hentai\/lisad-ja-hooldus\/"},{"@type":"ListItem","position":6,"name":"Mastrubaatori soojendaja"}]},{"@type":"WebSite","@id":"https:\/\/lustandlove.eu\/et\/#website","url":"https:\/\/lustandlove.eu\/et\/","name":"Lust &amp; Love","description":"Online erootikapood tervise, ilu ja armastuse jaoks","publisher":{"@id":"https:\/\/lustandlove.eu\/et\/#organization"},"potentialAction":[{"@type":"SearchAction","target":{"@type":"EntryPoint","urlTemplate":"https:\/\/lustandlove.eu\/et\/?s={search_term_string}"},"query-input":{"@type":"PropertyValueSpecification","valueRequired":true,"valueName":"search_term_string"}}],"inLanguage":"et"},{"@type":"Organization","@id":"https:\/\/lustandlove.eu\/et\/#organization","name":"Bioconcept Baltics O\u00dc","url":"https:\/\/lustandlove.eu\/et\/","logo":{"@type":"ImageObject","inLanguage":"et","@id":"https:\/\/lustandlove.eu\/et\/#\/schema\/logo\/image\/","url":"","contentUrl":"","caption":"Bioconcept Baltics O\u00dc"},"image":{"@id":"https:\/\/lustandlove.eu\/et\/#\/schema\/logo\/image\/"},"sameAs":["https:\/\/www.facebook.com\/LustandLoveEU\/","https:\/\/www.instagram.com\/lustandloveeu\/"]}]}},"_links":{"self":[{"href":"https:\/\/lustandlove.eu\/et\/wp-json\/wp\/v2\/product\/48423","targetHints":{"allow":["GET"]}}],"collection":[{"href":"https:\/\/lustandlove.eu\/et\/wp-json\/wp\/v2\/product"}],"about":[{"href":"https:\/\/lustandlove.eu\/et\/wp-json\/wp\/v2\/types\/product"}],"wp:featuredmedia":[{"embeddable":true,"href":"https:\/\/lustandlove.eu\/et\/wp-json\/wp\/v2\/media\/47588"}],"wp:attachment":[{"href":"https:\/\/lustandlove.eu\/et\/wp-json\/wp\/v2\/media?parent=48423"}],"wp:term":[{"taxonomy":"product_brand","embeddable":true,"href":"https:\/\/lustandlove.eu\/et\/wp-json\/wp\/v2\/product_brand?post=48423"},{"taxonomy":"product_cat","embeddable":true,"href":"https:\/\/lustandlove.eu\/et\/wp-json\/wp\/v2\/product_cat?post=48423"},{"taxonomy":"product_tag","embeddable":true,"href":"https:\/\/lustandlove.eu\/et\/wp-json\/wp\/v2\/product_tag?post=48423"}],"curies":[{"name":"wp","href":"https:\/\/api.w.org\/{rel}","templated":true}]}}