{"id":48428,"date":"2021-05-28T08:11:31","date_gmt":"2021-05-28T05:11:31","guid":{"rendered":"https:\/\/www.lustandlove.eu\/product\/ultra-suur-mastrubaator\/"},"modified":"2026-04-13T10:43:16","modified_gmt":"2026-04-13T07:43:16","slug":"ultra-suur-mastrubaator","status":"publish","type":"product","link":"https:\/\/lustandlove.eu\/et\/toode\/ultra-suur-mastrubaator\/","title":{"rendered":"Ultra Suur Mastrubaator Original Deep Throat Vacuum Cup"},"content":{"rendered":"<p>Ultra Suur Tenga Originaalne Deep Throat Cup on suurem liivakella kujuga masturbaator, mis tagab tihke kogemuse. Erilise mustriga sisemus tekitab tugeva vaakumi tunde.<\/p>\n<p>Mitmed unikaalsed omadused loovad kombineerituna tugeva stimulatsiooni, kasutades kaugelearenenud tehnoloogiat ja l\u00e4bim\u00f5eldud sisemist mustrit.<\/p>\n<p>Sile ee-libestatud padi aitab kergelt alustada!<br \/>\nTenga originaalsel masturbaatoril on sile mehanism, mis on eel-libestatud ning kujundatud n\u00f5nda, et kogemus oleks \u00f5hukindel, lekkimatu ning selle serva alla on peidetud r\u00f5ngas, mis lisab kasutamise ajal libestit juurde.<\/p>\n<p>Toote tipus asub kleeps, mille eemaldamisega on v\u00f5imalik kontrollida masturbaatori vaakumi tugevust. Kasuta oma n\u00e4ppu, et leida enda jaoks sobilik vaakum.<\/p>\n<p><strong>Originaalse Tenga deep throat masturbaatori kasutamine:<\/strong><\/p>\n<p>Eemalda tootelt kile<br \/>\nEemalda plastikust kork, mille alt leiad eel-libestatud masturbaatori<br \/>\nKasuta masturbaatorit t\u00e4pselt nii, nagu sulle meeldib.<br \/>\nKuna toode on m\u00f5eldud \u00fchekordseks kasutamiseks, viska toode p\u00e4rast kasutamist \u00e4ra.<\/p>\n<p><strong>Soovitus<\/strong>! Saad oma Tengat kasutada mitu korda, kui kasutad seda kondoomiga.<\/p>\n","protected":false},"excerpt":{"rendered":"<p>Ultra Suur Tenga Originaalne Deep Throat Cup on suurem liivakella kujuga masturbaator, mis tagab tihke kogemuse. Erilise mustriga sisemus tekitab tugeva vaakumi tunde.<\/p>\n","protected":false},"featured_media":92032,"template":"","meta":[],"product_brand":[4244],"product_cat":[4008,1480,1477],"product_tag":[],"class_list":{"0":"post-48428","1":"product","2":"type-product","3":"status-publish","4":"has-post-thumbnail","6":"product_brand-tenga-et","7":"product_cat-manuaalsed","8":"product_cat-masturbaatorid","9":"product_cat-meestele","10":"pa_brand-tenga-et","12":"first","13":"instock","14":"taxable","15":"shipping-taxable","16":"purchasable","17":"product-type-simple"},"yoast_head":"<!-- This site is optimized with the Yoast SEO plugin v27.3 - https:\/\/yoast.com\/product\/yoast-seo-wordpress\/ -->\n<title>Ultra Suur Mastrubaator Original Deep Throat Vacuum Cup | Lust and Love<\/title>\n<meta name=\"description\" content=\"Ultra Suur Tenga Originaalne Deep Throat Cup on suurem liivakella kujuga masturbaator, mis tagab tihke kogemuse. Erilise mustriga sisemus tekitab tugeva vaakumi tunde.\" \/>\n<meta name=\"robots\" content=\"index,follow,max-snippet:-1,max-image-preview:large,max-video-preview:-1\" \/>\n<link rel=\"canonical\" href=\"https:\/\/lustandlove.eu\/et\/toode\/ultra-suur-mastrubaator\/\" \/>\n<meta name=\"twitter:card\" content=\"summary_large_image\" \/>\n<meta name=\"twitter:title\" content=\"Ultra Suur Mastrubaator Original Deep Throat Vacuum Cup | Lust and Love\" \/>\n<meta name=\"twitter:description\" content=\"Ultra Suur Tenga Originaalne Deep Throat Cup on suurem liivakella kujuga masturbaator, mis tagab tihke kogemuse. Erilise mustriga sisemus tekitab tugeva vaakumi tunde.\" \/>\n<meta name=\"twitter:image\" content=\"https:\/\/lustandlove.eu\/wp-content\/uploads\/614YQ6rSFpL.jpg\" \/>\n<meta name=\"twitter:label1\" content=\"Est. reading time\" \/>\n\t<meta name=\"twitter:data1\" content=\"1 minut\" \/>\n<script type=\"application\/ld+json\" class=\"yoast-schema-graph\">{\"@context\":\"https:\\\/\\\/schema.org\",\"@graph\":[{\"@type\":[\"WebPage\",\"ItemPage\"],\"@id\":\"https:\\\/\\\/lustandlove.eu\\\/et\\\/toode\\\/ultra-suur-mastrubaator\\\/\",\"url\":\"https:\\\/\\\/lustandlove.eu\\\/et\\\/toode\\\/ultra-suur-mastrubaator\\\/\",\"name\":\"Ultra Suur Mastrubaator Original Deep Throat Vacuum Cup | Lust and Love\",\"isPartOf\":{\"@id\":\"https:\\\/\\\/lustandlove.eu\\\/et\\\/#website\"},\"primaryImageOfPage\":{\"@id\":\"https:\\\/\\\/lustandlove.eu\\\/et\\\/toode\\\/ultra-suur-mastrubaator\\\/#primaryimage\"},\"image\":{\"@id\":\"https:\\\/\\\/lustandlove.eu\\\/et\\\/toode\\\/ultra-suur-mastrubaator\\\/#primaryimage\"},\"thumbnailUrl\":\"https:\\\/\\\/lustandlove.eu\\\/wp-content\\\/uploads\\\/614YQ6rSFpL.jpg\",\"datePublished\":\"2021-05-28T05:11:31+00:00\",\"dateModified\":\"2026-04-13T07:43:16+00:00\",\"description\":\"Ultra Suur Tenga Originaalne Deep Throat Cup on suurem liivakella kujuga masturbaator, mis tagab tihke kogemuse. Erilise mustriga sisemus tekitab tugeva vaakumi tunde.\",\"breadcrumb\":{\"@id\":\"https:\\\/\\\/lustandlove.eu\\\/et\\\/toode\\\/ultra-suur-mastrubaator\\\/#breadcrumb\"},\"inLanguage\":\"et\",\"potentialAction\":[{\"@type\":\"ReadAction\",\"target\":[\"https:\\\/\\\/lustandlove.eu\\\/et\\\/toode\\\/ultra-suur-mastrubaator\\\/\"]}]},{\"@type\":\"ImageObject\",\"inLanguage\":\"et\",\"@id\":\"https:\\\/\\\/lustandlove.eu\\\/et\\\/toode\\\/ultra-suur-mastrubaator\\\/#primaryimage\",\"url\":\"https:\\\/\\\/lustandlove.eu\\\/wp-content\\\/uploads\\\/614YQ6rSFpL.jpg\",\"contentUrl\":\"https:\\\/\\\/lustandlove.eu\\\/wp-content\\\/uploads\\\/614YQ6rSFpL.jpg\",\"width\":2083,\"height\":2222,\"caption\":\"Version 1.0.0\"},{\"@type\":\"BreadcrumbList\",\"@id\":\"https:\\\/\\\/lustandlove.eu\\\/et\\\/toode\\\/ultra-suur-mastrubaator\\\/#breadcrumb\",\"itemListElement\":[{\"@type\":\"ListItem\",\"position\":1,\"name\":\"Lust and Love\",\"item\":\"https:\\\/\\\/lustandlove.eu\\\/et\\\/\"},{\"@type\":\"ListItem\",\"position\":2,\"name\":\"Pood\",\"item\":\"https:\\\/\\\/lustandlove.eu\\\/et\\\/pood\\\/\"},{\"@type\":\"ListItem\",\"position\":3,\"name\":\"Meestele\",\"item\":\"https:\\\/\\\/lustandlove.eu\\\/et\\\/pood\\\/meestele\\\/\"},{\"@type\":\"ListItem\",\"position\":4,\"name\":\"Masturbaatorid\",\"item\":\"https:\\\/\\\/lustandlove.eu\\\/et\\\/pood\\\/meestele\\\/masturbaatorid\\\/\"},{\"@type\":\"ListItem\",\"position\":5,\"name\":\"Manuaalsed\",\"item\":\"https:\\\/\\\/lustandlove.eu\\\/et\\\/pood\\\/meestele\\\/masturbaatorid\\\/manuaalsed\\\/\"},{\"@type\":\"ListItem\",\"position\":6,\"name\":\"Ultra Suur Mastrubaator Original Deep Throat Vacuum Cup\"}]},{\"@type\":\"WebSite\",\"@id\":\"https:\\\/\\\/lustandlove.eu\\\/et\\\/#website\",\"url\":\"https:\\\/\\\/lustandlove.eu\\\/et\\\/\",\"name\":\"Lust &amp; Love\",\"description\":\"Online erootikapood tervise, ilu ja armastuse jaoks\",\"publisher\":{\"@id\":\"https:\\\/\\\/lustandlove.eu\\\/et\\\/#organization\"},\"potentialAction\":[{\"@type\":\"SearchAction\",\"target\":{\"@type\":\"EntryPoint\",\"urlTemplate\":\"https:\\\/\\\/lustandlove.eu\\\/et\\\/?s={search_term_string}\"},\"query-input\":{\"@type\":\"PropertyValueSpecification\",\"valueRequired\":true,\"valueName\":\"search_term_string\"}}],\"inLanguage\":\"et\"},{\"@type\":\"Organization\",\"@id\":\"https:\\\/\\\/lustandlove.eu\\\/et\\\/#organization\",\"name\":\"Bioconcept Baltics O\u00dc\",\"url\":\"https:\\\/\\\/lustandlove.eu\\\/et\\\/\",\"logo\":{\"@type\":\"ImageObject\",\"inLanguage\":\"et\",\"@id\":\"https:\\\/\\\/lustandlove.eu\\\/et\\\/#\\\/schema\\\/logo\\\/image\\\/\",\"url\":\"\",\"contentUrl\":\"\",\"caption\":\"Bioconcept Baltics O\u00dc\"},\"image\":{\"@id\":\"https:\\\/\\\/lustandlove.eu\\\/et\\\/#\\\/schema\\\/logo\\\/image\\\/\"},\"sameAs\":[\"https:\\\/\\\/www.facebook.com\\\/LustandLoveEU\\\/\",\"https:\\\/\\\/www.instagram.com\\\/lustandloveeu\\\/\"]}]}<\/script>\n<!-- \/ Yoast SEO plugin. -->","yoast_head_json":{"title":"Ultra Suur Mastrubaator Original Deep Throat Vacuum Cup | Lust and Love","description":"Ultra Suur Tenga Originaalne Deep Throat Cup on suurem liivakella kujuga masturbaator, mis tagab tihke kogemuse. Erilise mustriga sisemus tekitab tugeva vaakumi tunde.","robots":{"index,follow,max-snippet":"index,follow,max-snippet:-1,max-image-preview:large,max-video-preview:-1"},"canonical":"https:\/\/lustandlove.eu\/et\/toode\/ultra-suur-mastrubaator\/","twitter_card":"summary_large_image","twitter_title":"Ultra Suur Mastrubaator Original Deep Throat Vacuum Cup | Lust and Love","twitter_description":"Ultra Suur Tenga Originaalne Deep Throat Cup on suurem liivakella kujuga masturbaator, mis tagab tihke kogemuse. Erilise mustriga sisemus tekitab tugeva vaakumi tunde.","twitter_image":"https:\/\/lustandlove.eu\/wp-content\/uploads\/614YQ6rSFpL.jpg","twitter_misc":{"Est. reading time":"1 minut"},"schema":{"@context":"https:\/\/schema.org","@graph":[{"@type":["WebPage","ItemPage"],"@id":"https:\/\/lustandlove.eu\/et\/toode\/ultra-suur-mastrubaator\/","url":"https:\/\/lustandlove.eu\/et\/toode\/ultra-suur-mastrubaator\/","name":"Ultra Suur Mastrubaator Original Deep Throat Vacuum Cup | Lust and Love","isPartOf":{"@id":"https:\/\/lustandlove.eu\/et\/#website"},"primaryImageOfPage":{"@id":"https:\/\/lustandlove.eu\/et\/toode\/ultra-suur-mastrubaator\/#primaryimage"},"image":{"@id":"https:\/\/lustandlove.eu\/et\/toode\/ultra-suur-mastrubaator\/#primaryimage"},"thumbnailUrl":"https:\/\/lustandlove.eu\/wp-content\/uploads\/614YQ6rSFpL.jpg","datePublished":"2021-05-28T05:11:31+00:00","dateModified":"2026-04-13T07:43:16+00:00","description":"Ultra Suur Tenga Originaalne Deep Throat Cup on suurem liivakella kujuga masturbaator, mis tagab tihke kogemuse. Erilise mustriga sisemus tekitab tugeva vaakumi tunde.","breadcrumb":{"@id":"https:\/\/lustandlove.eu\/et\/toode\/ultra-suur-mastrubaator\/#breadcrumb"},"inLanguage":"et","potentialAction":[{"@type":"ReadAction","target":["https:\/\/lustandlove.eu\/et\/toode\/ultra-suur-mastrubaator\/"]}]},{"@type":"ImageObject","inLanguage":"et","@id":"https:\/\/lustandlove.eu\/et\/toode\/ultra-suur-mastrubaator\/#primaryimage","url":"https:\/\/lustandlove.eu\/wp-content\/uploads\/614YQ6rSFpL.jpg","contentUrl":"https:\/\/lustandlove.eu\/wp-content\/uploads\/614YQ6rSFpL.jpg","width":2083,"height":2222,"caption":"Version 1.0.0"},{"@type":"BreadcrumbList","@id":"https:\/\/lustandlove.eu\/et\/toode\/ultra-suur-mastrubaator\/#breadcrumb","itemListElement":[{"@type":"ListItem","position":1,"name":"Lust and Love","item":"https:\/\/lustandlove.eu\/et\/"},{"@type":"ListItem","position":2,"name":"Pood","item":"https:\/\/lustandlove.eu\/et\/pood\/"},{"@type":"ListItem","position":3,"name":"Meestele","item":"https:\/\/lustandlove.eu\/et\/pood\/meestele\/"},{"@type":"ListItem","position":4,"name":"Masturbaatorid","item":"https:\/\/lustandlove.eu\/et\/pood\/meestele\/masturbaatorid\/"},{"@type":"ListItem","position":5,"name":"Manuaalsed","item":"https:\/\/lustandlove.eu\/et\/pood\/meestele\/masturbaatorid\/manuaalsed\/"},{"@type":"ListItem","position":6,"name":"Ultra Suur Mastrubaator Original Deep Throat Vacuum Cup"}]},{"@type":"WebSite","@id":"https:\/\/lustandlove.eu\/et\/#website","url":"https:\/\/lustandlove.eu\/et\/","name":"Lust &amp; Love","description":"Online erootikapood tervise, ilu ja armastuse jaoks","publisher":{"@id":"https:\/\/lustandlove.eu\/et\/#organization"},"potentialAction":[{"@type":"SearchAction","target":{"@type":"EntryPoint","urlTemplate":"https:\/\/lustandlove.eu\/et\/?s={search_term_string}"},"query-input":{"@type":"PropertyValueSpecification","valueRequired":true,"valueName":"search_term_string"}}],"inLanguage":"et"},{"@type":"Organization","@id":"https:\/\/lustandlove.eu\/et\/#organization","name":"Bioconcept Baltics O\u00dc","url":"https:\/\/lustandlove.eu\/et\/","logo":{"@type":"ImageObject","inLanguage":"et","@id":"https:\/\/lustandlove.eu\/et\/#\/schema\/logo\/image\/","url":"","contentUrl":"","caption":"Bioconcept Baltics O\u00dc"},"image":{"@id":"https:\/\/lustandlove.eu\/et\/#\/schema\/logo\/image\/"},"sameAs":["https:\/\/www.facebook.com\/LustandLoveEU\/","https:\/\/www.instagram.com\/lustandloveeu\/"]}]}},"_links":{"self":[{"href":"https:\/\/lustandlove.eu\/et\/wp-json\/wp\/v2\/product\/48428","targetHints":{"allow":["GET"]}}],"collection":[{"href":"https:\/\/lustandlove.eu\/et\/wp-json\/wp\/v2\/product"}],"about":[{"href":"https:\/\/lustandlove.eu\/et\/wp-json\/wp\/v2\/types\/product"}],"wp:featuredmedia":[{"embeddable":true,"href":"https:\/\/lustandlove.eu\/et\/wp-json\/wp\/v2\/media\/92032"}],"wp:attachment":[{"href":"https:\/\/lustandlove.eu\/et\/wp-json\/wp\/v2\/media?parent=48428"}],"wp:term":[{"taxonomy":"product_brand","embeddable":true,"href":"https:\/\/lustandlove.eu\/et\/wp-json\/wp\/v2\/product_brand?post=48428"},{"taxonomy":"product_cat","embeddable":true,"href":"https:\/\/lustandlove.eu\/et\/wp-json\/wp\/v2\/product_cat?post=48428"},{"taxonomy":"product_tag","embeddable":true,"href":"https:\/\/lustandlove.eu\/et\/wp-json\/wp\/v2\/product_tag?post=48428"}],"curies":[{"name":"wp","href":"https:\/\/api.w.org\/{rel}","templated":true}]}}