{"id":48432,"date":"2021-05-28T08:11:06","date_gmt":"2021-05-28T05:11:06","guid":{"rendered":"https:\/\/www.lustandlove.eu\/product\/cool-edition-muna\/"},"modified":"2026-04-13T10:43:16","modified_gmt":"2026-04-13T07:43:16","slug":"cool-edition-muna","status":"publish","type":"product","link":"https:\/\/lustandlove.eu\/et\/toode\/cool-edition-muna\/","title":{"rendered":"Cool Edition Muna"},"content":{"rendered":"<p><b>Tenga uudne Easy Beat Ona-Cap t\u00f5estab, et head asjad tulevad t\u00f5epoolest v\u00e4ikestes pakendites!<\/b><\/p>\n<p>Jahuta ennast kuumal \u00f5htul Tenga Cool Eggiga. Neile, kellele meeldivad j\u00e4ised sensatsioonid! Iga muna on varustatud mentooliga libestiga, et tekitada v\u00e4rsked ja jahedad stimulatsioonid!<\/p>\n<p>Just nagu emakese ookeani lained, mis peksavad kaldale, on ka need mitmekihilised lainelised ribid j\u00e4tkuvaid sensatsioone t\u00e4is. Suured ja pehmed \u00e4\u00e4red nendel ribidel laksuvad \u00fcle kogu peenise, luues ettekujuteldamatud stimulatsioonid, mis panevad su naudingust v\u00e4risema.<\/p>\n<p>See kaasaskantav naudinguid t\u00e4is muna on sama suur kui tavaline kanamuna. Selle koore all peitub v\u00e4ga veniv, sensatsioone t\u00e4is minimasturbaator meestele.<\/p>\n<p><b>Meestele ja naistele<\/b><\/p>\n<p>Tenga Egg muna kasutatakse tihti naiste poolt, et oma partneritele pakkuda lisastimulatsioone. See on ideaalne kingitus k\u00f5ikidele paaridele. Muna sobib kasutamiseks ka meestel iseenda peal, et p\u00f5nevaid stimulatsioone kogeda. Iga Tenga muna on erinev.<\/p>\n<p><b>Kuidas kasutada:<\/b><\/p>\n<ol>\n<li>Eemalda pakendilt m\u00e4rgitud kohast kile.<\/li>\n<li>Vajuta muna \u00e4\u00e4red kokku, et see lahti teha.<\/li>\n<li>Eemalda muna seest vee baasil libesti kotike koos seda \u00fcmbritseva plastikuga.<\/li>\n<li>Rebi libesti pakend mummudega m\u00e4rgitud kohast katki ning pigista kogu libesti muna sisse.<\/li>\n<li>Muna on kasutamiseks valmis.<\/li>\n<\/ol>\n<p>Kasuta ainult vee baasil libesteid Tenga Eggiga. Kui oled Tenga Eggiga l\u00f5petanud, v\u00f5id selle \u00e4ra puhastada sooja vee ja seebiga. H\u00e4sti hoolitsetud Tenga muna sobib kasutamiseks umbes 5-7 korda.<\/p>\n","protected":false},"excerpt":{"rendered":"<p><b>Tenga uudne Easy Beat Ona-Cap t\u00f5estab, et head asjad tulevad t\u00f5epoolest v\u00e4ikestes pakendites!<\/b><\/p>\n<p>Jahuta ennast kuumal \u00f5htul Tenga Cool Eggiga. Neile, kellele meeldivad j\u00e4ised sensatsioonid! Iga muna on varustatud mentooliga libestiga, et tekitada v\u00e4rsked ja jahedad stimulatsioonid!<\/p>\n","protected":false},"featured_media":47560,"template":"","meta":[],"product_brand":[4244],"product_cat":[4008,1480,1477],"product_tag":[],"class_list":{"0":"post-48432","1":"product","2":"type-product","3":"status-publish","4":"has-post-thumbnail","6":"product_brand-tenga-et","7":"product_cat-manuaalsed","8":"product_cat-masturbaatorid","9":"product_cat-meestele","10":"pa_brand-tenga-et","12":"first","13":"instock","14":"taxable","15":"shipping-taxable","16":"purchasable","17":"product-type-simple"},"yoast_head":"<!-- This site is optimized with the Yoast SEO plugin v27.3 - https:\/\/yoast.com\/product\/yoast-seo-wordpress\/ -->\n<title>Cool Edition Muna Tenga Egg | Lust and Love Adult Shop<\/title>\n<meta name=\"description\" content=\"Tenga uudne Easy Beat Ona-Cap t\u00f5estab, et head asjad tulevad t\u00f5epoolest v\u00e4ikestes pakendites! Jahuta ennast kuumal \u00f5htul Tenga Cool Eggiga. Neile, kellele meeldivad j\u00e4ised sensatsioonid! Iga muna on varustatud mentooliga libestiga, et tekitada v\u00e4rsked ja jahedad stimulatsioonid!\" \/>\n<meta name=\"robots\" content=\"index,follow,max-snippet:-1,max-image-preview:large,max-video-preview:-1\" \/>\n<link rel=\"canonical\" href=\"https:\/\/lustandlove.eu\/et\/toode\/cool-edition-muna\/\" \/>\n<meta name=\"twitter:card\" content=\"summary_large_image\" \/>\n<meta name=\"twitter:title\" content=\"Cool Edition Muna Tenga Egg | Lust and Love Adult Shop\" \/>\n<meta name=\"twitter:description\" content=\"Tenga uudne Easy Beat Ona-Cap t\u00f5estab, et head asjad tulevad t\u00f5epoolest v\u00e4ikestes pakendites! Jahuta ennast kuumal \u00f5htul Tenga Cool Eggiga. Neile, kellele meeldivad j\u00e4ised sensatsioonid! Iga muna on varustatud mentooliga libestiga, et tekitada v\u00e4rsked ja jahedad stimulatsioonid!\" \/>\n<meta name=\"twitter:image\" content=\"https:\/\/lustandlove.eu\/wp-content\/uploads\/tenga-cool-muna.jpg\" \/>\n<meta name=\"twitter:label1\" content=\"Est. reading time\" \/>\n\t<meta name=\"twitter:data1\" content=\"1 minut\" \/>\n<script type=\"application\/ld+json\" class=\"yoast-schema-graph\">{\"@context\":\"https:\\\/\\\/schema.org\",\"@graph\":[{\"@type\":[\"WebPage\",\"ItemPage\"],\"@id\":\"https:\\\/\\\/lustandlove.eu\\\/et\\\/toode\\\/cool-edition-muna\\\/\",\"url\":\"https:\\\/\\\/lustandlove.eu\\\/et\\\/toode\\\/cool-edition-muna\\\/\",\"name\":\"Cool Edition Muna Tenga Egg | Lust and Love Adult Shop\",\"isPartOf\":{\"@id\":\"https:\\\/\\\/lustandlove.eu\\\/et\\\/#website\"},\"primaryImageOfPage\":{\"@id\":\"https:\\\/\\\/lustandlove.eu\\\/et\\\/toode\\\/cool-edition-muna\\\/#primaryimage\"},\"image\":{\"@id\":\"https:\\\/\\\/lustandlove.eu\\\/et\\\/toode\\\/cool-edition-muna\\\/#primaryimage\"},\"thumbnailUrl\":\"https:\\\/\\\/lustandlove.eu\\\/wp-content\\\/uploads\\\/tenga-cool-muna.jpg\",\"datePublished\":\"2021-05-28T05:11:06+00:00\",\"dateModified\":\"2026-04-13T07:43:16+00:00\",\"description\":\"Tenga uudne Easy Beat Ona-Cap t\u00f5estab, et head asjad tulevad t\u00f5epoolest v\u00e4ikestes pakendites! Jahuta ennast kuumal \u00f5htul Tenga Cool Eggiga. Neile, kellele meeldivad j\u00e4ised sensatsioonid! Iga muna on varustatud mentooliga libestiga, et tekitada v\u00e4rsked ja jahedad stimulatsioonid!\",\"breadcrumb\":{\"@id\":\"https:\\\/\\\/lustandlove.eu\\\/et\\\/toode\\\/cool-edition-muna\\\/#breadcrumb\"},\"inLanguage\":\"et\",\"potentialAction\":[{\"@type\":\"ReadAction\",\"target\":[\"https:\\\/\\\/lustandlove.eu\\\/et\\\/toode\\\/cool-edition-muna\\\/\"]}]},{\"@type\":\"ImageObject\",\"inLanguage\":\"et\",\"@id\":\"https:\\\/\\\/lustandlove.eu\\\/et\\\/toode\\\/cool-edition-muna\\\/#primaryimage\",\"url\":\"https:\\\/\\\/lustandlove.eu\\\/wp-content\\\/uploads\\\/tenga-cool-muna.jpg\",\"contentUrl\":\"https:\\\/\\\/lustandlove.eu\\\/wp-content\\\/uploads\\\/tenga-cool-muna.jpg\",\"width\":480,\"height\":480},{\"@type\":\"BreadcrumbList\",\"@id\":\"https:\\\/\\\/lustandlove.eu\\\/et\\\/toode\\\/cool-edition-muna\\\/#breadcrumb\",\"itemListElement\":[{\"@type\":\"ListItem\",\"position\":1,\"name\":\"Lust and Love\",\"item\":\"https:\\\/\\\/lustandlove.eu\\\/et\\\/\"},{\"@type\":\"ListItem\",\"position\":2,\"name\":\"Pood\",\"item\":\"https:\\\/\\\/lustandlove.eu\\\/et\\\/pood\\\/\"},{\"@type\":\"ListItem\",\"position\":3,\"name\":\"Cool Edition Muna\"}]},{\"@type\":\"WebSite\",\"@id\":\"https:\\\/\\\/lustandlove.eu\\\/et\\\/#website\",\"url\":\"https:\\\/\\\/lustandlove.eu\\\/et\\\/\",\"name\":\"Lust &amp; Love\",\"description\":\"Online erootikapood tervise, ilu ja armastuse jaoks\",\"publisher\":{\"@id\":\"https:\\\/\\\/lustandlove.eu\\\/et\\\/#organization\"},\"potentialAction\":[{\"@type\":\"SearchAction\",\"target\":{\"@type\":\"EntryPoint\",\"urlTemplate\":\"https:\\\/\\\/lustandlove.eu\\\/et\\\/?s={search_term_string}\"},\"query-input\":{\"@type\":\"PropertyValueSpecification\",\"valueRequired\":true,\"valueName\":\"search_term_string\"}}],\"inLanguage\":\"et\"},{\"@type\":\"Organization\",\"@id\":\"https:\\\/\\\/lustandlove.eu\\\/et\\\/#organization\",\"name\":\"Bioconcept Baltics O\u00dc\",\"url\":\"https:\\\/\\\/lustandlove.eu\\\/et\\\/\",\"logo\":{\"@type\":\"ImageObject\",\"inLanguage\":\"et\",\"@id\":\"https:\\\/\\\/lustandlove.eu\\\/et\\\/#\\\/schema\\\/logo\\\/image\\\/\",\"url\":\"\",\"contentUrl\":\"\",\"caption\":\"Bioconcept Baltics O\u00dc\"},\"image\":{\"@id\":\"https:\\\/\\\/lustandlove.eu\\\/et\\\/#\\\/schema\\\/logo\\\/image\\\/\"},\"sameAs\":[\"https:\\\/\\\/www.facebook.com\\\/LustandLoveEU\\\/\",\"https:\\\/\\\/www.instagram.com\\\/lustandloveeu\\\/\"]}]}<\/script>\n<!-- \/ Yoast SEO plugin. -->","yoast_head_json":{"title":"Cool Edition Muna Tenga Egg | Lust and Love Adult Shop","description":"Tenga uudne Easy Beat Ona-Cap t\u00f5estab, et head asjad tulevad t\u00f5epoolest v\u00e4ikestes pakendites! Jahuta ennast kuumal \u00f5htul Tenga Cool Eggiga. Neile, kellele meeldivad j\u00e4ised sensatsioonid! Iga muna on varustatud mentooliga libestiga, et tekitada v\u00e4rsked ja jahedad stimulatsioonid!","robots":{"index,follow,max-snippet":"index,follow,max-snippet:-1,max-image-preview:large,max-video-preview:-1"},"canonical":"https:\/\/lustandlove.eu\/et\/toode\/cool-edition-muna\/","twitter_card":"summary_large_image","twitter_title":"Cool Edition Muna Tenga Egg | Lust and Love Adult Shop","twitter_description":"Tenga uudne Easy Beat Ona-Cap t\u00f5estab, et head asjad tulevad t\u00f5epoolest v\u00e4ikestes pakendites! Jahuta ennast kuumal \u00f5htul Tenga Cool Eggiga. Neile, kellele meeldivad j\u00e4ised sensatsioonid! Iga muna on varustatud mentooliga libestiga, et tekitada v\u00e4rsked ja jahedad stimulatsioonid!","twitter_image":"https:\/\/lustandlove.eu\/wp-content\/uploads\/tenga-cool-muna.jpg","twitter_misc":{"Est. reading time":"1 minut"},"schema":{"@context":"https:\/\/schema.org","@graph":[{"@type":["WebPage","ItemPage"],"@id":"https:\/\/lustandlove.eu\/et\/toode\/cool-edition-muna\/","url":"https:\/\/lustandlove.eu\/et\/toode\/cool-edition-muna\/","name":"Cool Edition Muna Tenga Egg | Lust and Love Adult Shop","isPartOf":{"@id":"https:\/\/lustandlove.eu\/et\/#website"},"primaryImageOfPage":{"@id":"https:\/\/lustandlove.eu\/et\/toode\/cool-edition-muna\/#primaryimage"},"image":{"@id":"https:\/\/lustandlove.eu\/et\/toode\/cool-edition-muna\/#primaryimage"},"thumbnailUrl":"https:\/\/lustandlove.eu\/wp-content\/uploads\/tenga-cool-muna.jpg","datePublished":"2021-05-28T05:11:06+00:00","dateModified":"2026-04-13T07:43:16+00:00","description":"Tenga uudne Easy Beat Ona-Cap t\u00f5estab, et head asjad tulevad t\u00f5epoolest v\u00e4ikestes pakendites! Jahuta ennast kuumal \u00f5htul Tenga Cool Eggiga. Neile, kellele meeldivad j\u00e4ised sensatsioonid! Iga muna on varustatud mentooliga libestiga, et tekitada v\u00e4rsked ja jahedad stimulatsioonid!","breadcrumb":{"@id":"https:\/\/lustandlove.eu\/et\/toode\/cool-edition-muna\/#breadcrumb"},"inLanguage":"et","potentialAction":[{"@type":"ReadAction","target":["https:\/\/lustandlove.eu\/et\/toode\/cool-edition-muna\/"]}]},{"@type":"ImageObject","inLanguage":"et","@id":"https:\/\/lustandlove.eu\/et\/toode\/cool-edition-muna\/#primaryimage","url":"https:\/\/lustandlove.eu\/wp-content\/uploads\/tenga-cool-muna.jpg","contentUrl":"https:\/\/lustandlove.eu\/wp-content\/uploads\/tenga-cool-muna.jpg","width":480,"height":480},{"@type":"BreadcrumbList","@id":"https:\/\/lustandlove.eu\/et\/toode\/cool-edition-muna\/#breadcrumb","itemListElement":[{"@type":"ListItem","position":1,"name":"Lust and Love","item":"https:\/\/lustandlove.eu\/et\/"},{"@type":"ListItem","position":2,"name":"Pood","item":"https:\/\/lustandlove.eu\/et\/pood\/"},{"@type":"ListItem","position":3,"name":"Cool Edition Muna"}]},{"@type":"WebSite","@id":"https:\/\/lustandlove.eu\/et\/#website","url":"https:\/\/lustandlove.eu\/et\/","name":"Lust &amp; Love","description":"Online erootikapood tervise, ilu ja armastuse jaoks","publisher":{"@id":"https:\/\/lustandlove.eu\/et\/#organization"},"potentialAction":[{"@type":"SearchAction","target":{"@type":"EntryPoint","urlTemplate":"https:\/\/lustandlove.eu\/et\/?s={search_term_string}"},"query-input":{"@type":"PropertyValueSpecification","valueRequired":true,"valueName":"search_term_string"}}],"inLanguage":"et"},{"@type":"Organization","@id":"https:\/\/lustandlove.eu\/et\/#organization","name":"Bioconcept Baltics O\u00dc","url":"https:\/\/lustandlove.eu\/et\/","logo":{"@type":"ImageObject","inLanguage":"et","@id":"https:\/\/lustandlove.eu\/et\/#\/schema\/logo\/image\/","url":"","contentUrl":"","caption":"Bioconcept Baltics O\u00dc"},"image":{"@id":"https:\/\/lustandlove.eu\/et\/#\/schema\/logo\/image\/"},"sameAs":["https:\/\/www.facebook.com\/LustandLoveEU\/","https:\/\/www.instagram.com\/lustandloveeu\/"]}]}},"_links":{"self":[{"href":"https:\/\/lustandlove.eu\/et\/wp-json\/wp\/v2\/product\/48432","targetHints":{"allow":["GET"]}}],"collection":[{"href":"https:\/\/lustandlove.eu\/et\/wp-json\/wp\/v2\/product"}],"about":[{"href":"https:\/\/lustandlove.eu\/et\/wp-json\/wp\/v2\/types\/product"}],"wp:featuredmedia":[{"embeddable":true,"href":"https:\/\/lustandlove.eu\/et\/wp-json\/wp\/v2\/media\/47560"}],"wp:attachment":[{"href":"https:\/\/lustandlove.eu\/et\/wp-json\/wp\/v2\/media?parent=48432"}],"wp:term":[{"taxonomy":"product_brand","embeddable":true,"href":"https:\/\/lustandlove.eu\/et\/wp-json\/wp\/v2\/product_brand?post=48432"},{"taxonomy":"product_cat","embeddable":true,"href":"https:\/\/lustandlove.eu\/et\/wp-json\/wp\/v2\/product_cat?post=48432"},{"taxonomy":"product_tag","embeddable":true,"href":"https:\/\/lustandlove.eu\/et\/wp-json\/wp\/v2\/product_tag?post=48432"}],"curies":[{"name":"wp","href":"https:\/\/api.w.org\/{rel}","templated":true}]}}