{"id":48437,"date":"2021-05-28T08:11:03","date_gmt":"2021-05-28T05:11:03","guid":{"rendered":"https:\/\/www.lustandlove.eu\/product\/jahutav-mastrubaator\/"},"modified":"2026-04-13T10:43:17","modified_gmt":"2026-04-13T07:43:17","slug":"jahutav-mastrubaator","status":"publish","type":"product","link":"https:\/\/lustandlove.eu\/et\/toode\/jahutav-mastrubaator\/","title":{"rendered":"Tenga Original Vacuum Cup Cool Edition Jahutav Mastrubaator"},"content":{"rendered":"<p>Jahutav deep throat Cup masturbaator on varustatud jahutava ja v\u00e4rskendava libestiga.\u00a0Tenga originaalne Deep Throat Cup on liivakella kujuga, mis tagab tihke kogemuse. Erilise mustriga sisemus tekitab tugeva vaakumi tunde, t\u00e4pselt nagu hea oraalseksi ajal.<\/p>\n<p>Mitmed unikaalsed omadused loovad kombineerituna tugeva stimulatsiooni, kasutades kaugelearenenud tehnoloogiat ja l\u00e4bim\u00f5eldud sisemist mustrit.\u00a0Jahutav Deep Throat tunne Tenga masturbaatoriga.<\/p>\n<h3><strong>Sile eel-libestatud padi aitab kergelt alustada!<\/strong><\/h3>\n<p>Tenga originaalsel masturbaatoril on sile mehanism, mis on eel-libestatud ning kujundatud n\u00f5nda, et kogemus oleks \u00f5hukindel, lekkimatu ning selle serva alla on peidetud r\u00f5ngas, mis lisab kasutamise ajal libestit juurde.<\/p>\n<p>Toote tipus asub kleeps, mille eemaldamisega on v\u00f5imalik kontrollida masturbaatori vaakumi tugevust. Kasuta oma n\u00e4ppu, et leida enda jaoks sobilik vaakum.<\/p>\n<p><b>Originaalse Tenga deep throat masturbaatori kasutamine:\u00a0<\/b><\/p>\n<ol>\n<li>Eemalda tootelt kile<\/li>\n<li>Eemalda plastikust kork, mille alt leiad eel-libestatud masturbaatori<\/li>\n<li>Kasuta masturbaatorit t\u00e4pselt nii, nagu sulle meeldib.<\/li>\n<li>Kuna toode on m\u00f5eldud \u00fchekordseks kasutamiseks, viska toode p\u00e4rast kasutamist \u00e4ra.<\/li>\n<\/ol>\n<p><b>Soovitus!<\/b>\u00a0Saad oma Tengat kasutada mitu korda, kui kasutad seda kondoomiga.<\/p>\n","protected":false},"excerpt":{"rendered":"<p>Jahutav deep throat Cup masturbaator on varustatud jahutava ja v\u00e4rskendava libestiga.\u00a0Tenga originaalne Deep Throat Cup on liivakella kujuga, mis tagab tihke kogemuse. Erilise mustriga sisemus tekitab tugeva vaakumi tunde, t\u00e4pselt nagu hea oraalseksi ajal.<\/p>\n","protected":false},"featured_media":47547,"template":"","meta":[],"product_brand":[4244],"product_cat":[4008,1480,1477],"product_tag":[],"class_list":{"0":"post-48437","1":"product","2":"type-product","3":"status-publish","4":"has-post-thumbnail","6":"product_brand-tenga-et","7":"product_cat-manuaalsed","8":"product_cat-masturbaatorid","9":"product_cat-meestele","10":"pa_brand-tenga-et","12":"first","13":"instock","14":"taxable","15":"shipping-taxable","16":"purchasable","17":"product-type-simple"},"yoast_head":"<!-- This site is optimized with the Yoast SEO plugin v27.3 - https:\/\/yoast.com\/product\/yoast-seo-wordpress\/ -->\n<title>Tenga Original Vacuum Cup Cool Edition Jahutav Mastrubaator | Lust and Love<\/title>\n<meta name=\"description\" content=\"Jahutav deep throat Cup masturbaator on varustatud jahutava ja v\u00e4rskendava libestiga.\u00a0Tenga originaalne Deep Throat Cup on liivakella kujuga, mis tagab tihke kogemuse. Erilise mustriga sisemus tekitab tugeva vaakumi tunde, t\u00e4pselt nagu hea oraalseksi ajal.\" \/>\n<meta name=\"robots\" content=\"index,follow,max-snippet:-1,max-image-preview:large,max-video-preview:-1\" \/>\n<link rel=\"canonical\" href=\"https:\/\/lustandlove.eu\/et\/toode\/jahutav-mastrubaator\/\" \/>\n<meta name=\"twitter:card\" content=\"summary_large_image\" \/>\n<meta name=\"twitter:title\" content=\"Tenga Original Vacuum Cup Cool Edition Jahutav Mastrubaator | Lust and Love\" \/>\n<meta name=\"twitter:description\" content=\"Jahutav deep throat Cup masturbaator on varustatud jahutava ja v\u00e4rskendava libestiga.\u00a0Tenga originaalne Deep Throat Cup on liivakella kujuga, mis tagab tihke kogemuse. Erilise mustriga sisemus tekitab tugeva vaakumi tunde, t\u00e4pselt nagu hea oraalseksi ajal.\" \/>\n<meta name=\"twitter:image\" content=\"https:\/\/lustandlove.eu\/wp-content\/uploads\/tenga-original-vacuum-masturbator-ce-01.jpg\" \/>\n<meta name=\"twitter:label1\" content=\"Est. reading time\" \/>\n\t<meta name=\"twitter:data1\" content=\"1 minut\" \/>\n<script type=\"application\/ld+json\" class=\"yoast-schema-graph\">{\"@context\":\"https:\\\/\\\/schema.org\",\"@graph\":[{\"@type\":[\"WebPage\",\"ItemPage\"],\"@id\":\"https:\\\/\\\/lustandlove.eu\\\/et\\\/toode\\\/jahutav-mastrubaator\\\/\",\"url\":\"https:\\\/\\\/lustandlove.eu\\\/et\\\/toode\\\/jahutav-mastrubaator\\\/\",\"name\":\"Tenga Original Vacuum Cup Cool Edition Jahutav Mastrubaator | Lust and Love\",\"isPartOf\":{\"@id\":\"https:\\\/\\\/lustandlove.eu\\\/et\\\/#website\"},\"primaryImageOfPage\":{\"@id\":\"https:\\\/\\\/lustandlove.eu\\\/et\\\/toode\\\/jahutav-mastrubaator\\\/#primaryimage\"},\"image\":{\"@id\":\"https:\\\/\\\/lustandlove.eu\\\/et\\\/toode\\\/jahutav-mastrubaator\\\/#primaryimage\"},\"thumbnailUrl\":\"https:\\\/\\\/lustandlove.eu\\\/wp-content\\\/uploads\\\/tenga-original-vacuum-masturbator-ce-01.jpg\",\"datePublished\":\"2021-05-28T05:11:03+00:00\",\"dateModified\":\"2026-04-13T07:43:17+00:00\",\"description\":\"Jahutav deep throat Cup masturbaator on varustatud jahutava ja v\u00e4rskendava libestiga.\u00a0Tenga originaalne Deep Throat Cup on liivakella kujuga, mis tagab tihke kogemuse. Erilise mustriga sisemus tekitab tugeva vaakumi tunde, t\u00e4pselt nagu hea oraalseksi ajal.\",\"breadcrumb\":{\"@id\":\"https:\\\/\\\/lustandlove.eu\\\/et\\\/toode\\\/jahutav-mastrubaator\\\/#breadcrumb\"},\"inLanguage\":\"et\",\"potentialAction\":[{\"@type\":\"ReadAction\",\"target\":[\"https:\\\/\\\/lustandlove.eu\\\/et\\\/toode\\\/jahutav-mastrubaator\\\/\"]}]},{\"@type\":\"ImageObject\",\"inLanguage\":\"et\",\"@id\":\"https:\\\/\\\/lustandlove.eu\\\/et\\\/toode\\\/jahutav-mastrubaator\\\/#primaryimage\",\"url\":\"https:\\\/\\\/lustandlove.eu\\\/wp-content\\\/uploads\\\/tenga-original-vacuum-masturbator-ce-01.jpg\",\"contentUrl\":\"https:\\\/\\\/lustandlove.eu\\\/wp-content\\\/uploads\\\/tenga-original-vacuum-masturbator-ce-01.jpg\",\"width\":480,\"height\":480},{\"@type\":\"BreadcrumbList\",\"@id\":\"https:\\\/\\\/lustandlove.eu\\\/et\\\/toode\\\/jahutav-mastrubaator\\\/#breadcrumb\",\"itemListElement\":[{\"@type\":\"ListItem\",\"position\":1,\"name\":\"Lust and Love\",\"item\":\"https:\\\/\\\/lustandlove.eu\\\/et\\\/\"},{\"@type\":\"ListItem\",\"position\":2,\"name\":\"Pood\",\"item\":\"https:\\\/\\\/lustandlove.eu\\\/et\\\/pood\\\/\"},{\"@type\":\"ListItem\",\"position\":3,\"name\":\"Tenga Original Vacuum Cup Cool Edition Jahutav Mastrubaator\"}]},{\"@type\":\"WebSite\",\"@id\":\"https:\\\/\\\/lustandlove.eu\\\/et\\\/#website\",\"url\":\"https:\\\/\\\/lustandlove.eu\\\/et\\\/\",\"name\":\"Lust &amp; Love\",\"description\":\"Online erootikapood tervise, ilu ja armastuse jaoks\",\"publisher\":{\"@id\":\"https:\\\/\\\/lustandlove.eu\\\/et\\\/#organization\"},\"potentialAction\":[{\"@type\":\"SearchAction\",\"target\":{\"@type\":\"EntryPoint\",\"urlTemplate\":\"https:\\\/\\\/lustandlove.eu\\\/et\\\/?s={search_term_string}\"},\"query-input\":{\"@type\":\"PropertyValueSpecification\",\"valueRequired\":true,\"valueName\":\"search_term_string\"}}],\"inLanguage\":\"et\"},{\"@type\":\"Organization\",\"@id\":\"https:\\\/\\\/lustandlove.eu\\\/et\\\/#organization\",\"name\":\"Bioconcept Baltics O\u00dc\",\"url\":\"https:\\\/\\\/lustandlove.eu\\\/et\\\/\",\"logo\":{\"@type\":\"ImageObject\",\"inLanguage\":\"et\",\"@id\":\"https:\\\/\\\/lustandlove.eu\\\/et\\\/#\\\/schema\\\/logo\\\/image\\\/\",\"url\":\"\",\"contentUrl\":\"\",\"caption\":\"Bioconcept Baltics O\u00dc\"},\"image\":{\"@id\":\"https:\\\/\\\/lustandlove.eu\\\/et\\\/#\\\/schema\\\/logo\\\/image\\\/\"},\"sameAs\":[\"https:\\\/\\\/www.facebook.com\\\/LustandLoveEU\\\/\",\"https:\\\/\\\/www.instagram.com\\\/lustandloveeu\\\/\"]}]}<\/script>\n<!-- \/ Yoast SEO plugin. -->","yoast_head_json":{"title":"Tenga Original Vacuum Cup Cool Edition Jahutav Mastrubaator | Lust and Love","description":"Jahutav deep throat Cup masturbaator on varustatud jahutava ja v\u00e4rskendava libestiga.\u00a0Tenga originaalne Deep Throat Cup on liivakella kujuga, mis tagab tihke kogemuse. Erilise mustriga sisemus tekitab tugeva vaakumi tunde, t\u00e4pselt nagu hea oraalseksi ajal.","robots":{"index,follow,max-snippet":"index,follow,max-snippet:-1,max-image-preview:large,max-video-preview:-1"},"canonical":"https:\/\/lustandlove.eu\/et\/toode\/jahutav-mastrubaator\/","twitter_card":"summary_large_image","twitter_title":"Tenga Original Vacuum Cup Cool Edition Jahutav Mastrubaator | Lust and Love","twitter_description":"Jahutav deep throat Cup masturbaator on varustatud jahutava ja v\u00e4rskendava libestiga.\u00a0Tenga originaalne Deep Throat Cup on liivakella kujuga, mis tagab tihke kogemuse. Erilise mustriga sisemus tekitab tugeva vaakumi tunde, t\u00e4pselt nagu hea oraalseksi ajal.","twitter_image":"https:\/\/lustandlove.eu\/wp-content\/uploads\/tenga-original-vacuum-masturbator-ce-01.jpg","twitter_misc":{"Est. reading time":"1 minut"},"schema":{"@context":"https:\/\/schema.org","@graph":[{"@type":["WebPage","ItemPage"],"@id":"https:\/\/lustandlove.eu\/et\/toode\/jahutav-mastrubaator\/","url":"https:\/\/lustandlove.eu\/et\/toode\/jahutav-mastrubaator\/","name":"Tenga Original Vacuum Cup Cool Edition Jahutav Mastrubaator | Lust and Love","isPartOf":{"@id":"https:\/\/lustandlove.eu\/et\/#website"},"primaryImageOfPage":{"@id":"https:\/\/lustandlove.eu\/et\/toode\/jahutav-mastrubaator\/#primaryimage"},"image":{"@id":"https:\/\/lustandlove.eu\/et\/toode\/jahutav-mastrubaator\/#primaryimage"},"thumbnailUrl":"https:\/\/lustandlove.eu\/wp-content\/uploads\/tenga-original-vacuum-masturbator-ce-01.jpg","datePublished":"2021-05-28T05:11:03+00:00","dateModified":"2026-04-13T07:43:17+00:00","description":"Jahutav deep throat Cup masturbaator on varustatud jahutava ja v\u00e4rskendava libestiga.\u00a0Tenga originaalne Deep Throat Cup on liivakella kujuga, mis tagab tihke kogemuse. Erilise mustriga sisemus tekitab tugeva vaakumi tunde, t\u00e4pselt nagu hea oraalseksi ajal.","breadcrumb":{"@id":"https:\/\/lustandlove.eu\/et\/toode\/jahutav-mastrubaator\/#breadcrumb"},"inLanguage":"et","potentialAction":[{"@type":"ReadAction","target":["https:\/\/lustandlove.eu\/et\/toode\/jahutav-mastrubaator\/"]}]},{"@type":"ImageObject","inLanguage":"et","@id":"https:\/\/lustandlove.eu\/et\/toode\/jahutav-mastrubaator\/#primaryimage","url":"https:\/\/lustandlove.eu\/wp-content\/uploads\/tenga-original-vacuum-masturbator-ce-01.jpg","contentUrl":"https:\/\/lustandlove.eu\/wp-content\/uploads\/tenga-original-vacuum-masturbator-ce-01.jpg","width":480,"height":480},{"@type":"BreadcrumbList","@id":"https:\/\/lustandlove.eu\/et\/toode\/jahutav-mastrubaator\/#breadcrumb","itemListElement":[{"@type":"ListItem","position":1,"name":"Lust and Love","item":"https:\/\/lustandlove.eu\/et\/"},{"@type":"ListItem","position":2,"name":"Pood","item":"https:\/\/lustandlove.eu\/et\/pood\/"},{"@type":"ListItem","position":3,"name":"Tenga Original Vacuum Cup Cool Edition Jahutav Mastrubaator"}]},{"@type":"WebSite","@id":"https:\/\/lustandlove.eu\/et\/#website","url":"https:\/\/lustandlove.eu\/et\/","name":"Lust &amp; Love","description":"Online erootikapood tervise, ilu ja armastuse jaoks","publisher":{"@id":"https:\/\/lustandlove.eu\/et\/#organization"},"potentialAction":[{"@type":"SearchAction","target":{"@type":"EntryPoint","urlTemplate":"https:\/\/lustandlove.eu\/et\/?s={search_term_string}"},"query-input":{"@type":"PropertyValueSpecification","valueRequired":true,"valueName":"search_term_string"}}],"inLanguage":"et"},{"@type":"Organization","@id":"https:\/\/lustandlove.eu\/et\/#organization","name":"Bioconcept Baltics O\u00dc","url":"https:\/\/lustandlove.eu\/et\/","logo":{"@type":"ImageObject","inLanguage":"et","@id":"https:\/\/lustandlove.eu\/et\/#\/schema\/logo\/image\/","url":"","contentUrl":"","caption":"Bioconcept Baltics O\u00dc"},"image":{"@id":"https:\/\/lustandlove.eu\/et\/#\/schema\/logo\/image\/"},"sameAs":["https:\/\/www.facebook.com\/LustandLoveEU\/","https:\/\/www.instagram.com\/lustandloveeu\/"]}]}},"_links":{"self":[{"href":"https:\/\/lustandlove.eu\/et\/wp-json\/wp\/v2\/product\/48437","targetHints":{"allow":["GET"]}}],"collection":[{"href":"https:\/\/lustandlove.eu\/et\/wp-json\/wp\/v2\/product"}],"about":[{"href":"https:\/\/lustandlove.eu\/et\/wp-json\/wp\/v2\/types\/product"}],"wp:featuredmedia":[{"embeddable":true,"href":"https:\/\/lustandlove.eu\/et\/wp-json\/wp\/v2\/media\/47547"}],"wp:attachment":[{"href":"https:\/\/lustandlove.eu\/et\/wp-json\/wp\/v2\/media?parent=48437"}],"wp:term":[{"taxonomy":"product_brand","embeddable":true,"href":"https:\/\/lustandlove.eu\/et\/wp-json\/wp\/v2\/product_brand?post=48437"},{"taxonomy":"product_cat","embeddable":true,"href":"https:\/\/lustandlove.eu\/et\/wp-json\/wp\/v2\/product_cat?post=48437"},{"taxonomy":"product_tag","embeddable":true,"href":"https:\/\/lustandlove.eu\/et\/wp-json\/wp\/v2\/product_tag?post=48437"}],"curies":[{"name":"wp","href":"https:\/\/api.w.org\/{rel}","templated":true}]}}