{"id":48438,"date":"2021-05-28T08:10:36","date_gmt":"2021-05-28T05:10:36","guid":{"rendered":"https:\/\/www.lustandlove.eu\/product\/rulliva-otsaga-mastrubaator\/"},"modified":"2026-04-13T10:43:18","modified_gmt":"2026-04-13T07:43:18","slug":"rulliva-otsaga-mastrubaator","status":"publish","type":"product","link":"https:\/\/lustandlove.eu\/et\/toode\/rulliva-otsaga-mastrubaator\/","title":{"rendered":"Rulliva Otsaga Mastrubaator Rolling Head Cup"},"content":{"rendered":"<p>Rulliva otsaga masturbaator toob sinuni uued stimulatsioonid, keskendudes sinu peenise tipule. Masturbaatori tipus asub rulliv \u201cpower ball\u201d, mis stimuleerib sinu peenise pead agressiivselt, kui seda ringjate liigutustega liigutada.<\/p>\n<p>Rolling Head Cupil on suur plastiline ja painduv keha, mis lubab kasutajal samaaegselt stimuleerida nii peenise pead kui ka peenise vart igas suunas. Kasuta masturbaatorit nagu tavaliselt v\u00f5i naudi ringjate liigutustega stimulatsioone vastu oma peenise pead.<\/p>\n<p>Sisemine muster on as\u00fcmmeetriline, mis tagab laia valiku tundeid.<\/p>\n<p>Rolling Head Cup tipus asub kleeps, mille eemaldamisega on v\u00f5imalik kontrollida masturbaatori vaakumi tugevust. Kasuta oma n\u00e4ppu, et leida enda jaoks sobilik vaakum.<\/p>\n<p>Kuidas Tenga Rolling Head masturbaatorit kasutada:<\/p>\n<ol>\n<li>Eemalda vaakumi kleebis toote tipust<\/li>\n<li>Eemalda kile toote p\u00f5hjalt ja eemalda kaas, et valla p\u00e4\u00e4sta eel-libestatud pehme padi<\/li>\n<li>Kasuta nagu tavalist masturbaatorit v\u00f5i stimuleeri peenise pead ringjate liigutustega<\/li>\n<li>Kuna toode on m\u00f5eldud \u00fchekordseks kasutamiseks, viska see p\u00e4rast kasutamist minema.<\/li>\n<\/ol>\n<p><b>Soovitus!\u00a0<\/b>Sa v\u00f5id oma \u00fchekordse tenga kasutusiga pikendada m\u00f5ne kasutuskorra v\u00f5rra, kui kasutad seda kondoomiga. K\u00f5ige suurema naudingu tagavad v\u00e4ga \u00f5hukesed\u00a0<a href=\"https:\/\/old.lustandlove.eu\/et\/product\/sagami-original-0-02mm-poluuretaan\/\">Sagami 0.02 mm<\/a>\u00a0kondoomid.<\/p>\n","protected":false},"excerpt":{"rendered":"<p>Rulliva otsaga masturbaator toob sinuni uued stimulatsioonid, keskendudes sinu peenise tipule. Masturbaatori tipus asub rulliv \u201cpower ball\u201d, mis stimuleerib sinu peenise pead agressiivselt, kui seda ringjate liigutustega liigutada.<\/p>\n","protected":false},"featured_media":47539,"template":"","meta":[],"product_brand":[4244],"product_cat":[4008,1480,1477],"product_tag":[],"class_list":{"0":"post-48438","1":"product","2":"type-product","3":"status-publish","4":"has-post-thumbnail","6":"product_brand-tenga-et","7":"product_cat-manuaalsed","8":"product_cat-masturbaatorid","9":"product_cat-meestele","10":"pa_brand-tenga-et","12":"first","13":"instock","14":"sale","15":"taxable","16":"shipping-taxable","17":"purchasable","18":"product-type-simple"},"yoast_head":"<!-- This site is optimized with the Yoast SEO plugin v27.3 - https:\/\/yoast.com\/product\/yoast-seo-wordpress\/ -->\n<title>Rulliva Otsaga Mastrubaator Rolling Head Cup | Lust and Love<\/title>\n<meta name=\"description\" content=\"Rulliva otsaga masturbaator toob sinuni uued stimulatsioonid, keskendudes sinu peenise tipule. Masturbaatori tipus asub rulliv \u201cpower ball\u201d, mis stimuleerib sinu peenise pead agressiivselt, kui seda ringjate liigutustega liigutada.\" \/>\n<meta name=\"robots\" content=\"index,follow,max-snippet:-1,max-image-preview:large,max-video-preview:-1\" \/>\n<link rel=\"canonical\" href=\"https:\/\/lustandlove.eu\/et\/toode\/rulliva-otsaga-mastrubaator\/\" \/>\n<meta name=\"twitter:card\" content=\"summary_large_image\" \/>\n<meta name=\"twitter:title\" content=\"Rulliva Otsaga Mastrubaator Rolling Head Cup | Lust and Love\" \/>\n<meta name=\"twitter:description\" content=\"Rulliva otsaga masturbaator toob sinuni uued stimulatsioonid, keskendudes sinu peenise tipule. Masturbaatori tipus asub rulliv \u201cpower ball\u201d, mis stimuleerib sinu peenise pead agressiivselt, kui seda ringjate liigutustega liigutada.\" \/>\n<meta name=\"twitter:image\" content=\"https:\/\/lustandlove.eu\/wp-content\/uploads\/rolling-head-01.jpg\" \/>\n<meta name=\"twitter:label1\" content=\"Est. reading time\" \/>\n\t<meta name=\"twitter:data1\" content=\"1 minut\" \/>\n<script type=\"application\/ld+json\" class=\"yoast-schema-graph\">{\"@context\":\"https:\\\/\\\/schema.org\",\"@graph\":[{\"@type\":[\"WebPage\",\"ItemPage\"],\"@id\":\"https:\\\/\\\/lustandlove.eu\\\/et\\\/toode\\\/rulliva-otsaga-mastrubaator\\\/\",\"url\":\"https:\\\/\\\/lustandlove.eu\\\/et\\\/toode\\\/rulliva-otsaga-mastrubaator\\\/\",\"name\":\"Rulliva Otsaga Mastrubaator Rolling Head Cup | Lust and Love\",\"isPartOf\":{\"@id\":\"https:\\\/\\\/lustandlove.eu\\\/et\\\/#website\"},\"primaryImageOfPage\":{\"@id\":\"https:\\\/\\\/lustandlove.eu\\\/et\\\/toode\\\/rulliva-otsaga-mastrubaator\\\/#primaryimage\"},\"image\":{\"@id\":\"https:\\\/\\\/lustandlove.eu\\\/et\\\/toode\\\/rulliva-otsaga-mastrubaator\\\/#primaryimage\"},\"thumbnailUrl\":\"https:\\\/\\\/lustandlove.eu\\\/wp-content\\\/uploads\\\/rolling-head-01.jpg\",\"datePublished\":\"2021-05-28T05:10:36+00:00\",\"dateModified\":\"2026-04-13T07:43:18+00:00\",\"description\":\"Rulliva otsaga masturbaator toob sinuni uued stimulatsioonid, keskendudes sinu peenise tipule. Masturbaatori tipus asub rulliv \u201cpower ball\u201d, mis stimuleerib sinu peenise pead agressiivselt, kui seda ringjate liigutustega liigutada.\",\"breadcrumb\":{\"@id\":\"https:\\\/\\\/lustandlove.eu\\\/et\\\/toode\\\/rulliva-otsaga-mastrubaator\\\/#breadcrumb\"},\"inLanguage\":\"et\",\"potentialAction\":[{\"@type\":\"ReadAction\",\"target\":[\"https:\\\/\\\/lustandlove.eu\\\/et\\\/toode\\\/rulliva-otsaga-mastrubaator\\\/\"]}]},{\"@type\":\"ImageObject\",\"inLanguage\":\"et\",\"@id\":\"https:\\\/\\\/lustandlove.eu\\\/et\\\/toode\\\/rulliva-otsaga-mastrubaator\\\/#primaryimage\",\"url\":\"https:\\\/\\\/lustandlove.eu\\\/wp-content\\\/uploads\\\/rolling-head-01.jpg\",\"contentUrl\":\"https:\\\/\\\/lustandlove.eu\\\/wp-content\\\/uploads\\\/rolling-head-01.jpg\",\"width\":480,\"height\":480},{\"@type\":\"BreadcrumbList\",\"@id\":\"https:\\\/\\\/lustandlove.eu\\\/et\\\/toode\\\/rulliva-otsaga-mastrubaator\\\/#breadcrumb\",\"itemListElement\":[{\"@type\":\"ListItem\",\"position\":1,\"name\":\"Lust and Love\",\"item\":\"https:\\\/\\\/lustandlove.eu\\\/et\\\/\"},{\"@type\":\"ListItem\",\"position\":2,\"name\":\"Pood\",\"item\":\"https:\\\/\\\/lustandlove.eu\\\/et\\\/pood\\\/\"},{\"@type\":\"ListItem\",\"position\":3,\"name\":\"Rulliva Otsaga Mastrubaator Rolling Head Cup\"}]},{\"@type\":\"WebSite\",\"@id\":\"https:\\\/\\\/lustandlove.eu\\\/et\\\/#website\",\"url\":\"https:\\\/\\\/lustandlove.eu\\\/et\\\/\",\"name\":\"Lust &amp; Love\",\"description\":\"Online erootikapood tervise, ilu ja armastuse jaoks\",\"publisher\":{\"@id\":\"https:\\\/\\\/lustandlove.eu\\\/et\\\/#organization\"},\"potentialAction\":[{\"@type\":\"SearchAction\",\"target\":{\"@type\":\"EntryPoint\",\"urlTemplate\":\"https:\\\/\\\/lustandlove.eu\\\/et\\\/?s={search_term_string}\"},\"query-input\":{\"@type\":\"PropertyValueSpecification\",\"valueRequired\":true,\"valueName\":\"search_term_string\"}}],\"inLanguage\":\"et\"},{\"@type\":\"Organization\",\"@id\":\"https:\\\/\\\/lustandlove.eu\\\/et\\\/#organization\",\"name\":\"Bioconcept Baltics O\u00dc\",\"url\":\"https:\\\/\\\/lustandlove.eu\\\/et\\\/\",\"logo\":{\"@type\":\"ImageObject\",\"inLanguage\":\"et\",\"@id\":\"https:\\\/\\\/lustandlove.eu\\\/et\\\/#\\\/schema\\\/logo\\\/image\\\/\",\"url\":\"\",\"contentUrl\":\"\",\"caption\":\"Bioconcept Baltics O\u00dc\"},\"image\":{\"@id\":\"https:\\\/\\\/lustandlove.eu\\\/et\\\/#\\\/schema\\\/logo\\\/image\\\/\"},\"sameAs\":[\"https:\\\/\\\/www.facebook.com\\\/LustandLoveEU\\\/\",\"https:\\\/\\\/www.instagram.com\\\/lustandloveeu\\\/\"]}]}<\/script>\n<!-- \/ Yoast SEO plugin. -->","yoast_head_json":{"title":"Rulliva Otsaga Mastrubaator Rolling Head Cup | Lust and Love","description":"Rulliva otsaga masturbaator toob sinuni uued stimulatsioonid, keskendudes sinu peenise tipule. Masturbaatori tipus asub rulliv \u201cpower ball\u201d, mis stimuleerib sinu peenise pead agressiivselt, kui seda ringjate liigutustega liigutada.","robots":{"index,follow,max-snippet":"index,follow,max-snippet:-1,max-image-preview:large,max-video-preview:-1"},"canonical":"https:\/\/lustandlove.eu\/et\/toode\/rulliva-otsaga-mastrubaator\/","twitter_card":"summary_large_image","twitter_title":"Rulliva Otsaga Mastrubaator Rolling Head Cup | Lust and Love","twitter_description":"Rulliva otsaga masturbaator toob sinuni uued stimulatsioonid, keskendudes sinu peenise tipule. Masturbaatori tipus asub rulliv \u201cpower ball\u201d, mis stimuleerib sinu peenise pead agressiivselt, kui seda ringjate liigutustega liigutada.","twitter_image":"https:\/\/lustandlove.eu\/wp-content\/uploads\/rolling-head-01.jpg","twitter_misc":{"Est. reading time":"1 minut"},"schema":{"@context":"https:\/\/schema.org","@graph":[{"@type":["WebPage","ItemPage"],"@id":"https:\/\/lustandlove.eu\/et\/toode\/rulliva-otsaga-mastrubaator\/","url":"https:\/\/lustandlove.eu\/et\/toode\/rulliva-otsaga-mastrubaator\/","name":"Rulliva Otsaga Mastrubaator Rolling Head Cup | Lust and Love","isPartOf":{"@id":"https:\/\/lustandlove.eu\/et\/#website"},"primaryImageOfPage":{"@id":"https:\/\/lustandlove.eu\/et\/toode\/rulliva-otsaga-mastrubaator\/#primaryimage"},"image":{"@id":"https:\/\/lustandlove.eu\/et\/toode\/rulliva-otsaga-mastrubaator\/#primaryimage"},"thumbnailUrl":"https:\/\/lustandlove.eu\/wp-content\/uploads\/rolling-head-01.jpg","datePublished":"2021-05-28T05:10:36+00:00","dateModified":"2026-04-13T07:43:18+00:00","description":"Rulliva otsaga masturbaator toob sinuni uued stimulatsioonid, keskendudes sinu peenise tipule. Masturbaatori tipus asub rulliv \u201cpower ball\u201d, mis stimuleerib sinu peenise pead agressiivselt, kui seda ringjate liigutustega liigutada.","breadcrumb":{"@id":"https:\/\/lustandlove.eu\/et\/toode\/rulliva-otsaga-mastrubaator\/#breadcrumb"},"inLanguage":"et","potentialAction":[{"@type":"ReadAction","target":["https:\/\/lustandlove.eu\/et\/toode\/rulliva-otsaga-mastrubaator\/"]}]},{"@type":"ImageObject","inLanguage":"et","@id":"https:\/\/lustandlove.eu\/et\/toode\/rulliva-otsaga-mastrubaator\/#primaryimage","url":"https:\/\/lustandlove.eu\/wp-content\/uploads\/rolling-head-01.jpg","contentUrl":"https:\/\/lustandlove.eu\/wp-content\/uploads\/rolling-head-01.jpg","width":480,"height":480},{"@type":"BreadcrumbList","@id":"https:\/\/lustandlove.eu\/et\/toode\/rulliva-otsaga-mastrubaator\/#breadcrumb","itemListElement":[{"@type":"ListItem","position":1,"name":"Lust and Love","item":"https:\/\/lustandlove.eu\/et\/"},{"@type":"ListItem","position":2,"name":"Pood","item":"https:\/\/lustandlove.eu\/et\/pood\/"},{"@type":"ListItem","position":3,"name":"Rulliva Otsaga Mastrubaator Rolling Head Cup"}]},{"@type":"WebSite","@id":"https:\/\/lustandlove.eu\/et\/#website","url":"https:\/\/lustandlove.eu\/et\/","name":"Lust &amp; Love","description":"Online erootikapood tervise, ilu ja armastuse jaoks","publisher":{"@id":"https:\/\/lustandlove.eu\/et\/#organization"},"potentialAction":[{"@type":"SearchAction","target":{"@type":"EntryPoint","urlTemplate":"https:\/\/lustandlove.eu\/et\/?s={search_term_string}"},"query-input":{"@type":"PropertyValueSpecification","valueRequired":true,"valueName":"search_term_string"}}],"inLanguage":"et"},{"@type":"Organization","@id":"https:\/\/lustandlove.eu\/et\/#organization","name":"Bioconcept Baltics O\u00dc","url":"https:\/\/lustandlove.eu\/et\/","logo":{"@type":"ImageObject","inLanguage":"et","@id":"https:\/\/lustandlove.eu\/et\/#\/schema\/logo\/image\/","url":"","contentUrl":"","caption":"Bioconcept Baltics O\u00dc"},"image":{"@id":"https:\/\/lustandlove.eu\/et\/#\/schema\/logo\/image\/"},"sameAs":["https:\/\/www.facebook.com\/LustandLoveEU\/","https:\/\/www.instagram.com\/lustandloveeu\/"]}]}},"_links":{"self":[{"href":"https:\/\/lustandlove.eu\/et\/wp-json\/wp\/v2\/product\/48438","targetHints":{"allow":["GET"]}}],"collection":[{"href":"https:\/\/lustandlove.eu\/et\/wp-json\/wp\/v2\/product"}],"about":[{"href":"https:\/\/lustandlove.eu\/et\/wp-json\/wp\/v2\/types\/product"}],"wp:featuredmedia":[{"embeddable":true,"href":"https:\/\/lustandlove.eu\/et\/wp-json\/wp\/v2\/media\/47539"}],"wp:attachment":[{"href":"https:\/\/lustandlove.eu\/et\/wp-json\/wp\/v2\/media?parent=48438"}],"wp:term":[{"taxonomy":"product_brand","embeddable":true,"href":"https:\/\/lustandlove.eu\/et\/wp-json\/wp\/v2\/product_brand?post=48438"},{"taxonomy":"product_cat","embeddable":true,"href":"https:\/\/lustandlove.eu\/et\/wp-json\/wp\/v2\/product_cat?post=48438"},{"taxonomy":"product_tag","embeddable":true,"href":"https:\/\/lustandlove.eu\/et\/wp-json\/wp\/v2\/product_tag?post=48438"}],"curies":[{"name":"wp","href":"https:\/\/api.w.org\/{rel}","templated":true}]}}