{"id":48439,"date":"2021-05-28T08:10:36","date_gmt":"2021-05-28T05:10:36","guid":{"rendered":"https:\/\/www.lustandlove.eu\/product\/flip-orb-taaskasutatav-mastrubaator\/"},"modified":"2026-04-13T10:43:18","modified_gmt":"2026-04-13T07:43:18","slug":"flip-orb-taaskasutatav-mastrubaator","status":"publish","type":"product","link":"https:\/\/lustandlove.eu\/et\/toode\/flip-orb-taaskasutatav-mastrubaator\/","title":{"rendered":"Flip Orb Taaskasutatav Mastrubaator"},"content":{"rendered":"<p>Naudingukerad ootavad!\u00a0Flip Orb on masturbaator, mille sees on kerad, mida \u00fcmbritseb pehme elastomeer, et tagada t\u00e4iesti uut t\u00fc\u00fcpi sensatsioon. Saadaval kahes v\u00e4rvivariandis, kus m\u00f5lemal on omaette unikaalne muster. Liivakella kuju ja lahtik\u00e4iv kaas aitavad Flip Orbil h\u00e4sti k\u00e4es p\u00fcsida.\u00a0Kaas teeb Flip Orbi kergemini kasutatavaks, hoiustatavaks ja kuivatatavaks. Seda on lihtne puhastada ja kasutada \u2013 Ava Flip Orb, et puhastamine kergem oleks.<\/p>\n<p><b>Soovitus!\u00a0<\/b>Keskmist surveplaati saab kasutada vaakumi suurendamiseks ning ka tugevama stimulatsiooni reguleerimiseks.<\/p>\n<h3><b>Flip Orbi kasutamine:<\/b><\/h3>\n<p>\u2013 Eemalda Flip Orbilt kaas.<br \/>\n\u2013 Vajuta \u00fclemistele k\u00fclgedele, et Flip Orb lahti teha.<br \/>\n\u2013\u00a0Lisa m\u00f5lemale poole libestit ja sulge Flip Orb.<br \/>\n\u2013\u00a0Pane kaas \u00fclemisele osale peale, et see p\u00fcsiks kogu kasutamise ajal kinni.<br \/>\n\u2013\u00a0Lisa Flip Orbi avausele natuke libestit.<\/p>\n<h3><b>Flip Orbi puhastamine:<\/b><\/h3>\n<p>\u2013 Kui oled leluga l\u00f5petanud, eemalda \u00fclevalt kaas.<br \/>\n\u2013 Vajuta tugevalt m\u00f5lemalt poolt \u00fclevalt \u00e4\u00e4rest, et lelu avada.<br \/>\n\u2013 Puhasta p\u00f5hjalikult sooja vee ja seebiga.<br \/>\n\u2013 Aseta kaas lauale ning pane lelu sellele kas p\u00fcsti V-t\u00e4he kujuliselt (avatult) v\u00f5i toeta see k\u00fclili kaanele.<br \/>\n\u2013 Kui lelu on kuivanud, sulge see ja pane kaas pehmele poolele peale.<\/p>\n<p>Pakendis on kaasas \u00fchekordseks kasutamiseks libesti.<\/p>\n","protected":false},"excerpt":{"rendered":"<p>Naudingukerad ootavad!\u00a0Flip Orb on masturbaator, mille sees on kerad, mida \u00fcmbritseb pehme elastomeer, et tagada t\u00e4iesti uut t\u00fc\u00fcpi sensatsioon. Saadaval kahes v\u00e4rvivariandis, kus m\u00f5lemal on omaette unikaalne muster<\/p>\n","protected":false},"featured_media":47563,"template":"","meta":[],"product_brand":[4244],"product_cat":[4008,1480,1477],"product_tag":[],"class_list":{"0":"post-48439","1":"product","2":"type-product","3":"status-publish","4":"has-post-thumbnail","6":"product_brand-tenga-et","7":"product_cat-manuaalsed","8":"product_cat-masturbaatorid","9":"product_cat-meestele","10":"pa_brand-tenga-et","12":"first","13":"instock","14":"taxable","15":"shipping-taxable","16":"purchasable","17":"product-type-variable"},"yoast_head":"<!-- This site is optimized with the Yoast SEO plugin v27.3 - https:\/\/yoast.com\/product\/yoast-seo-wordpress\/ -->\n<title>Flip Orb Taaskasutatav Mastrubaator | Lust and Love<\/title>\n<meta name=\"description\" content=\"Naudingukerad ootavad!\u00a0Flip Orb on masturbaator, mille sees on kerad, mida \u00fcmbritseb pehme elastomeer, et tagada t\u00e4iesti uut t\u00fc\u00fcpi sensatsioon. Saadaval kahes v\u00e4rvivariandis, kus m\u00f5lemal on omaette unikaalne muster\" \/>\n<meta name=\"robots\" content=\"index,follow,max-snippet:-1,max-image-preview:large,max-video-preview:-1\" \/>\n<link rel=\"canonical\" href=\"https:\/\/lustandlove.eu\/et\/toode\/flip-orb-taaskasutatav-mastrubaator\/\" \/>\n<meta name=\"twitter:card\" content=\"summary_large_image\" \/>\n<meta name=\"twitter:title\" content=\"Flip Orb Taaskasutatav Mastrubaator | Lust and Love\" \/>\n<meta name=\"twitter:description\" content=\"Naudingukerad ootavad!\u00a0Flip Orb on masturbaator, mille sees on kerad, mida \u00fcmbritseb pehme elastomeer, et tagada t\u00e4iesti uut t\u00fc\u00fcpi sensatsioon. Saadaval kahes v\u00e4rvivariandis, kus m\u00f5lemal on omaette unikaalne muster\" \/>\n<meta name=\"twitter:image\" content=\"https:\/\/lustandlove.eu\/wp-content\/uploads\/taaskasutatav-flip-orb-masturbaator-\u2013-tenga-reusable-masturbator-01.jpg\" \/>\n<meta name=\"twitter:label1\" content=\"Est. reading time\" \/>\n\t<meta name=\"twitter:data1\" content=\"1 minut\" \/>\n<script type=\"application\/ld+json\" class=\"yoast-schema-graph\">{\"@context\":\"https:\\\/\\\/schema.org\",\"@graph\":[{\"@type\":[\"WebPage\",\"ItemPage\"],\"@id\":\"https:\\\/\\\/lustandlove.eu\\\/et\\\/toode\\\/flip-orb-taaskasutatav-mastrubaator\\\/\",\"url\":\"https:\\\/\\\/lustandlove.eu\\\/et\\\/toode\\\/flip-orb-taaskasutatav-mastrubaator\\\/\",\"name\":\"Flip Orb Taaskasutatav Mastrubaator | Lust and Love\",\"isPartOf\":{\"@id\":\"https:\\\/\\\/lustandlove.eu\\\/et\\\/#website\"},\"primaryImageOfPage\":{\"@id\":\"https:\\\/\\\/lustandlove.eu\\\/et\\\/toode\\\/flip-orb-taaskasutatav-mastrubaator\\\/#primaryimage\"},\"image\":{\"@id\":\"https:\\\/\\\/lustandlove.eu\\\/et\\\/toode\\\/flip-orb-taaskasutatav-mastrubaator\\\/#primaryimage\"},\"thumbnailUrl\":\"https:\\\/\\\/lustandlove.eu\\\/wp-content\\\/uploads\\\/taaskasutatav-flip-orb-masturbaator-\u2013-tenga-reusable-masturbator-01.jpg\",\"datePublished\":\"2021-05-28T05:10:36+00:00\",\"dateModified\":\"2026-04-13T07:43:18+00:00\",\"description\":\"Naudingukerad ootavad!\u00a0Flip Orb on masturbaator, mille sees on kerad, mida \u00fcmbritseb pehme elastomeer, et tagada t\u00e4iesti uut t\u00fc\u00fcpi sensatsioon. Saadaval kahes v\u00e4rvivariandis, kus m\u00f5lemal on omaette unikaalne muster\",\"breadcrumb\":{\"@id\":\"https:\\\/\\\/lustandlove.eu\\\/et\\\/toode\\\/flip-orb-taaskasutatav-mastrubaator\\\/#breadcrumb\"},\"inLanguage\":\"et\",\"potentialAction\":[{\"@type\":\"ReadAction\",\"target\":[\"https:\\\/\\\/lustandlove.eu\\\/et\\\/toode\\\/flip-orb-taaskasutatav-mastrubaator\\\/\"]}]},{\"@type\":\"ImageObject\",\"inLanguage\":\"et\",\"@id\":\"https:\\\/\\\/lustandlove.eu\\\/et\\\/toode\\\/flip-orb-taaskasutatav-mastrubaator\\\/#primaryimage\",\"url\":\"https:\\\/\\\/lustandlove.eu\\\/wp-content\\\/uploads\\\/taaskasutatav-flip-orb-masturbaator-\u2013-tenga-reusable-masturbator-01.jpg\",\"contentUrl\":\"https:\\\/\\\/lustandlove.eu\\\/wp-content\\\/uploads\\\/taaskasutatav-flip-orb-masturbaator-\u2013-tenga-reusable-masturbator-01.jpg\",\"width\":1000,\"height\":1000},{\"@type\":\"BreadcrumbList\",\"@id\":\"https:\\\/\\\/lustandlove.eu\\\/et\\\/toode\\\/flip-orb-taaskasutatav-mastrubaator\\\/#breadcrumb\",\"itemListElement\":[{\"@type\":\"ListItem\",\"position\":1,\"name\":\"Lust and Love\",\"item\":\"https:\\\/\\\/lustandlove.eu\\\/et\\\/\"},{\"@type\":\"ListItem\",\"position\":2,\"name\":\"Pood\",\"item\":\"https:\\\/\\\/lustandlove.eu\\\/et\\\/pood\\\/\"},{\"@type\":\"ListItem\",\"position\":3,\"name\":\"Flip Orb Taaskasutatav Mastrubaator\"}]},{\"@type\":\"WebSite\",\"@id\":\"https:\\\/\\\/lustandlove.eu\\\/et\\\/#website\",\"url\":\"https:\\\/\\\/lustandlove.eu\\\/et\\\/\",\"name\":\"Lust &amp; Love\",\"description\":\"Online erootikapood tervise, ilu ja armastuse jaoks\",\"publisher\":{\"@id\":\"https:\\\/\\\/lustandlove.eu\\\/et\\\/#organization\"},\"potentialAction\":[{\"@type\":\"SearchAction\",\"target\":{\"@type\":\"EntryPoint\",\"urlTemplate\":\"https:\\\/\\\/lustandlove.eu\\\/et\\\/?s={search_term_string}\"},\"query-input\":{\"@type\":\"PropertyValueSpecification\",\"valueRequired\":true,\"valueName\":\"search_term_string\"}}],\"inLanguage\":\"et\"},{\"@type\":\"Organization\",\"@id\":\"https:\\\/\\\/lustandlove.eu\\\/et\\\/#organization\",\"name\":\"Bioconcept Baltics O\u00dc\",\"url\":\"https:\\\/\\\/lustandlove.eu\\\/et\\\/\",\"logo\":{\"@type\":\"ImageObject\",\"inLanguage\":\"et\",\"@id\":\"https:\\\/\\\/lustandlove.eu\\\/et\\\/#\\\/schema\\\/logo\\\/image\\\/\",\"url\":\"\",\"contentUrl\":\"\",\"caption\":\"Bioconcept Baltics O\u00dc\"},\"image\":{\"@id\":\"https:\\\/\\\/lustandlove.eu\\\/et\\\/#\\\/schema\\\/logo\\\/image\\\/\"},\"sameAs\":[\"https:\\\/\\\/www.facebook.com\\\/LustandLoveEU\\\/\",\"https:\\\/\\\/www.instagram.com\\\/lustandloveeu\\\/\"]}]}<\/script>\n<!-- \/ Yoast SEO plugin. -->","yoast_head_json":{"title":"Flip Orb Taaskasutatav Mastrubaator | Lust and Love","description":"Naudingukerad ootavad!\u00a0Flip Orb on masturbaator, mille sees on kerad, mida \u00fcmbritseb pehme elastomeer, et tagada t\u00e4iesti uut t\u00fc\u00fcpi sensatsioon. Saadaval kahes v\u00e4rvivariandis, kus m\u00f5lemal on omaette unikaalne muster","robots":{"index,follow,max-snippet":"index,follow,max-snippet:-1,max-image-preview:large,max-video-preview:-1"},"canonical":"https:\/\/lustandlove.eu\/et\/toode\/flip-orb-taaskasutatav-mastrubaator\/","twitter_card":"summary_large_image","twitter_title":"Flip Orb Taaskasutatav Mastrubaator | Lust and Love","twitter_description":"Naudingukerad ootavad!\u00a0Flip Orb on masturbaator, mille sees on kerad, mida \u00fcmbritseb pehme elastomeer, et tagada t\u00e4iesti uut t\u00fc\u00fcpi sensatsioon. Saadaval kahes v\u00e4rvivariandis, kus m\u00f5lemal on omaette unikaalne muster","twitter_image":"https:\/\/lustandlove.eu\/wp-content\/uploads\/taaskasutatav-flip-orb-masturbaator-\u2013-tenga-reusable-masturbator-01.jpg","twitter_misc":{"Est. reading time":"1 minut"},"schema":{"@context":"https:\/\/schema.org","@graph":[{"@type":["WebPage","ItemPage"],"@id":"https:\/\/lustandlove.eu\/et\/toode\/flip-orb-taaskasutatav-mastrubaator\/","url":"https:\/\/lustandlove.eu\/et\/toode\/flip-orb-taaskasutatav-mastrubaator\/","name":"Flip Orb Taaskasutatav Mastrubaator | Lust and Love","isPartOf":{"@id":"https:\/\/lustandlove.eu\/et\/#website"},"primaryImageOfPage":{"@id":"https:\/\/lustandlove.eu\/et\/toode\/flip-orb-taaskasutatav-mastrubaator\/#primaryimage"},"image":{"@id":"https:\/\/lustandlove.eu\/et\/toode\/flip-orb-taaskasutatav-mastrubaator\/#primaryimage"},"thumbnailUrl":"https:\/\/lustandlove.eu\/wp-content\/uploads\/taaskasutatav-flip-orb-masturbaator-\u2013-tenga-reusable-masturbator-01.jpg","datePublished":"2021-05-28T05:10:36+00:00","dateModified":"2026-04-13T07:43:18+00:00","description":"Naudingukerad ootavad!\u00a0Flip Orb on masturbaator, mille sees on kerad, mida \u00fcmbritseb pehme elastomeer, et tagada t\u00e4iesti uut t\u00fc\u00fcpi sensatsioon. Saadaval kahes v\u00e4rvivariandis, kus m\u00f5lemal on omaette unikaalne muster","breadcrumb":{"@id":"https:\/\/lustandlove.eu\/et\/toode\/flip-orb-taaskasutatav-mastrubaator\/#breadcrumb"},"inLanguage":"et","potentialAction":[{"@type":"ReadAction","target":["https:\/\/lustandlove.eu\/et\/toode\/flip-orb-taaskasutatav-mastrubaator\/"]}]},{"@type":"ImageObject","inLanguage":"et","@id":"https:\/\/lustandlove.eu\/et\/toode\/flip-orb-taaskasutatav-mastrubaator\/#primaryimage","url":"https:\/\/lustandlove.eu\/wp-content\/uploads\/taaskasutatav-flip-orb-masturbaator-\u2013-tenga-reusable-masturbator-01.jpg","contentUrl":"https:\/\/lustandlove.eu\/wp-content\/uploads\/taaskasutatav-flip-orb-masturbaator-\u2013-tenga-reusable-masturbator-01.jpg","width":1000,"height":1000},{"@type":"BreadcrumbList","@id":"https:\/\/lustandlove.eu\/et\/toode\/flip-orb-taaskasutatav-mastrubaator\/#breadcrumb","itemListElement":[{"@type":"ListItem","position":1,"name":"Lust and Love","item":"https:\/\/lustandlove.eu\/et\/"},{"@type":"ListItem","position":2,"name":"Pood","item":"https:\/\/lustandlove.eu\/et\/pood\/"},{"@type":"ListItem","position":3,"name":"Flip Orb Taaskasutatav Mastrubaator"}]},{"@type":"WebSite","@id":"https:\/\/lustandlove.eu\/et\/#website","url":"https:\/\/lustandlove.eu\/et\/","name":"Lust &amp; Love","description":"Online erootikapood tervise, ilu ja armastuse jaoks","publisher":{"@id":"https:\/\/lustandlove.eu\/et\/#organization"},"potentialAction":[{"@type":"SearchAction","target":{"@type":"EntryPoint","urlTemplate":"https:\/\/lustandlove.eu\/et\/?s={search_term_string}"},"query-input":{"@type":"PropertyValueSpecification","valueRequired":true,"valueName":"search_term_string"}}],"inLanguage":"et"},{"@type":"Organization","@id":"https:\/\/lustandlove.eu\/et\/#organization","name":"Bioconcept Baltics O\u00dc","url":"https:\/\/lustandlove.eu\/et\/","logo":{"@type":"ImageObject","inLanguage":"et","@id":"https:\/\/lustandlove.eu\/et\/#\/schema\/logo\/image\/","url":"","contentUrl":"","caption":"Bioconcept Baltics O\u00dc"},"image":{"@id":"https:\/\/lustandlove.eu\/et\/#\/schema\/logo\/image\/"},"sameAs":["https:\/\/www.facebook.com\/LustandLoveEU\/","https:\/\/www.instagram.com\/lustandloveeu\/"]}]}},"_links":{"self":[{"href":"https:\/\/lustandlove.eu\/et\/wp-json\/wp\/v2\/product\/48439","targetHints":{"allow":["GET"]}}],"collection":[{"href":"https:\/\/lustandlove.eu\/et\/wp-json\/wp\/v2\/product"}],"about":[{"href":"https:\/\/lustandlove.eu\/et\/wp-json\/wp\/v2\/types\/product"}],"wp:featuredmedia":[{"embeddable":true,"href":"https:\/\/lustandlove.eu\/et\/wp-json\/wp\/v2\/media\/47563"}],"wp:attachment":[{"href":"https:\/\/lustandlove.eu\/et\/wp-json\/wp\/v2\/media?parent=48439"}],"wp:term":[{"taxonomy":"product_brand","embeddable":true,"href":"https:\/\/lustandlove.eu\/et\/wp-json\/wp\/v2\/product_brand?post=48439"},{"taxonomy":"product_cat","embeddable":true,"href":"https:\/\/lustandlove.eu\/et\/wp-json\/wp\/v2\/product_cat?post=48439"},{"taxonomy":"product_tag","embeddable":true,"href":"https:\/\/lustandlove.eu\/et\/wp-json\/wp\/v2\/product_tag?post=48439"}],"curies":[{"name":"wp","href":"https:\/\/api.w.org\/{rel}","templated":true}]}}