{"id":48442,"date":"2021-05-28T08:10:36","date_gmt":"2021-05-28T05:10:36","guid":{"rendered":"https:\/\/www.lustandlove.eu\/product\/pehme-mastrubaator\/"},"modified":"2026-04-13T10:43:18","modified_gmt":"2026-04-13T07:43:18","slug":"pehme-mastrubaator","status":"publish","type":"product","link":"https:\/\/lustandlove.eu\/et\/toode\/pehme-mastrubaator\/","title":{"rendered":"Soft Tube Pehme Mastrubaator"},"content":{"rendered":"<p>Pehmel Tenga masturbaatoril on v\u00e4ga pehme sisemine tekstuur. Kasutajal on v\u00f5imalik kontrollida, kui tihket tunnet ta soovib pigistades seda fantastilist lelu. Lisaks asetsevad seespool l\u00f5pus 29 v\u00e4ikest nublu, mis stimuleerivad tundlikku peenise pead. Leia endale sobiv viis kuidas orgasmini j\u00f5uda!<\/p>\n<p>Tenga soft cup masturbaatoril on sile p\u00f5hi, mis on eel-libestatud ning kujundatud n\u00f5nda, et kogemus oleks \u00f5hukindel, lekkimatu ning selle serva alla on peidetud r\u00f5ngas, mis lisab kasutamise ajal libestit juurde.<\/p>\n<p>Toote tipus asub kleeps, mille eemaldamisega on v\u00f5imalik kontrollida masturbaatori vaakumi tugevust. Kasuta oma n\u00e4ppu, et leida enda jaoks sobilik vaakum.<\/p>\n<p><b>Tenga masturbaatori kasutamine:\u00a0<\/b><\/p>\n<ol>\n<li>Eemalda tootelt kile<\/li>\n<li>Eemalda plastikust kork, mille alt leiad eel-libestatud masturbaatori<\/li>\n<li>Kasuta masturbaatorit t\u00e4pselt nii, nagu sulle meeldib.<\/li>\n<li>Kuna toode on m\u00f5eldud \u00fchekordseks kasutamiseks, viska toode p\u00e4rast kasutamist \u00e4ra.<\/li>\n<\/ol>\n<p><b>Soovitus!<\/b>\u00a0Saad oma Tengat kasutada mitu korda, kui kasutad seda kondoomiga. Eriti v\u00e4he on tunda\u00a0<a href=\"https:\/\/old.lustandlove.eu\/et\/product\/sagami-original-0-02mm-poluuretaan\/\">Sagami 0.02 mm<\/a>\u00a0kondoomi, mis on sama \u00f5huke, kui toidukile.<\/p>\n","protected":false},"excerpt":{"rendered":"<p>Pehmel Tenga masturbaatoril on v\u00e4ga pehme sisemine tekstuur. Kasutajal on v\u00f5imalik kontrollida, kui tihket tunnet ta soovib pigistades seda fantastilist lelu.<\/p>\n","protected":false},"featured_media":47534,"template":"","meta":[],"product_brand":[4244],"product_cat":[4008,1480,1477],"product_tag":[],"class_list":{"0":"post-48442","1":"product","2":"type-product","3":"status-publish","4":"has-post-thumbnail","6":"product_brand-tenga-et","7":"product_cat-manuaalsed","8":"product_cat-masturbaatorid","9":"product_cat-meestele","10":"pa_brand-tenga-et","12":"first","13":"instock","14":"sale","15":"taxable","16":"shipping-taxable","17":"purchasable","18":"product-type-simple"},"yoast_head":"<!-- This site is optimized with the Yoast SEO plugin v27.3 - https:\/\/yoast.com\/product\/yoast-seo-wordpress\/ -->\n<title>Soft Tube Ona Cup - Tenga Masturbator | Lust and Love<\/title>\n<meta name=\"description\" content=\"Pehmel Tenga masturbaatoril on v\u00e4ga pehme sisemine tekstuur. Kasutajal on v\u00f5imalik kontrollida, kui tihket tunnet ta soovib pigistades seda fantastilist lelu.\" \/>\n<meta name=\"robots\" content=\"index,follow,max-snippet:-1,max-image-preview:large,max-video-preview:-1\" \/>\n<link rel=\"canonical\" href=\"https:\/\/lustandlove.eu\/et\/toode\/pehme-mastrubaator\/\" \/>\n<meta name=\"twitter:card\" content=\"summary_large_image\" \/>\n<meta name=\"twitter:title\" content=\"Soft Tube Ona Cup - Tenga Masturbator | Lust and Love\" \/>\n<meta name=\"twitter:description\" content=\"Pehmel Tenga masturbaatoril on v\u00e4ga pehme sisemine tekstuur. Kasutajal on v\u00f5imalik kontrollida, kui tihket tunnet ta soovib pigistades seda fantastilist lelu.\" \/>\n<meta name=\"twitter:image\" content=\"https:\/\/lustandlove.eu\/wp-content\/uploads\/soft-tube-01.jpg\" \/>\n<meta name=\"twitter:label1\" content=\"Est. reading time\" \/>\n\t<meta name=\"twitter:data1\" content=\"1 minut\" \/>\n<script type=\"application\/ld+json\" class=\"yoast-schema-graph\">{\"@context\":\"https:\\\/\\\/schema.org\",\"@graph\":[{\"@type\":[\"WebPage\",\"ItemPage\"],\"@id\":\"https:\\\/\\\/lustandlove.eu\\\/et\\\/toode\\\/pehme-mastrubaator\\\/\",\"url\":\"https:\\\/\\\/lustandlove.eu\\\/et\\\/toode\\\/pehme-mastrubaator\\\/\",\"name\":\"Soft Tube Ona Cup - Tenga Masturbator | Lust and Love\",\"isPartOf\":{\"@id\":\"https:\\\/\\\/lustandlove.eu\\\/et\\\/#website\"},\"primaryImageOfPage\":{\"@id\":\"https:\\\/\\\/lustandlove.eu\\\/et\\\/toode\\\/pehme-mastrubaator\\\/#primaryimage\"},\"image\":{\"@id\":\"https:\\\/\\\/lustandlove.eu\\\/et\\\/toode\\\/pehme-mastrubaator\\\/#primaryimage\"},\"thumbnailUrl\":\"https:\\\/\\\/lustandlove.eu\\\/wp-content\\\/uploads\\\/soft-tube-01.jpg\",\"datePublished\":\"2021-05-28T05:10:36+00:00\",\"dateModified\":\"2026-04-13T07:43:18+00:00\",\"description\":\"Pehmel Tenga masturbaatoril on v\u00e4ga pehme sisemine tekstuur. Kasutajal on v\u00f5imalik kontrollida, kui tihket tunnet ta soovib pigistades seda fantastilist lelu.\",\"breadcrumb\":{\"@id\":\"https:\\\/\\\/lustandlove.eu\\\/et\\\/toode\\\/pehme-mastrubaator\\\/#breadcrumb\"},\"inLanguage\":\"et\",\"potentialAction\":[{\"@type\":\"ReadAction\",\"target\":[\"https:\\\/\\\/lustandlove.eu\\\/et\\\/toode\\\/pehme-mastrubaator\\\/\"]}]},{\"@type\":\"ImageObject\",\"inLanguage\":\"et\",\"@id\":\"https:\\\/\\\/lustandlove.eu\\\/et\\\/toode\\\/pehme-mastrubaator\\\/#primaryimage\",\"url\":\"https:\\\/\\\/lustandlove.eu\\\/wp-content\\\/uploads\\\/soft-tube-01.jpg\",\"contentUrl\":\"https:\\\/\\\/lustandlove.eu\\\/wp-content\\\/uploads\\\/soft-tube-01.jpg\",\"width\":480,\"height\":480},{\"@type\":\"BreadcrumbList\",\"@id\":\"https:\\\/\\\/lustandlove.eu\\\/et\\\/toode\\\/pehme-mastrubaator\\\/#breadcrumb\",\"itemListElement\":[{\"@type\":\"ListItem\",\"position\":1,\"name\":\"Lust and Love\",\"item\":\"https:\\\/\\\/lustandlove.eu\\\/et\\\/\"},{\"@type\":\"ListItem\",\"position\":2,\"name\":\"Pood\",\"item\":\"https:\\\/\\\/lustandlove.eu\\\/et\\\/pood\\\/\"},{\"@type\":\"ListItem\",\"position\":3,\"name\":\"Soft Tube Pehme Mastrubaator\"}]},{\"@type\":\"WebSite\",\"@id\":\"https:\\\/\\\/lustandlove.eu\\\/et\\\/#website\",\"url\":\"https:\\\/\\\/lustandlove.eu\\\/et\\\/\",\"name\":\"Lust &amp; Love\",\"description\":\"Online erootikapood tervise, ilu ja armastuse jaoks\",\"publisher\":{\"@id\":\"https:\\\/\\\/lustandlove.eu\\\/et\\\/#organization\"},\"potentialAction\":[{\"@type\":\"SearchAction\",\"target\":{\"@type\":\"EntryPoint\",\"urlTemplate\":\"https:\\\/\\\/lustandlove.eu\\\/et\\\/?s={search_term_string}\"},\"query-input\":{\"@type\":\"PropertyValueSpecification\",\"valueRequired\":true,\"valueName\":\"search_term_string\"}}],\"inLanguage\":\"et\"},{\"@type\":\"Organization\",\"@id\":\"https:\\\/\\\/lustandlove.eu\\\/et\\\/#organization\",\"name\":\"Bioconcept Baltics O\u00dc\",\"url\":\"https:\\\/\\\/lustandlove.eu\\\/et\\\/\",\"logo\":{\"@type\":\"ImageObject\",\"inLanguage\":\"et\",\"@id\":\"https:\\\/\\\/lustandlove.eu\\\/et\\\/#\\\/schema\\\/logo\\\/image\\\/\",\"url\":\"\",\"contentUrl\":\"\",\"caption\":\"Bioconcept Baltics O\u00dc\"},\"image\":{\"@id\":\"https:\\\/\\\/lustandlove.eu\\\/et\\\/#\\\/schema\\\/logo\\\/image\\\/\"},\"sameAs\":[\"https:\\\/\\\/www.facebook.com\\\/LustandLoveEU\\\/\",\"https:\\\/\\\/www.instagram.com\\\/lustandloveeu\\\/\"]}]}<\/script>\n<!-- \/ Yoast SEO plugin. -->","yoast_head_json":{"title":"Soft Tube Ona Cup - Tenga Masturbator | Lust and Love","description":"Pehmel Tenga masturbaatoril on v\u00e4ga pehme sisemine tekstuur. Kasutajal on v\u00f5imalik kontrollida, kui tihket tunnet ta soovib pigistades seda fantastilist lelu.","robots":{"index,follow,max-snippet":"index,follow,max-snippet:-1,max-image-preview:large,max-video-preview:-1"},"canonical":"https:\/\/lustandlove.eu\/et\/toode\/pehme-mastrubaator\/","twitter_card":"summary_large_image","twitter_title":"Soft Tube Ona Cup - Tenga Masturbator | Lust and Love","twitter_description":"Pehmel Tenga masturbaatoril on v\u00e4ga pehme sisemine tekstuur. Kasutajal on v\u00f5imalik kontrollida, kui tihket tunnet ta soovib pigistades seda fantastilist lelu.","twitter_image":"https:\/\/lustandlove.eu\/wp-content\/uploads\/soft-tube-01.jpg","twitter_misc":{"Est. reading time":"1 minut"},"schema":{"@context":"https:\/\/schema.org","@graph":[{"@type":["WebPage","ItemPage"],"@id":"https:\/\/lustandlove.eu\/et\/toode\/pehme-mastrubaator\/","url":"https:\/\/lustandlove.eu\/et\/toode\/pehme-mastrubaator\/","name":"Soft Tube Ona Cup - Tenga Masturbator | Lust and Love","isPartOf":{"@id":"https:\/\/lustandlove.eu\/et\/#website"},"primaryImageOfPage":{"@id":"https:\/\/lustandlove.eu\/et\/toode\/pehme-mastrubaator\/#primaryimage"},"image":{"@id":"https:\/\/lustandlove.eu\/et\/toode\/pehme-mastrubaator\/#primaryimage"},"thumbnailUrl":"https:\/\/lustandlove.eu\/wp-content\/uploads\/soft-tube-01.jpg","datePublished":"2021-05-28T05:10:36+00:00","dateModified":"2026-04-13T07:43:18+00:00","description":"Pehmel Tenga masturbaatoril on v\u00e4ga pehme sisemine tekstuur. Kasutajal on v\u00f5imalik kontrollida, kui tihket tunnet ta soovib pigistades seda fantastilist lelu.","breadcrumb":{"@id":"https:\/\/lustandlove.eu\/et\/toode\/pehme-mastrubaator\/#breadcrumb"},"inLanguage":"et","potentialAction":[{"@type":"ReadAction","target":["https:\/\/lustandlove.eu\/et\/toode\/pehme-mastrubaator\/"]}]},{"@type":"ImageObject","inLanguage":"et","@id":"https:\/\/lustandlove.eu\/et\/toode\/pehme-mastrubaator\/#primaryimage","url":"https:\/\/lustandlove.eu\/wp-content\/uploads\/soft-tube-01.jpg","contentUrl":"https:\/\/lustandlove.eu\/wp-content\/uploads\/soft-tube-01.jpg","width":480,"height":480},{"@type":"BreadcrumbList","@id":"https:\/\/lustandlove.eu\/et\/toode\/pehme-mastrubaator\/#breadcrumb","itemListElement":[{"@type":"ListItem","position":1,"name":"Lust and Love","item":"https:\/\/lustandlove.eu\/et\/"},{"@type":"ListItem","position":2,"name":"Pood","item":"https:\/\/lustandlove.eu\/et\/pood\/"},{"@type":"ListItem","position":3,"name":"Soft Tube Pehme Mastrubaator"}]},{"@type":"WebSite","@id":"https:\/\/lustandlove.eu\/et\/#website","url":"https:\/\/lustandlove.eu\/et\/","name":"Lust &amp; Love","description":"Online erootikapood tervise, ilu ja armastuse jaoks","publisher":{"@id":"https:\/\/lustandlove.eu\/et\/#organization"},"potentialAction":[{"@type":"SearchAction","target":{"@type":"EntryPoint","urlTemplate":"https:\/\/lustandlove.eu\/et\/?s={search_term_string}"},"query-input":{"@type":"PropertyValueSpecification","valueRequired":true,"valueName":"search_term_string"}}],"inLanguage":"et"},{"@type":"Organization","@id":"https:\/\/lustandlove.eu\/et\/#organization","name":"Bioconcept Baltics O\u00dc","url":"https:\/\/lustandlove.eu\/et\/","logo":{"@type":"ImageObject","inLanguage":"et","@id":"https:\/\/lustandlove.eu\/et\/#\/schema\/logo\/image\/","url":"","contentUrl":"","caption":"Bioconcept Baltics O\u00dc"},"image":{"@id":"https:\/\/lustandlove.eu\/et\/#\/schema\/logo\/image\/"},"sameAs":["https:\/\/www.facebook.com\/LustandLoveEU\/","https:\/\/www.instagram.com\/lustandloveeu\/"]}]}},"_links":{"self":[{"href":"https:\/\/lustandlove.eu\/et\/wp-json\/wp\/v2\/product\/48442","targetHints":{"allow":["GET"]}}],"collection":[{"href":"https:\/\/lustandlove.eu\/et\/wp-json\/wp\/v2\/product"}],"about":[{"href":"https:\/\/lustandlove.eu\/et\/wp-json\/wp\/v2\/types\/product"}],"wp:featuredmedia":[{"embeddable":true,"href":"https:\/\/lustandlove.eu\/et\/wp-json\/wp\/v2\/media\/47534"}],"wp:attachment":[{"href":"https:\/\/lustandlove.eu\/et\/wp-json\/wp\/v2\/media?parent=48442"}],"wp:term":[{"taxonomy":"product_brand","embeddable":true,"href":"https:\/\/lustandlove.eu\/et\/wp-json\/wp\/v2\/product_brand?post=48442"},{"taxonomy":"product_cat","embeddable":true,"href":"https:\/\/lustandlove.eu\/et\/wp-json\/wp\/v2\/product_cat?post=48442"},{"taxonomy":"product_tag","embeddable":true,"href":"https:\/\/lustandlove.eu\/et\/wp-json\/wp\/v2\/product_tag?post=48442"}],"curies":[{"name":"wp","href":"https:\/\/api.w.org\/{rel}","templated":true}]}}