{"id":48445,"date":"2021-05-28T08:10:34","date_gmt":"2021-05-28T05:10:34","guid":{"rendered":"https:\/\/www.lustandlove.eu\/product\/air-tech-twist-mastrubaator\/"},"modified":"2026-04-13T10:43:19","modified_gmt":"2026-04-13T07:43:19","slug":"air-tech-twist-mastrubaator","status":"publish","type":"product","link":"https:\/\/lustandlove.eu\/et\/toode\/air-tech-twist-mastrubaator\/","title":{"rendered":"Air-Tech Twist Mastrubaator"},"content":{"rendered":"<p>Air-Tech Twist masturbaatoril on sees mehhanism, mis lubab muuta lelu sisemist diameetrit. T\u00e4nu sellele mehhanismile on v\u00f5imalik nautida tihke ja l\u00f5dvema masturbaatori v\u00f5lusid \u00fches tootes! Keerates toote tippu saab valida 5 erineva diameetri vahel.<\/p>\n<p>Enne kasutamist eemalda toote tipust kleebis, mis takistab \u00f5hul v\u00e4lja liikumast. T\u00e4nu sellele on sul kontroll kasutamise ajal tekkiva vaakumi \u00fcle, mis on selle tootega tugevam, kui Tenga Cup seeria toodetel.. Kasuta piisavalt libestit, et tagada parimad sensatsioonid.<\/p>\n<p>Kui Tenga Cup seeria tooted on m\u00f5eldud \u00fchekordseks kasutamiseks, siis Air-Tech seeria on struktuuri p\u00f5hjal sarnane kuid taaskasutatav ja lihtsasti puhastatav. Veelgi tugevam vaakum on tekitatud selle erilises \u00f5hupatjade s\u00fcsteemi t\u00f5ttu \u2013 peenise sisestamise ajal j\u00e4\u00e4vad sikk-sakilise mustri vahele \u00f5hupadjad, mis tekitavad peenisele lisaks stimulatsioone igas suunas.<\/p>\n<p>\u00d5ige kasutamise ja hooldamise korral on Air-Tech mitmeid-mitmeid kordi kasutatav. Toote kestvus s\u00f5ltub kasutusmeetoditest ning intensiivsusest, kasutatavast libestist, puhastamismeetoditest ning hoiustamistingimustest.<\/p>\n<p>Parima kestvuse tagamiseks kasuta leluga Tenga Hole Libestit ja j\u00e4lgi hooldusjuhiseid.<\/p>\n<p>&nbsp;<\/p>\n<h4><strong>Tenga Air-Techi puhastamine:<\/strong><\/h4>\n<p>1) Eemalda sisemine osa v\u00e4limisest osast.<\/p>\n<p>2) P\u00f6\u00f6ra sisemus pahupidi ja pese leige vee all. \u00c4ra kasuta puhastamiseks alkoholi v\u00f5i muusid puhastusaineid.<\/p>\n<p>3) Kuivata toode \u00fcleliigsest veest r\u00e4tikuga.<\/p>\n<p>4) p\u00f6\u00f6ra toode uuesti pahupidi ning j\u00e4ta \u00f5hu k\u00e4tte kuivama. Kui toode j\u00e4tta pahupidi kuivama, v\u00f5ib sisemine osa v\u00e4lja venida ning stimulatsioonid kaovad.<\/p>\n<p>5) Kui toode on t\u00e4ielikult kuivanud, v\u00f5ib selle v\u00e4limisse kesta tagasi sisestada.<\/p>\n","protected":false},"excerpt":{"rendered":"<p>Air-Tech Twist masturbaatoril on sees mehhanism, mis lubab muuta lelu sisemist diameetrit. T\u00e4nu sellele mehhanismile on v\u00f5imalik nautida tihke ja l\u00f5dvema masturbaatori v\u00f5lusid \u00fches tootes! Keerates toote tippu saab valida 5 erineva diameetri vahel.<\/p>\n","protected":false},"featured_media":47591,"template":"","meta":[],"product_brand":[4244],"product_cat":[4008,1480,1477],"product_tag":[],"class_list":{"0":"post-48445","1":"product","2":"type-product","3":"status-publish","4":"has-post-thumbnail","6":"product_brand-tenga-et","7":"product_cat-manuaalsed","8":"product_cat-masturbaatorid","9":"product_cat-meestele","10":"pa_brand-tenga-et","12":"first","13":"instock","14":"taxable","15":"shipping-taxable","16":"purchasable","17":"product-type-simple"},"yoast_head":"<!-- This site is optimized with the Yoast SEO plugin v27.3 - https:\/\/yoast.com\/product\/yoast-seo-wordpress\/ -->\n<title>Air-Tech Twist Mastrubaator | Lust and Love<\/title>\n<meta name=\"description\" content=\"Air-Tech Twist masturbaatoril on sees mehhanism, mis lubab muuta lelu sisemist diameetrit. T\u00e4nu sellele mehhanismile on v\u00f5imalik nautida tihke ja l\u00f5dvema masturbaatori v\u00f5lusid \u00fches tootes! Keerates toote tippu saab valida 5 erineva diameetri vahel.\" \/>\n<meta name=\"robots\" content=\"index,follow,max-snippet:-1,max-image-preview:large,max-video-preview:-1\" \/>\n<link rel=\"canonical\" href=\"https:\/\/lustandlove.eu\/et\/toode\/air-tech-twist-mastrubaator\/\" \/>\n<meta name=\"twitter:card\" content=\"summary_large_image\" \/>\n<meta name=\"twitter:title\" content=\"Air-Tech Twist Mastrubaator | Lust and Love\" \/>\n<meta name=\"twitter:description\" content=\"Air-Tech Twist masturbaatoril on sees mehhanism, mis lubab muuta lelu sisemist diameetrit. T\u00e4nu sellele mehhanismile on v\u00f5imalik nautida tihke ja l\u00f5dvema masturbaatori v\u00f5lusid \u00fches tootes! Keerates toote tippu saab valida 5 erineva diameetri vahel.\" \/>\n<meta name=\"twitter:image\" content=\"https:\/\/lustandlove.eu\/wp-content\/uploads\/tenga-air-tech-twist-tickle-masturbaator-\u2013-masturbator-01.jpg\" \/>\n<meta name=\"twitter:label1\" content=\"Est. reading time\" \/>\n\t<meta name=\"twitter:data1\" content=\"1 minut\" \/>\n<script type=\"application\/ld+json\" class=\"yoast-schema-graph\">{\"@context\":\"https:\\\/\\\/schema.org\",\"@graph\":[{\"@type\":[\"WebPage\",\"ItemPage\"],\"@id\":\"https:\\\/\\\/lustandlove.eu\\\/et\\\/toode\\\/air-tech-twist-mastrubaator\\\/\",\"url\":\"https:\\\/\\\/lustandlove.eu\\\/et\\\/toode\\\/air-tech-twist-mastrubaator\\\/\",\"name\":\"Air-Tech Twist Mastrubaator | Lust and Love\",\"isPartOf\":{\"@id\":\"https:\\\/\\\/lustandlove.eu\\\/et\\\/#website\"},\"primaryImageOfPage\":{\"@id\":\"https:\\\/\\\/lustandlove.eu\\\/et\\\/toode\\\/air-tech-twist-mastrubaator\\\/#primaryimage\"},\"image\":{\"@id\":\"https:\\\/\\\/lustandlove.eu\\\/et\\\/toode\\\/air-tech-twist-mastrubaator\\\/#primaryimage\"},\"thumbnailUrl\":\"https:\\\/\\\/lustandlove.eu\\\/wp-content\\\/uploads\\\/tenga-air-tech-twist-tickle-masturbaator-\u2013-masturbator-01.jpg\",\"datePublished\":\"2021-05-28T05:10:34+00:00\",\"dateModified\":\"2026-04-13T07:43:19+00:00\",\"description\":\"Air-Tech Twist masturbaatoril on sees mehhanism, mis lubab muuta lelu sisemist diameetrit. T\u00e4nu sellele mehhanismile on v\u00f5imalik nautida tihke ja l\u00f5dvema masturbaatori v\u00f5lusid \u00fches tootes! Keerates toote tippu saab valida 5 erineva diameetri vahel.\",\"breadcrumb\":{\"@id\":\"https:\\\/\\\/lustandlove.eu\\\/et\\\/toode\\\/air-tech-twist-mastrubaator\\\/#breadcrumb\"},\"inLanguage\":\"et\",\"potentialAction\":[{\"@type\":\"ReadAction\",\"target\":[\"https:\\\/\\\/lustandlove.eu\\\/et\\\/toode\\\/air-tech-twist-mastrubaator\\\/\"]}]},{\"@type\":\"ImageObject\",\"inLanguage\":\"et\",\"@id\":\"https:\\\/\\\/lustandlove.eu\\\/et\\\/toode\\\/air-tech-twist-mastrubaator\\\/#primaryimage\",\"url\":\"https:\\\/\\\/lustandlove.eu\\\/wp-content\\\/uploads\\\/tenga-air-tech-twist-tickle-masturbaator-\u2013-masturbator-01.jpg\",\"contentUrl\":\"https:\\\/\\\/lustandlove.eu\\\/wp-content\\\/uploads\\\/tenga-air-tech-twist-tickle-masturbaator-\u2013-masturbator-01.jpg\",\"width\":1000,\"height\":1000},{\"@type\":\"BreadcrumbList\",\"@id\":\"https:\\\/\\\/lustandlove.eu\\\/et\\\/toode\\\/air-tech-twist-mastrubaator\\\/#breadcrumb\",\"itemListElement\":[{\"@type\":\"ListItem\",\"position\":1,\"name\":\"Lust and Love\",\"item\":\"https:\\\/\\\/lustandlove.eu\\\/et\\\/\"},{\"@type\":\"ListItem\",\"position\":2,\"name\":\"Pood\",\"item\":\"https:\\\/\\\/lustandlove.eu\\\/et\\\/pood\\\/\"},{\"@type\":\"ListItem\",\"position\":3,\"name\":\"Air-Tech Twist Mastrubaator\"}]},{\"@type\":\"WebSite\",\"@id\":\"https:\\\/\\\/lustandlove.eu\\\/et\\\/#website\",\"url\":\"https:\\\/\\\/lustandlove.eu\\\/et\\\/\",\"name\":\"Lust &amp; Love\",\"description\":\"Online erootikapood tervise, ilu ja armastuse jaoks\",\"publisher\":{\"@id\":\"https:\\\/\\\/lustandlove.eu\\\/et\\\/#organization\"},\"potentialAction\":[{\"@type\":\"SearchAction\",\"target\":{\"@type\":\"EntryPoint\",\"urlTemplate\":\"https:\\\/\\\/lustandlove.eu\\\/et\\\/?s={search_term_string}\"},\"query-input\":{\"@type\":\"PropertyValueSpecification\",\"valueRequired\":true,\"valueName\":\"search_term_string\"}}],\"inLanguage\":\"et\"},{\"@type\":\"Organization\",\"@id\":\"https:\\\/\\\/lustandlove.eu\\\/et\\\/#organization\",\"name\":\"Bioconcept Baltics O\u00dc\",\"url\":\"https:\\\/\\\/lustandlove.eu\\\/et\\\/\",\"logo\":{\"@type\":\"ImageObject\",\"inLanguage\":\"et\",\"@id\":\"https:\\\/\\\/lustandlove.eu\\\/et\\\/#\\\/schema\\\/logo\\\/image\\\/\",\"url\":\"\",\"contentUrl\":\"\",\"caption\":\"Bioconcept Baltics O\u00dc\"},\"image\":{\"@id\":\"https:\\\/\\\/lustandlove.eu\\\/et\\\/#\\\/schema\\\/logo\\\/image\\\/\"},\"sameAs\":[\"https:\\\/\\\/www.facebook.com\\\/LustandLoveEU\\\/\",\"https:\\\/\\\/www.instagram.com\\\/lustandloveeu\\\/\"]}]}<\/script>\n<!-- \/ Yoast SEO plugin. -->","yoast_head_json":{"title":"Air-Tech Twist Mastrubaator | Lust and Love","description":"Air-Tech Twist masturbaatoril on sees mehhanism, mis lubab muuta lelu sisemist diameetrit. T\u00e4nu sellele mehhanismile on v\u00f5imalik nautida tihke ja l\u00f5dvema masturbaatori v\u00f5lusid \u00fches tootes! Keerates toote tippu saab valida 5 erineva diameetri vahel.","robots":{"index,follow,max-snippet":"index,follow,max-snippet:-1,max-image-preview:large,max-video-preview:-1"},"canonical":"https:\/\/lustandlove.eu\/et\/toode\/air-tech-twist-mastrubaator\/","twitter_card":"summary_large_image","twitter_title":"Air-Tech Twist Mastrubaator | Lust and Love","twitter_description":"Air-Tech Twist masturbaatoril on sees mehhanism, mis lubab muuta lelu sisemist diameetrit. T\u00e4nu sellele mehhanismile on v\u00f5imalik nautida tihke ja l\u00f5dvema masturbaatori v\u00f5lusid \u00fches tootes! Keerates toote tippu saab valida 5 erineva diameetri vahel.","twitter_image":"https:\/\/lustandlove.eu\/wp-content\/uploads\/tenga-air-tech-twist-tickle-masturbaator-\u2013-masturbator-01.jpg","twitter_misc":{"Est. reading time":"1 minut"},"schema":{"@context":"https:\/\/schema.org","@graph":[{"@type":["WebPage","ItemPage"],"@id":"https:\/\/lustandlove.eu\/et\/toode\/air-tech-twist-mastrubaator\/","url":"https:\/\/lustandlove.eu\/et\/toode\/air-tech-twist-mastrubaator\/","name":"Air-Tech Twist Mastrubaator | Lust and Love","isPartOf":{"@id":"https:\/\/lustandlove.eu\/et\/#website"},"primaryImageOfPage":{"@id":"https:\/\/lustandlove.eu\/et\/toode\/air-tech-twist-mastrubaator\/#primaryimage"},"image":{"@id":"https:\/\/lustandlove.eu\/et\/toode\/air-tech-twist-mastrubaator\/#primaryimage"},"thumbnailUrl":"https:\/\/lustandlove.eu\/wp-content\/uploads\/tenga-air-tech-twist-tickle-masturbaator-\u2013-masturbator-01.jpg","datePublished":"2021-05-28T05:10:34+00:00","dateModified":"2026-04-13T07:43:19+00:00","description":"Air-Tech Twist masturbaatoril on sees mehhanism, mis lubab muuta lelu sisemist diameetrit. T\u00e4nu sellele mehhanismile on v\u00f5imalik nautida tihke ja l\u00f5dvema masturbaatori v\u00f5lusid \u00fches tootes! Keerates toote tippu saab valida 5 erineva diameetri vahel.","breadcrumb":{"@id":"https:\/\/lustandlove.eu\/et\/toode\/air-tech-twist-mastrubaator\/#breadcrumb"},"inLanguage":"et","potentialAction":[{"@type":"ReadAction","target":["https:\/\/lustandlove.eu\/et\/toode\/air-tech-twist-mastrubaator\/"]}]},{"@type":"ImageObject","inLanguage":"et","@id":"https:\/\/lustandlove.eu\/et\/toode\/air-tech-twist-mastrubaator\/#primaryimage","url":"https:\/\/lustandlove.eu\/wp-content\/uploads\/tenga-air-tech-twist-tickle-masturbaator-\u2013-masturbator-01.jpg","contentUrl":"https:\/\/lustandlove.eu\/wp-content\/uploads\/tenga-air-tech-twist-tickle-masturbaator-\u2013-masturbator-01.jpg","width":1000,"height":1000},{"@type":"BreadcrumbList","@id":"https:\/\/lustandlove.eu\/et\/toode\/air-tech-twist-mastrubaator\/#breadcrumb","itemListElement":[{"@type":"ListItem","position":1,"name":"Lust and Love","item":"https:\/\/lustandlove.eu\/et\/"},{"@type":"ListItem","position":2,"name":"Pood","item":"https:\/\/lustandlove.eu\/et\/pood\/"},{"@type":"ListItem","position":3,"name":"Air-Tech Twist Mastrubaator"}]},{"@type":"WebSite","@id":"https:\/\/lustandlove.eu\/et\/#website","url":"https:\/\/lustandlove.eu\/et\/","name":"Lust &amp; Love","description":"Online erootikapood tervise, ilu ja armastuse jaoks","publisher":{"@id":"https:\/\/lustandlove.eu\/et\/#organization"},"potentialAction":[{"@type":"SearchAction","target":{"@type":"EntryPoint","urlTemplate":"https:\/\/lustandlove.eu\/et\/?s={search_term_string}"},"query-input":{"@type":"PropertyValueSpecification","valueRequired":true,"valueName":"search_term_string"}}],"inLanguage":"et"},{"@type":"Organization","@id":"https:\/\/lustandlove.eu\/et\/#organization","name":"Bioconcept Baltics O\u00dc","url":"https:\/\/lustandlove.eu\/et\/","logo":{"@type":"ImageObject","inLanguage":"et","@id":"https:\/\/lustandlove.eu\/et\/#\/schema\/logo\/image\/","url":"","contentUrl":"","caption":"Bioconcept Baltics O\u00dc"},"image":{"@id":"https:\/\/lustandlove.eu\/et\/#\/schema\/logo\/image\/"},"sameAs":["https:\/\/www.facebook.com\/LustandLoveEU\/","https:\/\/www.instagram.com\/lustandloveeu\/"]}]}},"_links":{"self":[{"href":"https:\/\/lustandlove.eu\/et\/wp-json\/wp\/v2\/product\/48445","targetHints":{"allow":["GET"]}}],"collection":[{"href":"https:\/\/lustandlove.eu\/et\/wp-json\/wp\/v2\/product"}],"about":[{"href":"https:\/\/lustandlove.eu\/et\/wp-json\/wp\/v2\/types\/product"}],"wp:featuredmedia":[{"embeddable":true,"href":"https:\/\/lustandlove.eu\/et\/wp-json\/wp\/v2\/media\/47591"}],"wp:attachment":[{"href":"https:\/\/lustandlove.eu\/et\/wp-json\/wp\/v2\/media?parent=48445"}],"wp:term":[{"taxonomy":"product_brand","embeddable":true,"href":"https:\/\/lustandlove.eu\/et\/wp-json\/wp\/v2\/product_brand?post=48445"},{"taxonomy":"product_cat","embeddable":true,"href":"https:\/\/lustandlove.eu\/et\/wp-json\/wp\/v2\/product_cat?post=48445"},{"taxonomy":"product_tag","embeddable":true,"href":"https:\/\/lustandlove.eu\/et\/wp-json\/wp\/v2\/product_tag?post=48445"}],"curies":[{"name":"wp","href":"https:\/\/api.w.org\/{rel}","templated":true}]}}